{"id":2662,"date":"2023-07-31T21:44:21","date_gmt":"2023-08-01T04:44:21","guid":{"rendered":"https:\/\/www.lemoncarboss.com\/otros-vehiculos-de-motor\/"},"modified":"2025-12-18T09:44:47","modified_gmt":"2025-12-18T17:44:47","slug":"otros-vehiculos-de-motor","status":"publish","type":"page","link":"https:\/\/www.lemoncarboss.com\/es\/otros-vehiculos-de-motor\/","title":{"rendered":"Otros veh\u00edculos de motor"},"content":{"rendered":"\t\t<div data-elementor-type=\"wp-page\" data-elementor-id=\"2662\" class=\"elementor elementor-2662 elementor-672\" data-elementor-post-type=\"page\">\n\t\t\t\t<div class=\"elementor-element elementor-element-67c0b14c e-flex e-con-boxed e-con e-parent\" data-id=\"67c0b14c\" data-element_type=\"container\" data-e-type=\"container\" data-settings=\"{&quot;background_background&quot;:&quot;classic&quot;}\">\n\t\t\t\t\t<div class=\"e-con-inner\">\n\t\t\t\t<div class=\"elementor-element elementor-element-62dbfc46 elementor-widget__width-initial elementor-widget elementor-widget-text-editor\" data-id=\"62dbfc46\" data-element_type=\"widget\" data-e-type=\"widget\" data-widget_type=\"text-editor.default\">\n\t\t\t\t<div class=\"elementor-widget-container\">\n\t\t\t\t\t\t\t\t\t<h1>Otros veh\u00edculos de motor<\/h1>\t\t\t\t\t\t\t\t<\/div>\n\t\t\t\t<\/div>\n\t\t\t\t\t<\/div>\n\t\t\t\t<\/div>\n\t\t<div class=\"elementor-element elementor-element-6a632b9f e-con-full e-flex e-con e-parent\" data-id=\"6a632b9f\" data-element_type=\"container\" data-e-type=\"container\">\n\t\t\t\t<div class=\"elementor-element elementor-element-5c156049 elementor-widget elementor-widget-image\" data-id=\"5c156049\" data-element_type=\"widget\" data-e-type=\"widget\" data-widget_type=\"image.default\">\n\t\t\t\t<div class=\"elementor-widget-container\">\n\t\t\t\t\t\t\t\t\t\t\t\t\t\t\t<img fetchpriority=\"high\" decoding=\"async\" width=\"2560\" height=\"1004\" src=\"https:\/\/www.lemoncarboss.com\/wp-content\/uploads\/2023\/07\/othermsotorvehicles-scaled-1.jpg\" class=\"attachment-full size-full wp-image-2628\" alt=\"\" srcset=\"https:\/\/www.lemoncarboss.com\/wp-content\/uploads\/2023\/07\/othermsotorvehicles-scaled-1.jpg 2560w, https:\/\/www.lemoncarboss.com\/wp-content\/uploads\/2023\/07\/othermsotorvehicles-scaled-1-300x118.jpg 300w, https:\/\/www.lemoncarboss.com\/wp-content\/uploads\/2023\/07\/othermsotorvehicles-scaled-1-1024x402.jpg 1024w, https:\/\/www.lemoncarboss.com\/wp-content\/uploads\/2023\/07\/othermsotorvehicles-scaled-1-768x301.jpg 768w, https:\/\/www.lemoncarboss.com\/wp-content\/uploads\/2023\/07\/othermsotorvehicles-scaled-1-1536x602.jpg 1536w, https:\/\/www.lemoncarboss.com\/wp-content\/uploads\/2023\/07\/othermsotorvehicles-scaled-1-2048x803.jpg 2048w\" sizes=\"(max-width: 2560px) 100vw, 2560px\" \/>\t\t\t\t\t\t\t\t\t\t\t\t\t\t\t<\/div>\n\t\t\t\t<\/div>\n\t\t\t\t<\/div>\n\t\t<div class=\"elementor-element elementor-element-42abf7aa e-flex e-con-boxed e-con e-parent\" data-id=\"42abf7aa\" data-element_type=\"container\" data-e-type=\"container\" data-settings=\"{&quot;background_background&quot;:&quot;classic&quot;}\">\n\t\t\t\t\t<div class=\"e-con-inner\">\n\t\t<div class=\"elementor-element elementor-element-39284875 e-con-full e-flex e-con e-child\" data-id=\"39284875\" data-element_type=\"container\" data-e-type=\"container\">\n\t\t\t\t<div class=\"elementor-element elementor-element-2df7a153 elementor-widget elementor-widget-image\" data-id=\"2df7a153\" data-element_type=\"widget\" data-e-type=\"widget\" data-widget_type=\"image.default\">\n\t\t\t\t<div class=\"elementor-widget-container\">\n\t\t\t\t\t\t\t\t\t\t\t\t\t\t\t<img decoding=\"async\" width=\"800\" height=\"864\" src=\"https:\/\/www.lemoncarboss.com\/wp-content\/uploads\/2023\/07\/aaashutterstock_1800532555-948x1024.jpg\" class=\"attachment-large size-large wp-image-2629\" alt=\"\" srcset=\"https:\/\/www.lemoncarboss.com\/wp-content\/uploads\/2023\/07\/aaashutterstock_1800532555-948x1024.jpg 948w, https:\/\/www.lemoncarboss.com\/wp-content\/uploads\/2023\/07\/aaashutterstock_1800532555-278x300.jpg 278w, https:\/\/www.lemoncarboss.com\/wp-content\/uploads\/2023\/07\/aaashutterstock_1800532555-768x830.jpg 768w, https:\/\/www.lemoncarboss.com\/wp-content\/uploads\/2023\/07\/aaashutterstock_1800532555.jpg 997w\" sizes=\"(max-width: 800px) 100vw, 800px\" \/>\t\t\t\t\t\t\t\t\t\t\t\t\t\t\t<\/div>\n\t\t\t\t<\/div>\n\t\t\t\t<\/div>\n\t\t<div class=\"elementor-element elementor-element-69880089 e-con-full e-flex e-con e-child\" data-id=\"69880089\" data-element_type=\"container\" data-e-type=\"container\">\n\t\t\t\t<div class=\"elementor-element elementor-element-1afdd4d1 elementor-widget elementor-widget-text-editor\" data-id=\"1afdd4d1\" data-element_type=\"widget\" data-e-type=\"widget\" data-widget_type=\"text-editor.default\">\n\t\t\t\t<div class=\"elementor-widget-container\">\n\t\t\t\t\t\t\t\t\t<h3><a href=\"https:\/\/www.lemoncarboss.com\/es\/otros-vehiculos-de-motor\/ley-del-limon-para-motocicletas\/\"><span style=\"font-weight: 400;\">MOTOCICLETAS<\/span><\/a><\/h3><p><span style=\"font-weight: 400;\">La\u00a0<\/span><b>Ley del Lim\u00f3n para Motocicletas<\/b><span style=\"font-weight: 400;\">\u00a0ofrece protecci\u00f3n a los consumidores que compran motocicletas nuevas que resultan tener defectos importantes o problemas recurrentes. Si una motocicleta cumple los criterios para ser considerada un lim\u00f3n, la Ley del Lim\u00f3n ofrece a los consumidores la oportunidad de interponer recursos tales como recibir un reembolso, obtener un reemplazo, o un dinero en efectivo y mantener <\/span><span style=\"font-weight: 400;\">la motocicleta<\/span><span style=\"font-weight: 400;\">. Los criterios espec\u00edficos para que una motocicleta se considere defectuosa var\u00edan seg\u00fan la jurisdicci\u00f3n, pero en general implican un defecto sustancial que afecte a la seguridad, el valor o el uso de la motocicleta. Los propietarios de motocicletas deben entender sus derechos bajo la Ley Lim\u00f3n y consultar con profesionales legales si creen que tienen una motocicleta Lim\u00f3n.<\/span><\/p><p><a href=\"https:\/\/www.lemoncarboss.com\/es\/fabricantes\/bmw\/\"><span style=\"font-weight: 400;\">BMW<\/span><span style=\"font-weight: 400;\"><br \/><\/span><\/a><a href=\"https:\/\/www.lemoncarboss.com\/es\/fabricantes\/ducati\/\"><span style=\"font-weight: 400;\">DUCATI<\/span><span style=\"font-weight: 400;\"><br \/><\/span><\/a><a href=\"https:\/\/www.lemoncarboss.com\/es\/fabricantes\/harley-davidson\/\"><span style=\"font-weight: 400;\">HARLEY-DAVIDSON<\/span><span style=\"font-weight: 400;\"><br \/><\/span><\/a><a href=\"https:\/\/www.lemoncarboss.com\/es\/fabricantes\/honda\/\"><span style=\"font-weight: 400;\">HONDA<\/span><span style=\"font-weight: 400;\"><br \/><\/span><\/a><a href=\"https:\/\/www.lemoncarboss.com\/es\/fabricantes\/kawasaki\/\"><span style=\"font-weight: 400;\">KAWASAKI<\/span><span style=\"font-weight: 400;\"><br \/><\/span><\/a><a href=\"https:\/\/www.lemoncarboss.com\/es\/fabricantes\/suzuki\/\"><span style=\"font-weight: 400;\">SUZUKI<\/span><span style=\"font-weight: 400;\"><br \/><\/span><\/a><a href=\"https:\/\/www.lemoncarboss.com\/es\/fabricantes\/yamaha\/\"><span style=\"font-weight: 400;\">YAMAHA<\/span><\/a><\/p>\t\t\t\t\t\t\t\t<\/div>\n\t\t\t\t<\/div>\n\t\t\t\t<\/div>\n\t\t\t\t\t<\/div>\n\t\t\t\t<\/div>\n\t\t<div class=\"elementor-element elementor-element-4ca472a4 e-flex e-con-boxed e-con e-parent\" data-id=\"4ca472a4\" data-element_type=\"container\" data-e-type=\"container\">\n\t\t\t\t\t<div class=\"e-con-inner\">\n\t\t<div class=\"elementor-element elementor-element-19a09981 e-con-full e-flex e-con e-child\" data-id=\"19a09981\" data-element_type=\"container\" data-e-type=\"container\">\n\t\t\t\t<div class=\"elementor-element elementor-element-76beff68 elementor-widget elementor-widget-image\" data-id=\"76beff68\" data-element_type=\"widget\" data-e-type=\"widget\" data-widget_type=\"image.default\">\n\t\t\t\t<div class=\"elementor-widget-container\">\n\t\t\t\t\t\t\t\t\t\t\t\t\t\t\t<img decoding=\"async\" width=\"800\" height=\"871\" src=\"https:\/\/www.lemoncarboss.com\/wp-content\/uploads\/2023\/07\/aaashutterstock_1493150912-941x1024.jpg\" class=\"attachment-large size-large wp-image-2630\" alt=\"\" srcset=\"https:\/\/www.lemoncarboss.com\/wp-content\/uploads\/2023\/07\/aaashutterstock_1493150912-941x1024.jpg 941w, https:\/\/www.lemoncarboss.com\/wp-content\/uploads\/2023\/07\/aaashutterstock_1493150912-276x300.jpg 276w, https:\/\/www.lemoncarboss.com\/wp-content\/uploads\/2023\/07\/aaashutterstock_1493150912-768x836.jpg 768w, https:\/\/www.lemoncarboss.com\/wp-content\/uploads\/2023\/07\/aaashutterstock_1493150912.jpg 964w\" sizes=\"(max-width: 800px) 100vw, 800px\" \/>\t\t\t\t\t\t\t\t\t\t\t\t\t\t\t<\/div>\n\t\t\t\t<\/div>\n\t\t\t\t<\/div>\n\t\t<div class=\"elementor-element elementor-element-7c536a53 e-con-full e-flex e-con e-child\" data-id=\"7c536a53\" data-element_type=\"container\" data-e-type=\"container\">\n\t\t\t\t<div class=\"elementor-element elementor-element-78c10b56 elementor-widget elementor-widget-text-editor\" data-id=\"78c10b56\" data-element_type=\"widget\" data-e-type=\"widget\" data-widget_type=\"text-editor.default\">\n\t\t\t\t<div class=\"elementor-widget-container\">\n\t\t\t\t\t\t\t\t\t<h3><a href=\"https:\/\/www.lemoncarboss.com\/es\/otros-vehiculos-de-motor\/rv\/\"><span style=\"font-weight: 400;\">autocaravanas<\/span><\/a><\/h3><p><span style=\"font-weight: 400;\">La\u00a0<\/span><b>Ley del Lim\u00f3n para autocaravanas y veh\u00edculos recreativos<\/b><span style=\"font-weight: 400;\">\u00a0protege a los consumidores que compran veh\u00edculos recreativos nuevos que presentan defectos importantes o problemas recurrentes. Estas Leyes del Lim\u00f3n tienen por objeto garantizar que los consumidores reciban un veh\u00edculo que cumpla las normas de calidad y funcione seg\u00fan lo previsto. Si se determina que un<\/span><span style=\"font-weight: 400;\">a<\/span><span style=\"font-weight: 400;\"> autocaravana o un veh\u00edculo recreativo es defectuoso, el consumidor tiene derecho a ciertas compensaciones, que pueden incluir el reembolso, la sustituci\u00f3n o la reparaci\u00f3n sin coste alguno. Los criterios espec\u00edficos para que un veh\u00edculo se considere defectuoso var\u00edan en funci\u00f3n de la jurisdicci\u00f3n, pero por lo general implican defectos sustanciales que afectan a la seguridad, el valor o la funcionalidad de la autocaravana o veh\u00edculo recreativo. Los propietarios de autocaravanas y veh\u00edculos recreativos deben familiarizarse con las disposiciones de la Ley del Lim\u00f3n aplicables en su jurisdicci\u00f3n y buscar asesoramiento jur\u00eddico si creen que tienen un veh\u00edculo defectuoso.<\/span><\/p><p><a href=\"https:\/\/www.lemoncarboss.com\/es\/fabricantes\/airstream\/\"><span style=\"font-weight: 400;\">AIRSTREAM<\/span><span style=\"font-weight: 400;\"><br \/><\/span><\/a><a href=\"https:\/\/www.lemoncarboss.com\/es\/fabricantes\/coachmen\/\"><span style=\"font-weight: 400;\">ENTRENADORES<\/span><span style=\"font-weight: 400;\"><br \/><\/span><\/a><a href=\"https:\/\/www.lemoncarboss.com\/es\/fabricantes\/forest-river\/\"><span style=\"font-weight: 400;\">FOREST-RIVER<\/span><span style=\"font-weight: 400;\"><br \/><\/span><\/a><a href=\"https:\/\/www.lemoncarboss.com\/es\/fabricantes\/winnebago\/\"><span style=\"font-weight: 400;\">WINNEBAGO<\/span><\/a><\/p>\t\t\t\t\t\t\t\t<\/div>\n\t\t\t\t<\/div>\n\t\t\t\t<\/div>\n\t\t\t\t\t<\/div>\n\t\t\t\t<\/div>\n\t\t<div class=\"elementor-element elementor-element-1852685 e-flex e-con-boxed e-con e-parent\" data-id=\"1852685\" data-element_type=\"container\" data-e-type=\"container\">\n\t\t\t\t\t<div class=\"e-con-inner\">\n\t\t\t\t<div class=\"elementor-element elementor-element-282cd03 elementor-widget elementor-widget-text-editor\" data-id=\"282cd03\" data-element_type=\"widget\" data-e-type=\"widget\" data-widget_type=\"text-editor.default\">\n\t\t\t\t<div class=\"elementor-widget-container\">\n\t\t\t\t\t\t\t\t\t<h2>Lemon Law Tipos de veh\u00edculos de la Ley del Lim\u00f3n:<\/h2><p><span style=\"font-weight: 400;\">Las leyes del lim\u00f3n se refieren principalmente a los veh\u00edculos que incumplen repetidamente las normas de calidad y rendimiento. Aunque estas leyes var\u00edan seg\u00fan la jurisdicci\u00f3n, el \u00e1mbito de aplicaci\u00f3n suele abarcar los siguientes\u00a0<\/span><a href=\"https:\/\/www.lemoncarboss.com\/es\/tipos-de-ley-del-limon\/\"><span style=\"font-weight: 400;\">tipos de leyes del lim\u00f3n<\/span><\/a><span style=\"font-weight: 400;\">:<\/span><\/p><ul><li style=\"font-weight: 400;\" aria-level=\"1\"><a href=\"https:\/\/www.lemoncarboss.com\/motor-vehicles\/car\/\"><span style=\"font-weight: 400;\">Ley del Lim\u00f3n<\/span><\/a><\/li><li style=\"font-weight: 400;\" aria-level=\"1\"><a href=\"https:\/\/www.lemoncarboss.com\/es\/otros-vehiculos-de-motor\/rv\/\"><span style=\"font-weight: 400;\">Ley del Lim\u00f3n<\/span><\/a><\/li><li style=\"font-weight: 400;\" aria-level=\"1\"><span style=\"font-weight: 400;\">Ley del Lim\u00f3n de<\/span> <a href=\"https:\/\/www.lemoncarboss.com\/es\/otros-vehiculos-de-motor\/ley-del-limon-para-todoterrenos\/\"><span style=\"font-weight: 400;\">SUV <\/span><span style=\"font-weight: 400;\">Lemon Law<\/span><\/a><\/li><li style=\"font-weight: 400;\" aria-level=\"1\"><a href=\"https:\/\/www.lemoncarboss.com\/es\/otros-vehiculos-de-motor\/ley-del-limon-para-camiones\/\"><span style=\"font-weight: 400;\">Ley del Lim\u00f3n<\/span><\/a><\/li><li style=\"font-weight: 400;\" aria-level=\"1\"><a href=\"https:\/\/www.lemoncarboss.com\/es\/otros-vehiculos-de-motor\/ley-del-limon-para-motocicletas\/\"><span style=\"font-weight: 400;\">Ley del Lim\u00f3n para Motocicletas<\/span><\/a><\/li><\/ul><p><span style=\"font-weight: 400;\">Las leyes del lim\u00f3n tambi\u00e9n se aplican a:<\/span><\/p><ul><li style=\"font-weight: 400;\" aria-level=\"1\"><b>Coches nuevos<\/b><span style=\"font-weight: 400;\">: Los beneficiarios m\u00e1s comunes de las leyes del lim\u00f3n, se trata de veh\u00edculos nuevos comprados directamente a un concesionario o fabricante.<\/span><\/li><li style=\"font-weight: 400;\" aria-level=\"1\"><b>Coches\u00a0usados<\/b><span style=\"font-weight: 400;\">: La ley del lim\u00f3n de algunos estados tambi\u00e9n cubre los coches usados, sobre todo si a\u00fan tienen garant\u00eda del fabricante.<\/span><\/li><li style=\"font-weight: 400;\" aria-level=\"1\"><b>Veh\u00edculos alquilados<\/b><span style=\"font-weight: 400;\">: Muchas leyes del lim\u00f3n protegen a los consumidores que alquilan veh\u00edculos, asegurando que no se quedan con un coche defectuoso durante la duraci\u00f3n de su contrato de arrendamiento.<\/span><\/li><li style=\"font-weight: 400;\" aria-level=\"1\"><b>Embarcaciones<\/b><span style=\"font-weight: 400;\">: Algunos Estados tambi\u00e9n se ocupan de los defectos de los barcos u otras embarcaciones.<\/span><\/li><\/ul><p><b>Veh\u00edculos<\/b><span style=\"font-weight: 400;\">\u00a0<\/span><b>comerciales:<\/b><span style=\"font-weight: 400;\"> Algunas leyes de lim\u00f3n pueden proteger a las peque\u00f1as empresas mediante la cobertura de los veh\u00edculos comerciales, pero a menudo hay una restricci\u00f3n de peso.<\/span><\/p>\t\t\t\t\t\t\t\t<\/div>\n\t\t\t\t<\/div>\n\t\t\t\t\t<\/div>\n\t\t\t\t<\/div>\n\t\t\t\t<\/div>\n\t\t","protected":false},"excerpt":{"rendered":"<p>Otros veh\u00edculos de motor MOTOCICLETAS La\u00a0Ley del Lim\u00f3n para Motocicletas\u00a0ofrece protecci\u00f3n a los consumidores que compran motocicletas nuevas que resultan tener defectos importantes o problemas recurrentes. Si una motocicleta cumple los criterios para ser considerada un lim\u00f3n, la Ley del Lim\u00f3n ofrece a los consumidores la oportunidad de interponer recursos tales como recibir un reembolso, [&hellip;]<\/p>\n","protected":false},"author":8,"featured_media":0,"parent":0,"menu_order":0,"comment_status":"closed","ping_status":"closed","template":"","meta":{"footnotes":""},"class_list":["post-2662","page","type-page","status-publish","hentry"],"yoast_head":"<!-- This site is optimized with the Yoast SEO plugin v27.2 - https:\/\/yoast.com\/product\/yoast-seo-wordpress\/ -->\n<title>Casas rodantes, motos, camiones y SUV - Lemon<\/title>\n<meta name=\"description\" content=\"Tipos de veh\u00edculos Lemon Car: coches, autocaravanas, motocicletas, camiones y todoterrenos. Conozca los matices de las solicitudes.\" \/>\n<meta name=\"robots\" content=\"index, follow, max-snippet:-1, max-image-preview:large, max-video-preview:-1\" \/>\n<link rel=\"canonical\" href=\"https:\/\/www.lemoncarboss.com\/es\/otros-vehiculos-de-motor\/\" \/>\n<meta property=\"og:locale\" content=\"es_ES\" \/>\n<meta property=\"og:type\" content=\"article\" \/>\n<meta property=\"og:title\" content=\"Casas rodantes, motos, camiones y SUV - Lemon\" \/>\n<meta property=\"og:description\" content=\"Tipos de veh\u00edculos Lemon Car: coches, autocaravanas, motocicletas, camiones y todoterrenos. Conozca los matices de las solicitudes.\" \/>\n<meta property=\"og:url\" content=\"https:\/\/www.lemoncarboss.com\/es\/otros-vehiculos-de-motor\/\" \/>\n<meta property=\"og:site_name\" content=\"Lemon Car Boss\" \/>\n<meta property=\"article:publisher\" content=\"https:\/\/www.facebook.com\/Lemoncarboss\" \/>\n<meta property=\"article:modified_time\" content=\"2025-12-18T17:44:47+00:00\" \/>\n<meta property=\"og:image\" content=\"https:\/\/www.lemoncarboss.com\/wp-content\/uploads\/2023\/07\/othermsotorvehicles-scaled-1.jpg\" \/>\n<meta name=\"twitter:card\" content=\"summary_large_image\" \/>\n<meta name=\"twitter:label1\" content=\"Tiempo de lectura\" \/>\n\t<meta name=\"twitter:data1\" content=\"3 minutos\" \/>\n<script type=\"application\/ld+json\" class=\"yoast-schema-graph\">{\"@context\":\"https:\/\/schema.org\",\"@graph\":[{\"@type\":\"WebPage\",\"@id\":\"https:\/\/www.lemoncarboss.com\/es\/otros-vehiculos-de-motor\/\",\"url\":\"https:\/\/www.lemoncarboss.com\/es\/otros-vehiculos-de-motor\/\",\"name\":\"Casas rodantes, motos, camiones y SUV - Lemon\",\"isPartOf\":{\"@id\":\"https:\/\/www.lemoncarboss.com\/#website\"},\"primaryImageOfPage\":{\"@id\":\"https:\/\/www.lemoncarboss.com\/es\/otros-vehiculos-de-motor\/#primaryimage\"},\"image\":{\"@id\":\"https:\/\/www.lemoncarboss.com\/es\/otros-vehiculos-de-motor\/#primaryimage\"},\"thumbnailUrl\":\"https:\/\/www.lemoncarboss.com\/wp-content\/uploads\/2023\/07\/othermsotorvehicles-scaled-1.jpg\",\"datePublished\":\"2023-08-01T04:44:21+00:00\",\"dateModified\":\"2025-12-18T17:44:47+00:00\",\"description\":\"Tipos de veh\u00edculos Lemon Car: coches, autocaravanas, motocicletas, camiones y todoterrenos. Conozca los matices de las solicitudes.\",\"breadcrumb\":{\"@id\":\"https:\/\/www.lemoncarboss.com\/es\/otros-vehiculos-de-motor\/#breadcrumb\"},\"inLanguage\":\"es\",\"potentialAction\":[{\"@type\":\"ReadAction\",\"target\":[\"https:\/\/www.lemoncarboss.com\/es\/otros-vehiculos-de-motor\/\"]}]},{\"@type\":\"ImageObject\",\"inLanguage\":\"es\",\"@id\":\"https:\/\/www.lemoncarboss.com\/es\/otros-vehiculos-de-motor\/#primaryimage\",\"url\":\"https:\/\/www.lemoncarboss.com\/wp-content\/uploads\/2023\/07\/othermsotorvehicles-scaled-1.jpg\",\"contentUrl\":\"https:\/\/www.lemoncarboss.com\/wp-content\/uploads\/2023\/07\/othermsotorvehicles-scaled-1.jpg\"},{\"@type\":\"BreadcrumbList\",\"@id\":\"https:\/\/www.lemoncarboss.com\/es\/otros-vehiculos-de-motor\/#breadcrumb\",\"itemListElement\":[{\"@type\":\"ListItem\",\"position\":1,\"name\":\"Home\",\"item\":\"https:\/\/www.lemoncarboss.com\/es\/\"},{\"@type\":\"ListItem\",\"position\":2,\"name\":\"Otros veh\u00edculos de motor\"}]},{\"@type\":\"WebSite\",\"@id\":\"https:\/\/www.lemoncarboss.com\/#website\",\"url\":\"https:\/\/www.lemoncarboss.com\/\",\"name\":\"Lemon Car Boss\",\"description\":\"\",\"publisher\":{\"@id\":\"https:\/\/www.lemoncarboss.com\/#organization\"},\"alternateName\":\"Lemon Law\",\"potentialAction\":[{\"@type\":\"SearchAction\",\"target\":{\"@type\":\"EntryPoint\",\"urlTemplate\":\"https:\/\/www.lemoncarboss.com\/?s={search_term_string}\"},\"query-input\":{\"@type\":\"PropertyValueSpecification\",\"valueRequired\":true,\"valueName\":\"search_term_string\"}}],\"inLanguage\":\"es\"},{\"@type\":\"Organization\",\"@id\":\"https:\/\/www.lemoncarboss.com\/#organization\",\"name\":\"Lemon Car Boss\",\"alternateName\":\"Lemon Law\",\"url\":\"https:\/\/www.lemoncarboss.com\/\",\"logo\":{\"@type\":\"ImageObject\",\"inLanguage\":\"es\",\"@id\":\"https:\/\/www.lemoncarboss.com\/#\/schema\/logo\/image\/\",\"url\":\"https:\/\/www.lemoncarboss.com\/wp-content\/uploads\/2023\/07\/Logo-HI-RES.png\",\"contentUrl\":\"https:\/\/www.lemoncarboss.com\/wp-content\/uploads\/2023\/07\/Logo-HI-RES.png\",\"width\":1682,\"height\":547,\"caption\":\"Lemon Car Boss\"},\"image\":{\"@id\":\"https:\/\/www.lemoncarboss.com\/#\/schema\/logo\/image\/\"},\"sameAs\":[\"https:\/\/www.facebook.com\/Lemoncarboss\",\"https:\/\/www.instagram.com\/lemon_car_boss\/\",\"https:\/\/www.tiktok.com\/@lemoncarboss\",\"https:\/\/www.youtube.com\/@LEMONCARBOSS\"]}]}<\/script>\n<!-- \/ Yoast SEO plugin. -->","yoast_head_json":{"title":"Casas rodantes, motos, camiones y SUV - Lemon","description":"Tipos de veh\u00edculos Lemon Car: coches, autocaravanas, motocicletas, camiones y todoterrenos. Conozca los matices de las solicitudes.","robots":{"index":"index","follow":"follow","max-snippet":"max-snippet:-1","max-image-preview":"max-image-preview:large","max-video-preview":"max-video-preview:-1"},"canonical":"https:\/\/www.lemoncarboss.com\/es\/otros-vehiculos-de-motor\/","og_locale":"es_ES","og_type":"article","og_title":"Casas rodantes, motos, camiones y SUV - Lemon","og_description":"Tipos de veh\u00edculos Lemon Car: coches, autocaravanas, motocicletas, camiones y todoterrenos. Conozca los matices de las solicitudes.","og_url":"https:\/\/www.lemoncarboss.com\/es\/otros-vehiculos-de-motor\/","og_site_name":"Lemon Car Boss","article_publisher":"https:\/\/www.facebook.com\/Lemoncarboss","article_modified_time":"2025-12-18T17:44:47+00:00","og_image":[{"url":"https:\/\/www.lemoncarboss.com\/wp-content\/uploads\/2023\/07\/othermsotorvehicles-scaled-1.jpg","type":"","width":"","height":""}],"twitter_card":"summary_large_image","twitter_misc":{"Tiempo de lectura":"3 minutos"},"schema":{"@context":"https:\/\/schema.org","@graph":[{"@type":"WebPage","@id":"https:\/\/www.lemoncarboss.com\/es\/otros-vehiculos-de-motor\/","url":"https:\/\/www.lemoncarboss.com\/es\/otros-vehiculos-de-motor\/","name":"Casas rodantes, motos, camiones y SUV - Lemon","isPartOf":{"@id":"https:\/\/www.lemoncarboss.com\/#website"},"primaryImageOfPage":{"@id":"https:\/\/www.lemoncarboss.com\/es\/otros-vehiculos-de-motor\/#primaryimage"},"image":{"@id":"https:\/\/www.lemoncarboss.com\/es\/otros-vehiculos-de-motor\/#primaryimage"},"thumbnailUrl":"https:\/\/www.lemoncarboss.com\/wp-content\/uploads\/2023\/07\/othermsotorvehicles-scaled-1.jpg","datePublished":"2023-08-01T04:44:21+00:00","dateModified":"2025-12-18T17:44:47+00:00","description":"Tipos de veh\u00edculos Lemon Car: coches, autocaravanas, motocicletas, camiones y todoterrenos. Conozca los matices de las solicitudes.","breadcrumb":{"@id":"https:\/\/www.lemoncarboss.com\/es\/otros-vehiculos-de-motor\/#breadcrumb"},"inLanguage":"es","potentialAction":[{"@type":"ReadAction","target":["https:\/\/www.lemoncarboss.com\/es\/otros-vehiculos-de-motor\/"]}]},{"@type":"ImageObject","inLanguage":"es","@id":"https:\/\/www.lemoncarboss.com\/es\/otros-vehiculos-de-motor\/#primaryimage","url":"https:\/\/www.lemoncarboss.com\/wp-content\/uploads\/2023\/07\/othermsotorvehicles-scaled-1.jpg","contentUrl":"https:\/\/www.lemoncarboss.com\/wp-content\/uploads\/2023\/07\/othermsotorvehicles-scaled-1.jpg"},{"@type":"BreadcrumbList","@id":"https:\/\/www.lemoncarboss.com\/es\/otros-vehiculos-de-motor\/#breadcrumb","itemListElement":[{"@type":"ListItem","position":1,"name":"Home","item":"https:\/\/www.lemoncarboss.com\/es\/"},{"@type":"ListItem","position":2,"name":"Otros veh\u00edculos de motor"}]},{"@type":"WebSite","@id":"https:\/\/www.lemoncarboss.com\/#website","url":"https:\/\/www.lemoncarboss.com\/","name":"Lemon Car Boss","description":"","publisher":{"@id":"https:\/\/www.lemoncarboss.com\/#organization"},"alternateName":"Lemon Law","potentialAction":[{"@type":"SearchAction","target":{"@type":"EntryPoint","urlTemplate":"https:\/\/www.lemoncarboss.com\/?s={search_term_string}"},"query-input":{"@type":"PropertyValueSpecification","valueRequired":true,"valueName":"search_term_string"}}],"inLanguage":"es"},{"@type":"Organization","@id":"https:\/\/www.lemoncarboss.com\/#organization","name":"Lemon Car Boss","alternateName":"Lemon Law","url":"https:\/\/www.lemoncarboss.com\/","logo":{"@type":"ImageObject","inLanguage":"es","@id":"https:\/\/www.lemoncarboss.com\/#\/schema\/logo\/image\/","url":"https:\/\/www.lemoncarboss.com\/wp-content\/uploads\/2023\/07\/Logo-HI-RES.png","contentUrl":"https:\/\/www.lemoncarboss.com\/wp-content\/uploads\/2023\/07\/Logo-HI-RES.png","width":1682,"height":547,"caption":"Lemon Car Boss"},"image":{"@id":"https:\/\/www.lemoncarboss.com\/#\/schema\/logo\/image\/"},"sameAs":["https:\/\/www.facebook.com\/Lemoncarboss","https:\/\/www.instagram.com\/lemon_car_boss\/","https:\/\/www.tiktok.com\/@lemoncarboss","https:\/\/www.youtube.com\/@LEMONCARBOSS"]}]}},"_links":{"self":[{"href":"https:\/\/www.lemoncarboss.com\/es\/wp-json\/wp\/v2\/pages\/2662","targetHints":{"allow":["GET"]}}],"collection":[{"href":"https:\/\/www.lemoncarboss.com\/es\/wp-json\/wp\/v2\/pages"}],"about":[{"href":"https:\/\/www.lemoncarboss.com\/es\/wp-json\/wp\/v2\/types\/page"}],"author":[{"embeddable":true,"href":"https:\/\/www.lemoncarboss.com\/es\/wp-json\/wp\/v2\/users\/8"}],"replies":[{"embeddable":true,"href":"https:\/\/www.lemoncarboss.com\/es\/wp-json\/wp\/v2\/comments?post=2662"}],"version-history":[{"count":6,"href":"https:\/\/www.lemoncarboss.com\/es\/wp-json\/wp\/v2\/pages\/2662\/revisions"}],"predecessor-version":[{"id":4690,"href":"https:\/\/www.lemoncarboss.com\/es\/wp-json\/wp\/v2\/pages\/2662\/revisions\/4690"}],"wp:attachment":[{"href":"https:\/\/www.lemoncarboss.com\/es\/wp-json\/wp\/v2\/media?parent=2662"}],"curies":[{"name":"wp","href":"https:\/\/api.w.org\/{rel}","templated":true}]}}