{"id":2664,"date":"2023-08-04T19:22:32","date_gmt":"2023-08-05T02:22:32","guid":{"rendered":"https:\/\/www.lemoncarboss.com\/fabricantes\/"},"modified":"2025-12-17T12:44:09","modified_gmt":"2025-12-17T20:44:09","slug":"fabricantes","status":"publish","type":"page","link":"https:\/\/www.lemoncarboss.com\/es\/fabricantes\/","title":{"rendered":"Fabricantes"},"content":{"rendered":"\t\t<div data-elementor-type=\"wp-page\" data-elementor-id=\"2664\" class=\"elementor elementor-2664 elementor-1185\" data-elementor-post-type=\"page\">\n\t\t\t\t<div class=\"elementor-element elementor-element-35bd47cb e-flex e-con-boxed e-con e-parent\" data-id=\"35bd47cb\" data-element_type=\"container\" data-e-type=\"container\" data-settings=\"{&quot;background_background&quot;:&quot;classic&quot;}\">\n\t\t\t\t\t<div class=\"e-con-inner\">\n\t\t\t\t<div class=\"elementor-element elementor-element-2c26c22a elementor-widget__width-initial elementor-widget elementor-widget-text-editor\" data-id=\"2c26c22a\" data-element_type=\"widget\" data-e-type=\"widget\" data-widget_type=\"text-editor.default\">\n\t\t\t\t<div class=\"elementor-widget-container\">\n\t\t\t\t\t\t\t\t\t<h1>MANUFACTURERS<\/h1>\t\t\t\t\t\t\t\t<\/div>\n\t\t\t\t<\/div>\n\t\t\t\t\t<\/div>\n\t\t\t\t<\/div>\n\t\t<div class=\"elementor-element elementor-element-7e45f902 e-con-full e-flex e-con e-parent\" data-id=\"7e45f902\" data-element_type=\"container\" data-e-type=\"container\">\n\t\t\t\t<div class=\"elementor-element elementor-element-f592d83 elementor-widget elementor-widget-image\" data-id=\"f592d83\" data-element_type=\"widget\" data-e-type=\"widget\" data-widget_type=\"image.default\">\n\t\t\t\t<div class=\"elementor-widget-container\">\n\t\t\t\t\t\t\t\t\t\t\t\t\t\t\t<img fetchpriority=\"high\" decoding=\"async\" width=\"1628\" height=\"633\" src=\"https:\/\/www.lemoncarboss.com\/wp-content\/uploads\/2023\/07\/manufacturers-1.jpg\" class=\"attachment-full size-full wp-image-2631\" alt=\"\" srcset=\"https:\/\/www.lemoncarboss.com\/wp-content\/uploads\/2023\/07\/manufacturers-1.jpg 1628w, https:\/\/www.lemoncarboss.com\/wp-content\/uploads\/2023\/07\/manufacturers-1-300x117.jpg 300w, https:\/\/www.lemoncarboss.com\/wp-content\/uploads\/2023\/07\/manufacturers-1-1024x398.jpg 1024w, https:\/\/www.lemoncarboss.com\/wp-content\/uploads\/2023\/07\/manufacturers-1-768x299.jpg 768w, https:\/\/www.lemoncarboss.com\/wp-content\/uploads\/2023\/07\/manufacturers-1-1536x597.jpg 1536w\" sizes=\"(max-width: 1628px) 100vw, 1628px\" \/>\t\t\t\t\t\t\t\t\t\t\t\t\t\t\t<\/div>\n\t\t\t\t<\/div>\n\t\t\t\t<\/div>\n\t\t<div class=\"elementor-element elementor-element-1973ce7 e-flex e-con-boxed e-con e-parent\" data-id=\"1973ce7\" data-element_type=\"container\" data-e-type=\"container\" data-settings=\"{&quot;background_background&quot;:&quot;classic&quot;}\">\n\t\t\t\t\t<div class=\"e-con-inner\">\n\t\t<div class=\"elementor-element elementor-element-40aac221 e-con-full e-flex e-con e-child\" data-id=\"40aac221\" data-element_type=\"container\" data-e-type=\"container\">\n\t\t\t\t<div class=\"elementor-element elementor-element-1167942 elementor-widget elementor-widget-text-editor\" data-id=\"1167942\" data-element_type=\"widget\" data-e-type=\"widget\" data-widget_type=\"text-editor.default\">\n\t\t\t\t<div class=\"elementor-widget-container\">\n\t\t\t\t\t\t\t\t\t<h2>Los fabricantes de autom\u00f3viles y sus \u00ablimones\u00bb<\/h2>\t\t\t\t\t\t\t\t<\/div>\n\t\t\t\t<\/div>\n\t\t\t\t<div class=\"elementor-element elementor-element-38614814 elementor-widget elementor-widget-image\" data-id=\"38614814\" data-element_type=\"widget\" data-e-type=\"widget\" data-widget_type=\"image.default\">\n\t\t\t\t<div class=\"elementor-widget-container\">\n\t\t\t\t\t\t\t\t\t\t\t\t\t\t\t<img decoding=\"async\" width=\"300\" height=\"116\" src=\"https:\/\/www.lemoncarboss.com\/wp-content\/uploads\/2023\/07\/lemon_slice-scaled-e1689108795666-300x116.webp\" class=\"attachment-medium size-medium wp-image-2626\" alt=\"\" srcset=\"https:\/\/www.lemoncarboss.com\/wp-content\/uploads\/2023\/07\/lemon_slice-scaled-e1689108795666-300x116.webp 300w, https:\/\/www.lemoncarboss.com\/wp-content\/uploads\/2023\/07\/lemon_slice-scaled-e1689108795666-1024x397.webp 1024w, https:\/\/www.lemoncarboss.com\/wp-content\/uploads\/2023\/07\/lemon_slice-scaled-e1689108795666-768x298.webp 768w, https:\/\/www.lemoncarboss.com\/wp-content\/uploads\/2023\/07\/lemon_slice-scaled-e1689108795666-1536x595.webp 1536w, https:\/\/www.lemoncarboss.com\/wp-content\/uploads\/2023\/07\/lemon_slice-scaled-e1689108795666-2048x794.webp 2048w\" sizes=\"(max-width: 300px) 100vw, 300px\" \/>\t\t\t\t\t\t\t\t\t\t\t\t\t\t\t<\/div>\n\t\t\t\t<\/div>\n\t\t\t\t<div class=\"elementor-element elementor-element-7c13bb97 elementor-widget elementor-widget-text-editor\" data-id=\"7c13bb97\" data-element_type=\"widget\" data-e-type=\"widget\" data-widget_type=\"text-editor.default\">\n\t\t\t\t<div class=\"elementor-widget-container\">\n\t\t\t\t\t\t\t\t\t<p>En Lemon Car Boss, comprendemos la frustraci\u00f3n y la decepci\u00f3n de comprar o arrendar un auto defectuoso. Al comprar un veh\u00edculo, usted espera que cumpla con las garant\u00edas expl\u00edcitas prometidas por el fabricante. Si se encuentra en una situaci\u00f3n donde el fabricante se niega a recomprar, reemplazar o compensarlo por su veh\u00edculo defectuoso, contacte a nuestros abogados expertos en la Ley del Lim\u00f3n. Nuestro equipo de <a href=\"https:\/\/www.lemoncarboss.com\/es\/abogados\/\">abogados<\/a> especializados en la Ley del Lim\u00f3n explorar\u00e1 sus opciones legales para garantizar que reciba la mejor compensaci\u00f3n posible por su veh\u00edculo defectuoso.<\/p><p>A continuaci\u00f3n, presentamos algunos de los principales fabricantes de autom\u00f3viles contra los que hemos litigado en nombre de los consumidores de California:<\/p>\t\t\t\t\t\t\t\t<\/div>\n\t\t\t\t<\/div>\n\t\t\t\t<div class=\"elementor-element elementor-element-3f0f5a2f elementor-widget elementor-widget-html\" data-id=\"3f0f5a2f\" data-element_type=\"widget\" data-e-type=\"widget\" data-widget_type=\"html.default\">\n\t\t\t\t<div class=\"elementor-widget-container\">\n\t\t\t\t\t<script>\njQuery(document).ready(function($) {\nvar delay = 100; setTimeout(function() {\n$('.elementor-tab-title').removeClass('elementor-active');\n $('.elementor-tab-content').css('display', 'none'); }, delay);\n});\n<\/script>\n\t\t\t\t<\/div>\n\t\t\t\t<\/div>\n\t\t\t\t<\/div>\n\t\t\t\t\t<\/div>\n\t\t\t\t<\/div>\n\t\t<div class=\"elementor-element elementor-element-daab94a e-flex e-con-boxed e-con e-parent\" data-id=\"daab94a\" data-element_type=\"container\" data-e-type=\"container\">\n\t\t\t\t\t<div class=\"e-con-inner\">\n\t\t<div class=\"elementor-element elementor-element-ca273be e-con-full e-flex e-con e-child\" data-id=\"ca273be\" data-element_type=\"container\" data-e-type=\"container\">\n\t\t\t\t<div class=\"elementor-element elementor-element-e853521 manu-list elementor-widget elementor-widget-text-editor\" data-id=\"e853521\" data-element_type=\"widget\" data-e-type=\"widget\" data-widget_type=\"text-editor.default\">\n\t\t\t\t<div class=\"elementor-widget-container\">\n\t\t\t\t\t\t\t\t\t<ul><li><a href=\"https:\/\/www.lemoncarboss.com\/es\/fabricantes\/acura\/\"><strong>ACURA<\/strong><\/a><\/li><li><a href=\"https:\/\/www.lemoncarboss.com\/es\/fabricantes\/airstream\/\"><strong>AIRSTREAM<\/strong><\/a><\/li><li><a href=\"https:\/\/www.lemoncarboss.com\/es\/fabricantes\/audi\/\"><strong>AUDI<\/strong><\/a><\/li><li><a href=\"https:\/\/www.lemoncarboss.com\/es\/fabricantes\/bmw\/\"><strong>BMW<\/strong><\/a><\/li><li><a href=\"https:\/\/www.lemoncarboss.com\/es\/fabricantes\/buick\/\"><strong>BUICK<\/strong><\/a><\/li><li><a href=\"https:\/\/www.lemoncarboss.com\/es\/fabricantes\/cadillac\/\"><strong>CADILLAC<\/strong><\/a><\/li><li><a href=\"https:\/\/www.lemoncarboss.com\/es\/fabricantes\/chevrolet\/\"><strong>CHEVROLET<\/strong><\/a><\/li><li><a href=\"https:\/\/www.lemoncarboss.com\/es\/fabricantes\/coachmen\/\"><strong>COACHMEN<\/strong><\/a><\/li><li><a href=\"https:\/\/www.lemoncarboss.com\/es\/fabricantes\/chrysler\/\"><strong>CHRYSLER<\/strong><\/a><\/li><li><a href=\"https:\/\/www.lemoncarboss.com\/es\/fabricantes\/dodge\/\"><strong>DODGE<\/strong><\/a><\/li><li><a href=\"https:\/\/www.lemoncarboss.com\/es\/fabricantes\/ducati\/\"><strong>DUCATI<\/strong><\/a><\/li><li><a href=\"https:\/\/www.lemoncarboss.com\/es\/fabricantes\/fiat\/\"><strong>FIAT \/ FCA<\/strong><\/a><\/li><li><a href=\"https:\/\/www.lemoncarboss.com\/es\/fabricantes\/ford\/\"><strong>FORD<\/strong><\/a><\/li><li><a href=\"https:\/\/www.lemoncarboss.com\/es\/fabricantes\/forest-river\/\"><strong>FOREST RIVER<\/strong><\/a><\/li><li><a href=\"https:\/\/www.lemoncarboss.com\/es\/fabricantes\/gm\/\"><strong>GM<\/strong><\/a><\/li><li><a href=\"https:\/\/www.lemoncarboss.com\/es\/fabricantes\/gmc\/\"><strong>GMC<\/strong><\/a><\/li><li><a href=\"https:\/\/www.lemoncarboss.com\/es\/fabricantes\/harley-davidson\/\"><strong>HARLEY-DAVIDSON<\/strong><\/a><\/li><li><a href=\"https:\/\/www.lemoncarboss.com\/es\/fabricantes\/honda\/\"><strong>HONDA<\/strong><\/a><\/li><li><a href=\"https:\/\/www.lemoncarboss.com\/es\/fabricantes\/hyundai\/\"><strong>HYUNDAI<\/strong><\/a><\/li><li><a href=\"https:\/\/www.lemoncarboss.com\/es\/fabricantes\/infiniti\/\"><strong>INFINITY<\/strong><\/a><\/li><\/ul>\t\t\t\t\t\t\t\t<\/div>\n\t\t\t\t<\/div>\n\t\t\t\t<\/div>\n\t\t<div class=\"elementor-element elementor-element-071236a e-con-full e-flex e-con e-child\" data-id=\"071236a\" data-element_type=\"container\" data-e-type=\"container\">\n\t\t\t\t<div class=\"elementor-element elementor-element-53202e5 manu-list elementor-widget elementor-widget-text-editor\" data-id=\"53202e5\" data-element_type=\"widget\" data-e-type=\"widget\" data-widget_type=\"text-editor.default\">\n\t\t\t\t<div class=\"elementor-widget-container\">\n\t\t\t\t\t\t\t\t\t<ul><li><a href=\"https:\/\/www.lemoncarboss.com\/es\/fabricantes\/jeep\/\"><strong>JEEP<\/strong><\/a><\/li><li><strong><a href=\"https:\/\/www.lemoncarboss.com\/es\/fabricantes\/kawasaki-motorcycle\/\">KAWASAKI<\/a><\/strong><\/li><li><a href=\"https:\/\/www.lemoncarboss.com\/es\/fabricantes\/kia\/\"><strong>KIA<\/strong><\/a><\/li><li><a href=\"https:\/\/www.lemoncarboss.com\/es\/fabricantes\/land-rover\/\"><strong>LAND ROVER<\/strong><\/a><\/li><li><a href=\"https:\/\/www.lemoncarboss.com\/es\/fabricantes\/lexus\/\"><strong>LEXUS<\/strong><\/a><\/li><li><a href=\"https:\/\/www.lemoncarboss.com\/es\/fabricantes\/lincoln\/\"><strong>LINCOLN<\/strong><\/a><\/li><li><a href=\"https:\/\/www.lemoncarboss.com\/es\/fabricantes\/maserati\/\"><strong>MASERATI<\/strong><\/a><\/li><li><a href=\"https:\/\/www.lemoncarboss.com\/es\/fabricantes\/mazda\/\"><strong>MAZDA<\/strong><\/a><\/li><li><a href=\"https:\/\/www.lemoncarboss.com\/es\/fabricantes\/mercedes-benz\/\"><strong>MERCEDES<\/strong><\/a><\/li><li><a href=\"https:\/\/www.lemoncarboss.com\/es\/fabricantes\/nissan\/\"><strong>NISSAN<\/strong><\/a><\/li><li><a href=\"https:\/\/www.lemoncarboss.com\/es\/fabricantes\/porsche\/\"><strong>PORSCHE<\/strong><\/a><\/li><li><a href=\"https:\/\/www.lemoncarboss.com\/es\/fabricantes\/ram\/\"><strong>RAM<\/strong><\/a><\/li><li><a href=\"https:\/\/www.lemoncarboss.com\/es\/fabricantes\/subaru\/\"><strong>SUBARU<\/strong><\/a><\/li><li><a href=\"https:\/\/www.lemoncarboss.com\/es\/fabricantes\/tesla\/\"><strong>TESLA<\/strong><\/a><\/li><li><a href=\"https:\/\/www.lemoncarboss.com\/es\/fabricantes\/toyota\/\"><strong>TOYOTA<\/strong><\/a><\/li><li><a href=\"https:\/\/www.lemoncarboss.com\/es\/fabricantes\/volkswagen\/\"><strong>VOLKSWAGEN<\/strong><\/a><\/li><li><strong><a href=\"https:\/\/www.lemoncarboss.com\/es\/fabricantes\/volvo\/\">VOLVO<\/a><\/strong><\/li><li><a href=\"https:\/\/www.lemoncarboss.com\/es\/fabricantes\/winnebago\/\"><strong>WINNEBAGO<\/strong><\/a><\/li><li><strong><a href=\"https:\/\/www.lemoncarboss.com\/es\/fabricantes\/yamaha\/\">YAMAHA<\/a><\/strong><\/li><\/ul>\t\t\t\t\t\t\t\t<\/div>\n\t\t\t\t<\/div>\n\t\t\t\t<\/div>\n\t\t\t\t\t<\/div>\n\t\t\t\t<\/div>\n\t\t<div class=\"elementor-element elementor-element-6a090611 e-flex e-con-boxed e-con e-parent\" data-id=\"6a090611\" data-element_type=\"container\" data-e-type=\"container\">\n\t\t\t\t\t<div class=\"e-con-inner\">\n\t\t\t\t<div class=\"elementor-element elementor-element-6caa3ce7 elementor-widget elementor-widget-text-editor\" data-id=\"6caa3ce7\" data-element_type=\"widget\" data-e-type=\"widget\" data-widget_type=\"text-editor.default\">\n\t\t\t\t<div class=\"elementor-widget-container\">\n\t\t\t\t\t\t\t\t\t<p class=\"p1\">Comprender los defectos comunes que pueden hacer que un coche se acoja a la protecci\u00f3n de la ley del lim\u00f3n es esencial para los consumidores que se encuentran con un veh\u00edculo plagado de problemas recurrentes. Desde problemas en el motor y la transmisi\u00f3n hasta fallos en el sistema el\u00e9ctrico, deficiencias en el sistema de frenado, defectos en la direcci\u00f3n y la suspensi\u00f3n, fallos en el sistema de seguridad, fallos en el aire acondicionado y la calefacci\u00f3n, ruidos o vibraciones excesivos, fallos en el sistema de combustible, defectos en la integridad estructural y la carrocer\u00eda, fallos en el sistema de infoentretenimiento y navegaci\u00f3n, problemas en la transmisi\u00f3n y la caja de cambios, deficiencias en el sistema de suspensi\u00f3n para ahorrar combustible, deficiencias en el sistema de suspensi\u00f3n, fallos el\u00e9ctricos intermitentes, defectos en la pintura y la carrocer\u00eda, fallos en el sistema de escape y otros defectos varios. Estos defectos pueden afectar significativamente al rendimiento del veh\u00edculo, a su seguridad y a la satisfacci\u00f3n general<\/p><p class=\"p1\">del propietario.<\/p><p class=\"p1\">Es importante que los consumidores se familiaricen con las disposiciones de la ley del lim\u00f3n de su estado y documenten todos los intentos de reparaci\u00f3n y la comunicaci\u00f3n con el fabricante o los concesionarios autorizados. Si un veh\u00edculo presenta defectos sustanciales que persisten a pesar de un n\u00famero razonable de intentos de reparaci\u00f3n, los consumidores pueden acogerse a la protecci\u00f3n de la ley del lim\u00f3n, que puede incluir un<\/p><p class=\"p1\">reembolso, un veh\u00edculo de sustituci\u00f3n o una indemnizaci\u00f3n en met\u00e1lico.<\/p><p class=\"p1\">Recuerde que las leyes del lim\u00f3n pueden variar de un estado a otro, por lo que es aconsejable consultar a un abogado con experiencia especializado en casos de la ley del lim\u00f3n para navegar por el proceso legal de manera efectiva. Al conocer los defectos m\u00e1s comunes y sus posibles implicaciones, los consumidores pueden hacer valer sus derechos y recurrir adecuadamente, asegur\u00e1ndose de que est\u00e1n protegidos frente a la compra o el<\/p><p class=\"p1\">arrendamiento de veh\u00edculos defectuosos.<\/p>\t\t\t\t\t\t\t\t<\/div>\n\t\t\t\t<\/div>\n\t\t\t\t\t<\/div>\n\t\t\t\t<\/div>\n\t\t\t\t<\/div>\n\t\t","protected":false},"excerpt":{"rendered":"<p>MANUFACTURERS Los fabricantes de autom\u00f3viles y sus \u00ablimones\u00bb En Lemon Car Boss, comprendemos la frustraci\u00f3n y la decepci\u00f3n de comprar o arrendar un auto defectuoso. Al comprar un veh\u00edculo, usted espera que cumpla con las garant\u00edas expl\u00edcitas prometidas por el fabricante. Si se encuentra en una situaci\u00f3n donde el fabricante se niega a recomprar, reemplazar [&hellip;]<\/p>\n","protected":false},"author":2,"featured_media":0,"parent":0,"menu_order":0,"comment_status":"closed","ping_status":"closed","template":"","meta":{"footnotes":""},"class_list":["post-2664","page","type-page","status-publish","hentry"],"yoast_head":"<!-- This site is optimized with the Yoast SEO plugin v27.2 - https:\/\/yoast.com\/product\/yoast-seo-wordpress\/ -->\n<title>Fabricante Lemon Law Lawyer - Lemon Car Boss<\/title>\n<meta name=\"description\" content=\"Busque representaci\u00f3n en la Ley del Lim\u00f3n del Fabricante en Lemon Car Boss. Proteja sus derechos y solicite la indemnizaci\u00f3n que merece.\" \/>\n<meta name=\"robots\" content=\"index, follow, max-snippet:-1, max-image-preview:large, max-video-preview:-1\" \/>\n<link rel=\"canonical\" href=\"https:\/\/www.lemoncarboss.com\/es\/fabricantes\/\" \/>\n<meta property=\"og:locale\" content=\"es_ES\" \/>\n<meta property=\"og:type\" content=\"article\" \/>\n<meta property=\"og:title\" content=\"Fabricante Lemon Law Lawyer - Lemon Car Boss\" \/>\n<meta property=\"og:description\" content=\"Busque representaci\u00f3n en la Ley del Lim\u00f3n del Fabricante en Lemon Car Boss. Proteja sus derechos y solicite la indemnizaci\u00f3n que merece.\" \/>\n<meta property=\"og:url\" content=\"https:\/\/www.lemoncarboss.com\/es\/fabricantes\/\" \/>\n<meta property=\"og:site_name\" content=\"Lemon Car Boss\" \/>\n<meta property=\"article:publisher\" content=\"https:\/\/www.facebook.com\/Lemoncarboss\" \/>\n<meta property=\"article:modified_time\" content=\"2025-12-17T20:44:09+00:00\" \/>\n<meta property=\"og:image\" content=\"https:\/\/www.lemoncarboss.com\/wp-content\/uploads\/2023\/07\/manufacturers-1.jpg\" \/>\n<meta name=\"twitter:card\" content=\"summary_large_image\" \/>\n<meta name=\"twitter:label1\" content=\"Tiempo de lectura\" \/>\n\t<meta name=\"twitter:data1\" content=\"3 minutos\" \/>\n<script type=\"application\/ld+json\" class=\"yoast-schema-graph\">{\"@context\":\"https:\/\/schema.org\",\"@graph\":[{\"@type\":\"WebPage\",\"@id\":\"https:\/\/www.lemoncarboss.com\/es\/fabricantes\/\",\"url\":\"https:\/\/www.lemoncarboss.com\/es\/fabricantes\/\",\"name\":\"Fabricante Lemon Law Lawyer - Lemon Car Boss\",\"isPartOf\":{\"@id\":\"https:\/\/www.lemoncarboss.com\/#website\"},\"primaryImageOfPage\":{\"@id\":\"https:\/\/www.lemoncarboss.com\/es\/fabricantes\/#primaryimage\"},\"image\":{\"@id\":\"https:\/\/www.lemoncarboss.com\/es\/fabricantes\/#primaryimage\"},\"thumbnailUrl\":\"https:\/\/www.lemoncarboss.com\/wp-content\/uploads\/2023\/07\/manufacturers-1.jpg\",\"datePublished\":\"2023-08-05T02:22:32+00:00\",\"dateModified\":\"2025-12-17T20:44:09+00:00\",\"description\":\"Busque representaci\u00f3n en la Ley del Lim\u00f3n del Fabricante en Lemon Car Boss. Proteja sus derechos y solicite la indemnizaci\u00f3n que merece.\",\"breadcrumb\":{\"@id\":\"https:\/\/www.lemoncarboss.com\/es\/fabricantes\/#breadcrumb\"},\"inLanguage\":\"es\",\"potentialAction\":[{\"@type\":\"ReadAction\",\"target\":[\"https:\/\/www.lemoncarboss.com\/es\/fabricantes\/\"]}]},{\"@type\":\"ImageObject\",\"inLanguage\":\"es\",\"@id\":\"https:\/\/www.lemoncarboss.com\/es\/fabricantes\/#primaryimage\",\"url\":\"https:\/\/www.lemoncarboss.com\/wp-content\/uploads\/2023\/07\/manufacturers-1.jpg\",\"contentUrl\":\"https:\/\/www.lemoncarboss.com\/wp-content\/uploads\/2023\/07\/manufacturers-1.jpg\"},{\"@type\":\"BreadcrumbList\",\"@id\":\"https:\/\/www.lemoncarboss.com\/es\/fabricantes\/#breadcrumb\",\"itemListElement\":[{\"@type\":\"ListItem\",\"position\":1,\"name\":\"Home\",\"item\":\"https:\/\/www.lemoncarboss.com\/es\/\"},{\"@type\":\"ListItem\",\"position\":2,\"name\":\"Fabricantes\"}]},{\"@type\":\"WebSite\",\"@id\":\"https:\/\/www.lemoncarboss.com\/#website\",\"url\":\"https:\/\/www.lemoncarboss.com\/\",\"name\":\"Lemon Car Boss\",\"description\":\"\",\"publisher\":{\"@id\":\"https:\/\/www.lemoncarboss.com\/#organization\"},\"alternateName\":\"Lemon Law\",\"potentialAction\":[{\"@type\":\"SearchAction\",\"target\":{\"@type\":\"EntryPoint\",\"urlTemplate\":\"https:\/\/www.lemoncarboss.com\/?s={search_term_string}\"},\"query-input\":{\"@type\":\"PropertyValueSpecification\",\"valueRequired\":true,\"valueName\":\"search_term_string\"}}],\"inLanguage\":\"es\"},{\"@type\":\"Organization\",\"@id\":\"https:\/\/www.lemoncarboss.com\/#organization\",\"name\":\"Lemon Car Boss\",\"alternateName\":\"Lemon Law\",\"url\":\"https:\/\/www.lemoncarboss.com\/\",\"logo\":{\"@type\":\"ImageObject\",\"inLanguage\":\"es\",\"@id\":\"https:\/\/www.lemoncarboss.com\/#\/schema\/logo\/image\/\",\"url\":\"https:\/\/www.lemoncarboss.com\/wp-content\/uploads\/2023\/07\/Logo-HI-RES.png\",\"contentUrl\":\"https:\/\/www.lemoncarboss.com\/wp-content\/uploads\/2023\/07\/Logo-HI-RES.png\",\"width\":1682,\"height\":547,\"caption\":\"Lemon Car Boss\"},\"image\":{\"@id\":\"https:\/\/www.lemoncarboss.com\/#\/schema\/logo\/image\/\"},\"sameAs\":[\"https:\/\/www.facebook.com\/Lemoncarboss\",\"https:\/\/www.instagram.com\/lemon_car_boss\/\",\"https:\/\/www.tiktok.com\/@lemoncarboss\",\"https:\/\/www.youtube.com\/@LEMONCARBOSS\"]}]}<\/script>\n<!-- \/ Yoast SEO plugin. -->","yoast_head_json":{"title":"Fabricante Lemon Law Lawyer - Lemon Car Boss","description":"Busque representaci\u00f3n en la Ley del Lim\u00f3n del Fabricante en Lemon Car Boss. Proteja sus derechos y solicite la indemnizaci\u00f3n que merece.","robots":{"index":"index","follow":"follow","max-snippet":"max-snippet:-1","max-image-preview":"max-image-preview:large","max-video-preview":"max-video-preview:-1"},"canonical":"https:\/\/www.lemoncarboss.com\/es\/fabricantes\/","og_locale":"es_ES","og_type":"article","og_title":"Fabricante Lemon Law Lawyer - Lemon Car Boss","og_description":"Busque representaci\u00f3n en la Ley del Lim\u00f3n del Fabricante en Lemon Car Boss. Proteja sus derechos y solicite la indemnizaci\u00f3n que merece.","og_url":"https:\/\/www.lemoncarboss.com\/es\/fabricantes\/","og_site_name":"Lemon Car Boss","article_publisher":"https:\/\/www.facebook.com\/Lemoncarboss","article_modified_time":"2025-12-17T20:44:09+00:00","og_image":[{"url":"https:\/\/www.lemoncarboss.com\/wp-content\/uploads\/2023\/07\/manufacturers-1.jpg","type":"","width":"","height":""}],"twitter_card":"summary_large_image","twitter_misc":{"Tiempo de lectura":"3 minutos"},"schema":{"@context":"https:\/\/schema.org","@graph":[{"@type":"WebPage","@id":"https:\/\/www.lemoncarboss.com\/es\/fabricantes\/","url":"https:\/\/www.lemoncarboss.com\/es\/fabricantes\/","name":"Fabricante Lemon Law Lawyer - Lemon Car Boss","isPartOf":{"@id":"https:\/\/www.lemoncarboss.com\/#website"},"primaryImageOfPage":{"@id":"https:\/\/www.lemoncarboss.com\/es\/fabricantes\/#primaryimage"},"image":{"@id":"https:\/\/www.lemoncarboss.com\/es\/fabricantes\/#primaryimage"},"thumbnailUrl":"https:\/\/www.lemoncarboss.com\/wp-content\/uploads\/2023\/07\/manufacturers-1.jpg","datePublished":"2023-08-05T02:22:32+00:00","dateModified":"2025-12-17T20:44:09+00:00","description":"Busque representaci\u00f3n en la Ley del Lim\u00f3n del Fabricante en Lemon Car Boss. Proteja sus derechos y solicite la indemnizaci\u00f3n que merece.","breadcrumb":{"@id":"https:\/\/www.lemoncarboss.com\/es\/fabricantes\/#breadcrumb"},"inLanguage":"es","potentialAction":[{"@type":"ReadAction","target":["https:\/\/www.lemoncarboss.com\/es\/fabricantes\/"]}]},{"@type":"ImageObject","inLanguage":"es","@id":"https:\/\/www.lemoncarboss.com\/es\/fabricantes\/#primaryimage","url":"https:\/\/www.lemoncarboss.com\/wp-content\/uploads\/2023\/07\/manufacturers-1.jpg","contentUrl":"https:\/\/www.lemoncarboss.com\/wp-content\/uploads\/2023\/07\/manufacturers-1.jpg"},{"@type":"BreadcrumbList","@id":"https:\/\/www.lemoncarboss.com\/es\/fabricantes\/#breadcrumb","itemListElement":[{"@type":"ListItem","position":1,"name":"Home","item":"https:\/\/www.lemoncarboss.com\/es\/"},{"@type":"ListItem","position":2,"name":"Fabricantes"}]},{"@type":"WebSite","@id":"https:\/\/www.lemoncarboss.com\/#website","url":"https:\/\/www.lemoncarboss.com\/","name":"Lemon Car Boss","description":"","publisher":{"@id":"https:\/\/www.lemoncarboss.com\/#organization"},"alternateName":"Lemon Law","potentialAction":[{"@type":"SearchAction","target":{"@type":"EntryPoint","urlTemplate":"https:\/\/www.lemoncarboss.com\/?s={search_term_string}"},"query-input":{"@type":"PropertyValueSpecification","valueRequired":true,"valueName":"search_term_string"}}],"inLanguage":"es"},{"@type":"Organization","@id":"https:\/\/www.lemoncarboss.com\/#organization","name":"Lemon Car Boss","alternateName":"Lemon Law","url":"https:\/\/www.lemoncarboss.com\/","logo":{"@type":"ImageObject","inLanguage":"es","@id":"https:\/\/www.lemoncarboss.com\/#\/schema\/logo\/image\/","url":"https:\/\/www.lemoncarboss.com\/wp-content\/uploads\/2023\/07\/Logo-HI-RES.png","contentUrl":"https:\/\/www.lemoncarboss.com\/wp-content\/uploads\/2023\/07\/Logo-HI-RES.png","width":1682,"height":547,"caption":"Lemon Car Boss"},"image":{"@id":"https:\/\/www.lemoncarboss.com\/#\/schema\/logo\/image\/"},"sameAs":["https:\/\/www.facebook.com\/Lemoncarboss","https:\/\/www.instagram.com\/lemon_car_boss\/","https:\/\/www.tiktok.com\/@lemoncarboss","https:\/\/www.youtube.com\/@LEMONCARBOSS"]}]}},"_links":{"self":[{"href":"https:\/\/www.lemoncarboss.com\/es\/wp-json\/wp\/v2\/pages\/2664","targetHints":{"allow":["GET"]}}],"collection":[{"href":"https:\/\/www.lemoncarboss.com\/es\/wp-json\/wp\/v2\/pages"}],"about":[{"href":"https:\/\/www.lemoncarboss.com\/es\/wp-json\/wp\/v2\/types\/page"}],"author":[{"embeddable":true,"href":"https:\/\/www.lemoncarboss.com\/es\/wp-json\/wp\/v2\/users\/2"}],"replies":[{"embeddable":true,"href":"https:\/\/www.lemoncarboss.com\/es\/wp-json\/wp\/v2\/comments?post=2664"}],"version-history":[{"count":23,"href":"https:\/\/www.lemoncarboss.com\/es\/wp-json\/wp\/v2\/pages\/2664\/revisions"}],"predecessor-version":[{"id":5055,"href":"https:\/\/www.lemoncarboss.com\/es\/wp-json\/wp\/v2\/pages\/2664\/revisions\/5055"}],"wp:attachment":[{"href":"https:\/\/www.lemoncarboss.com\/es\/wp-json\/wp\/v2\/media?parent=2664"}],"curies":[{"name":"wp","href":"https:\/\/api.w.org\/{rel}","templated":true}]}}