{"id":2665,"date":"2023-07-31T22:09:45","date_gmt":"2023-08-01T05:09:45","guid":{"rendered":"https:\/\/www.lemoncarboss.com\/ley-del-limon\/"},"modified":"2025-12-17T12:22:28","modified_gmt":"2025-12-17T20:22:28","slug":"ley-del-limon","status":"publish","type":"page","link":"https:\/\/www.lemoncarboss.com\/es\/ley-del-limon\/","title":{"rendered":"Ley del Lim\u00f3n"},"content":{"rendered":"\t\t<div data-elementor-type=\"wp-page\" data-elementor-id=\"2665\" class=\"elementor elementor-2665 elementor-712\" data-elementor-post-type=\"page\">\n\t\t\t\t<div class=\"elementor-element elementor-element-44f73924 e-flex e-con-boxed e-con e-parent\" data-id=\"44f73924\" data-element_type=\"container\" data-e-type=\"container\" data-settings=\"{&quot;background_background&quot;:&quot;classic&quot;}\">\n\t\t\t\t\t<div class=\"e-con-inner\">\n\t\t\t\t<div class=\"elementor-element elementor-element-273427ee elementor-widget__width-initial elementor-widget elementor-widget-text-editor\" data-id=\"273427ee\" data-element_type=\"widget\" data-e-type=\"widget\" data-widget_type=\"text-editor.default\">\n\t\t\t\t<div class=\"elementor-widget-container\">\n\t\t\t\t\t\t\t\t\t<h1>Ley del Lim\u00f3n<\/h1>\n\t\t\t\t\t\t\t\t<\/div>\n\t\t\t\t<\/div>\n\t\t\t\t\t<\/div>\n\t\t\t\t<\/div>\n\t\t<div class=\"elementor-element elementor-element-247c2bbe e-con-full e-flex e-con e-parent\" data-id=\"247c2bbe\" data-element_type=\"container\" data-e-type=\"container\">\n\t\t\t\t<div class=\"elementor-element elementor-element-745d8faf elementor-widget elementor-widget-image\" data-id=\"745d8faf\" data-element_type=\"widget\" data-e-type=\"widget\" data-widget_type=\"image.default\">\n\t\t\t\t<div class=\"elementor-widget-container\">\n\t\t\t\t\t\t\t\t\t\t\t\t\t\t\t<img fetchpriority=\"high\" decoding=\"async\" width=\"2560\" height=\"986\" src=\"https:\/\/www.lemoncarboss.com\/wp-content\/uploads\/2023\/07\/lemon_lawscaled-scaled-1.jpg\" class=\"attachment-full size-full wp-image-2627\" alt=\"\" srcset=\"https:\/\/www.lemoncarboss.com\/wp-content\/uploads\/2023\/07\/lemon_lawscaled-scaled-1.jpg 2560w, https:\/\/www.lemoncarboss.com\/wp-content\/uploads\/2023\/07\/lemon_lawscaled-scaled-1-300x116.jpg 300w, https:\/\/www.lemoncarboss.com\/wp-content\/uploads\/2023\/07\/lemon_lawscaled-scaled-1-1024x394.jpg 1024w, https:\/\/www.lemoncarboss.com\/wp-content\/uploads\/2023\/07\/lemon_lawscaled-scaled-1-768x296.jpg 768w, https:\/\/www.lemoncarboss.com\/wp-content\/uploads\/2023\/07\/lemon_lawscaled-scaled-1-1536x592.jpg 1536w, https:\/\/www.lemoncarboss.com\/wp-content\/uploads\/2023\/07\/lemon_lawscaled-scaled-1-2048x789.jpg 2048w\" sizes=\"(max-width: 2560px) 100vw, 2560px\" \/>\t\t\t\t\t\t\t\t\t\t\t\t\t\t\t<\/div>\n\t\t\t\t<\/div>\n\t\t\t\t<\/div>\n\t\t<div class=\"elementor-element elementor-element-b92f206 e-flex e-con-boxed e-con e-parent\" data-id=\"b92f206\" data-element_type=\"container\" data-e-type=\"container\" data-settings=\"{&quot;background_background&quot;:&quot;classic&quot;}\">\n\t\t\t\t\t<div class=\"e-con-inner\">\n\t\t<div class=\"elementor-element elementor-element-6fb514fb e-con-full e-flex e-con e-child\" data-id=\"6fb514fb\" data-element_type=\"container\" data-e-type=\"container\">\n\t\t\t\t<div class=\"elementor-element elementor-element-65478628 elementor-widget elementor-widget-text-editor\" data-id=\"65478628\" data-element_type=\"widget\" data-e-type=\"widget\" data-widget_type=\"text-editor.default\">\n\t\t\t\t<div class=\"elementor-widget-container\">\n\t\t\t\t\t\t\t\t\t<h2>Ley del Lim\u00f3n (C\u00f3digos)<\/h2>\n\t\t\t\t\t\t\t\t<\/div>\n\t\t\t\t<\/div>\n\t\t\t\t<div class=\"elementor-element elementor-element-532c8867 elementor-widget elementor-widget-text-editor\" data-id=\"532c8867\" data-element_type=\"widget\" data-e-type=\"widget\" data-widget_type=\"text-editor.default\">\n\t\t\t\t<div class=\"elementor-widget-container\">\n\t\t\t\t\t\t\t\t\t<h3>C\u00f3digos de la Ley del Lim\u00f3n: Conozca sus derechos como consumidor<\/h3><p><span style=\"font-weight: 400;\">Cuando compras o alquilas un veh\u00edculo, esperas que sea fiable y que no tenga defectos importantes. Por desgracia, no todos los coches est\u00e1n a la altura de estas expectativas, y algunos pueden resultar ser limones (veh\u00edculos con defectos persistentes y sustanciales). Para proteger a los consumidores de estas situaciones, en muchas jurisdicciones se han promulgado Leyes Lim\u00f3n. Estas\u00a0<\/span><b>Leyes del Lim\u00f3n<\/b><span style=\"font-weight: 400;\">\u00a0proporcionan recursos legales a los consumidores que se encuentran atrapados con veh\u00edculos defectuosos. Conozca los c\u00f3digos de la Ley del Lim\u00f3n para ayudarle a entender sus derechos como consumidor y c\u00f3mo recurrir si se encuentra con un coche defectuoso. La <\/span><span style=\"font-weight: 400;\">L<\/span><span style=\"font-weight: 400;\">ey del <\/span><span style=\"font-weight: 400;\">L<\/span><span style=\"font-weight: 400;\">im\u00f3n de California se rige por la Ley de Garant\u00eda del Consumidor Song-Beverly 1790 y siguientes.<\/span><\/p><h3>\u00bfQu\u00e9 son los c\u00f3digos de la Ley del Lim\u00f3n?<\/h3><p><span style=\"font-weight: 400;\">Los\u00a0<\/span><b>c\u00f3digos<\/b><span style=\"font-weight: 400;\">\u00a0de la Ley del Lim\u00f3n, tambi\u00e9n conocidos como estatutos de la Ley del Lim\u00f3n, son secciones espec\u00edficas de la legislaci\u00f3n que describen los derechos y recursos disponibles para los consumidores que han comprado o alquilado veh\u00edculos defectuosos. Estos c\u00f3digos var\u00edan de un estado a otro y de un pa\u00eds a otro, pero en general proporcionan directrices sobre c\u00f3mo determinar si un veh\u00edculo es un \u00ablim\u00f3n\u00bb y qu\u00e9 pasos puede dar un consumidor para pedir una indemnizaci\u00f3n o reparaci\u00f3n.<\/span><\/p><h3>Determinar el estado del lim\u00f3n<\/h3><p><span style=\"font-weight: 400;\">Un aspecto clave de los c\u00f3digos de la Ley del Lim\u00f3n es establecer los criterios para que un veh\u00edculo sea considerado un lim\u00f3n. Aunque las definiciones espec\u00edficas pueden variar, en general hay tres elementos principales que deben cumplirse:<\/span><\/p><ol><li style=\"font-weight: 400;\" aria-level=\"1\"><b>Defectos<\/b><span style=\"font-weight: 400;\">: El veh\u00edculo debe tener un defecto sustancial o una serie de defectos que perjudiquen significativamente su uso, valor o seguridad. Estos defectos deben estar cubiertos por la garant\u00eda del fabricante y no pueden repararse eficazmente.<\/span><\/li><li style=\"font-weight: 400;\" aria-level=\"1\"><b>Intentos<\/b><span style=\"font-weight: 400;\">\u00a0<\/span><b>de reparaci\u00f3n:<\/b><span style=\"font-weight: 400;\"> El fabricante o el centro de reparaci\u00f3n autorizado deben haber realizado un n\u00famero razonable de intentos de reparaci\u00f3n de los defectos. El n\u00famero de intentos y la duraci\u00f3n de los intentos de reparaci\u00f3n pueden variar en funci\u00f3n de la jurisdicci\u00f3n.<\/span><\/li><li style=\"font-weight: 400;\" aria-level=\"1\"><b>Plazos<\/b><span style=\"font-weight: 400;\">: Para acogerse a la ley del lim\u00f3n de California, un plazo importante a recordar es la duraci\u00f3n de la garant\u00eda del fabricante de su coche. Esto significa que tienes que llevar tu veh\u00edculo al concesionario para que lo reparen al menos dos veces durante el periodo de garant\u00eda. Adem\u00e1s, el plazo de prescripci\u00f3n para presentar una reclamaci\u00f3n basada en la ley del lim\u00f3n suele ser de 4 a\u00f1os a partir de la fecha de entrega original del veh\u00edculo al comprador o arrendatario. Hay que tener en cuenta que el reloj no siempre empieza a correr desde el momento de la compra o el arrendamiento. En cambio, comienza cuando usted descubre razonablemente el defecto, que es cuando el defecto se hace perceptible.<\/span><\/li><\/ol><h3>Recursos y ayudas para el consumidor<\/h3><p><span style=\"font-weight: 400;\">Si se determina que un veh\u00edculo es un producto defectuoso con arreglo a los c\u00f3digos de la Ley del Lim\u00f3n, los consumidores tienen derecho a determinados recursos y compensaciones. Una vez m\u00e1s, los recursos espec\u00edficos pueden variar en funci\u00f3n de la jurisdicci\u00f3n, pero algunas opciones comunes incluyen:<\/span><\/p><ol><li style=\"font-weight: 400;\" aria-level=\"1\"><b>Reembolso o sustituci\u00f3n:<\/b><span style=\"font-weight: 400;\">\u00a0Los consumidores pueden tener derecho a un reembolso completo del precio de compra o arrendamiento del veh\u00edculo, incluidas las tasas e impuestos asociados. Alternativamente, pueden tener la opci\u00f3n de recibir un veh\u00edculo de sustituci\u00f3n de igual valor.<\/span><\/li><li style=\"font-weight: 400;\" aria-level=\"1\"><b>Indemnizaci\u00f3n por da\u00f1os y perjuicios:<\/b><span style=\"font-weight: 400;\">\u00a0Adem\u00e1s de un reembolso o sustituci\u00f3n, los c\u00f3digos de la Ley del Lim\u00f3n pueden permitir a los consumidores solicitar una indemnizaci\u00f3n por los da\u00f1os adicionales sufridos, tales como gastos de remolque, costes de alquiler de coches y otros gastos de bolsillo relacionados con el veh\u00edculo lim\u00f3n.<\/span><\/li><li style=\"font-weight: 400;\" aria-level=\"1\"><b>Honorarios legales:<\/b><span style=\"font-weight: 400;\">\u00a0Muchos c\u00f3digos de la Ley del Lim\u00f3n estipulan que<\/span><span style=\"font-weight: 400;\">,<\/span><span style=\"font-weight: 400;\"> si un consumidor demuestra con \u00e9xito su caso y se le concede una indemnizaci\u00f3n, el fabricante o concesionario tambi\u00e9n debe cubrir sus honorarios razonables de abogado y costas legales.<\/span><\/li><\/ol><h3>Actuar contra un coche defectuoso<\/h3><p><span style=\"font-weight: 400;\">Si cree que tiene un veh\u00edculo defectuoso y desea tomar medidas, es esencial que conozca y siga los c\u00f3digos de la Ley del Lim\u00f3n de su jurisdicci\u00f3n. He aqu\u00ed algunos pasos a tener en cuenta:<\/span><\/p><ol><li style=\"font-weight: 400;\" aria-level=\"1\"><b>Lleve un registro detallado:<\/b><span style=\"font-weight: 400;\">\u00a0Mantenga una documentaci\u00f3n exhaustiva de todas las reparaciones, incluidas las fechas, las descripciones de los defectos, las facturas y cualquier comunicaci\u00f3n con el fabricante o el concesionario. Estos registros reforzar\u00e1n su caso. Adem\u00e1s, si puede hacerlo de forma segura, grabe un v\u00eddeo\/foto de los problemas que tiene con su veh\u00edculo y facil\u00edteselo al concesionario en el momento de la reparaci\u00f3n.<\/span><\/li><li style=\"font-weight: 400;\" aria-level=\"1\"><b>Consulte con un<\/b><span style=\"font-weight: 400;\">\u00a0<\/span><b>abogado especializado en la Ley del Lim\u00f3n:<\/b><span style=\"font-weight: 400;\"> Contrate los servicios de un abogado con experiencia en la Ley del Lim\u00f3n que se especialice en el manejo de casos de coches lim\u00f3n. Le guiar\u00e1n a lo largo del proceso, proteger\u00e1n sus derechos y representar\u00e1n sus intereses con eficacia.<\/span><\/li><li style=\"font-weight: 400;\" aria-level=\"1\"><b>Inicie procedimientos legales, si es necesario<\/b><span style=\"font-weight: 400;\">: Si el fabricante o el concesionario no resuelven el problema o se niegan a cumplir los requisitos de la Ley del Lim\u00f3n, su abogado puede ayudarle a presentar una queja formal o a iniciar un procedimiento judicial. Esto puede implicar presentar una demanda contra el fabricante o participar en un procedimiento de arbitraje o mediaci\u00f3n, dependiendo de las opciones disponibles en su jurisdicci\u00f3n.<\/span><\/li><li style=\"font-weight: 400;\" aria-level=\"1\"><b>Re\u00fana pruebas y construya su caso<\/b><span style=\"font-weight: 400;\">: Colabore estrechamente con su abogado para reunir todas las pruebas necesarias que respalden su reclamaci\u00f3n. Esto incluye facilitar documentaci\u00f3n sobre reparaciones, registros de mantenimiento, informaci\u00f3n sobre la garant\u00eda y cualquier correspondencia con el fabricante o el distribuidor. Construir un caso s\u00f3lido aumentar\u00e1 sus posibilidades de obtener un resultado favorable.<\/span><\/li><li style=\"font-weight: 400;\" aria-level=\"1\"><b>En caso necesario, litigue<\/b><span style=\"font-weight: 400;\">: Su abogado puede presentar una demanda contra el fabricante responsable y quiz\u00e1s tambi\u00e9n contra el concesionario. Su abogado se encargar\u00e1 de todos los aspectos del proceso de litigio y defender\u00e1 sus derechos.<\/span><\/li><\/ol><p><span style=\"font-weight: 400;\">Recuerde que cada jurisdicci\u00f3n tiene sus propios c\u00f3digos de la Ley del Lim\u00f3n, por lo que es crucial consultar con un abogado especializado en la Ley del Lim\u00f3n que conozca bien las leyes espec\u00edficas que rigen en su zona. Le proporcionar\u00e1n orientaci\u00f3n personalizada basada en sus circunstancias y le ayudar\u00e1n a navegar por las complejidades legales para garantizar la protecci\u00f3n de sus derechos.<\/span><\/p><p><span style=\"font-weight: 400;\">Los c\u00f3digos de la Ley del Lim\u00f3n desempe\u00f1an un papel vital en la protecci\u00f3n de los consumidores que se encuentran con veh\u00edculos defectuosos. Comprender estos c\u00f3digos de la ley del lim\u00f3n le faculta para hacer valer sus derechos y buscar soluciones e indemnizaciones adecuadas. Si se familiariza con los estatutos de la Ley del Lim\u00f3n de su jurisdicci\u00f3n, lleva un registro detallado y trabaja con un abogado experto en la Ley del Lim\u00f3n, podr\u00e1 navegar por el proceso con eficacia y aumentar sus posibilidades de obtener un resultado satisfactorio. No permita que un veh\u00edculo defectuoso le perturbe la vida: act\u00fae y haga valer sus derechos como consumidor hoy mismo.<\/span><\/p><h3>Tipos de veh\u00edculos de la Ley del Lim\u00f3n:<\/h3><p><span style=\"font-weight: 400;\">Las leyes del lim\u00f3n est\u00e1n dise\u00f1adas para proteger a los consumidores de los veh\u00edculos que no cumplen sistem\u00e1ticamente las expectativas de calidad y rendimiento. Los detalles de estas leyes pueden variar seg\u00fan el lugar, pero en general abarcan los siguientes\u00a0<\/span><a href=\"https:\/\/www.lemoncarboss.com\/es\/tipos-de-ley-del-limon\/\"><span style=\"font-weight: 400;\">tipos de leyes del lim\u00f3n<\/span><\/a><span style=\"font-weight: 400;\">:<\/span><\/p><ul><li style=\"font-weight: 400;\" aria-level=\"1\"><a href=\"https:\/\/www.lemoncarboss.com\/es\/otros-vehiculos-de-motor\/ley-del-limon\/\"><span style=\"font-weight: 400;\">Ley del Lim\u00f3n<\/span><\/a><\/li><li style=\"font-weight: 400;\" aria-level=\"1\"><a href=\"https:\/\/www.lemoncarboss.com\/es\/otros-vehiculos-de-motor\/ley-del-limon-para-camiones\/\"><span style=\"font-weight: 400;\">Ley del Lim\u00f3n<\/span><\/a><\/li><li style=\"font-weight: 400;\" aria-level=\"1\"><span style=\"font-weight: 400;\">Ley de Lim\u00f3n de<\/span> <a href=\"https:\/\/www.lemoncarboss.com\/es\/otros-vehiculos-de-motor\/ley-del-limon-para-todoterrenos\/\"><span style=\"font-weight: 400;\">SUV <\/span><span style=\"font-weight: 400;\">Lemon Law<\/span><\/a><\/li><li style=\"font-weight: 400;\" aria-level=\"1\"><a href=\"https:\/\/www.lemoncarboss.com\/es\/otros-vehiculos-de-motor\/rv\/\"><span style=\"font-weight: 400;\">Ley del Lim\u00f3n<\/span><\/a><\/li><li style=\"font-weight: 400;\" aria-level=\"1\"><a href=\"https:\/\/www.lemoncarboss.com\/es\/otros-vehiculos-de-motor\/ley-del-limon-para-motocicletas\/\"><span style=\"font-weight: 400;\">Ley del Lim\u00f3n para Motocicletas<\/span><\/a><\/li><\/ul>\t\t\t\t\t\t\t\t<\/div>\n\t\t\t\t<\/div>\n\t\t\t\t<\/div>\n\t\t\t\t\t<\/div>\n\t\t\t\t<\/div>\n\t\t\t\t<\/div>\n\t\t","protected":false},"excerpt":{"rendered":"<p>Ley del Lim\u00f3n Ley del Lim\u00f3n (C\u00f3digos) C\u00f3digos de la Ley del Lim\u00f3n: Conozca sus derechos como consumidor Cuando compras o alquilas un veh\u00edculo, esperas que sea fiable y que no tenga defectos importantes. Por desgracia, no todos los coches est\u00e1n a la altura de estas expectativas, y algunos pueden resultar ser limones (veh\u00edculos con [&hellip;]<\/p>\n","protected":false},"author":2,"featured_media":0,"parent":0,"menu_order":0,"comment_status":"closed","ping_status":"closed","template":"","meta":{"footnotes":""},"class_list":["post-2665","page","type-page","status-publish","hentry"],"yoast_head":"<!-- This site is optimized with the Yoast SEO plugin v27.2 - https:\/\/yoast.com\/product\/yoast-seo-wordpress\/ -->\n<title>Ley del Lim\u00f3n - C\u00f3digos y Directrices - Lemon Car Boss<\/title>\n<meta name=\"description\" content=\"Gu\u00eda completa sobre la ley del lim\u00f3n: c\u00f3digos clave y c\u00f3mo determinar si su veh\u00edculo califica seg\u00fan la normativa aplicable.\" \/>\n<meta name=\"robots\" content=\"index, follow, max-snippet:-1, max-image-preview:large, max-video-preview:-1\" \/>\n<link rel=\"canonical\" href=\"https:\/\/www.lemoncarboss.com\/es\/ley-del-limon\/\" \/>\n<meta property=\"og:locale\" content=\"es_ES\" \/>\n<meta property=\"og:type\" content=\"article\" \/>\n<meta property=\"og:title\" content=\"Ley del Lim\u00f3n - C\u00f3digos y Directrices - Lemon Car Boss\" \/>\n<meta property=\"og:description\" content=\"Gu\u00eda completa sobre la ley del lim\u00f3n: c\u00f3digos clave y c\u00f3mo determinar si su veh\u00edculo califica seg\u00fan la normativa aplicable.\" \/>\n<meta property=\"og:url\" content=\"https:\/\/www.lemoncarboss.com\/es\/ley-del-limon\/\" \/>\n<meta property=\"og:site_name\" content=\"Lemon Car Boss\" \/>\n<meta property=\"article:publisher\" content=\"https:\/\/www.facebook.com\/Lemoncarboss\" \/>\n<meta property=\"article:modified_time\" content=\"2025-12-17T20:22:28+00:00\" \/>\n<meta property=\"og:image\" content=\"https:\/\/www.lemoncarboss.com\/wp-content\/uploads\/2023\/07\/lemon_lawscaled-scaled-1.jpg\" \/>\n<meta name=\"twitter:card\" content=\"summary_large_image\" \/>\n<meta name=\"twitter:label1\" content=\"Tiempo de lectura\" \/>\n\t<meta name=\"twitter:data1\" content=\"6 minutos\" \/>\n<script type=\"application\/ld+json\" class=\"yoast-schema-graph\">{\"@context\":\"https:\/\/schema.org\",\"@graph\":[{\"@type\":\"WebPage\",\"@id\":\"https:\/\/www.lemoncarboss.com\/es\/ley-del-limon\/\",\"url\":\"https:\/\/www.lemoncarboss.com\/es\/ley-del-limon\/\",\"name\":\"Ley del Lim\u00f3n - C\u00f3digos y Directrices - Lemon Car Boss\",\"isPartOf\":{\"@id\":\"https:\/\/www.lemoncarboss.com\/#website\"},\"primaryImageOfPage\":{\"@id\":\"https:\/\/www.lemoncarboss.com\/es\/ley-del-limon\/#primaryimage\"},\"image\":{\"@id\":\"https:\/\/www.lemoncarboss.com\/es\/ley-del-limon\/#primaryimage\"},\"thumbnailUrl\":\"https:\/\/www.lemoncarboss.com\/wp-content\/uploads\/2023\/07\/lemon_lawscaled-scaled-1.jpg\",\"datePublished\":\"2023-08-01T05:09:45+00:00\",\"dateModified\":\"2025-12-17T20:22:28+00:00\",\"description\":\"Gu\u00eda completa sobre la ley del lim\u00f3n: c\u00f3digos clave y c\u00f3mo determinar si su veh\u00edculo califica seg\u00fan la normativa aplicable.\",\"breadcrumb\":{\"@id\":\"https:\/\/www.lemoncarboss.com\/es\/ley-del-limon\/#breadcrumb\"},\"inLanguage\":\"es\",\"potentialAction\":[{\"@type\":\"ReadAction\",\"target\":[\"https:\/\/www.lemoncarboss.com\/es\/ley-del-limon\/\"]}]},{\"@type\":\"ImageObject\",\"inLanguage\":\"es\",\"@id\":\"https:\/\/www.lemoncarboss.com\/es\/ley-del-limon\/#primaryimage\",\"url\":\"https:\/\/www.lemoncarboss.com\/wp-content\/uploads\/2023\/07\/lemon_lawscaled-scaled-1.jpg\",\"contentUrl\":\"https:\/\/www.lemoncarboss.com\/wp-content\/uploads\/2023\/07\/lemon_lawscaled-scaled-1.jpg\"},{\"@type\":\"BreadcrumbList\",\"@id\":\"https:\/\/www.lemoncarboss.com\/es\/ley-del-limon\/#breadcrumb\",\"itemListElement\":[{\"@type\":\"ListItem\",\"position\":1,\"name\":\"Home\",\"item\":\"https:\/\/www.lemoncarboss.com\/es\/\"},{\"@type\":\"ListItem\",\"position\":2,\"name\":\"Ley del Lim\u00f3n\"}]},{\"@type\":\"WebSite\",\"@id\":\"https:\/\/www.lemoncarboss.com\/#website\",\"url\":\"https:\/\/www.lemoncarboss.com\/\",\"name\":\"Lemon Car Boss\",\"description\":\"\",\"publisher\":{\"@id\":\"https:\/\/www.lemoncarboss.com\/#organization\"},\"alternateName\":\"Lemon Law\",\"potentialAction\":[{\"@type\":\"SearchAction\",\"target\":{\"@type\":\"EntryPoint\",\"urlTemplate\":\"https:\/\/www.lemoncarboss.com\/?s={search_term_string}\"},\"query-input\":{\"@type\":\"PropertyValueSpecification\",\"valueRequired\":true,\"valueName\":\"search_term_string\"}}],\"inLanguage\":\"es\"},{\"@type\":\"Organization\",\"@id\":\"https:\/\/www.lemoncarboss.com\/#organization\",\"name\":\"Lemon Car Boss\",\"alternateName\":\"Lemon Law\",\"url\":\"https:\/\/www.lemoncarboss.com\/\",\"logo\":{\"@type\":\"ImageObject\",\"inLanguage\":\"es\",\"@id\":\"https:\/\/www.lemoncarboss.com\/#\/schema\/logo\/image\/\",\"url\":\"https:\/\/www.lemoncarboss.com\/wp-content\/uploads\/2023\/07\/Logo-HI-RES.png\",\"contentUrl\":\"https:\/\/www.lemoncarboss.com\/wp-content\/uploads\/2023\/07\/Logo-HI-RES.png\",\"width\":1682,\"height\":547,\"caption\":\"Lemon Car Boss\"},\"image\":{\"@id\":\"https:\/\/www.lemoncarboss.com\/#\/schema\/logo\/image\/\"},\"sameAs\":[\"https:\/\/www.facebook.com\/Lemoncarboss\",\"https:\/\/www.instagram.com\/lemon_car_boss\/\",\"https:\/\/www.tiktok.com\/@lemoncarboss\",\"https:\/\/www.youtube.com\/@LEMONCARBOSS\"]}]}<\/script>\n<!-- \/ Yoast SEO plugin. -->","yoast_head_json":{"title":"Ley del Lim\u00f3n - C\u00f3digos y Directrices - Lemon Car Boss","description":"Gu\u00eda completa sobre la ley del lim\u00f3n: c\u00f3digos clave y c\u00f3mo determinar si su veh\u00edculo califica seg\u00fan la normativa aplicable.","robots":{"index":"index","follow":"follow","max-snippet":"max-snippet:-1","max-image-preview":"max-image-preview:large","max-video-preview":"max-video-preview:-1"},"canonical":"https:\/\/www.lemoncarboss.com\/es\/ley-del-limon\/","og_locale":"es_ES","og_type":"article","og_title":"Ley del Lim\u00f3n - C\u00f3digos y Directrices - Lemon Car Boss","og_description":"Gu\u00eda completa sobre la ley del lim\u00f3n: c\u00f3digos clave y c\u00f3mo determinar si su veh\u00edculo califica seg\u00fan la normativa aplicable.","og_url":"https:\/\/www.lemoncarboss.com\/es\/ley-del-limon\/","og_site_name":"Lemon Car Boss","article_publisher":"https:\/\/www.facebook.com\/Lemoncarboss","article_modified_time":"2025-12-17T20:22:28+00:00","og_image":[{"url":"https:\/\/www.lemoncarboss.com\/wp-content\/uploads\/2023\/07\/lemon_lawscaled-scaled-1.jpg","type":"","width":"","height":""}],"twitter_card":"summary_large_image","twitter_misc":{"Tiempo de lectura":"6 minutos"},"schema":{"@context":"https:\/\/schema.org","@graph":[{"@type":"WebPage","@id":"https:\/\/www.lemoncarboss.com\/es\/ley-del-limon\/","url":"https:\/\/www.lemoncarboss.com\/es\/ley-del-limon\/","name":"Ley del Lim\u00f3n - C\u00f3digos y Directrices - Lemon Car Boss","isPartOf":{"@id":"https:\/\/www.lemoncarboss.com\/#website"},"primaryImageOfPage":{"@id":"https:\/\/www.lemoncarboss.com\/es\/ley-del-limon\/#primaryimage"},"image":{"@id":"https:\/\/www.lemoncarboss.com\/es\/ley-del-limon\/#primaryimage"},"thumbnailUrl":"https:\/\/www.lemoncarboss.com\/wp-content\/uploads\/2023\/07\/lemon_lawscaled-scaled-1.jpg","datePublished":"2023-08-01T05:09:45+00:00","dateModified":"2025-12-17T20:22:28+00:00","description":"Gu\u00eda completa sobre la ley del lim\u00f3n: c\u00f3digos clave y c\u00f3mo determinar si su veh\u00edculo califica seg\u00fan la normativa aplicable.","breadcrumb":{"@id":"https:\/\/www.lemoncarboss.com\/es\/ley-del-limon\/#breadcrumb"},"inLanguage":"es","potentialAction":[{"@type":"ReadAction","target":["https:\/\/www.lemoncarboss.com\/es\/ley-del-limon\/"]}]},{"@type":"ImageObject","inLanguage":"es","@id":"https:\/\/www.lemoncarboss.com\/es\/ley-del-limon\/#primaryimage","url":"https:\/\/www.lemoncarboss.com\/wp-content\/uploads\/2023\/07\/lemon_lawscaled-scaled-1.jpg","contentUrl":"https:\/\/www.lemoncarboss.com\/wp-content\/uploads\/2023\/07\/lemon_lawscaled-scaled-1.jpg"},{"@type":"BreadcrumbList","@id":"https:\/\/www.lemoncarboss.com\/es\/ley-del-limon\/#breadcrumb","itemListElement":[{"@type":"ListItem","position":1,"name":"Home","item":"https:\/\/www.lemoncarboss.com\/es\/"},{"@type":"ListItem","position":2,"name":"Ley del Lim\u00f3n"}]},{"@type":"WebSite","@id":"https:\/\/www.lemoncarboss.com\/#website","url":"https:\/\/www.lemoncarboss.com\/","name":"Lemon Car Boss","description":"","publisher":{"@id":"https:\/\/www.lemoncarboss.com\/#organization"},"alternateName":"Lemon Law","potentialAction":[{"@type":"SearchAction","target":{"@type":"EntryPoint","urlTemplate":"https:\/\/www.lemoncarboss.com\/?s={search_term_string}"},"query-input":{"@type":"PropertyValueSpecification","valueRequired":true,"valueName":"search_term_string"}}],"inLanguage":"es"},{"@type":"Organization","@id":"https:\/\/www.lemoncarboss.com\/#organization","name":"Lemon Car Boss","alternateName":"Lemon Law","url":"https:\/\/www.lemoncarboss.com\/","logo":{"@type":"ImageObject","inLanguage":"es","@id":"https:\/\/www.lemoncarboss.com\/#\/schema\/logo\/image\/","url":"https:\/\/www.lemoncarboss.com\/wp-content\/uploads\/2023\/07\/Logo-HI-RES.png","contentUrl":"https:\/\/www.lemoncarboss.com\/wp-content\/uploads\/2023\/07\/Logo-HI-RES.png","width":1682,"height":547,"caption":"Lemon Car Boss"},"image":{"@id":"https:\/\/www.lemoncarboss.com\/#\/schema\/logo\/image\/"},"sameAs":["https:\/\/www.facebook.com\/Lemoncarboss","https:\/\/www.instagram.com\/lemon_car_boss\/","https:\/\/www.tiktok.com\/@lemoncarboss","https:\/\/www.youtube.com\/@LEMONCARBOSS"]}]}},"_links":{"self":[{"href":"https:\/\/www.lemoncarboss.com\/es\/wp-json\/wp\/v2\/pages\/2665","targetHints":{"allow":["GET"]}}],"collection":[{"href":"https:\/\/www.lemoncarboss.com\/es\/wp-json\/wp\/v2\/pages"}],"about":[{"href":"https:\/\/www.lemoncarboss.com\/es\/wp-json\/wp\/v2\/types\/page"}],"author":[{"embeddable":true,"href":"https:\/\/www.lemoncarboss.com\/es\/wp-json\/wp\/v2\/users\/2"}],"replies":[{"embeddable":true,"href":"https:\/\/www.lemoncarboss.com\/es\/wp-json\/wp\/v2\/comments?post=2665"}],"version-history":[{"count":10,"href":"https:\/\/www.lemoncarboss.com\/es\/wp-json\/wp\/v2\/pages\/2665\/revisions"}],"predecessor-version":[{"id":4123,"href":"https:\/\/www.lemoncarboss.com\/es\/wp-json\/wp\/v2\/pages\/2665\/revisions\/4123"}],"wp:attachment":[{"href":"https:\/\/www.lemoncarboss.com\/es\/wp-json\/wp\/v2\/media?parent=2665"}],"curies":[{"name":"wp","href":"https:\/\/api.w.org\/{rel}","templated":true}]}}