{"id":2667,"date":"2023-08-29T22:53:51","date_gmt":"2023-08-30T05:53:51","guid":{"rendered":"https:\/\/www.lemoncarboss.com\/modelo-3\/"},"modified":"2025-12-17T13:46:40","modified_gmt":"2025-12-17T21:46:40","slug":"modelo-3","status":"publish","type":"page","link":"https:\/\/www.lemoncarboss.com\/es\/fabricantes\/tesla\/modelo-3\/","title":{"rendered":"Modelo 3"},"content":{"rendered":"\t\t<div data-elementor-type=\"wp-page\" data-elementor-id=\"2667\" class=\"elementor elementor-2667 elementor-1583\" data-elementor-post-type=\"page\">\n\t\t\t\t<div class=\"elementor-element elementor-element-44f73924 e-flex e-con-boxed e-con e-parent\" data-id=\"44f73924\" data-element_type=\"container\" data-e-type=\"container\" data-settings=\"{&quot;background_background&quot;:&quot;classic&quot;}\">\n\t\t\t\t\t<div class=\"e-con-inner\">\n\t\t\t\t<div class=\"elementor-element elementor-element-273427ee elementor-widget__width-initial elementor-widget elementor-widget-text-editor\" data-id=\"273427ee\" data-element_type=\"widget\" data-e-type=\"widget\" data-widget_type=\"text-editor.default\">\n\t\t\t\t<div class=\"elementor-widget-container\">\n\t\t\t\t\t\t\t\t\t<h1>TESLA Model 3<\/h1>\t\t\t\t\t\t\t\t<\/div>\n\t\t\t\t<\/div>\n\t\t\t\t\t<\/div>\n\t\t\t\t<\/div>\n\t\t<div class=\"elementor-element elementor-element-b92f206 e-flex e-con-boxed e-con e-parent\" data-id=\"b92f206\" data-element_type=\"container\" data-e-type=\"container\" data-settings=\"{&quot;background_background&quot;:&quot;classic&quot;}\">\n\t\t\t\t\t<div class=\"e-con-inner\">\n\t\t<div class=\"elementor-element elementor-element-6fb514fb e-con-full e-flex e-con e-child\" data-id=\"6fb514fb\" data-element_type=\"container\" data-e-type=\"container\">\n\t\t\t\t<div class=\"elementor-element elementor-element-65478628 elementor-widget elementor-widget-text-editor\" data-id=\"65478628\" data-element_type=\"widget\" data-e-type=\"widget\" data-widget_type=\"text-editor.default\">\n\t\t\t\t<div class=\"elementor-widget-container\">\n\t\t\t\t\t\t\t\t\t<h2>Ley del lim\u00f3n del Tesla Model 3<\/h2>\t\t\t\t\t\t\t\t<\/div>\n\t\t\t\t<\/div>\n\t\t\t\t<div class=\"elementor-element elementor-element-a201896 elementor-widget elementor-widget-image\" data-id=\"a201896\" data-element_type=\"widget\" data-e-type=\"widget\" data-widget_type=\"image.default\">\n\t\t\t\t<div class=\"elementor-widget-container\">\n\t\t\t\t\t\t\t\t\t\t\t\t\t\t\t<img decoding=\"async\" width=\"300\" height=\"116\" src=\"https:\/\/www.lemoncarboss.com\/wp-content\/uploads\/2023\/07\/lemon_slice-scaled-e1689108795666-300x116.webp\" class=\"attachment-medium size-medium wp-image-2626\" alt=\"\" srcset=\"https:\/\/www.lemoncarboss.com\/wp-content\/uploads\/2023\/07\/lemon_slice-scaled-e1689108795666-300x116.webp 300w, https:\/\/www.lemoncarboss.com\/wp-content\/uploads\/2023\/07\/lemon_slice-scaled-e1689108795666-1024x397.webp 1024w, https:\/\/www.lemoncarboss.com\/wp-content\/uploads\/2023\/07\/lemon_slice-scaled-e1689108795666-768x298.webp 768w, https:\/\/www.lemoncarboss.com\/wp-content\/uploads\/2023\/07\/lemon_slice-scaled-e1689108795666-1536x595.webp 1536w, https:\/\/www.lemoncarboss.com\/wp-content\/uploads\/2023\/07\/lemon_slice-scaled-e1689108795666-2048x794.webp 2048w\" sizes=\"(max-width: 300px) 100vw, 300px\" \/>\t\t\t\t\t\t\t\t\t\t\t\t\t\t\t<\/div>\n\t\t\t\t<\/div>\n\t\t\t\t<div class=\"elementor-element elementor-element-532c8867 elementor-widget elementor-widget-text-editor\" data-id=\"532c8867\" data-element_type=\"widget\" data-e-type=\"widget\" data-widget_type=\"text-editor.default\">\n\t\t\t\t<div class=\"elementor-widget-container\">\n\t\t\t\t\t\t\t\t\t<h3 class=\"p1\"><strong>Defensa de sus derechos frente a veh\u00edculos defectuosos<\/strong><\/h3><p class=\"p1\">\u00bfConduces un Tesla y te enfrentas a fallos mec\u00e1nicos constantes? Un veh\u00edculo problem\u00e1tico no deber\u00eda empa\u00f1ar su conducci\u00f3n. Perm\u00edtanos guiarle a trav\u00e9s de sus derechos bajo la Tesla Lemon Law, los pasos necesarios y las formas de reclamar justicia por un coche defectuoso.<\/p><h3 class=\"p1\"><strong>Navegar por los privilegios de la Ley del Lim\u00f3n<\/strong><\/h3><p class=\"p1\">El Tesla Model 3 destaca por ser un SUV el\u00e9ctrico avanzado que ofrece prestaciones de \u00faltima generaci\u00f3n. Sin embargo, incluso con sus proezas tecnol\u00f3gicas, no est\u00e1 exento de contratiempos que pueden entorpecer su rendimiento. Por suerte, la Ley del Lim\u00f3n del Tesla Model 3 est\u00e1 en vigor para proteger a los clientes de sufrir constantes complicaciones con el veh\u00edculo, garantizando que sus derechos permanezcan intactos.<\/p><h3 class=\"p1\"><strong>La esencia de la Ley Lim\u00f3n del Tesla Model 3<\/strong><\/h3><p class=\"p1\">La Ley del Lim\u00f3n del Tesla Model 3 sirve como marco legal que apoya a los propietarios o arrendatarios del Model 3 para emprender acciones ante fallos o desaf\u00edos mec\u00e1nicos recurrentes. Esta disposici\u00f3n forma parte de las leyes generales de protecci\u00f3n del consumidor, cuyo objetivo es evitar que los compradores se queden con veh\u00edculos deficientes o peligrosos.<\/p><h3 class=\"p1\"><strong>Problemas comunes del Tesla Model 3<\/strong><\/h3><p class=\"p1\">El Model 3, aunque ampliamente reconocido por sus innovaciones tecnol\u00f3gicas, no ha estado exento de problemas, seg\u00fan han informado algunos usuarios. El conocimiento de estos problemas ayuda a su detecci\u00f3n precoz y a la adopci\u00f3n de las medidas correctoras necesarias:<\/p><p class=\"p1\"><strong>Anomal\u00edas del software:<\/strong> Dado que dependen del software, los veh\u00edculos el\u00e9ctricos a veces pueden presentar fallos. Pueden manifestarse como errores de visualizaci\u00f3n, problemas con el piloto autom\u00e1tico o interrupciones de la conectividad.<\/p><p class=\"p1\"><strong>Problemas con la suspensi\u00f3n:<\/strong> Unos cuantos entusiastas del Model 3 han se\u00f1alado preocupaciones relacionadas con el sistema de suspensi\u00f3n, que han derivado en aver\u00edas de la suspensi\u00f3n.<\/p><p class=\"p1\"><strong>Fiabilidad de los tiradores de las puertas:<\/strong> Aunque est\u00e9ticamente agradables, los tiradores de las puertas a veces se han notado por su rendimiento inconsistente, de vez en cuando no funciona seg\u00fan lo previsto.<\/p><p class=\"p1\"><strong>Discrepancias en los sistemas de calefacci\u00f3n, ventilaci\u00f3n y aire acondicionado:<\/strong> Pueden comprometer los niveles de confort tanto del conductor como de los pasajeros.<\/p><p class=\"p1\"><strong>Dificultades de carga:<\/strong> A pesar de la amplia red de supercargadores de la que Tesla presume, algunos usuarios se han enfrentado a problemas durante la carga, ya sea por velocidades de carga m\u00e1s lentas o por incompatibilidades con estaciones espec\u00edficas.<\/p><p class=\"p1\"><strong>Contratiempos en el tren motriz y la bater\u00eda:<\/strong> La dependencia del Model 3 de su tren motriz y de su bater\u00eda significa que los contratiempos aqu\u00ed pueden disminuir su rendimiento de conducci\u00f3n, reducir su autonom\u00eda o desencadenar alertas inesperadas.<\/p><p class=\"p1\"><strong>Problemas de detecci\u00f3n de colisiones:<\/strong> Los informes de que el sistema de prevenci\u00f3n de colisiones frontales del Model 3 no reconoce obst\u00e1culos de forma consistente han ensombrecido esta caracter\u00edstica de seguridad esencial.<\/p><p class=\"p1\"><strong>Fallos de frenado:<\/strong> Los casos de fallos de frenado en el Model 3 subrayan la importancia de la vigilancia y el mantenimiento constantes del sistema de frenado.<\/p><p class=\"p1\"><strong>Discrepancias en el acabado exterior:<\/strong> Algunos usuarios han se\u00f1alado problemas como la degradaci\u00f3n de la pintura y el \u00f3xido, cuestionando la resistencia a largo plazo y la calidad de la pintura exterior del Model 3 y el acabado del veh\u00edculo.<\/p><h3 class=\"p1\"><strong>Pasos para iniciar un proceso Tesla Lemon Law<\/strong><\/h3><ol class=\"ol1\"><li class=\"li1\">Llevamos a cabo una revisi\u00f3n exhaustiva de su caso<\/li><li class=\"li1\">Se re\u00fanen los documentos necesarios.<\/li><li class=\"li1\">Iniciamos formalmente una reclamaci\u00f3n contra Tesla<\/li><li class=\"li1\">Comienzan las conversaciones de negociaci\u00f3n y resoluci\u00f3n con Tesla.<\/li><li class=\"li1\">Usted obtiene el acuerdo merecido para su situaci\u00f3n bajo la Ley de Tesla Lemon Law.<\/li><\/ol><h3 class=\"p1\"><strong>Conozca sus derechos en virtud de la Ley del Lim\u00f3n<\/strong><\/h3><p class=\"p1\">Tener un Tesla Model 3 deber\u00eda ser motivo de alegr\u00eda y orgullo. Pero si se encuentra con defectos recurrentes que afectan a su placer de conducir o a su seguridad, es fundamental que comprenda los matices de la Ley del Lim\u00f3n y los problemas relacionados. Si te mantienes informado y atento, podr\u00e1s defender tus derechos como consumidor y buscar una soluci\u00f3n equitativa a tus problemas con el Model 3.<\/p><h3 class=\"p1\"><strong>Comun\u00edquese con respecto a su Tesla Modelo 3 Lemon Law preocupaciones<\/strong><\/h3><p class=\"p1\">No dejes que los problemas recurrentes del Model 3 persistan. P\u00f3ngase en contacto con nuestro experimentado equipo legal ahora para explorar sus derechos bajo la Ley del Lim\u00f3n y emprender el camino hacia la obtenci\u00f3n de la reparaci\u00f3n y la soluci\u00f3n a las que tiene derecho.<\/p><h3 class=\"p1\"><strong>Otros modelos Tesla<\/strong><\/h3><p class=\"p1\">Consulte otros modelos Tesla que podr\u00edan tener llamadas a revisi\u00f3n o boletines de servicio t\u00e9cnico (TSB):<\/p><ul><li style=\"font-weight: 400;\" aria-level=\"1\"><a href=\"https:\/\/www.lemoncarboss.com\/manufacturers\/tesla\/model-s\/\"><span style=\"font-weight: 400;\">Tesla Model S<\/span><\/a><\/li><li aria-level=\"1\"><a href=\"https:\/\/www.lemoncarboss.com\/manufacturers\/tesla\/model-x\/\">Tesla Model X<\/a><\/li><li style=\"font-weight: 400;\" aria-level=\"1\"><a href=\"https:\/\/www.lemoncarboss.com\/manufacturers\/tesla\/model-y\/\"><span style=\"font-weight: 400;\">Tesla Model Y<\/span><\/a><\/li><\/ul>\t\t\t\t\t\t\t\t<\/div>\n\t\t\t\t<\/div>\n\t\t\t\t<\/div>\n\t\t\t\t\t<\/div>\n\t\t\t\t<\/div>\n\t\t\t\t<\/div>\n\t\t","protected":false},"excerpt":{"rendered":"<p>TESLA Model 3 Ley del lim\u00f3n del Tesla Model 3 Defensa de sus derechos frente a veh\u00edculos defectuosos \u00bfConduces un Tesla y te enfrentas a fallos mec\u00e1nicos constantes? Un veh\u00edculo problem\u00e1tico no deber\u00eda empa\u00f1ar su conducci\u00f3n. Perm\u00edtanos guiarle a trav\u00e9s de sus derechos bajo la Tesla Lemon Law, los pasos necesarios y las formas de [&hellip;]<\/p>\n","protected":false},"author":2,"featured_media":0,"parent":2675,"menu_order":0,"comment_status":"closed","ping_status":"closed","template":"","meta":{"footnotes":""},"class_list":["post-2667","page","type-page","status-publish","hentry"],"yoast_head":"<!-- This site is optimized with the Yoast SEO plugin v27.2 - https:\/\/yoast.com\/product\/yoast-seo-wordpress\/ -->\n<title>Tesla Model 3 Lemon Law - Lemon Car Boss.<\/title>\n<meta name=\"description\" content=\"Especialistas en Lemon Law para Tesla Model 3 en Lemon Car Boss. Si tu Model 3 falla repetidamente, defendemos tus derechos.\" \/>\n<meta name=\"robots\" content=\"index, follow, max-snippet:-1, max-image-preview:large, max-video-preview:-1\" \/>\n<link rel=\"canonical\" href=\"https:\/\/www.lemoncarboss.com\/es\/fabricantes\/tesla\/modelo-3\/\" \/>\n<meta property=\"og:locale\" content=\"es_ES\" \/>\n<meta property=\"og:type\" content=\"article\" \/>\n<meta property=\"og:title\" content=\"Tesla Model 3 Lemon Law - Lemon Car Boss.\" \/>\n<meta property=\"og:description\" content=\"Especialistas en Lemon Law para Tesla Model 3 en Lemon Car Boss. Si tu Model 3 falla repetidamente, defendemos tus derechos.\" \/>\n<meta property=\"og:url\" content=\"https:\/\/www.lemoncarboss.com\/es\/fabricantes\/tesla\/modelo-3\/\" \/>\n<meta property=\"og:site_name\" content=\"Lemon Car Boss\" \/>\n<meta property=\"article:publisher\" content=\"https:\/\/www.facebook.com\/Lemoncarboss\" \/>\n<meta property=\"article:modified_time\" content=\"2025-12-17T21:46:40+00:00\" \/>\n<meta property=\"og:image\" content=\"https:\/\/www.lemoncarboss.com\/wp-content\/uploads\/2023\/07\/lemon_slice-scaled-e1689108795666-300x116.webp\" \/>\n<meta name=\"twitter:card\" content=\"summary_large_image\" \/>\n<meta name=\"twitter:label1\" content=\"Tiempo de lectura\" \/>\n\t<meta name=\"twitter:data1\" content=\"4 minutos\" \/>\n<script type=\"application\/ld+json\" class=\"yoast-schema-graph\">{\"@context\":\"https:\/\/schema.org\",\"@graph\":[{\"@type\":\"WebPage\",\"@id\":\"https:\/\/www.lemoncarboss.com\/es\/fabricantes\/tesla\/modelo-3\/\",\"url\":\"https:\/\/www.lemoncarboss.com\/es\/fabricantes\/tesla\/modelo-3\/\",\"name\":\"Tesla Model 3 Lemon Law - Lemon Car Boss.\",\"isPartOf\":{\"@id\":\"https:\/\/www.lemoncarboss.com\/#website\"},\"primaryImageOfPage\":{\"@id\":\"https:\/\/www.lemoncarboss.com\/es\/fabricantes\/tesla\/modelo-3\/#primaryimage\"},\"image\":{\"@id\":\"https:\/\/www.lemoncarboss.com\/es\/fabricantes\/tesla\/modelo-3\/#primaryimage\"},\"thumbnailUrl\":\"https:\/\/www.lemoncarboss.com\/wp-content\/uploads\/2023\/07\/lemon_slice-scaled-e1689108795666-300x116.webp\",\"datePublished\":\"2023-08-30T05:53:51+00:00\",\"dateModified\":\"2025-12-17T21:46:40+00:00\",\"description\":\"Especialistas en Lemon Law para Tesla Model 3 en Lemon Car Boss. Si tu Model 3 falla repetidamente, defendemos tus derechos.\",\"breadcrumb\":{\"@id\":\"https:\/\/www.lemoncarboss.com\/es\/fabricantes\/tesla\/modelo-3\/#breadcrumb\"},\"inLanguage\":\"es\",\"potentialAction\":[{\"@type\":\"ReadAction\",\"target\":[\"https:\/\/www.lemoncarboss.com\/es\/fabricantes\/tesla\/modelo-3\/\"]}]},{\"@type\":\"ImageObject\",\"inLanguage\":\"es\",\"@id\":\"https:\/\/www.lemoncarboss.com\/es\/fabricantes\/tesla\/modelo-3\/#primaryimage\",\"url\":\"https:\/\/www.lemoncarboss.com\/wp-content\/uploads\/2023\/07\/lemon_slice-scaled-e1689108795666-300x116.webp\",\"contentUrl\":\"https:\/\/www.lemoncarboss.com\/wp-content\/uploads\/2023\/07\/lemon_slice-scaled-e1689108795666-300x116.webp\"},{\"@type\":\"BreadcrumbList\",\"@id\":\"https:\/\/www.lemoncarboss.com\/es\/fabricantes\/tesla\/modelo-3\/#breadcrumb\",\"itemListElement\":[{\"@type\":\"ListItem\",\"position\":1,\"name\":\"Home\",\"item\":\"https:\/\/www.lemoncarboss.com\/es\/\"},{\"@type\":\"ListItem\",\"position\":2,\"name\":\"Fabricantes\",\"item\":\"https:\/\/www.lemoncarboss.com\/es\/fabricantes\/\"},{\"@type\":\"ListItem\",\"position\":3,\"name\":\"Tesla\",\"item\":\"https:\/\/www.lemoncarboss.com\/es\/fabricantes\/tesla\/\"},{\"@type\":\"ListItem\",\"position\":4,\"name\":\"Modelo 3\"}]},{\"@type\":\"WebSite\",\"@id\":\"https:\/\/www.lemoncarboss.com\/#website\",\"url\":\"https:\/\/www.lemoncarboss.com\/\",\"name\":\"Lemon Car Boss\",\"description\":\"\",\"publisher\":{\"@id\":\"https:\/\/www.lemoncarboss.com\/#organization\"},\"alternateName\":\"Lemon Law\",\"potentialAction\":[{\"@type\":\"SearchAction\",\"target\":{\"@type\":\"EntryPoint\",\"urlTemplate\":\"https:\/\/www.lemoncarboss.com\/?s={search_term_string}\"},\"query-input\":{\"@type\":\"PropertyValueSpecification\",\"valueRequired\":true,\"valueName\":\"search_term_string\"}}],\"inLanguage\":\"es\"},{\"@type\":\"Organization\",\"@id\":\"https:\/\/www.lemoncarboss.com\/#organization\",\"name\":\"Lemon Car Boss\",\"alternateName\":\"Lemon Law\",\"url\":\"https:\/\/www.lemoncarboss.com\/\",\"logo\":{\"@type\":\"ImageObject\",\"inLanguage\":\"es\",\"@id\":\"https:\/\/www.lemoncarboss.com\/#\/schema\/logo\/image\/\",\"url\":\"https:\/\/www.lemoncarboss.com\/wp-content\/uploads\/2023\/07\/Logo-HI-RES.png\",\"contentUrl\":\"https:\/\/www.lemoncarboss.com\/wp-content\/uploads\/2023\/07\/Logo-HI-RES.png\",\"width\":1682,\"height\":547,\"caption\":\"Lemon Car Boss\"},\"image\":{\"@id\":\"https:\/\/www.lemoncarboss.com\/#\/schema\/logo\/image\/\"},\"sameAs\":[\"https:\/\/www.facebook.com\/Lemoncarboss\",\"https:\/\/www.instagram.com\/lemon_car_boss\/\",\"https:\/\/www.tiktok.com\/@lemoncarboss\",\"https:\/\/www.youtube.com\/@LEMONCARBOSS\"]}]}<\/script>\n<!-- \/ Yoast SEO plugin. -->","yoast_head_json":{"title":"Tesla Model 3 Lemon Law - Lemon Car Boss.","description":"Especialistas en Lemon Law para Tesla Model 3 en Lemon Car Boss. Si tu Model 3 falla repetidamente, defendemos tus derechos.","robots":{"index":"index","follow":"follow","max-snippet":"max-snippet:-1","max-image-preview":"max-image-preview:large","max-video-preview":"max-video-preview:-1"},"canonical":"https:\/\/www.lemoncarboss.com\/es\/fabricantes\/tesla\/modelo-3\/","og_locale":"es_ES","og_type":"article","og_title":"Tesla Model 3 Lemon Law - Lemon Car Boss.","og_description":"Especialistas en Lemon Law para Tesla Model 3 en Lemon Car Boss. Si tu Model 3 falla repetidamente, defendemos tus derechos.","og_url":"https:\/\/www.lemoncarboss.com\/es\/fabricantes\/tesla\/modelo-3\/","og_site_name":"Lemon Car Boss","article_publisher":"https:\/\/www.facebook.com\/Lemoncarboss","article_modified_time":"2025-12-17T21:46:40+00:00","og_image":[{"url":"https:\/\/www.lemoncarboss.com\/wp-content\/uploads\/2023\/07\/lemon_slice-scaled-e1689108795666-300x116.webp","type":"","width":"","height":""}],"twitter_card":"summary_large_image","twitter_misc":{"Tiempo de lectura":"4 minutos"},"schema":{"@context":"https:\/\/schema.org","@graph":[{"@type":"WebPage","@id":"https:\/\/www.lemoncarboss.com\/es\/fabricantes\/tesla\/modelo-3\/","url":"https:\/\/www.lemoncarboss.com\/es\/fabricantes\/tesla\/modelo-3\/","name":"Tesla Model 3 Lemon Law - Lemon Car Boss.","isPartOf":{"@id":"https:\/\/www.lemoncarboss.com\/#website"},"primaryImageOfPage":{"@id":"https:\/\/www.lemoncarboss.com\/es\/fabricantes\/tesla\/modelo-3\/#primaryimage"},"image":{"@id":"https:\/\/www.lemoncarboss.com\/es\/fabricantes\/tesla\/modelo-3\/#primaryimage"},"thumbnailUrl":"https:\/\/www.lemoncarboss.com\/wp-content\/uploads\/2023\/07\/lemon_slice-scaled-e1689108795666-300x116.webp","datePublished":"2023-08-30T05:53:51+00:00","dateModified":"2025-12-17T21:46:40+00:00","description":"Especialistas en Lemon Law para Tesla Model 3 en Lemon Car Boss. Si tu Model 3 falla repetidamente, defendemos tus derechos.","breadcrumb":{"@id":"https:\/\/www.lemoncarboss.com\/es\/fabricantes\/tesla\/modelo-3\/#breadcrumb"},"inLanguage":"es","potentialAction":[{"@type":"ReadAction","target":["https:\/\/www.lemoncarboss.com\/es\/fabricantes\/tesla\/modelo-3\/"]}]},{"@type":"ImageObject","inLanguage":"es","@id":"https:\/\/www.lemoncarboss.com\/es\/fabricantes\/tesla\/modelo-3\/#primaryimage","url":"https:\/\/www.lemoncarboss.com\/wp-content\/uploads\/2023\/07\/lemon_slice-scaled-e1689108795666-300x116.webp","contentUrl":"https:\/\/www.lemoncarboss.com\/wp-content\/uploads\/2023\/07\/lemon_slice-scaled-e1689108795666-300x116.webp"},{"@type":"BreadcrumbList","@id":"https:\/\/www.lemoncarboss.com\/es\/fabricantes\/tesla\/modelo-3\/#breadcrumb","itemListElement":[{"@type":"ListItem","position":1,"name":"Home","item":"https:\/\/www.lemoncarboss.com\/es\/"},{"@type":"ListItem","position":2,"name":"Fabricantes","item":"https:\/\/www.lemoncarboss.com\/es\/fabricantes\/"},{"@type":"ListItem","position":3,"name":"Tesla","item":"https:\/\/www.lemoncarboss.com\/es\/fabricantes\/tesla\/"},{"@type":"ListItem","position":4,"name":"Modelo 3"}]},{"@type":"WebSite","@id":"https:\/\/www.lemoncarboss.com\/#website","url":"https:\/\/www.lemoncarboss.com\/","name":"Lemon Car Boss","description":"","publisher":{"@id":"https:\/\/www.lemoncarboss.com\/#organization"},"alternateName":"Lemon Law","potentialAction":[{"@type":"SearchAction","target":{"@type":"EntryPoint","urlTemplate":"https:\/\/www.lemoncarboss.com\/?s={search_term_string}"},"query-input":{"@type":"PropertyValueSpecification","valueRequired":true,"valueName":"search_term_string"}}],"inLanguage":"es"},{"@type":"Organization","@id":"https:\/\/www.lemoncarboss.com\/#organization","name":"Lemon Car Boss","alternateName":"Lemon Law","url":"https:\/\/www.lemoncarboss.com\/","logo":{"@type":"ImageObject","inLanguage":"es","@id":"https:\/\/www.lemoncarboss.com\/#\/schema\/logo\/image\/","url":"https:\/\/www.lemoncarboss.com\/wp-content\/uploads\/2023\/07\/Logo-HI-RES.png","contentUrl":"https:\/\/www.lemoncarboss.com\/wp-content\/uploads\/2023\/07\/Logo-HI-RES.png","width":1682,"height":547,"caption":"Lemon Car Boss"},"image":{"@id":"https:\/\/www.lemoncarboss.com\/#\/schema\/logo\/image\/"},"sameAs":["https:\/\/www.facebook.com\/Lemoncarboss","https:\/\/www.instagram.com\/lemon_car_boss\/","https:\/\/www.tiktok.com\/@lemoncarboss","https:\/\/www.youtube.com\/@LEMONCARBOSS"]}]}},"_links":{"self":[{"href":"https:\/\/www.lemoncarboss.com\/es\/wp-json\/wp\/v2\/pages\/2667","targetHints":{"allow":["GET"]}}],"collection":[{"href":"https:\/\/www.lemoncarboss.com\/es\/wp-json\/wp\/v2\/pages"}],"about":[{"href":"https:\/\/www.lemoncarboss.com\/es\/wp-json\/wp\/v2\/types\/page"}],"author":[{"embeddable":true,"href":"https:\/\/www.lemoncarboss.com\/es\/wp-json\/wp\/v2\/users\/2"}],"replies":[{"embeddable":true,"href":"https:\/\/www.lemoncarboss.com\/es\/wp-json\/wp\/v2\/comments?post=2667"}],"version-history":[{"count":5,"href":"https:\/\/www.lemoncarboss.com\/es\/wp-json\/wp\/v2\/pages\/2667\/revisions"}],"predecessor-version":[{"id":5101,"href":"https:\/\/www.lemoncarboss.com\/es\/wp-json\/wp\/v2\/pages\/2667\/revisions\/5101"}],"up":[{"embeddable":true,"href":"https:\/\/www.lemoncarboss.com\/es\/wp-json\/wp\/v2\/pages\/2675"}],"wp:attachment":[{"href":"https:\/\/www.lemoncarboss.com\/es\/wp-json\/wp\/v2\/media?parent=2667"}],"curies":[{"name":"wp","href":"https:\/\/api.w.org\/{rel}","templated":true}]}}