{"id":2669,"date":"2023-08-29T23:25:14","date_gmt":"2023-08-30T06:25:14","guid":{"rendered":"https:\/\/www.lemoncarboss.com\/modelo-y\/"},"modified":"2025-11-13T11:41:21","modified_gmt":"2025-11-13T19:41:21","slug":"modelo-y","status":"publish","type":"page","link":"https:\/\/www.lemoncarboss.com\/es\/fabricantes\/tesla\/modelo-y\/","title":{"rendered":"Modelo-Y"},"content":{"rendered":"\t\t<div data-elementor-type=\"wp-page\" data-elementor-id=\"2669\" class=\"elementor elementor-2669 elementor-1599\" data-elementor-post-type=\"page\">\n\t\t\t\t<div class=\"elementor-element elementor-element-44f73924 e-flex e-con-boxed e-con e-parent\" data-id=\"44f73924\" data-element_type=\"container\" data-e-type=\"container\" data-settings=\"{&quot;background_background&quot;:&quot;classic&quot;}\">\n\t\t\t\t\t<div class=\"e-con-inner\">\n\t\t\t\t<div class=\"elementor-element elementor-element-273427ee elementor-widget__width-initial elementor-widget elementor-widget-text-editor\" data-id=\"273427ee\" data-element_type=\"widget\" data-e-type=\"widget\" data-widget_type=\"text-editor.default\">\n\t\t\t\t<div class=\"elementor-widget-container\">\n\t\t\t\t\t\t\t\t\t<h1>TESLA Model Y<\/h1>\t\t\t\t\t\t\t\t<\/div>\n\t\t\t\t<\/div>\n\t\t\t\t\t<\/div>\n\t\t\t\t<\/div>\n\t\t<div class=\"elementor-element elementor-element-b92f206 e-flex e-con-boxed e-con e-parent\" data-id=\"b92f206\" data-element_type=\"container\" data-e-type=\"container\" data-settings=\"{&quot;background_background&quot;:&quot;classic&quot;}\">\n\t\t\t\t\t<div class=\"e-con-inner\">\n\t\t<div class=\"elementor-element elementor-element-6fb514fb e-con-full e-flex e-con e-child\" data-id=\"6fb514fb\" data-element_type=\"container\" data-e-type=\"container\">\n\t\t\t\t<div class=\"elementor-element elementor-element-65478628 elementor-widget elementor-widget-text-editor\" data-id=\"65478628\" data-element_type=\"widget\" data-e-type=\"widget\" data-widget_type=\"text-editor.default\">\n\t\t\t\t<div class=\"elementor-widget-container\">\n\t\t\t\t\t\t\t\t\t<h2>Ley del lim\u00f3n del Tesla Model Y<\/h2>\t\t\t\t\t\t\t\t<\/div>\n\t\t\t\t<\/div>\n\t\t\t\t<div class=\"elementor-element elementor-element-a201896 elementor-widget elementor-widget-image\" data-id=\"a201896\" data-element_type=\"widget\" data-e-type=\"widget\" data-widget_type=\"image.default\">\n\t\t\t\t<div class=\"elementor-widget-container\">\n\t\t\t\t\t\t\t\t\t\t\t\t\t\t\t<img decoding=\"async\" width=\"300\" height=\"116\" src=\"https:\/\/www.lemoncarboss.com\/wp-content\/uploads\/2023\/07\/lemon_slice-scaled-e1689108795666-300x116.webp\" class=\"attachment-medium size-medium wp-image-2626\" alt=\"\" srcset=\"https:\/\/www.lemoncarboss.com\/wp-content\/uploads\/2023\/07\/lemon_slice-scaled-e1689108795666-300x116.webp 300w, https:\/\/www.lemoncarboss.com\/wp-content\/uploads\/2023\/07\/lemon_slice-scaled-e1689108795666-1024x397.webp 1024w, https:\/\/www.lemoncarboss.com\/wp-content\/uploads\/2023\/07\/lemon_slice-scaled-e1689108795666-768x298.webp 768w, https:\/\/www.lemoncarboss.com\/wp-content\/uploads\/2023\/07\/lemon_slice-scaled-e1689108795666-1536x595.webp 1536w, https:\/\/www.lemoncarboss.com\/wp-content\/uploads\/2023\/07\/lemon_slice-scaled-e1689108795666-2048x794.webp 2048w\" sizes=\"(max-width: 300px) 100vw, 300px\" \/>\t\t\t\t\t\t\t\t\t\t\t\t\t\t\t<\/div>\n\t\t\t\t<\/div>\n\t\t\t\t<div class=\"elementor-element elementor-element-532c8867 elementor-widget elementor-widget-text-editor\" data-id=\"532c8867\" data-element_type=\"widget\" data-e-type=\"widget\" data-widget_type=\"text-editor.default\">\n\t\t\t\t<div class=\"elementor-widget-container\">\n\t\t\t\t\t\t\t\t\t<h3 class=\"p1\"><strong>Defensa de sus derechos en caso de veh\u00edculos defectuosos<\/strong><\/h3><p class=\"p1\">\u00bfConduces un Tesla pero tienes problemas mec\u00e1nicos recurrentes? No deje que un veh\u00edculo defectuoso le estropee la experiencia. Estamos aqu\u00ed para guiarle a trav\u00e9s de sus derechos Tesla Lemon Law, los procedimientos necesarios, y las v\u00edas para buscar justicia por un mal funcionamiento del coche<\/p><h3 class=\"p1\"><strong>Conozca las ventajas de la Ley del Lim\u00f3n<\/strong><\/h3><p class=\"p1\">El Tesla Model Y es famoso por ser un SUV el\u00e9ctrico de vanguardia con unas prestaciones inigualables. Sin embargo, ning\u00fan veh\u00edculo, independientemente de sus avances tecnol\u00f3gicos, es inmune a posibles defectos que afecten a su funcionalidad. Afortunadamente, la Ley del Lim\u00f3n del Modelo Y de Tesla existe para proteger a los consumidores de los continuos problemas del veh\u00edculo, salvaguardando sus derechos.<\/p><h3 class=\"p1\"><strong>Descifrando la Ley del Lim\u00f3n del Tesla Model Y<\/strong><\/h3><p class=\"p1\">La Ley del Lim\u00f3n del Tesla Model Y act\u00faa como columna vertebral legal, facultando a los propietarios o arrendatarios del Model Y a emprender acciones cuando se enfrentan a defectos mec\u00e1nicos recurrentes. Esta estipulaci\u00f3n tiene su origen en leyes generales de protecci\u00f3n del consumidor concebidas para proteger a los compradores de la carga de veniculos de callaaa Interior o Inseguros.<\/p><h3 class=\"p1\"><strong>Preocupaciones t\u00edpicas del Tesla Model Y<\/strong><\/h3><p class=\"p1\">A pesar de su brillantez t\u00e9cnica, el Modelo Y ha tenido sus problemas. Estar informado sobre estos retos puede ayudar a detectarlos y rectificarlos r\u00e1pidamente:<\/p><p class=\"p1\"><strong>Problemas de frenado:<\/strong> Los casos notificados de fallos de frenado en el Modelo Y subrayan la necesidad de supervisar y mantener regularmente el mecanismo de frenado.<\/p><p class=\"p1\"><strong>Problemas de suspensi\u00f3n:<\/strong> Algunos aficionados al Modelo Y han hecho saltar las alarmas sobre el sistema de suspensi\u00f3n, provocando su aver\u00eda.<\/p><p class=\"p1\"><strong>Problemas en la cadena cinem\u00e1tica y la bater\u00eda:<\/strong> Cualquier problema en el tren de potencia y la bater\u00eda del Modelo Y puede afectar a su conducci\u00f3n, reducir su autonom\u00eda o producir advertencias imprevistas<\/p><p class=\"p1\"><strong>Dificultades de carga:<\/strong> Incluso con la amplia red de Supercargadores de Tesla, algunos usuarios informan de problemas durante la carga, ya sea debido a una velocidad de carga reducida o a problemas de compatibilidad con determinadas estaciones<\/p><p class=\"p1\"><strong>Fallos de software:<\/strong> Dada su naturaleza centrada en el software, los coches el\u00e9ctricos pueden encontrarse con problemas como anomal\u00edas en la pantalla, fallos en el piloto autom\u00e1tico o interrupciones en la conectividad.<\/p><p class=\"p1\"><strong>Irregularidades en los sistemas de calefacci\u00f3n, ventilaci\u00f3n y aire acondicionado:<\/strong> Las variaciones en los sistemas de calefacci\u00f3n, ventilaci\u00f3n y aire acondicionado podr\u00edan afectar al confort de los ocupantes.<\/p><p class=\"p1\"><strong>Inconsistencias en los tiradores de las puertas:<\/strong> Aunque elegantes, los tiradores de las puertas han sido criticados ocasionalmente por su funcionamiento err\u00e1tico.<\/p><p class=\"p1\"><strong>Variaciones en el acabado exterior:<\/strong> Algunos han destacado problemas como el desgaste de la pintura y el \u00f3xido, planteando dudas sobre la durabilidad y la calidad del acabado exterior del Modelo Y.<\/p><p class=\"p1\"><strong>Fallos en la detecci\u00f3n de colisiones:<\/strong> Los casos en los que el sistema de detecci\u00f3n de colisiones frontales del Modelo Y no detecta obst\u00e1culos han suscitado preocupaci\u00f3n por la seguridad.<\/p><h3 class=\"p1\"><strong>Pasos para iniciar una Ley Lim\u00f3n Tesla<\/strong><\/h3><ol><li class=\"p1\">Realizamos una evaluaci\u00f3n detallada de su situaci\u00f3n.<\/li><li class=\"p1\">Colecci\u00f3n de documentos esenciales.<\/li><li class=\"p1\">Iniciamos oficialmente una reclamaci\u00f3n contra Tesla.<\/li><li class=\"p1\">Entablamos conversaciones con Tesla para encontrar una soluci\u00f3n.<\/li><li class=\"p1\">Usted recibe la resoluci\u00f3n adecuada para su Tesla Lemon Law escenario<\/li><li class=\"p1\">Sus derechos ante la Ley del Lim\u00f3n<\/li><\/ol><h3 class=\"p1\"><strong>Conozca sus derechos en virtud de la Ley del Lim\u00f3n<\/strong><\/h3><p class=\"p1\">Poseer un Tesla Model Y deber\u00eda ser motivo de alegr\u00eda y orgullo. Sin embargo, si los continuos defectos empa\u00f1an su experiencia de conducci\u00f3n o su seguridad, es crucial que conozca bien la Ley del Lim\u00f3n y las cuestiones asociadas. Mant\u00e9ngase informado y sea proactivo para defender sus derechos como consumidor y buscar una soluci\u00f3n justa a sus problemas con el Modelo Y.<\/p><h3 class=\"p1\"><strong>Conecte con nosotros en Tesla Modelo Y Lemon Law Queries<\/strong><\/h3><p class=\"p1\">No dejes que persistan los retos del Modelo Y. P\u00f3ngase en contacto con nuestros expertos profesionales legales hoy para profundizar en sus derechos de la Ley del Lim\u00f3n y emprender el viaje para obtener la restituci\u00f3n y el remedio que se merece.<\/p><h3 class=\"p1\"><strong>Otros modelos Tesla<\/strong><\/h3><p class=\"p1\">Explore tambi\u00e9n otros modelos Tesla en busca de posibles retiradas o boletines de servicio t\u00e9cnico (TSB).<\/p><ul><li style=\"font-weight: 400;\" aria-level=\"1\"><a href=\"https:\/\/www.lemoncarboss.com\/manufacturers\/tesla\/model-s\/\"><span style=\"font-weight: 400;\">Tesla Model S<\/span><\/a><\/li><li aria-level=\"1\"><a href=\"https:\/\/www.lemoncarboss.com\/manufacturers\/tesla\/model-x\/\">Tesla Model X<\/a><\/li><li style=\"font-weight: 400;\" aria-level=\"1\"><a href=\"https:\/\/www.lemoncarboss.com\/manufacturers\/tesla\/model-y\/\"><span style=\"font-weight: 400;\">Tesla Model 3<\/span><\/a><\/li><\/ul>\t\t\t\t\t\t\t\t<\/div>\n\t\t\t\t<\/div>\n\t\t\t\t<\/div>\n\t\t\t\t\t<\/div>\n\t\t\t\t<\/div>\n\t\t\t\t<\/div>\n\t\t","protected":false},"excerpt":{"rendered":"<p>TESLA Model Y Ley del lim\u00f3n del Tesla Model Y Defensa de sus derechos en caso de veh\u00edculos defectuosos \u00bfConduces un Tesla pero tienes problemas mec\u00e1nicos recurrentes? No deje que un veh\u00edculo defectuoso le estropee la experiencia. Estamos aqu\u00ed para guiarle a trav\u00e9s de sus derechos Tesla Lemon Law, los procedimientos necesarios, y las v\u00edas [&hellip;]<\/p>\n","protected":false},"author":2,"featured_media":0,"parent":2675,"menu_order":0,"comment_status":"closed","ping_status":"closed","template":"","meta":{"footnotes":""},"class_list":["post-2669","page","type-page","status-publish","hentry"],"yoast_head":"<!-- This site is optimized with the Yoast SEO plugin v27.2 - https:\/\/yoast.com\/product\/yoast-seo-wordpress\/ -->\n<title>Tesla Model Y Lemon Law - Lemon Car Boss.<\/title>\n<meta name=\"description\" content=\"Lemon Car Boss - Su abogado de confianza en los casos de Tesla Modelo Y Lemon Law. \u00bfProblemas con el modelo Y? Estamos aqu\u00ed para defender sus derechos.\" \/>\n<meta name=\"robots\" content=\"index, follow, max-snippet:-1, max-image-preview:large, max-video-preview:-1\" \/>\n<link rel=\"canonical\" href=\"https:\/\/www.lemoncarboss.com\/es\/fabricantes\/tesla\/modelo-y\/\" \/>\n<meta property=\"og:locale\" content=\"es_ES\" \/>\n<meta property=\"og:type\" content=\"article\" \/>\n<meta property=\"og:title\" content=\"Tesla Model Y Lemon Law - Lemon Car Boss.\" \/>\n<meta property=\"og:description\" content=\"Lemon Car Boss - Su abogado de confianza en los casos de Tesla Modelo Y Lemon Law. \u00bfProblemas con el modelo Y? Estamos aqu\u00ed para defender sus derechos.\" \/>\n<meta property=\"og:url\" content=\"https:\/\/www.lemoncarboss.com\/es\/fabricantes\/tesla\/modelo-y\/\" \/>\n<meta property=\"og:site_name\" content=\"Lemon Car Boss\" \/>\n<meta property=\"article:publisher\" content=\"https:\/\/www.facebook.com\/Lemoncarboss\" \/>\n<meta property=\"article:modified_time\" content=\"2025-11-13T19:41:21+00:00\" \/>\n<meta property=\"og:image\" content=\"https:\/\/www.lemoncarboss.com\/wp-content\/uploads\/2023\/07\/lemon_slice-scaled-e1689108795666.webp\" \/>\n\t<meta property=\"og:image:width\" content=\"2560\" \/>\n\t<meta property=\"og:image:height\" content=\"992\" \/>\n\t<meta property=\"og:image:type\" content=\"image\/webp\" \/>\n<meta name=\"twitter:card\" content=\"summary_large_image\" \/>\n<meta name=\"twitter:label1\" content=\"Tiempo de lectura\" \/>\n\t<meta name=\"twitter:data1\" content=\"4 minutos\" \/>\n<script type=\"application\/ld+json\" class=\"yoast-schema-graph\">{\"@context\":\"https:\/\/schema.org\",\"@graph\":[{\"@type\":\"WebPage\",\"@id\":\"https:\/\/www.lemoncarboss.com\/es\/fabricantes\/tesla\/modelo-y\/\",\"url\":\"https:\/\/www.lemoncarboss.com\/es\/fabricantes\/tesla\/modelo-y\/\",\"name\":\"Tesla Model Y Lemon Law - Lemon Car Boss.\",\"isPartOf\":{\"@id\":\"https:\/\/www.lemoncarboss.com\/#website\"},\"primaryImageOfPage\":{\"@id\":\"https:\/\/www.lemoncarboss.com\/es\/fabricantes\/tesla\/modelo-y\/#primaryimage\"},\"image\":{\"@id\":\"https:\/\/www.lemoncarboss.com\/es\/fabricantes\/tesla\/modelo-y\/#primaryimage\"},\"thumbnailUrl\":\"https:\/\/www.lemoncarboss.com\/wp-content\/uploads\/2023\/07\/lemon_slice-scaled-e1689108795666-300x116.webp\",\"datePublished\":\"2023-08-30T06:25:14+00:00\",\"dateModified\":\"2025-11-13T19:41:21+00:00\",\"description\":\"Lemon Car Boss - Su abogado de confianza en los casos de Tesla Modelo Y Lemon Law. \u00bfProblemas con el modelo Y? Estamos aqu\u00ed para defender sus derechos.\",\"breadcrumb\":{\"@id\":\"https:\/\/www.lemoncarboss.com\/es\/fabricantes\/tesla\/modelo-y\/#breadcrumb\"},\"inLanguage\":\"es\",\"potentialAction\":[{\"@type\":\"ReadAction\",\"target\":[\"https:\/\/www.lemoncarboss.com\/es\/fabricantes\/tesla\/modelo-y\/\"]}]},{\"@type\":\"ImageObject\",\"inLanguage\":\"es\",\"@id\":\"https:\/\/www.lemoncarboss.com\/es\/fabricantes\/tesla\/modelo-y\/#primaryimage\",\"url\":\"https:\/\/www.lemoncarboss.com\/wp-content\/uploads\/2023\/07\/lemon_slice-scaled-e1689108795666-300x116.webp\",\"contentUrl\":\"https:\/\/www.lemoncarboss.com\/wp-content\/uploads\/2023\/07\/lemon_slice-scaled-e1689108795666-300x116.webp\"},{\"@type\":\"BreadcrumbList\",\"@id\":\"https:\/\/www.lemoncarboss.com\/es\/fabricantes\/tesla\/modelo-y\/#breadcrumb\",\"itemListElement\":[{\"@type\":\"ListItem\",\"position\":1,\"name\":\"Home\",\"item\":\"https:\/\/www.lemoncarboss.com\/es\/\"},{\"@type\":\"ListItem\",\"position\":2,\"name\":\"Fabricantes\",\"item\":\"https:\/\/www.lemoncarboss.com\/es\/fabricantes\/\"},{\"@type\":\"ListItem\",\"position\":3,\"name\":\"Tesla\",\"item\":\"https:\/\/www.lemoncarboss.com\/es\/fabricantes\/tesla\/\"},{\"@type\":\"ListItem\",\"position\":4,\"name\":\"Modelo-Y\"}]},{\"@type\":\"WebSite\",\"@id\":\"https:\/\/www.lemoncarboss.com\/#website\",\"url\":\"https:\/\/www.lemoncarboss.com\/\",\"name\":\"Lemon Car Boss\",\"description\":\"\",\"publisher\":{\"@id\":\"https:\/\/www.lemoncarboss.com\/#organization\"},\"alternateName\":\"Lemon Law\",\"potentialAction\":[{\"@type\":\"SearchAction\",\"target\":{\"@type\":\"EntryPoint\",\"urlTemplate\":\"https:\/\/www.lemoncarboss.com\/?s={search_term_string}\"},\"query-input\":{\"@type\":\"PropertyValueSpecification\",\"valueRequired\":true,\"valueName\":\"search_term_string\"}}],\"inLanguage\":\"es\"},{\"@type\":\"Organization\",\"@id\":\"https:\/\/www.lemoncarboss.com\/#organization\",\"name\":\"Lemon Car Boss\",\"alternateName\":\"Lemon Law\",\"url\":\"https:\/\/www.lemoncarboss.com\/\",\"logo\":{\"@type\":\"ImageObject\",\"inLanguage\":\"es\",\"@id\":\"https:\/\/www.lemoncarboss.com\/#\/schema\/logo\/image\/\",\"url\":\"https:\/\/www.lemoncarboss.com\/wp-content\/uploads\/2023\/07\/Logo-HI-RES.png\",\"contentUrl\":\"https:\/\/www.lemoncarboss.com\/wp-content\/uploads\/2023\/07\/Logo-HI-RES.png\",\"width\":1682,\"height\":547,\"caption\":\"Lemon Car Boss\"},\"image\":{\"@id\":\"https:\/\/www.lemoncarboss.com\/#\/schema\/logo\/image\/\"},\"sameAs\":[\"https:\/\/www.facebook.com\/Lemoncarboss\",\"https:\/\/www.instagram.com\/lemon_car_boss\/\",\"https:\/\/www.tiktok.com\/@lemoncarboss\",\"https:\/\/www.youtube.com\/@LEMONCARBOSS\"]}]}<\/script>\n<!-- \/ Yoast SEO plugin. -->","yoast_head_json":{"title":"Tesla Model Y Lemon Law - Lemon Car Boss.","description":"Lemon Car Boss - Su abogado de confianza en los casos de Tesla Modelo Y Lemon Law. \u00bfProblemas con el modelo Y? Estamos aqu\u00ed para defender sus derechos.","robots":{"index":"index","follow":"follow","max-snippet":"max-snippet:-1","max-image-preview":"max-image-preview:large","max-video-preview":"max-video-preview:-1"},"canonical":"https:\/\/www.lemoncarboss.com\/es\/fabricantes\/tesla\/modelo-y\/","og_locale":"es_ES","og_type":"article","og_title":"Tesla Model Y Lemon Law - Lemon Car Boss.","og_description":"Lemon Car Boss - Su abogado de confianza en los casos de Tesla Modelo Y Lemon Law. \u00bfProblemas con el modelo Y? Estamos aqu\u00ed para defender sus derechos.","og_url":"https:\/\/www.lemoncarboss.com\/es\/fabricantes\/tesla\/modelo-y\/","og_site_name":"Lemon Car Boss","article_publisher":"https:\/\/www.facebook.com\/Lemoncarboss","article_modified_time":"2025-11-13T19:41:21+00:00","og_image":[{"width":2560,"height":992,"url":"https:\/\/www.lemoncarboss.com\/wp-content\/uploads\/2023\/07\/lemon_slice-scaled-e1689108795666.webp","type":"image\/webp"}],"twitter_card":"summary_large_image","twitter_misc":{"Tiempo de lectura":"4 minutos"},"schema":{"@context":"https:\/\/schema.org","@graph":[{"@type":"WebPage","@id":"https:\/\/www.lemoncarboss.com\/es\/fabricantes\/tesla\/modelo-y\/","url":"https:\/\/www.lemoncarboss.com\/es\/fabricantes\/tesla\/modelo-y\/","name":"Tesla Model Y Lemon Law - Lemon Car Boss.","isPartOf":{"@id":"https:\/\/www.lemoncarboss.com\/#website"},"primaryImageOfPage":{"@id":"https:\/\/www.lemoncarboss.com\/es\/fabricantes\/tesla\/modelo-y\/#primaryimage"},"image":{"@id":"https:\/\/www.lemoncarboss.com\/es\/fabricantes\/tesla\/modelo-y\/#primaryimage"},"thumbnailUrl":"https:\/\/www.lemoncarboss.com\/wp-content\/uploads\/2023\/07\/lemon_slice-scaled-e1689108795666-300x116.webp","datePublished":"2023-08-30T06:25:14+00:00","dateModified":"2025-11-13T19:41:21+00:00","description":"Lemon Car Boss - Su abogado de confianza en los casos de Tesla Modelo Y Lemon Law. \u00bfProblemas con el modelo Y? Estamos aqu\u00ed para defender sus derechos.","breadcrumb":{"@id":"https:\/\/www.lemoncarboss.com\/es\/fabricantes\/tesla\/modelo-y\/#breadcrumb"},"inLanguage":"es","potentialAction":[{"@type":"ReadAction","target":["https:\/\/www.lemoncarboss.com\/es\/fabricantes\/tesla\/modelo-y\/"]}]},{"@type":"ImageObject","inLanguage":"es","@id":"https:\/\/www.lemoncarboss.com\/es\/fabricantes\/tesla\/modelo-y\/#primaryimage","url":"https:\/\/www.lemoncarboss.com\/wp-content\/uploads\/2023\/07\/lemon_slice-scaled-e1689108795666-300x116.webp","contentUrl":"https:\/\/www.lemoncarboss.com\/wp-content\/uploads\/2023\/07\/lemon_slice-scaled-e1689108795666-300x116.webp"},{"@type":"BreadcrumbList","@id":"https:\/\/www.lemoncarboss.com\/es\/fabricantes\/tesla\/modelo-y\/#breadcrumb","itemListElement":[{"@type":"ListItem","position":1,"name":"Home","item":"https:\/\/www.lemoncarboss.com\/es\/"},{"@type":"ListItem","position":2,"name":"Fabricantes","item":"https:\/\/www.lemoncarboss.com\/es\/fabricantes\/"},{"@type":"ListItem","position":3,"name":"Tesla","item":"https:\/\/www.lemoncarboss.com\/es\/fabricantes\/tesla\/"},{"@type":"ListItem","position":4,"name":"Modelo-Y"}]},{"@type":"WebSite","@id":"https:\/\/www.lemoncarboss.com\/#website","url":"https:\/\/www.lemoncarboss.com\/","name":"Lemon Car Boss","description":"","publisher":{"@id":"https:\/\/www.lemoncarboss.com\/#organization"},"alternateName":"Lemon Law","potentialAction":[{"@type":"SearchAction","target":{"@type":"EntryPoint","urlTemplate":"https:\/\/www.lemoncarboss.com\/?s={search_term_string}"},"query-input":{"@type":"PropertyValueSpecification","valueRequired":true,"valueName":"search_term_string"}}],"inLanguage":"es"},{"@type":"Organization","@id":"https:\/\/www.lemoncarboss.com\/#organization","name":"Lemon Car Boss","alternateName":"Lemon Law","url":"https:\/\/www.lemoncarboss.com\/","logo":{"@type":"ImageObject","inLanguage":"es","@id":"https:\/\/www.lemoncarboss.com\/#\/schema\/logo\/image\/","url":"https:\/\/www.lemoncarboss.com\/wp-content\/uploads\/2023\/07\/Logo-HI-RES.png","contentUrl":"https:\/\/www.lemoncarboss.com\/wp-content\/uploads\/2023\/07\/Logo-HI-RES.png","width":1682,"height":547,"caption":"Lemon Car Boss"},"image":{"@id":"https:\/\/www.lemoncarboss.com\/#\/schema\/logo\/image\/"},"sameAs":["https:\/\/www.facebook.com\/Lemoncarboss","https:\/\/www.instagram.com\/lemon_car_boss\/","https:\/\/www.tiktok.com\/@lemoncarboss","https:\/\/www.youtube.com\/@LEMONCARBOSS"]}]}},"_links":{"self":[{"href":"https:\/\/www.lemoncarboss.com\/es\/wp-json\/wp\/v2\/pages\/2669","targetHints":{"allow":["GET"]}}],"collection":[{"href":"https:\/\/www.lemoncarboss.com\/es\/wp-json\/wp\/v2\/pages"}],"about":[{"href":"https:\/\/www.lemoncarboss.com\/es\/wp-json\/wp\/v2\/types\/page"}],"author":[{"embeddable":true,"href":"https:\/\/www.lemoncarboss.com\/es\/wp-json\/wp\/v2\/users\/2"}],"replies":[{"embeddable":true,"href":"https:\/\/www.lemoncarboss.com\/es\/wp-json\/wp\/v2\/comments?post=2669"}],"version-history":[{"count":5,"href":"https:\/\/www.lemoncarboss.com\/es\/wp-json\/wp\/v2\/pages\/2669\/revisions"}],"predecessor-version":[{"id":5032,"href":"https:\/\/www.lemoncarboss.com\/es\/wp-json\/wp\/v2\/pages\/2669\/revisions\/5032"}],"up":[{"embeddable":true,"href":"https:\/\/www.lemoncarboss.com\/es\/wp-json\/wp\/v2\/pages\/2675"}],"wp:attachment":[{"href":"https:\/\/www.lemoncarboss.com\/es\/wp-json\/wp\/v2\/media?parent=2669"}],"curies":[{"name":"wp","href":"https:\/\/api.w.org\/{rel}","templated":true}]}}