{"id":2672,"date":"2023-08-31T15:01:19","date_gmt":"2023-08-31T22:01:19","guid":{"rendered":"https:\/\/www.lemoncarboss.com\/fabricantes\/buick\/"},"modified":"2025-12-08T12:20:37","modified_gmt":"2025-12-08T20:20:37","slug":"buick","status":"publish","type":"page","link":"https:\/\/www.lemoncarboss.com\/es\/fabricantes\/buick\/","title":{"rendered":"Buick"},"content":{"rendered":"\t\t<div data-elementor-type=\"wp-page\" data-elementor-id=\"2672\" class=\"elementor elementor-2672 elementor-1684\" data-elementor-post-type=\"page\">\n\t\t\t\t<div class=\"elementor-element elementor-element-44f73924 e-flex e-con-boxed e-con e-parent\" data-id=\"44f73924\" data-element_type=\"container\" data-e-type=\"container\" data-settings=\"{&quot;background_background&quot;:&quot;classic&quot;}\">\n\t\t\t\t\t<div class=\"e-con-inner\">\n\t\t\t\t<div class=\"elementor-element elementor-element-273427ee elementor-widget__width-initial elementor-widget elementor-widget-text-editor\" data-id=\"273427ee\" data-element_type=\"widget\" data-e-type=\"widget\" data-widget_type=\"text-editor.default\">\n\t\t\t\t<div class=\"elementor-widget-container\">\n\t\t\t\t\t\t\t\t\t<h1>Buick<\/h1>\t\t\t\t\t\t\t\t<\/div>\n\t\t\t\t<\/div>\n\t\t\t\t\t<\/div>\n\t\t\t\t<\/div>\n\t\t<div class=\"elementor-element elementor-element-b92f206 e-flex e-con-boxed e-con e-parent\" data-id=\"b92f206\" data-element_type=\"container\" data-e-type=\"container\" data-settings=\"{&quot;background_background&quot;:&quot;classic&quot;}\">\n\t\t\t\t\t<div class=\"e-con-inner\">\n\t\t<div class=\"elementor-element elementor-element-6fb514fb e-con-full e-flex e-con e-child\" data-id=\"6fb514fb\" data-element_type=\"container\" data-e-type=\"container\">\n\t\t\t\t<div class=\"elementor-element elementor-element-65478628 elementor-widget elementor-widget-text-editor\" data-id=\"65478628\" data-element_type=\"widget\" data-e-type=\"widget\" data-widget_type=\"text-editor.default\">\n\t\t\t\t<div class=\"elementor-widget-container\">\n\t\t\t\t\t\t\t\t\t<h2>Buick Lemon Law<\/h2>\t\t\t\t\t\t\t\t<\/div>\n\t\t\t\t<\/div>\n\t\t\t\t<div class=\"elementor-element elementor-element-a201896 elementor-widget elementor-widget-image\" data-id=\"a201896\" data-element_type=\"widget\" data-e-type=\"widget\" data-widget_type=\"image.default\">\n\t\t\t\t<div class=\"elementor-widget-container\">\n\t\t\t\t\t\t\t\t\t\t\t\t\t\t\t<img decoding=\"async\" width=\"300\" height=\"116\" src=\"https:\/\/www.lemoncarboss.com\/wp-content\/uploads\/2023\/07\/lemon_slice-scaled-e1689108795666-300x116.webp\" class=\"attachment-medium size-medium wp-image-2626\" alt=\"\" srcset=\"https:\/\/www.lemoncarboss.com\/wp-content\/uploads\/2023\/07\/lemon_slice-scaled-e1689108795666-300x116.webp 300w, https:\/\/www.lemoncarboss.com\/wp-content\/uploads\/2023\/07\/lemon_slice-scaled-e1689108795666-1024x397.webp 1024w, https:\/\/www.lemoncarboss.com\/wp-content\/uploads\/2023\/07\/lemon_slice-scaled-e1689108795666-768x298.webp 768w, https:\/\/www.lemoncarboss.com\/wp-content\/uploads\/2023\/07\/lemon_slice-scaled-e1689108795666-1536x595.webp 1536w, https:\/\/www.lemoncarboss.com\/wp-content\/uploads\/2023\/07\/lemon_slice-scaled-e1689108795666-2048x794.webp 2048w\" sizes=\"(max-width: 300px) 100vw, 300px\" \/>\t\t\t\t\t\t\t\t\t\t\t\t\t\t\t<\/div>\n\t\t\t\t<\/div>\n\t\t\t\t<div class=\"elementor-element elementor-element-532c8867 elementor-widget elementor-widget-text-editor\" data-id=\"532c8867\" data-element_type=\"widget\" data-e-type=\"widget\" data-widget_type=\"text-editor.default\">\n\t\t\t\t<div class=\"elementor-widget-container\">\n\t\t\t\t\t\t\t\t\t<h3><span style=\"font-weight: 400;\">Protecci\u00f3n de sus derechos frente a veh\u00edculos defectuosos<\/span><\/h3><p><span style=\"font-weight: 400;\">\u00bfTiene un veh\u00edculo Buick con problemas y defectos persistentes? No permita que un coche defectuoso merme su disfrute en la carretera. Nuestro equipo est\u00e1 disponible para ayudarle a comprender sus derechos bajo la Ley del Lim\u00f3n de Buick, guiarle a trav\u00e9s de los pasos necesarios y ayudarle a buscar soluciones si se encuentra atrapado con un veh\u00edculo que funciona mal.<\/span><\/p><h3><span style=\"font-weight: 400;\">Entender la Ley del Lim\u00f3n de Buick<\/span><\/h3><p><span style=\"font-weight: 400;\">La Ley del Lim\u00f3n de Buick se ha establecido para proteger a los consumidores que han comprado o alquilado veh\u00edculos nuevos que presentan sistem\u00e1ticamente defectos que afectan a su seguridad, valor o funcionalidad. Si tu veh\u00edculo Buick cumple determinados criterios, podr\u00edas optar a una sustituci\u00f3n, un reembolso o una reparaci\u00f3n, todo ello cubierto por los gastos del fabricante.<\/span><\/p><h3><span style=\"font-weight: 400;\">Problemas comunes de Buick<\/span><\/h3><ul><li style=\"font-weight: 400;\" aria-level=\"1\"><span style=\"font-weight: 400;\">Problemas de transmisi\u00f3n<\/span><\/li><li style=\"font-weight: 400;\" aria-level=\"1\"><span style=\"font-weight: 400;\">Interruptor de encendido defectuoso<\/span><\/li><li style=\"font-weight: 400;\" aria-level=\"1\"><span style=\"font-weight: 400;\">Mal funcionamiento del sistema de aire acondicionado<\/span><\/li><li style=\"font-weight: 400;\" aria-level=\"1\"><span style=\"font-weight: 400;\">Problemas el\u00e9ctricos<\/span><\/li><li style=\"font-weight: 400;\" aria-level=\"1\"><span style=\"font-weight: 400;\">Bombas de combustible defectuosas<\/span><\/li><li style=\"font-weight: 400;\" aria-level=\"1\"><span style=\"font-weight: 400;\">Fugas de aceite<\/span><\/li><li style=\"font-weight: 400;\" aria-level=\"1\"><span style=\"font-weight: 400;\">Mal funcionamiento del sistema de frenado<\/span><\/li><li style=\"font-weight: 400;\" aria-level=\"1\"><span style=\"font-weight: 400;\">Fugas en el radiador<\/span><\/li><li style=\"font-weight: 400;\" aria-level=\"1\"><span style=\"font-weight: 400;\">Mal funcionamiento del elevalunas el\u00e9ctrico<\/span><\/li><li style=\"font-weight: 400;\" aria-level=\"1\"><span style=\"font-weight: 400;\">Problemas con el sistema de infoentretenimiento<\/span><\/li><li style=\"font-weight: 400;\" aria-level=\"1\"><span style=\"font-weight: 400;\">Defectos del sistema de direcci\u00f3n<\/span><\/li><li style=\"font-weight: 400;\" aria-level=\"1\"><span style=\"font-weight: 400;\">Problemas con el sistema de suspensi\u00f3n<\/span><\/li><li style=\"font-weight: 400;\" aria-level=\"1\"><span style=\"font-weight: 400;\">Problemas del sistema de escape<\/span><\/li><li style=\"font-weight: 400;\" aria-level=\"1\"><span style=\"font-weight: 400;\">Fallos de la bomba de agua<\/span><\/li><li style=\"font-weight: 400;\" aria-level=\"1\"><span style=\"font-weight: 400;\">Sensores defectuosos (por ejemplo, sensores de ox\u00edgeno o de masa de aire)<\/span><\/li><li style=\"font-weight: 400;\" aria-level=\"1\"><span style=\"font-weight: 400;\">Problemas con el alternador<\/span><\/li><li style=\"font-weight: 400;\" aria-level=\"1\"><span style=\"font-weight: 400;\">Agotamiento y\/o fallo de la bater\u00eda<\/span><\/li><li style=\"font-weight: 400;\" aria-level=\"1\"><span style=\"font-weight: 400;\">Problemas con la cadena o la correa de distribuci\u00f3n<\/span><\/li><li style=\"font-weight: 400;\" aria-level=\"1\"><span style=\"font-weight: 400;\">Mal funcionamiento de los faros delanteros o traseros<\/span><\/li><\/ul><h3><span style=\"font-weight: 400;\">Modelos Buick<\/span><\/h3><p><span style=\"font-weight: 400;\">Modelos populares de Buick con boletines de servicio t\u00e9cnico (TSB) y llamadas a revisi\u00f3n.<\/span><\/p><ul><li style=\"font-weight: 400;\" aria-level=\"1\"><span style=\"font-weight: 400;\">Buick Enclave<\/span><\/li><li style=\"font-weight: 400;\" aria-level=\"1\"><span style=\"font-weight: 400;\">Buick LaCrosse<\/span><\/li><li style=\"font-weight: 400;\" aria-level=\"1\"><span style=\"font-weight: 400;\">Buick Encore<\/span><\/li><li style=\"font-weight: 400;\" aria-level=\"1\"><span style=\"font-weight: 400;\">Buick Regal<\/span><\/li><\/ul><h3><span style=\"font-weight: 400;\">Requisitos de la Ley del Lim\u00f3n para la recompra de Buick<\/span><\/h3><p><span style=\"font-weight: 400;\">Para poder optar a una recompra, seg\u00fan la Ley del Lim\u00f3n de Buick, normalmente deben cumplirse varias condiciones generales:<\/span><\/p><p><b>Defectos recurrentes<\/b><span style=\"font-weight: 400;\">: El veh\u00edculo debe presentar un defecto o problema sustancial que persista incluso despu\u00e9s de m\u00faltiples intentos de reparaci\u00f3n.<\/span><\/p><p><b>Impacto en la seguridad, el<\/b><span style=\"font-weight: 400;\">\u00a0valor o la funcionalidad: El defecto debe tener un efecto significativo en la seguridad, el valor o la capacidad operativa del veh\u00edculo. Esto abarca problemas que afectan a componentes esenciales como el motor, la transmisi\u00f3n, los frenos, la direcci\u00f3n y otros sistemas cruciales.<\/span><\/p><p><b>Inclusi\u00f3n en la garant\u00eda<\/b><span style=\"font-weight: 400;\">: Los defectos deben manifestarse durante el periodo de garant\u00eda del veh\u00edculo o dentro de un plazo designado, a menudo denominado \u00abperiodo de elegibilidad.\u00bb<\/span><\/p><p><b>N\u00famero de intentos de reparaci\u00f3n<\/b><span style=\"font-weight: 400;\">: Dependiendo de la normativa de la Ley del Lim\u00f3n de tu estado, normalmente se debe dar al fabricante o al concesionario un n\u00famero razonable de oportunidades para rectificar el defecto. No hacerlo dentro de este l\u00edmite podr\u00eda dar derecho a la recompra del veh\u00edculo. Esto significa que, en primer lugar, un taller autorizado Buick deber\u00eda tener la oportunidad de solucionar los problemas del Buick. Si estos problemas persisten incluso despu\u00e9s de m\u00faltiples visitas, el veh\u00edculo Buick podr\u00eda ser catalogado como un lim\u00f3n.<\/span><\/p><p><b>D\u00edas\u00a0fuera de servicio:<\/b><span style=\"font-weight: 400;\"> En ciertos estados, la Ley del Lim\u00f3n puede requerir que el veh\u00edculo permanezca fuera de servicio durante un n\u00famero espec\u00edfico de d\u00edas debido a los intentos de reparaci\u00f3n. Superar este umbral puede hacer que el veh\u00edculo sea susceptible de recompra. Sin embargo, en California, no hay un requisito espec\u00edfico para el n\u00famero de d\u00edas que su Buick permanece en el concesionario para reparaciones. No obstante, un periodo prolongado de reparaciones en el concesionario podr\u00eda indicar un impacto sustancial en la usabilidad, lo que tiene importancia bajo la ley del lim\u00f3n.<\/span><\/p><p><b>Arbitraje<\/b><span style=\"font-weight: 400;\">\u00a0<\/span><b>o acciones legales<\/b><span style=\"font-weight: 400;\">: Si el fabricante y el concesionario no solucionan adecuadamente los defectos, el consumidor podr\u00eda tener que iniciar un arbitraje o emprender acciones legales para buscar una soluci\u00f3n.<\/span><\/p><p><b>Normativa espec\u00edfica de cada<\/b><span style=\"font-weight: 400;\">\u00a0estado: Las leyes del lim\u00f3n difieren de un estado a otro, por lo que es imprescindible comprender las normas espec\u00edficas de su jurisdicci\u00f3n. El rigor var\u00eda de un estado a otro: algunos imponen condiciones m\u00e1s estrictas, mientras que otros son m\u00e1s indulgentes.<\/span><\/p><h3><span style=\"font-weight: 400;\">Proceso para presentar una reclamaci\u00f3n por la Ley del Lim\u00f3n de Buick<\/span><\/h3><ol><li style=\"font-weight: 400;\" aria-level=\"1\"><span style=\"font-weight: 400;\">Revisamos su caso<\/span><\/li><li style=\"font-weight: 400;\" aria-level=\"1\"><span style=\"font-weight: 400;\">Se re\u00fane la documentaci\u00f3n<\/span><\/li><li style=\"font-weight: 400;\" aria-level=\"1\"><span style=\"font-weight: 400;\">Se abre una reclamaci\u00f3n a Buick<\/span><\/li><li style=\"font-weight: 400;\" aria-level=\"1\"><span style=\"font-weight: 400;\">La reclamaci\u00f3n se resuelve con Buick<\/span><\/li><li style=\"font-weight: 400;\" aria-level=\"1\"><span style=\"font-weight: 400;\">Recibes el pago por tu Buick L<\/span><span style=\"font-weight: 400;\">e<\/span><span style=\"font-weight: 400;\">i<\/span><span style=\"font-weight: 400;\">m<\/span><span style=\"font-weight: 400;\">\u00f3<\/span><span style=\"font-weight: 400;\">n<\/span><\/li><\/ol><h3><span style=\"font-weight: 400;\">\u00bfPor qu\u00e9 elegirnos para su caso <\/span><span style=\"font-weight: 400;\">de la Ley de Lim\u00f3n de<\/span><span style=\"font-weight: 400;\"> Buick <\/span><span style=\"font-weight: 400;\">Lemon Law<\/span><span style=\"font-weight: 400;\">?<\/span><\/h3><p><span style=\"font-weight: 400;\">Nuestro equipo de abogados expertos en la <\/span><span style=\"font-weight: 400;\">L<\/span><span style=\"font-weight: 400;\">ey del <\/span><span style=\"font-weight: 400;\">L<\/span><span style=\"font-weight: 400;\">im\u00f3n destaca en la gesti\u00f3n de casos relacionados con veh\u00edculos defectuosos, abarcando todos los modelos de Buick. Constantemente mostramos un historial de \u00e9xitos en la defensa de los derechos de los consumidores y en garantizar que obtengan la indemnizaci\u00f3n adecuada.<\/span><\/p><h3><span style=\"font-weight: 400;\">Contacte con nosotros hoy mismo para una consulta gratuita sobre su Buick<\/span><\/h3><p><span style=\"font-weight: 400;\">No permitas que un coche defectuoso estropee tu experiencia con tu Buick. P\u00f3ngase en contacto con nosotros hoy para una consulta gratuita para discutir su situaci\u00f3n y explorar sus opciones bajo la Ley del Lim\u00f3n Buick. Nuestro equipo especializado est\u00e1 a su disposici\u00f3n para guiarle a lo largo del proceso y defender sus derechos como consumidor.<\/span><\/p><p><span style=\"font-weight: 400;\">Recuerda que tienes derechos cuando se trata de un veh\u00edculo Buick averiado. Perm\u00edtanos ayudarle a comprender las complejidades de la Ley del Lim\u00f3n de Buick y asegurarnos de que obtenga la resoluci\u00f3n que se merece.<\/span><\/p><p><span style=\"font-weight: 400;\">Descargo de responsabilidad: Esta p\u00e1gina ofrece informaci\u00f3n general y no debe considerarse asesoramiento jur\u00eddico. Pida consejo a un abogado cualificado que le asesore en funci\u00f3n de sus circunstancias espec\u00edficas.<\/span><\/p><h3><span style=\"font-weight: 400;\">\u00bfQu\u00e9 es la Ley del Lim\u00f3n de Buick?<\/span><\/h3><p><span style=\"font-weight: 400;\">Al igual que otras Leyes del Lim\u00f3n, la Ley del Lim\u00f3n de Buick es un marco legal establecido para proteger a los consumidores que compran o alquilan veh\u00edculos que resultan ser defectuosos. En concreto, la Ley del Lim\u00f3n de Buick es aplicable a los veh\u00edculos Buick que experimentan fallos significativos y persistentes, garantizando que los consumidores puedan recurrir cuando su veh\u00edculo no cumple con los est\u00e1ndares esperados de calidad, seguridad y rendimiento.<\/span><\/p><p><span style=\"font-weight: 400;\">Seg\u00fan la Ley del Lim\u00f3n de Buick, si un veh\u00edculo Buick cumple unos criterios espec\u00edficos y presenta fallos o aver\u00edas recurrentes en un periodo determinado, el propietario o arrendatario podr\u00eda tener derecho a obtener un veh\u00edculo de sustituci\u00f3n, un reembolso o una recompra del veh\u00edculo problem\u00e1tico orquestada por el fabricante.<\/span><\/p><p><span style=\"font-weight: 400;\">Es fundamental comprender que las leyes del lim\u00f3n pueden variar mucho de una regi\u00f3n a otra, tanto en lo que se refiere a los requisitos para acogerse a ellas como a los procesos espec\u00edficos para iniciar una reclamaci\u00f3n. Si sospechas que tu veh\u00edculo Buick es un \u00ablim\u00f3n\u00bb, es aconsejable que consultes con un profesional del derecho especializado en casos de la Ley del Lim\u00f3n. Esto le proporcionar\u00e1 un conocimiento exhaustivo de sus derechos y opciones con arreglo a la legislaci\u00f3n espec\u00edfica de su regi\u00f3n.<\/span><\/p><h3><br \/><br \/><br \/><\/h3>\t\t\t\t\t\t\t\t<\/div>\n\t\t\t\t<\/div>\n\t\t\t\t<\/div>\n\t\t\t\t\t<\/div>\n\t\t\t\t<\/div>\n\t\t\t\t<\/div>\n\t\t","protected":false},"excerpt":{"rendered":"<p>Buick Buick Lemon Law Protecci\u00f3n de sus derechos frente a veh\u00edculos defectuosos \u00bfTiene un veh\u00edculo Buick con problemas y defectos persistentes? No permita que un coche defectuoso merme su disfrute en la carretera. Nuestro equipo est\u00e1 disponible para ayudarle a comprender sus derechos bajo la Ley del Lim\u00f3n de Buick, guiarle a trav\u00e9s de los [&hellip;]<\/p>\n","protected":false},"author":2,"featured_media":0,"parent":2664,"menu_order":0,"comment_status":"closed","ping_status":"closed","template":"","meta":{"footnotes":""},"class_list":["post-2672","page","type-page","status-publish","hentry"],"yoast_head":"<!-- This site is optimized with the Yoast SEO plugin v27.2 - https:\/\/yoast.com\/product\/yoast-seo-wordpress\/ -->\n<title>Buick Ley del Lim\u00f3n - Lemon Car Boss<\/title>\n<meta name=\"description\" content=\"Buick Lemon Law: Nuestros abogados tienen una amplia trayectoria resolviendo problemas relacionados con la Buick Lemon Law.\" \/>\n<meta name=\"robots\" content=\"index, follow, max-snippet:-1, max-image-preview:large, max-video-preview:-1\" \/>\n<link rel=\"canonical\" href=\"https:\/\/www.lemoncarboss.com\/es\/fabricantes\/buick\/\" \/>\n<meta property=\"og:locale\" content=\"es_ES\" \/>\n<meta property=\"og:type\" content=\"article\" \/>\n<meta property=\"og:title\" content=\"Buick Ley del Lim\u00f3n - Lemon Car Boss\" \/>\n<meta property=\"og:description\" content=\"Buick Lemon Law: Nuestros abogados tienen una amplia trayectoria resolviendo problemas relacionados con la Buick Lemon Law.\" \/>\n<meta property=\"og:url\" content=\"https:\/\/www.lemoncarboss.com\/es\/fabricantes\/buick\/\" \/>\n<meta property=\"og:site_name\" content=\"Lemon Car Boss\" \/>\n<meta property=\"article:publisher\" content=\"https:\/\/www.facebook.com\/Lemoncarboss\" \/>\n<meta property=\"article:modified_time\" content=\"2025-12-08T20:20:37+00:00\" \/>\n<meta property=\"og:image\" content=\"https:\/\/www.lemoncarboss.com\/wp-content\/uploads\/2023\/07\/lemon_slice-scaled-e1689108795666-300x116.webp\" \/>\n<meta name=\"twitter:card\" content=\"summary_large_image\" \/>\n<meta name=\"twitter:label1\" content=\"Tiempo de lectura\" \/>\n\t<meta name=\"twitter:data1\" content=\"6 minutos\" \/>\n<script type=\"application\/ld+json\" class=\"yoast-schema-graph\">{\"@context\":\"https:\/\/schema.org\",\"@graph\":[{\"@type\":\"WebPage\",\"@id\":\"https:\/\/www.lemoncarboss.com\/es\/fabricantes\/buick\/\",\"url\":\"https:\/\/www.lemoncarboss.com\/es\/fabricantes\/buick\/\",\"name\":\"Buick Ley del Lim\u00f3n - Lemon Car Boss\",\"isPartOf\":{\"@id\":\"https:\/\/www.lemoncarboss.com\/#website\"},\"primaryImageOfPage\":{\"@id\":\"https:\/\/www.lemoncarboss.com\/es\/fabricantes\/buick\/#primaryimage\"},\"image\":{\"@id\":\"https:\/\/www.lemoncarboss.com\/es\/fabricantes\/buick\/#primaryimage\"},\"thumbnailUrl\":\"https:\/\/www.lemoncarboss.com\/wp-content\/uploads\/2023\/07\/lemon_slice-scaled-e1689108795666-300x116.webp\",\"datePublished\":\"2023-08-31T22:01:19+00:00\",\"dateModified\":\"2025-12-08T20:20:37+00:00\",\"description\":\"Buick Lemon Law: Nuestros abogados tienen una amplia trayectoria resolviendo problemas relacionados con la Buick Lemon Law.\",\"breadcrumb\":{\"@id\":\"https:\/\/www.lemoncarboss.com\/es\/fabricantes\/buick\/#breadcrumb\"},\"inLanguage\":\"es\",\"potentialAction\":[{\"@type\":\"ReadAction\",\"target\":[\"https:\/\/www.lemoncarboss.com\/es\/fabricantes\/buick\/\"]}]},{\"@type\":\"ImageObject\",\"inLanguage\":\"es\",\"@id\":\"https:\/\/www.lemoncarboss.com\/es\/fabricantes\/buick\/#primaryimage\",\"url\":\"https:\/\/www.lemoncarboss.com\/wp-content\/uploads\/2023\/07\/lemon_slice-scaled-e1689108795666-300x116.webp\",\"contentUrl\":\"https:\/\/www.lemoncarboss.com\/wp-content\/uploads\/2023\/07\/lemon_slice-scaled-e1689108795666-300x116.webp\"},{\"@type\":\"BreadcrumbList\",\"@id\":\"https:\/\/www.lemoncarboss.com\/es\/fabricantes\/buick\/#breadcrumb\",\"itemListElement\":[{\"@type\":\"ListItem\",\"position\":1,\"name\":\"Home\",\"item\":\"https:\/\/www.lemoncarboss.com\/es\/\"},{\"@type\":\"ListItem\",\"position\":2,\"name\":\"Fabricantes\",\"item\":\"https:\/\/www.lemoncarboss.com\/es\/fabricantes\/\"},{\"@type\":\"ListItem\",\"position\":3,\"name\":\"Buick\"}]},{\"@type\":\"WebSite\",\"@id\":\"https:\/\/www.lemoncarboss.com\/#website\",\"url\":\"https:\/\/www.lemoncarboss.com\/\",\"name\":\"Lemon Car Boss\",\"description\":\"\",\"publisher\":{\"@id\":\"https:\/\/www.lemoncarboss.com\/#organization\"},\"alternateName\":\"Lemon Law\",\"potentialAction\":[{\"@type\":\"SearchAction\",\"target\":{\"@type\":\"EntryPoint\",\"urlTemplate\":\"https:\/\/www.lemoncarboss.com\/?s={search_term_string}\"},\"query-input\":{\"@type\":\"PropertyValueSpecification\",\"valueRequired\":true,\"valueName\":\"search_term_string\"}}],\"inLanguage\":\"es\"},{\"@type\":\"Organization\",\"@id\":\"https:\/\/www.lemoncarboss.com\/#organization\",\"name\":\"Lemon Car Boss\",\"alternateName\":\"Lemon Law\",\"url\":\"https:\/\/www.lemoncarboss.com\/\",\"logo\":{\"@type\":\"ImageObject\",\"inLanguage\":\"es\",\"@id\":\"https:\/\/www.lemoncarboss.com\/#\/schema\/logo\/image\/\",\"url\":\"https:\/\/www.lemoncarboss.com\/wp-content\/uploads\/2023\/07\/Logo-HI-RES.png\",\"contentUrl\":\"https:\/\/www.lemoncarboss.com\/wp-content\/uploads\/2023\/07\/Logo-HI-RES.png\",\"width\":1682,\"height\":547,\"caption\":\"Lemon Car Boss\"},\"image\":{\"@id\":\"https:\/\/www.lemoncarboss.com\/#\/schema\/logo\/image\/\"},\"sameAs\":[\"https:\/\/www.facebook.com\/Lemoncarboss\",\"https:\/\/www.instagram.com\/lemon_car_boss\/\",\"https:\/\/www.tiktok.com\/@lemoncarboss\",\"https:\/\/www.youtube.com\/@LEMONCARBOSS\"]}]}<\/script>\n<!-- \/ Yoast SEO plugin. -->","yoast_head_json":{"title":"Buick Ley del Lim\u00f3n - Lemon Car Boss","description":"Buick Lemon Law: Nuestros abogados tienen una amplia trayectoria resolviendo problemas relacionados con la Buick Lemon Law.","robots":{"index":"index","follow":"follow","max-snippet":"max-snippet:-1","max-image-preview":"max-image-preview:large","max-video-preview":"max-video-preview:-1"},"canonical":"https:\/\/www.lemoncarboss.com\/es\/fabricantes\/buick\/","og_locale":"es_ES","og_type":"article","og_title":"Buick Ley del Lim\u00f3n - Lemon Car Boss","og_description":"Buick Lemon Law: Nuestros abogados tienen una amplia trayectoria resolviendo problemas relacionados con la Buick Lemon Law.","og_url":"https:\/\/www.lemoncarboss.com\/es\/fabricantes\/buick\/","og_site_name":"Lemon Car Boss","article_publisher":"https:\/\/www.facebook.com\/Lemoncarboss","article_modified_time":"2025-12-08T20:20:37+00:00","og_image":[{"url":"https:\/\/www.lemoncarboss.com\/wp-content\/uploads\/2023\/07\/lemon_slice-scaled-e1689108795666-300x116.webp","type":"","width":"","height":""}],"twitter_card":"summary_large_image","twitter_misc":{"Tiempo de lectura":"6 minutos"},"schema":{"@context":"https:\/\/schema.org","@graph":[{"@type":"WebPage","@id":"https:\/\/www.lemoncarboss.com\/es\/fabricantes\/buick\/","url":"https:\/\/www.lemoncarboss.com\/es\/fabricantes\/buick\/","name":"Buick Ley del Lim\u00f3n - Lemon Car Boss","isPartOf":{"@id":"https:\/\/www.lemoncarboss.com\/#website"},"primaryImageOfPage":{"@id":"https:\/\/www.lemoncarboss.com\/es\/fabricantes\/buick\/#primaryimage"},"image":{"@id":"https:\/\/www.lemoncarboss.com\/es\/fabricantes\/buick\/#primaryimage"},"thumbnailUrl":"https:\/\/www.lemoncarboss.com\/wp-content\/uploads\/2023\/07\/lemon_slice-scaled-e1689108795666-300x116.webp","datePublished":"2023-08-31T22:01:19+00:00","dateModified":"2025-12-08T20:20:37+00:00","description":"Buick Lemon Law: Nuestros abogados tienen una amplia trayectoria resolviendo problemas relacionados con la Buick Lemon Law.","breadcrumb":{"@id":"https:\/\/www.lemoncarboss.com\/es\/fabricantes\/buick\/#breadcrumb"},"inLanguage":"es","potentialAction":[{"@type":"ReadAction","target":["https:\/\/www.lemoncarboss.com\/es\/fabricantes\/buick\/"]}]},{"@type":"ImageObject","inLanguage":"es","@id":"https:\/\/www.lemoncarboss.com\/es\/fabricantes\/buick\/#primaryimage","url":"https:\/\/www.lemoncarboss.com\/wp-content\/uploads\/2023\/07\/lemon_slice-scaled-e1689108795666-300x116.webp","contentUrl":"https:\/\/www.lemoncarboss.com\/wp-content\/uploads\/2023\/07\/lemon_slice-scaled-e1689108795666-300x116.webp"},{"@type":"BreadcrumbList","@id":"https:\/\/www.lemoncarboss.com\/es\/fabricantes\/buick\/#breadcrumb","itemListElement":[{"@type":"ListItem","position":1,"name":"Home","item":"https:\/\/www.lemoncarboss.com\/es\/"},{"@type":"ListItem","position":2,"name":"Fabricantes","item":"https:\/\/www.lemoncarboss.com\/es\/fabricantes\/"},{"@type":"ListItem","position":3,"name":"Buick"}]},{"@type":"WebSite","@id":"https:\/\/www.lemoncarboss.com\/#website","url":"https:\/\/www.lemoncarboss.com\/","name":"Lemon Car Boss","description":"","publisher":{"@id":"https:\/\/www.lemoncarboss.com\/#organization"},"alternateName":"Lemon Law","potentialAction":[{"@type":"SearchAction","target":{"@type":"EntryPoint","urlTemplate":"https:\/\/www.lemoncarboss.com\/?s={search_term_string}"},"query-input":{"@type":"PropertyValueSpecification","valueRequired":true,"valueName":"search_term_string"}}],"inLanguage":"es"},{"@type":"Organization","@id":"https:\/\/www.lemoncarboss.com\/#organization","name":"Lemon Car Boss","alternateName":"Lemon Law","url":"https:\/\/www.lemoncarboss.com\/","logo":{"@type":"ImageObject","inLanguage":"es","@id":"https:\/\/www.lemoncarboss.com\/#\/schema\/logo\/image\/","url":"https:\/\/www.lemoncarboss.com\/wp-content\/uploads\/2023\/07\/Logo-HI-RES.png","contentUrl":"https:\/\/www.lemoncarboss.com\/wp-content\/uploads\/2023\/07\/Logo-HI-RES.png","width":1682,"height":547,"caption":"Lemon Car Boss"},"image":{"@id":"https:\/\/www.lemoncarboss.com\/#\/schema\/logo\/image\/"},"sameAs":["https:\/\/www.facebook.com\/Lemoncarboss","https:\/\/www.instagram.com\/lemon_car_boss\/","https:\/\/www.tiktok.com\/@lemoncarboss","https:\/\/www.youtube.com\/@LEMONCARBOSS"]}]}},"_links":{"self":[{"href":"https:\/\/www.lemoncarboss.com\/es\/wp-json\/wp\/v2\/pages\/2672","targetHints":{"allow":["GET"]}}],"collection":[{"href":"https:\/\/www.lemoncarboss.com\/es\/wp-json\/wp\/v2\/pages"}],"about":[{"href":"https:\/\/www.lemoncarboss.com\/es\/wp-json\/wp\/v2\/types\/page"}],"author":[{"embeddable":true,"href":"https:\/\/www.lemoncarboss.com\/es\/wp-json\/wp\/v2\/users\/2"}],"replies":[{"embeddable":true,"href":"https:\/\/www.lemoncarboss.com\/es\/wp-json\/wp\/v2\/comments?post=2672"}],"version-history":[{"count":3,"href":"https:\/\/www.lemoncarboss.com\/es\/wp-json\/wp\/v2\/pages\/2672\/revisions"}],"predecessor-version":[{"id":3950,"href":"https:\/\/www.lemoncarboss.com\/es\/wp-json\/wp\/v2\/pages\/2672\/revisions\/3950"}],"up":[{"embeddable":true,"href":"https:\/\/www.lemoncarboss.com\/es\/wp-json\/wp\/v2\/pages\/2664"}],"wp:attachment":[{"href":"https:\/\/www.lemoncarboss.com\/es\/wp-json\/wp\/v2\/media?parent=2672"}],"curies":[{"name":"wp","href":"https:\/\/api.w.org\/{rel}","templated":true}]}}