{"id":2674,"date":"2023-08-31T16:07:12","date_gmt":"2023-08-31T23:07:12","guid":{"rendered":"https:\/\/www.lemoncarboss.com\/fabricantes\/cadillac\/"},"modified":"2025-12-17T13:26:22","modified_gmt":"2025-12-17T21:26:22","slug":"cadillac","status":"publish","type":"page","link":"https:\/\/www.lemoncarboss.com\/es\/fabricantes\/cadillac\/","title":{"rendered":"Cadillac"},"content":{"rendered":"\t\t<div data-elementor-type=\"wp-page\" data-elementor-id=\"2674\" class=\"elementor elementor-2674 elementor-1705\" data-elementor-post-type=\"page\">\n\t\t\t\t<div class=\"elementor-element elementor-element-44f73924 e-flex e-con-boxed e-con e-parent\" data-id=\"44f73924\" data-element_type=\"container\" data-e-type=\"container\" data-settings=\"{&quot;background_background&quot;:&quot;classic&quot;}\">\n\t\t\t\t\t<div class=\"e-con-inner\">\n\t\t\t\t<div class=\"elementor-element elementor-element-273427ee elementor-widget__width-initial elementor-widget elementor-widget-text-editor\" data-id=\"273427ee\" data-element_type=\"widget\" data-e-type=\"widget\" data-widget_type=\"text-editor.default\">\n\t\t\t\t<div class=\"elementor-widget-container\">\n\t\t\t\t\t\t\t\t\t<h1>Cadillac<\/h1>\t\t\t\t\t\t\t\t<\/div>\n\t\t\t\t<\/div>\n\t\t\t\t\t<\/div>\n\t\t\t\t<\/div>\n\t\t<div class=\"elementor-element elementor-element-b92f206 e-flex e-con-boxed e-con e-parent\" data-id=\"b92f206\" data-element_type=\"container\" data-e-type=\"container\" data-settings=\"{&quot;background_background&quot;:&quot;classic&quot;}\">\n\t\t\t\t\t<div class=\"e-con-inner\">\n\t\t<div class=\"elementor-element elementor-element-6fb514fb e-con-full e-flex e-con e-child\" data-id=\"6fb514fb\" data-element_type=\"container\" data-e-type=\"container\">\n\t\t\t\t<div class=\"elementor-element elementor-element-65478628 elementor-widget elementor-widget-text-editor\" data-id=\"65478628\" data-element_type=\"widget\" data-e-type=\"widget\" data-widget_type=\"text-editor.default\">\n\t\t\t\t<div class=\"elementor-widget-container\">\n\t\t\t\t\t\t\t\t\t<h2>Cadillac Lemon Law<\/h2>\t\t\t\t\t\t\t\t<\/div>\n\t\t\t\t<\/div>\n\t\t\t\t<div class=\"elementor-element elementor-element-a201896 elementor-widget elementor-widget-image\" data-id=\"a201896\" data-element_type=\"widget\" data-e-type=\"widget\" data-widget_type=\"image.default\">\n\t\t\t\t<div class=\"elementor-widget-container\">\n\t\t\t\t\t\t\t\t\t\t\t\t\t\t\t<img decoding=\"async\" width=\"300\" height=\"116\" src=\"https:\/\/www.lemoncarboss.com\/wp-content\/uploads\/2023\/07\/lemon_slice-scaled-e1689108795666-300x116.webp\" class=\"attachment-medium size-medium wp-image-2626\" alt=\"\" srcset=\"https:\/\/www.lemoncarboss.com\/wp-content\/uploads\/2023\/07\/lemon_slice-scaled-e1689108795666-300x116.webp 300w, https:\/\/www.lemoncarboss.com\/wp-content\/uploads\/2023\/07\/lemon_slice-scaled-e1689108795666-1024x397.webp 1024w, https:\/\/www.lemoncarboss.com\/wp-content\/uploads\/2023\/07\/lemon_slice-scaled-e1689108795666-768x298.webp 768w, https:\/\/www.lemoncarboss.com\/wp-content\/uploads\/2023\/07\/lemon_slice-scaled-e1689108795666-1536x595.webp 1536w, https:\/\/www.lemoncarboss.com\/wp-content\/uploads\/2023\/07\/lemon_slice-scaled-e1689108795666-2048x794.webp 2048w\" sizes=\"(max-width: 300px) 100vw, 300px\" \/>\t\t\t\t\t\t\t\t\t\t\t\t\t\t\t<\/div>\n\t\t\t\t<\/div>\n\t\t\t\t<div class=\"elementor-element elementor-element-532c8867 elementor-widget elementor-widget-text-editor\" data-id=\"532c8867\" data-element_type=\"widget\" data-e-type=\"widget\" data-widget_type=\"text-editor.default\">\n\t\t\t\t<div class=\"elementor-widget-container\">\n\t\t\t\t\t\t\t\t\t<h3><span style=\"font-weight: 400;\">Protecci\u00f3n de sus derechos frente a veh\u00edculos defectuosos<\/span><\/h3><p><span style=\"font-weight: 400;\">\u00bfTiene un veh\u00edculo Cadillac con problemas persistentes de funcionamiento? No permita que un coche defectuoso merme su disfrute en la carretera. Estamos aqu\u00ed para ayudarle a entender sus derechos bajo la Ley del Lim\u00f3n Cadillac, gui\u00e1ndole a trav\u00e9s de los pasos esenciales a seguir, y ayudarle a explorar v\u00edas de resoluci\u00f3n si usted se encuentra con un veh\u00edculo poco fiable.<\/span><\/p><h3><span style=\"font-weight: 400;\">Comprender la Ley del Lim\u00f3n de Cadillac<\/span><\/h3><p><span style=\"font-weight: 400;\">El objetivo de la Ley del Lim\u00f3n de Cadillac es proteger a los consumidores que han comprado o alquilado veh\u00edculos nuevos que presentan sistem\u00e1ticamente defectos que afectan a su seguridad, valor o funcionalidad. Si su veh\u00edculo Cadillac cumple determinados criterios, podr\u00eda optar a una sustituci\u00f3n, reembolso o reparaci\u00f3n, todo ello cubierto por los gastos del fabricante.<\/span><\/p><h3><span style=\"font-weight: 400;\">Problemas comunes de Cadillac<\/span><\/h3><ul><li style=\"font-weight: 400;\" aria-level=\"1\"><span style=\"font-weight: 400;\">Interruptores de encendido defectuosos.<\/span><\/li><li style=\"font-weight: 400;\" aria-level=\"1\"><span style=\"font-weight: 400;\">La transmisi\u00f3n patina o vacila.<\/span><\/li><li style=\"font-weight: 400;\" aria-level=\"1\"><span style=\"font-weight: 400;\">Mal funcionamiento del sistema el\u00e9ctrico.<\/span><\/li><li style=\"font-weight: 400;\" aria-level=\"1\"><span style=\"font-weight: 400;\">Fallos en el sistema de infoentretenimiento CUE (Cadillac User Experience).<\/span><\/li><li style=\"font-weight: 400;\" aria-level=\"1\"><span style=\"font-weight: 400;\">Problemas de aire acondicionado y calefacci\u00f3n.<\/span><\/li><li style=\"font-weight: 400;\" aria-level=\"1\"><span style=\"font-weight: 400;\">Problemas de suspensi\u00f3n, especialmente con los sistemas electr\u00f3nicos.<\/span><\/li><li style=\"font-weight: 400;\" aria-level=\"1\"><span style=\"font-weight: 400;\">Techos solares con fugas.<\/span><\/li><li style=\"font-weight: 400;\" aria-level=\"1\"><span style=\"font-weight: 400;\">Desgaste prematuro de los frenos.<\/span><\/li><li style=\"font-weight: 400;\" aria-level=\"1\"><span style=\"font-weight: 400;\">Sobrecalentamiento del motor.<\/span><\/li><li style=\"font-weight: 400;\" aria-level=\"1\"><span style=\"font-weight: 400;\">Bombas de combustible defectuosas.<\/span><\/li><li style=\"font-weight: 400;\" aria-level=\"1\"><span style=\"font-weight: 400;\">Problemas con los faros adaptativos.<\/span><\/li><li style=\"font-weight: 400;\" aria-level=\"1\"><span style=\"font-weight: 400;\">Fugas en el radiador.<\/span><\/li><li style=\"font-weight: 400;\" aria-level=\"1\"><span style=\"font-weight: 400;\">Desgaste o fallo de la cadena de distribuci\u00f3n.<\/span><\/li><li style=\"font-weight: 400;\" aria-level=\"1\"><span style=\"font-weight: 400;\">Sensores de ox\u00edgeno defectuosos.<\/span><\/li><li style=\"font-weight: 400;\" aria-level=\"1\"><span style=\"font-weight: 400;\">Vibraciones del tren motriz.<\/span><\/li><li style=\"font-weight: 400;\" aria-level=\"1\"><span style=\"font-weight: 400;\">Fallos en los elevalunas el\u00e9ctricos.<\/span><\/li><li style=\"font-weight: 400;\" aria-level=\"1\"><span style=\"font-weight: 400;\">Problemas con la calefacci\u00f3n de los asientos.<\/span><\/li><li style=\"font-weight: 400;\" aria-level=\"1\"><span style=\"font-weight: 400;\">Mal funcionamiento de los sensores del llavero.<\/span><\/li><li style=\"font-weight: 400;\" aria-level=\"1\"><span style=\"font-weight: 400;\">Ruidos o mal funcionamiento del sistema de direcci\u00f3n.<\/span><\/li><\/ul><h3><span style=\"font-weight: 400;\">Modelos Cadillac<\/span><\/h3><p><span style=\"font-weight: 400;\">Modelos populares de Cadillac con boletines de servicio t\u00e9cnico (TSB) y llamadas a revisi\u00f3n.<\/span><\/p><ul><li style=\"font-weight: 400;\" aria-level=\"1\"><span style=\"font-weight: 400;\">Cadillac Escalade<\/span><\/li><li style=\"font-weight: 400;\" aria-level=\"1\"><span style=\"font-weight: 400;\">Cadillac CTS<\/span><\/li><li style=\"font-weight: 400;\" aria-level=\"1\"><span style=\"font-weight: 400;\">Cadillac SRX<\/span><\/li><li style=\"font-weight: 400;\" aria-level=\"1\"><span style=\"font-weight: 400;\">Cadillac XT5<\/span><\/li><\/ul><h3><span style=\"font-weight: 400;\">Requisitos para la Ley del Lim\u00f3n de Cadillac <\/span><span style=\"font-weight: 400;\">&#8211; Recompra<\/span> <span style=\"font-weight: 400;\">Buyback<\/span><\/h3><p><span style=\"font-weight: 400;\">Para poder acogerse a la cobertura de la Ley del Lim\u00f3n de Cadillac, normalmente su veh\u00edculo debe cumplir estas condiciones:<\/span><\/p><p><b>Defectos recurrentes<\/b><span style=\"font-weight: 400;\">: El veh\u00edculo debe presentar un defecto o problema sustancial que persista a pesar de los m\u00faltiples intentos de reparaci\u00f3n.<\/span><\/p><p><b>Seguridad, valor o uso afectados<\/b><span style=\"font-weight: 400;\">: El defecto debe tener un impacto notable en la seguridad, el valor o la funcionalidad del veh\u00edculo. Esto abarca problemas que influyen en componentes cruciales como el motor, la transmisi\u00f3n, los frenos, la direcci\u00f3n y otros sistemas esenciales.<\/span><\/p><p><b>Cobertura de la garant\u00eda<\/b><span style=\"font-weight: 400;\">: Los defectos deben surgir dentro del periodo de garant\u00eda del veh\u00edculo o dentro de un plazo designado a menudo denominado \u00abperiodo de elegibilidad.\u00bb<\/span><\/p><p><b>N\u00famero de intentos de reparaci\u00f3n<\/b><span style=\"font-weight: 400;\">: Dependiendo de la Ley del Lim\u00f3n de su estado, el fabricante o concesionario generalmente debe disponer de un n\u00famero razonable de oportunidades para rectificar el defecto. Si no pueden hacerlo dentro de este l\u00edmite, el veh\u00edculo podr\u00eda optar a la recompra. Esto implica que un concesionario autorizado de reparaciones Cadillac debe tener inicialmente la oportunidad de intentar reparar su Cadillac. Si estos intentos resultan infructuosos despu\u00e9s de m\u00faltiples visitas al concesionario, entonces el veh\u00edculo Cadillac podr\u00eda ser considerado potencialmente un lim\u00f3n.<\/span><\/p><p><b>D\u00edas<\/b><span style=\"font-weight: 400;\">\u00a0<\/span><b>fuera de servicio:<\/b><span style=\"font-weight: 400;\"> En ciertos estados, la Ley del Lim\u00f3n puede obligar a que el veh\u00edculo permanezca fuera de servicio durante un n\u00famero espec\u00edfico de d\u00edas debido a los intentos de reparaci\u00f3n. Si se supera este umbral, el veh\u00edculo podr\u00eda cumplir los requisitos para una recompra. Sin embargo, en California, no hay ning\u00fan requisito para el n\u00famero de d\u00edas que su Cadillac permanece en el concesionario para las reparaciones. Sin embargo, si su Cadillac ha pasado un largo per\u00edodo de tiempo en el concesionario siendo reparado, sirve como una fuerte indicaci\u00f3n de un impacto significativo en la usabilidad, que tiene importancia en virtud de la ley del lim\u00f3n.<\/span><\/p><p><b>Arbitraje\u00a0o\u00a0proceso judicial:<\/b><span style=\"font-weight: 400;\"> Si el fabricante y el concesionario no solucionan eficazmente los defectos, el consumidor puede tener que iniciar un arbitraje o emprender acciones legales para buscar una soluci\u00f3n.<\/span><\/p><p><b>Leyes\u00a0espec\u00edficas de cada<\/b><span style=\"font-weight: 400;\">\u00a0<\/span><b>estado:<\/b><span style=\"font-weight: 400;\"> Las leyes del lim\u00f3n var\u00edan de un estado a otro, lo que subraya la necesidad de comprender la normativa espec\u00edfica de su jurisdicci\u00f3n. Algunos estados tienen requisitos m\u00e1s estrictos, mientras que otros son m\u00e1s indulgentes.<\/span><\/p><h3><span style=\"font-weight: 400;\">Proceso para presentar una demanda <\/span><span style=\"font-weight: 400;\">conforme a la Ley del Lim\u00f3n de<\/span><span style=\"font-weight: 400;\"> Cadillac <\/span><span style=\"font-weight: 400;\">Lemon Law<\/span><\/h3><ol><li style=\"font-weight: 400;\" aria-level=\"1\"><span style=\"font-weight: 400;\">Revisamos su caso<\/span><\/li><li style=\"font-weight: 400;\" aria-level=\"1\"><span style=\"font-weight: 400;\">Se re\u00fane la documentaci\u00f3n<\/span><\/li><li style=\"font-weight: 400;\" aria-level=\"1\"><span style=\"font-weight: 400;\">Se abre una reclamaci\u00f3n a Cadillac<\/span><\/li><li style=\"font-weight: 400;\" aria-level=\"1\"><span style=\"font-weight: 400;\">La reclamaci\u00f3n se resuelve con Cadillac<\/span><\/li><li style=\"font-weight: 400;\" aria-level=\"1\"><span style=\"font-weight: 400;\">Usted recibe el pago de su Cadillac Lim\u00f3n<\/span><\/li><\/ol><h3><span style=\"font-weight: 400;\">\u00bfPor qu\u00e9 elegirnos para su caso<\/span><span style=\"font-weight: 400;\"> de Ley del Lim\u00f3n de<\/span><span style=\"font-weight: 400;\"> Cadillac <\/span><span style=\"font-weight: 400;\">Lemon Law<\/span><span style=\"font-weight: 400;\">?<\/span><\/h3><p><span style=\"font-weight: 400;\">Nuestro equipo de abogados expertos en la <\/span><span style=\"font-weight: 400;\">L<\/span><span style=\"font-weight: 400;\">ey del <\/span><span style=\"font-weight: 400;\">L<\/span><span style=\"font-weight: 400;\">im\u00f3n se especializa en la gesti\u00f3n de casos relacionados con veh\u00edculos defectuosos, cubriendo todos los modelos de Cadillac. Nos enorgullece nuestra trayectoria constante de defensa con \u00e9xito de los derechos de los consumidores y la obtenci\u00f3n de la indemnizaci\u00f3n que se merecen.<\/span><\/p><h3><span style=\"font-weight: 400;\">Contacte con nosotros hoy mismo para una consulta gratuita sobre su Cadillac<\/span><\/h3><p><span style=\"font-weight: 400;\">Evite que un lim\u00f3n empa\u00f1e su viaje en Cadillac. P\u00f3ngase en contacto con nosotros ahora para una consulta gratuita para conversar sobre su situaci\u00f3n y profundizar en sus opciones en virtud de la Ley del Lim\u00f3n Cadillac. Nuestro comprometido equipo est\u00e1 aqu\u00ed para guiarle a lo largo del proceso y defender sus derechos como consumidor.<\/span><\/p><p><span style=\"font-weight: 400;\">Ten en cuenta que posees derechos cuando se trata de un veh\u00edculo Cadillac defectuoso. Perm\u00edtanos ayudarle a navegar por las complejidades de la Ley del Lim\u00f3n Cadillac y asegurarnos de que obtiene la resoluci\u00f3n a la que tiene derecho.<\/span><\/p><p><span style=\"font-weight: 400;\">Descargo de responsabilidad: Esta p\u00e1gina ofrece informaci\u00f3n general y no debe considerarse asesoramiento jur\u00eddico. Pida consejo a un abogado cualificado que le asesore en funci\u00f3n de sus circunstancias espec\u00edficas.<\/span><\/p><h3><span style=\"font-weight: 400;\">\u00bfQu\u00e9 es la Ley del Lim\u00f3n de Cadillac?<\/span><\/h3><p><span style=\"font-weight: 400;\">La Ley del Lim\u00f3n de Cadillac, al igual que otras Leyes del Lim\u00f3n, establece un marco legal con la intenci\u00f3n de salvaguardar a los consumidores que compran o alquilan veh\u00edculos que finalmente resultan ser defectuosos. M\u00e1s concretamente, la Ley del Lim\u00f3n Cadillac se refiere a los veh\u00edculos Cadillac que presentan defectos sustanciales y constantes, garantizando que los consumidores dispongan de un recurso cuando su veh\u00edculo no cumple las normas previstas en t\u00e9rminos de calidad, seguridad y rendimiento.<\/span><\/p><p><span style=\"font-weight: 400;\">De acuerdo con la Ley del Lim\u00f3n de Cadillac, si un veh\u00edculo Cadillac cumple unos criterios espec\u00edficos y presenta defectos o fallos de funcionamiento recurrentes en un plazo de tiempo determinado, el propietario o arrendatario podr\u00eda tener derecho a recibir un veh\u00edculo de sustituci\u00f3n, un reembolso o una recompra del veh\u00edculo defectuoso dispuesta por el fabricante.<\/span><\/p><p>Es vital reconocer que las leyes del lim\u00f3n pueden diferir significativamente de una jurisdicci\u00f3n a otra, abarcando tanto los requisitos previos para la calificaci\u00f3n como los procedimientos espec\u00edficos necesarios para iniciar una reclamaci\u00f3n. En caso de que sospeche que su veh\u00edculo Cadillac puede ser considerado un \u00ableim\u00f3n\u00bb, se recomienda consultar con un experto legal especializado en casos de la Ley del Lim\u00f3n. Esto le permitir\u00e1 conocer a fondo sus derechos y opciones en virtud de las distintas leyes aplicables en su estado.<\/p>\t\t\t\t\t\t\t\t<\/div>\n\t\t\t\t<\/div>\n\t\t\t\t<\/div>\n\t\t\t\t\t<\/div>\n\t\t\t\t<\/div>\n\t\t\t\t<\/div>\n\t\t","protected":false},"excerpt":{"rendered":"<p>Cadillac Cadillac Lemon Law Protecci\u00f3n de sus derechos frente a veh\u00edculos defectuosos \u00bfTiene un veh\u00edculo Cadillac con problemas persistentes de funcionamiento? No permita que un coche defectuoso merme su disfrute en la carretera. Estamos aqu\u00ed para ayudarle a entender sus derechos bajo la Ley del Lim\u00f3n Cadillac, gui\u00e1ndole a trav\u00e9s de los pasos esenciales a [&hellip;]<\/p>\n","protected":false},"author":2,"featured_media":0,"parent":2664,"menu_order":0,"comment_status":"closed","ping_status":"closed","template":"","meta":{"footnotes":""},"class_list":["post-2674","page","type-page","status-publish","hentry"],"yoast_head":"<!-- This site is optimized with the Yoast SEO plugin v27.2 - https:\/\/yoast.com\/product\/yoast-seo-wordpress\/ -->\n<title>Ley del Lim\u00f3n de Cadillac- Lemon Car Boss<\/title>\n<meta name=\"description\" content=\"Conozca sus derechos bajo la Ley del Lim\u00f3n de Cadillac con Lemon Law Boss. Abogados con experiencia le ayudan a buscar compensaci\u00f3n.\" \/>\n<meta name=\"robots\" content=\"index, follow, max-snippet:-1, max-image-preview:large, max-video-preview:-1\" \/>\n<link rel=\"canonical\" href=\"https:\/\/www.lemoncarboss.com\/es\/fabricantes\/cadillac\/\" \/>\n<meta property=\"og:locale\" content=\"es_ES\" \/>\n<meta property=\"og:type\" content=\"article\" \/>\n<meta property=\"og:title\" content=\"Ley del Lim\u00f3n de Cadillac- Lemon Car Boss\" \/>\n<meta property=\"og:description\" content=\"Conozca sus derechos bajo la Ley del Lim\u00f3n de Cadillac con Lemon Law Boss. Abogados con experiencia le ayudan a buscar compensaci\u00f3n.\" \/>\n<meta property=\"og:url\" content=\"https:\/\/www.lemoncarboss.com\/es\/fabricantes\/cadillac\/\" \/>\n<meta property=\"og:site_name\" content=\"Lemon Car Boss\" \/>\n<meta property=\"article:publisher\" content=\"https:\/\/www.facebook.com\/Lemoncarboss\" \/>\n<meta property=\"article:modified_time\" content=\"2025-12-17T21:26:22+00:00\" \/>\n<meta property=\"og:image\" content=\"https:\/\/www.lemoncarboss.com\/wp-content\/uploads\/2023\/07\/lemon_slice-scaled-e1689108795666-300x116.webp\" \/>\n<meta name=\"twitter:card\" content=\"summary_large_image\" \/>\n<meta name=\"twitter:label1\" content=\"Tiempo de lectura\" \/>\n\t<meta name=\"twitter:data1\" content=\"6 minutos\" \/>\n<script type=\"application\/ld+json\" class=\"yoast-schema-graph\">{\"@context\":\"https:\/\/schema.org\",\"@graph\":[{\"@type\":\"WebPage\",\"@id\":\"https:\/\/www.lemoncarboss.com\/es\/fabricantes\/cadillac\/\",\"url\":\"https:\/\/www.lemoncarboss.com\/es\/fabricantes\/cadillac\/\",\"name\":\"Ley del Lim\u00f3n de Cadillac- Lemon Car Boss\",\"isPartOf\":{\"@id\":\"https:\/\/www.lemoncarboss.com\/#website\"},\"primaryImageOfPage\":{\"@id\":\"https:\/\/www.lemoncarboss.com\/es\/fabricantes\/cadillac\/#primaryimage\"},\"image\":{\"@id\":\"https:\/\/www.lemoncarboss.com\/es\/fabricantes\/cadillac\/#primaryimage\"},\"thumbnailUrl\":\"https:\/\/www.lemoncarboss.com\/wp-content\/uploads\/2023\/07\/lemon_slice-scaled-e1689108795666-300x116.webp\",\"datePublished\":\"2023-08-31T23:07:12+00:00\",\"dateModified\":\"2025-12-17T21:26:22+00:00\",\"description\":\"Conozca sus derechos bajo la Ley del Lim\u00f3n de Cadillac con Lemon Law Boss. Abogados con experiencia le ayudan a buscar compensaci\u00f3n.\",\"breadcrumb\":{\"@id\":\"https:\/\/www.lemoncarboss.com\/es\/fabricantes\/cadillac\/#breadcrumb\"},\"inLanguage\":\"es\",\"potentialAction\":[{\"@type\":\"ReadAction\",\"target\":[\"https:\/\/www.lemoncarboss.com\/es\/fabricantes\/cadillac\/\"]}]},{\"@type\":\"ImageObject\",\"inLanguage\":\"es\",\"@id\":\"https:\/\/www.lemoncarboss.com\/es\/fabricantes\/cadillac\/#primaryimage\",\"url\":\"https:\/\/www.lemoncarboss.com\/wp-content\/uploads\/2023\/07\/lemon_slice-scaled-e1689108795666-300x116.webp\",\"contentUrl\":\"https:\/\/www.lemoncarboss.com\/wp-content\/uploads\/2023\/07\/lemon_slice-scaled-e1689108795666-300x116.webp\"},{\"@type\":\"BreadcrumbList\",\"@id\":\"https:\/\/www.lemoncarboss.com\/es\/fabricantes\/cadillac\/#breadcrumb\",\"itemListElement\":[{\"@type\":\"ListItem\",\"position\":1,\"name\":\"Home\",\"item\":\"https:\/\/www.lemoncarboss.com\/es\/\"},{\"@type\":\"ListItem\",\"position\":2,\"name\":\"Fabricantes\",\"item\":\"https:\/\/www.lemoncarboss.com\/es\/fabricantes\/\"},{\"@type\":\"ListItem\",\"position\":3,\"name\":\"Cadillac\"}]},{\"@type\":\"WebSite\",\"@id\":\"https:\/\/www.lemoncarboss.com\/#website\",\"url\":\"https:\/\/www.lemoncarboss.com\/\",\"name\":\"Lemon Car Boss\",\"description\":\"\",\"publisher\":{\"@id\":\"https:\/\/www.lemoncarboss.com\/#organization\"},\"alternateName\":\"Lemon Law\",\"potentialAction\":[{\"@type\":\"SearchAction\",\"target\":{\"@type\":\"EntryPoint\",\"urlTemplate\":\"https:\/\/www.lemoncarboss.com\/?s={search_term_string}\"},\"query-input\":{\"@type\":\"PropertyValueSpecification\",\"valueRequired\":true,\"valueName\":\"search_term_string\"}}],\"inLanguage\":\"es\"},{\"@type\":\"Organization\",\"@id\":\"https:\/\/www.lemoncarboss.com\/#organization\",\"name\":\"Lemon Car Boss\",\"alternateName\":\"Lemon Law\",\"url\":\"https:\/\/www.lemoncarboss.com\/\",\"logo\":{\"@type\":\"ImageObject\",\"inLanguage\":\"es\",\"@id\":\"https:\/\/www.lemoncarboss.com\/#\/schema\/logo\/image\/\",\"url\":\"https:\/\/www.lemoncarboss.com\/wp-content\/uploads\/2023\/07\/Logo-HI-RES.png\",\"contentUrl\":\"https:\/\/www.lemoncarboss.com\/wp-content\/uploads\/2023\/07\/Logo-HI-RES.png\",\"width\":1682,\"height\":547,\"caption\":\"Lemon Car Boss\"},\"image\":{\"@id\":\"https:\/\/www.lemoncarboss.com\/#\/schema\/logo\/image\/\"},\"sameAs\":[\"https:\/\/www.facebook.com\/Lemoncarboss\",\"https:\/\/www.instagram.com\/lemon_car_boss\/\",\"https:\/\/www.tiktok.com\/@lemoncarboss\",\"https:\/\/www.youtube.com\/@LEMONCARBOSS\"]}]}<\/script>\n<!-- \/ Yoast SEO plugin. -->","yoast_head_json":{"title":"Ley del Lim\u00f3n de Cadillac- Lemon Car Boss","description":"Conozca sus derechos bajo la Ley del Lim\u00f3n de Cadillac con Lemon Law Boss. Abogados con experiencia le ayudan a buscar compensaci\u00f3n.","robots":{"index":"index","follow":"follow","max-snippet":"max-snippet:-1","max-image-preview":"max-image-preview:large","max-video-preview":"max-video-preview:-1"},"canonical":"https:\/\/www.lemoncarboss.com\/es\/fabricantes\/cadillac\/","og_locale":"es_ES","og_type":"article","og_title":"Ley del Lim\u00f3n de Cadillac- Lemon Car Boss","og_description":"Conozca sus derechos bajo la Ley del Lim\u00f3n de Cadillac con Lemon Law Boss. Abogados con experiencia le ayudan a buscar compensaci\u00f3n.","og_url":"https:\/\/www.lemoncarboss.com\/es\/fabricantes\/cadillac\/","og_site_name":"Lemon Car Boss","article_publisher":"https:\/\/www.facebook.com\/Lemoncarboss","article_modified_time":"2025-12-17T21:26:22+00:00","og_image":[{"url":"https:\/\/www.lemoncarboss.com\/wp-content\/uploads\/2023\/07\/lemon_slice-scaled-e1689108795666-300x116.webp","type":"","width":"","height":""}],"twitter_card":"summary_large_image","twitter_misc":{"Tiempo de lectura":"6 minutos"},"schema":{"@context":"https:\/\/schema.org","@graph":[{"@type":"WebPage","@id":"https:\/\/www.lemoncarboss.com\/es\/fabricantes\/cadillac\/","url":"https:\/\/www.lemoncarboss.com\/es\/fabricantes\/cadillac\/","name":"Ley del Lim\u00f3n de Cadillac- Lemon Car Boss","isPartOf":{"@id":"https:\/\/www.lemoncarboss.com\/#website"},"primaryImageOfPage":{"@id":"https:\/\/www.lemoncarboss.com\/es\/fabricantes\/cadillac\/#primaryimage"},"image":{"@id":"https:\/\/www.lemoncarboss.com\/es\/fabricantes\/cadillac\/#primaryimage"},"thumbnailUrl":"https:\/\/www.lemoncarboss.com\/wp-content\/uploads\/2023\/07\/lemon_slice-scaled-e1689108795666-300x116.webp","datePublished":"2023-08-31T23:07:12+00:00","dateModified":"2025-12-17T21:26:22+00:00","description":"Conozca sus derechos bajo la Ley del Lim\u00f3n de Cadillac con Lemon Law Boss. Abogados con experiencia le ayudan a buscar compensaci\u00f3n.","breadcrumb":{"@id":"https:\/\/www.lemoncarboss.com\/es\/fabricantes\/cadillac\/#breadcrumb"},"inLanguage":"es","potentialAction":[{"@type":"ReadAction","target":["https:\/\/www.lemoncarboss.com\/es\/fabricantes\/cadillac\/"]}]},{"@type":"ImageObject","inLanguage":"es","@id":"https:\/\/www.lemoncarboss.com\/es\/fabricantes\/cadillac\/#primaryimage","url":"https:\/\/www.lemoncarboss.com\/wp-content\/uploads\/2023\/07\/lemon_slice-scaled-e1689108795666-300x116.webp","contentUrl":"https:\/\/www.lemoncarboss.com\/wp-content\/uploads\/2023\/07\/lemon_slice-scaled-e1689108795666-300x116.webp"},{"@type":"BreadcrumbList","@id":"https:\/\/www.lemoncarboss.com\/es\/fabricantes\/cadillac\/#breadcrumb","itemListElement":[{"@type":"ListItem","position":1,"name":"Home","item":"https:\/\/www.lemoncarboss.com\/es\/"},{"@type":"ListItem","position":2,"name":"Fabricantes","item":"https:\/\/www.lemoncarboss.com\/es\/fabricantes\/"},{"@type":"ListItem","position":3,"name":"Cadillac"}]},{"@type":"WebSite","@id":"https:\/\/www.lemoncarboss.com\/#website","url":"https:\/\/www.lemoncarboss.com\/","name":"Lemon Car Boss","description":"","publisher":{"@id":"https:\/\/www.lemoncarboss.com\/#organization"},"alternateName":"Lemon Law","potentialAction":[{"@type":"SearchAction","target":{"@type":"EntryPoint","urlTemplate":"https:\/\/www.lemoncarboss.com\/?s={search_term_string}"},"query-input":{"@type":"PropertyValueSpecification","valueRequired":true,"valueName":"search_term_string"}}],"inLanguage":"es"},{"@type":"Organization","@id":"https:\/\/www.lemoncarboss.com\/#organization","name":"Lemon Car Boss","alternateName":"Lemon Law","url":"https:\/\/www.lemoncarboss.com\/","logo":{"@type":"ImageObject","inLanguage":"es","@id":"https:\/\/www.lemoncarboss.com\/#\/schema\/logo\/image\/","url":"https:\/\/www.lemoncarboss.com\/wp-content\/uploads\/2023\/07\/Logo-HI-RES.png","contentUrl":"https:\/\/www.lemoncarboss.com\/wp-content\/uploads\/2023\/07\/Logo-HI-RES.png","width":1682,"height":547,"caption":"Lemon Car Boss"},"image":{"@id":"https:\/\/www.lemoncarboss.com\/#\/schema\/logo\/image\/"},"sameAs":["https:\/\/www.facebook.com\/Lemoncarboss","https:\/\/www.instagram.com\/lemon_car_boss\/","https:\/\/www.tiktok.com\/@lemoncarboss","https:\/\/www.youtube.com\/@LEMONCARBOSS"]}]}},"_links":{"self":[{"href":"https:\/\/www.lemoncarboss.com\/es\/wp-json\/wp\/v2\/pages\/2674","targetHints":{"allow":["GET"]}}],"collection":[{"href":"https:\/\/www.lemoncarboss.com\/es\/wp-json\/wp\/v2\/pages"}],"about":[{"href":"https:\/\/www.lemoncarboss.com\/es\/wp-json\/wp\/v2\/types\/page"}],"author":[{"embeddable":true,"href":"https:\/\/www.lemoncarboss.com\/es\/wp-json\/wp\/v2\/users\/2"}],"replies":[{"embeddable":true,"href":"https:\/\/www.lemoncarboss.com\/es\/wp-json\/wp\/v2\/comments?post=2674"}],"version-history":[{"count":3,"href":"https:\/\/www.lemoncarboss.com\/es\/wp-json\/wp\/v2\/pages\/2674\/revisions"}],"predecessor-version":[{"id":3959,"href":"https:\/\/www.lemoncarboss.com\/es\/wp-json\/wp\/v2\/pages\/2674\/revisions\/3959"}],"up":[{"embeddable":true,"href":"https:\/\/www.lemoncarboss.com\/es\/wp-json\/wp\/v2\/pages\/2664"}],"wp:attachment":[{"href":"https:\/\/www.lemoncarboss.com\/es\/wp-json\/wp\/v2\/media?parent=2674"}],"curies":[{"name":"wp","href":"https:\/\/api.w.org\/{rel}","templated":true}]}}