{"id":2677,"date":"2023-08-30T11:42:13","date_gmt":"2023-08-30T18:42:13","guid":{"rendered":"https:\/\/www.lemoncarboss.com\/fabricantes\/acura\/"},"modified":"2025-12-17T13:44:36","modified_gmt":"2025-12-17T21:44:36","slug":"acura","status":"publish","type":"page","link":"https:\/\/www.lemoncarboss.com\/es\/fabricantes\/acura\/","title":{"rendered":"Acura"},"content":{"rendered":"\t\t<div data-elementor-type=\"wp-page\" data-elementor-id=\"2677\" class=\"elementor elementor-2677 elementor-1630\" data-elementor-post-type=\"page\">\n\t\t\t\t<div class=\"elementor-element elementor-element-44f73924 e-flex e-con-boxed e-con e-parent\" data-id=\"44f73924\" data-element_type=\"container\" data-e-type=\"container\" data-settings=\"{&quot;background_background&quot;:&quot;classic&quot;}\">\n\t\t\t\t\t<div class=\"e-con-inner\">\n\t\t\t\t<div class=\"elementor-element elementor-element-273427ee elementor-widget__width-initial elementor-widget elementor-widget-text-editor\" data-id=\"273427ee\" data-element_type=\"widget\" data-e-type=\"widget\" data-widget_type=\"text-editor.default\">\n\t\t\t\t<div class=\"elementor-widget-container\">\n\t\t\t\t\t\t\t\t\t<h1>Acura<\/h1>\t\t\t\t\t\t\t\t<\/div>\n\t\t\t\t<\/div>\n\t\t\t\t\t<\/div>\n\t\t\t\t<\/div>\n\t\t<div class=\"elementor-element elementor-element-b92f206 e-flex e-con-boxed e-con e-parent\" data-id=\"b92f206\" data-element_type=\"container\" data-e-type=\"container\" data-settings=\"{&quot;background_background&quot;:&quot;classic&quot;}\">\n\t\t\t\t\t<div class=\"e-con-inner\">\n\t\t<div class=\"elementor-element elementor-element-6fb514fb e-con-full e-flex e-con e-child\" data-id=\"6fb514fb\" data-element_type=\"container\" data-e-type=\"container\">\n\t\t\t\t<div class=\"elementor-element elementor-element-65478628 elementor-widget elementor-widget-text-editor\" data-id=\"65478628\" data-element_type=\"widget\" data-e-type=\"widget\" data-widget_type=\"text-editor.default\">\n\t\t\t\t<div class=\"elementor-widget-container\">\n\t\t\t\t\t\t\t\t\t<h2>Acura Lemon Law<\/h2>\t\t\t\t\t\t\t\t<\/div>\n\t\t\t\t<\/div>\n\t\t\t\t<div class=\"elementor-element elementor-element-a201896 elementor-widget elementor-widget-image\" data-id=\"a201896\" data-element_type=\"widget\" data-e-type=\"widget\" data-widget_type=\"image.default\">\n\t\t\t\t<div class=\"elementor-widget-container\">\n\t\t\t\t\t\t\t\t\t\t\t\t\t\t\t<img decoding=\"async\" width=\"300\" height=\"116\" src=\"https:\/\/www.lemoncarboss.com\/wp-content\/uploads\/2023\/07\/lemon_slice-scaled-e1689108795666-300x116.webp\" class=\"attachment-medium size-medium wp-image-2626\" alt=\"\" srcset=\"https:\/\/www.lemoncarboss.com\/wp-content\/uploads\/2023\/07\/lemon_slice-scaled-e1689108795666-300x116.webp 300w, https:\/\/www.lemoncarboss.com\/wp-content\/uploads\/2023\/07\/lemon_slice-scaled-e1689108795666-1024x397.webp 1024w, https:\/\/www.lemoncarboss.com\/wp-content\/uploads\/2023\/07\/lemon_slice-scaled-e1689108795666-768x298.webp 768w, https:\/\/www.lemoncarboss.com\/wp-content\/uploads\/2023\/07\/lemon_slice-scaled-e1689108795666-1536x595.webp 1536w, https:\/\/www.lemoncarboss.com\/wp-content\/uploads\/2023\/07\/lemon_slice-scaled-e1689108795666-2048x794.webp 2048w\" sizes=\"(max-width: 300px) 100vw, 300px\" \/>\t\t\t\t\t\t\t\t\t\t\t\t\t\t\t<\/div>\n\t\t\t\t<\/div>\n\t\t\t\t<div class=\"elementor-element elementor-element-532c8867 elementor-widget elementor-widget-text-editor\" data-id=\"532c8867\" data-element_type=\"widget\" data-e-type=\"widget\" data-widget_type=\"text-editor.default\">\n\t\t\t\t<div class=\"elementor-widget-container\">\n\t\t\t\t\t\t\t\t\t<h3>Protecci\u00f3n de sus derechos frente a veh\u00edculos defectuosos<\/h3><p>\u00bfTiene un Acura que se enfrenta a continuas aver\u00edas y problemas? No dejes que un coche defectuoso empa\u00f1e perjudique tu conducci\u00f3n. Perm\u00edtanos guiarle a trav\u00e9s de sus derechos en virtud de la Ley del Lim\u00f3n de Acura, las acciones necesarias y el camino hacia la reparaci\u00f3n de un veh\u00edculo que funciona mal.<\/p><h3>Comprender la Ley del Lim\u00f3n de Acura<\/h3><p>La Ley del Lim\u00f3n de Acura protege a los consumidores que han comprado o alquilado veh\u00edculos nuevos que presentan constantemente defectos que afectan a su seguridad, valor o funcionalidad. Si su Acura cumple determinadas condiciones, podr\u00eda optar a una sustituci\u00f3n, un reembolso o una reparaci\u00f3n cubierta por el fabricante.<\/p><h3>Problemas comunes de Acura<\/h3><ul><li>Problemas de transmisi\u00f3n<\/li><li>Fuga excesiva de aceite<\/li><li>Problemas de infoentretenimiento<\/li><li>Conectividad Bluetooth<\/li><li>Desgaste prematuro de los frenos<\/li><li>Aver\u00eda del compresor del CA aire acondicionado<\/li><li>Direcci\u00f3n asistida<\/li><li>Problemas con la correa de distribuci\u00f3n<\/li><li>Problemas de la cadena<\/li><li>Motores<\/li><li>Sistema de calefacci\u00f3n<\/li><li>Problemas con la v\u00e1lvula EGR<\/li><li>Problemas con los sensores<\/li><li>Cremallera de direcci\u00f3n<\/li><li>Suspensi\u00f3n<\/li><li>Fugas de agua<\/li><li>Windows<\/li><\/ul><h3>Modelos Acura<\/h3><p>Modelos Acura comunes sujetos a boletines de servicio t\u00e9cnico (TSB) y llamadas a revisi\u00f3n.<\/p><ul><li>Acura CL<\/li><li>Acura ILX<\/li><li>Acura TL<\/li><li>Acura TLX<\/li><li>Acura MDX<\/li><li>Acura RDX<\/li><li>Acura RLX<\/li><\/ul><h3>Requisitos de la Ley del Lim\u00f3n de Recompra de Acura<\/h3><p>Para poder optar a una recompra en virtud de la Ley del Lim\u00f3n de Acura, generalmente deben cumplirse varias condiciones:<\/p><p><strong>Defectos repetitivos:<\/strong> El veh\u00edculo debe tener un defecto o problema sustancial que se produzca repetidamente, incluso despu\u00e9s de m\u00faltiples intentos de reparaci\u00f3n.<\/p><p><strong>Seguridad, valor o uso afectados<\/strong>: El defecto debe comprometer la seguridad del veh\u00edculo, depreciar su valor o dificultar su correcto uso. Esto abarca problemas relacionados con piezas esenciales como el motor, los frenos, la transmisi\u00f3n y la direcci\u00f3n, entre otros.<br \/><br \/><\/p><p><strong>Cobertura de la garant\u00eda:<\/strong> Los problemas identificados deben surgir durante la duraci\u00f3n de la garant\u00eda del veh\u00edculo o dentro de un periodo definido.<\/p><p><strong>N\u00famero de intentos de reparaci\u00f3n<\/strong>: De acuerdo con la Ley del Lim\u00f3n de cada pa\u00eds, el fabricante o el concesionario deben tener la oportunidad de rectificar el defecto. Si no son capaces de hacerlo en ese plazo, puede surgir la opci\u00f3n de recompra del veh\u00edculo. Esto implica que, en primer lugar, se debe dar la oportunidad a un taller de reparaci\u00f3n autorizado de Acura para que intente solucionar los problemas de su Acura. Si estos problemas persisten a pesar de m\u00faltiples visitas, el veh\u00edculo Acura podr\u00eda potencialmente cumplir los criterios para ser etiquetado como un lim\u00f3n.<\/p><p><strong>D\u00edas fuera de servicio<\/strong>: De acuerdo con la Ley del Lim\u00f3n de cada pa\u00eds, el fabricante o el concesionario deben tener la oportunidad de rectificar el defecto. Si no son capaces de hacerlo en ese plazo, puede surgir la opci\u00f3n de recompra del veh\u00edculo. Esto implica que, en primer lugar, se debe dar la oportunidad a un taller de reparaci\u00f3n autorizado de Acura para que intente solucionar los problemas de su Acura. Si estos problemas persisten a pesar de m\u00faltiples visitas, el veh\u00edculo Acura podr\u00eda potencialmente cumplir los criterios para ser etiquetado como un lim\u00f3n.<\/p><p><strong>Arbitraje o proceso judicial<\/strong>: Si el fabricante y el concesionario no consiguen resolver adecuadamente los defectos, el consumidor podr\u00eda verse obligado a iniciar un procedimiento de arbitraje o emprender acciones legales para buscar una soluci\u00f3n.<\/p><p><strong>Leyes espec\u00edficas de cada Estado<\/strong>: Las Leyes del Lim\u00f3n var\u00edan de un estado a otro, por lo que es fundamental conocer la normativa espec\u00edfica de su jurisdicci\u00f3n. Algunos estados tienen requisitos m\u00e1s estrictos, mientras que otros son m\u00e1s indulgentes.<\/p><h3>Pasos para iniciar una reclamaci\u00f3n de la Ley del Lim\u00f3n de Acura<\/h3><ol><li>Evaluaci\u00f3n de su caso<\/li><li>Recopilaci\u00f3n de documentaci\u00f3n<\/li><li>Apertura de una reclamaci\u00f3n ante Acura<\/li><li>Resoluci\u00f3n de la reclamaci\u00f3n con Acura<\/li><li>Recibo de indemnizaci\u00f3n por su Acura Lemon<\/li><\/ol><h3>\u00bfQu\u00e9 hace que Lemon Car Boss sea la opci\u00f3n ideal para llevar su caso de la Ley del Lim\u00f3n de Acura?<\/h3><p>Nuestro grupo de abogados expertos en la Ley del Lim\u00f3n se centra en casos relacionados con veh\u00edculos defectuosos, abarcando todos los modelos de Acura (CL, ILX, TL, TLX, MDX, RDX, RLX). Con un historial demostrado de defensa eficaz de los derechos de los consumidores y de consecuci\u00f3n de indemnizaciones leg\u00edtimas, destacamos.<\/p><h3>P\u00f3ngase en contacto con nosotros hoy mismo para recibir una consulta gratuita sobre su Acura.<\/h3><p>Proteja su experiencia Acura del impacto de un lim\u00f3n. P\u00f3ngase en contacto con nosotros sin demora para una consulta gratuita para hablar de su situaci\u00f3n y descubrir las v\u00edas que ofrece la Ley del Lim\u00f3n de Tesla. Nuestro resuelto equipo est\u00e1 preparado para guiarle a trav\u00e9s del procedimiento y defender sus derechos como consumidor.<\/p><p>Tenga siempre presente que, ante un veh\u00edculo Acura defectuoso, sus derechos est\u00e1n intactos. Perm\u00edtanos ayudarle a maniobrar en el terreno de la Ley del Lim\u00f3n de Acura, asegurando el remedio leg\u00edtimo que usted merece.<\/p><p><strong>Descargo de responsabilidad:<\/strong> El contenido de esta p\u00e1gina ofrece una visi\u00f3n general y no debe interpretarse como asesoramiento jur\u00eddico. Para obtener orientaci\u00f3n pertinente a sus circunstancias individuales, es aconsejable pedir consejo a un abogado cualificado.<\/p><h3>\u00bfQu\u00e9 es la Ley del Lim\u00f3n de Acura?<\/h3><p>La Ley del Lim\u00f3n de Acura, al igual que otras Leyes del Lim\u00f3n, constituye un marco legal creado para salvaguardar a los consumidores que compran o alquilan veh\u00edculos que presentan defectos. En concreto, la Ley del Lim\u00f3n de Acura es aplicable a los veh\u00edculos el\u00e9ctricos de Acura que se enfrentan a fallos persistentes y significativos. Esto garantiza que los consumidores dispongan de una v\u00eda de actuaci\u00f3n cuando su veh\u00edculo no alcanza los niveles de calidad, seguridad y prestaciones previstos.<\/p><p>Seg\u00fan la Ley del Lim\u00f3n de Acura, si un veh\u00edculo Acura cumple unas condiciones espec\u00edficas y presenta defectos o aver\u00edas recurrentes en un plazo determinado, el propietario o arrendatario podr\u00eda optar a un veh\u00edculo de sustituci\u00f3n, a un reembolso o a que el fabricante recompre el veh\u00edculo defectuoso.<\/p><p>Cabe destacar que las particularidades de las leyes del lim\u00f3n pueden variar notablemente de una jurisdicci\u00f3n a otra, tanto en lo que se refiere a los requisitos previos como a los pasos precisos para presentar una reclamaci\u00f3n. Si sospecha que su veh\u00edculo Acura es un producto defectuoso, es recomendable que busque asesoramiento de un experto legal especializado en casos de la Ley del Lim\u00f3n. Esto le ayudar\u00e1 a comprender sus derechos y opciones con arreglo a las leyes concretas de su estado.<\/p>\t\t\t\t\t\t\t\t<\/div>\n\t\t\t\t<\/div>\n\t\t\t\t<\/div>\n\t\t\t\t\t<\/div>\n\t\t\t\t<\/div>\n\t\t\t\t<\/div>\n\t\t","protected":false},"excerpt":{"rendered":"<p>Acura Acura Lemon Law Protecci\u00f3n de sus derechos frente a veh\u00edculos defectuosos \u00bfTiene un Acura que se enfrenta a continuas aver\u00edas y problemas? No dejes que un coche defectuoso empa\u00f1e perjudique tu conducci\u00f3n. Perm\u00edtanos guiarle a trav\u00e9s de sus derechos en virtud de la Ley del Lim\u00f3n de Acura, las acciones necesarias y el camino [&hellip;]<\/p>\n","protected":false},"author":2,"featured_media":0,"parent":2664,"menu_order":0,"comment_status":"closed","ping_status":"closed","template":"","meta":{"footnotes":""},"class_list":["post-2677","page","type-page","status-publish","hentry"],"yoast_head":"<!-- This site is optimized with the Yoast SEO plugin v27.2 - https:\/\/yoast.com\/product\/yoast-seo-wordpress\/ -->\n<title>Ley del Lim\u00f3n de Acura - Lemon Car Boss<\/title>\n<meta name=\"description\" content=\"Derechos Acura Lemon Law con Lemon Law Boss. Experiencia en casos de autos defectuosos Acura para buscar compensaci\u00f3n y resoluci\u00f3n.\" \/>\n<meta name=\"robots\" content=\"index, follow, max-snippet:-1, max-image-preview:large, max-video-preview:-1\" \/>\n<link rel=\"canonical\" href=\"https:\/\/www.lemoncarboss.com\/es\/fabricantes\/acura\/\" \/>\n<meta property=\"og:locale\" content=\"es_ES\" \/>\n<meta property=\"og:type\" content=\"article\" \/>\n<meta property=\"og:title\" content=\"Ley del Lim\u00f3n de Acura - Lemon Car Boss\" \/>\n<meta property=\"og:description\" content=\"Derechos Acura Lemon Law con Lemon Law Boss. Experiencia en casos de autos defectuosos Acura para buscar compensaci\u00f3n y resoluci\u00f3n.\" \/>\n<meta property=\"og:url\" content=\"https:\/\/www.lemoncarboss.com\/es\/fabricantes\/acura\/\" \/>\n<meta property=\"og:site_name\" content=\"Lemon Car Boss\" \/>\n<meta property=\"article:publisher\" content=\"https:\/\/www.facebook.com\/Lemoncarboss\" \/>\n<meta property=\"article:modified_time\" content=\"2025-12-17T21:44:36+00:00\" \/>\n<meta property=\"og:image\" content=\"https:\/\/www.lemoncarboss.com\/wp-content\/uploads\/2023\/07\/lemon_slice-scaled-e1689108795666-300x116.webp\" \/>\n<meta name=\"twitter:card\" content=\"summary_large_image\" \/>\n<meta name=\"twitter:label1\" content=\"Tiempo de lectura\" \/>\n\t<meta name=\"twitter:data1\" content=\"5 minutos\" \/>\n<script type=\"application\/ld+json\" class=\"yoast-schema-graph\">{\"@context\":\"https:\/\/schema.org\",\"@graph\":[{\"@type\":\"WebPage\",\"@id\":\"https:\/\/www.lemoncarboss.com\/es\/fabricantes\/acura\/\",\"url\":\"https:\/\/www.lemoncarboss.com\/es\/fabricantes\/acura\/\",\"name\":\"Ley del Lim\u00f3n de Acura - Lemon Car Boss\",\"isPartOf\":{\"@id\":\"https:\/\/www.lemoncarboss.com\/#website\"},\"primaryImageOfPage\":{\"@id\":\"https:\/\/www.lemoncarboss.com\/es\/fabricantes\/acura\/#primaryimage\"},\"image\":{\"@id\":\"https:\/\/www.lemoncarboss.com\/es\/fabricantes\/acura\/#primaryimage\"},\"thumbnailUrl\":\"https:\/\/www.lemoncarboss.com\/wp-content\/uploads\/2023\/07\/lemon_slice-scaled-e1689108795666-300x116.webp\",\"datePublished\":\"2023-08-30T18:42:13+00:00\",\"dateModified\":\"2025-12-17T21:44:36+00:00\",\"description\":\"Derechos Acura Lemon Law con Lemon Law Boss. Experiencia en casos de autos defectuosos Acura para buscar compensaci\u00f3n y resoluci\u00f3n.\",\"breadcrumb\":{\"@id\":\"https:\/\/www.lemoncarboss.com\/es\/fabricantes\/acura\/#breadcrumb\"},\"inLanguage\":\"es\",\"potentialAction\":[{\"@type\":\"ReadAction\",\"target\":[\"https:\/\/www.lemoncarboss.com\/es\/fabricantes\/acura\/\"]}]},{\"@type\":\"ImageObject\",\"inLanguage\":\"es\",\"@id\":\"https:\/\/www.lemoncarboss.com\/es\/fabricantes\/acura\/#primaryimage\",\"url\":\"https:\/\/www.lemoncarboss.com\/wp-content\/uploads\/2023\/07\/lemon_slice-scaled-e1689108795666-300x116.webp\",\"contentUrl\":\"https:\/\/www.lemoncarboss.com\/wp-content\/uploads\/2023\/07\/lemon_slice-scaled-e1689108795666-300x116.webp\"},{\"@type\":\"BreadcrumbList\",\"@id\":\"https:\/\/www.lemoncarboss.com\/es\/fabricantes\/acura\/#breadcrumb\",\"itemListElement\":[{\"@type\":\"ListItem\",\"position\":1,\"name\":\"Home\",\"item\":\"https:\/\/www.lemoncarboss.com\/es\/\"},{\"@type\":\"ListItem\",\"position\":2,\"name\":\"Fabricantes\",\"item\":\"https:\/\/www.lemoncarboss.com\/es\/fabricantes\/\"},{\"@type\":\"ListItem\",\"position\":3,\"name\":\"Acura\"}]},{\"@type\":\"WebSite\",\"@id\":\"https:\/\/www.lemoncarboss.com\/#website\",\"url\":\"https:\/\/www.lemoncarboss.com\/\",\"name\":\"Lemon Car Boss\",\"description\":\"\",\"publisher\":{\"@id\":\"https:\/\/www.lemoncarboss.com\/#organization\"},\"alternateName\":\"Lemon Law\",\"potentialAction\":[{\"@type\":\"SearchAction\",\"target\":{\"@type\":\"EntryPoint\",\"urlTemplate\":\"https:\/\/www.lemoncarboss.com\/?s={search_term_string}\"},\"query-input\":{\"@type\":\"PropertyValueSpecification\",\"valueRequired\":true,\"valueName\":\"search_term_string\"}}],\"inLanguage\":\"es\"},{\"@type\":\"Organization\",\"@id\":\"https:\/\/www.lemoncarboss.com\/#organization\",\"name\":\"Lemon Car Boss\",\"alternateName\":\"Lemon Law\",\"url\":\"https:\/\/www.lemoncarboss.com\/\",\"logo\":{\"@type\":\"ImageObject\",\"inLanguage\":\"es\",\"@id\":\"https:\/\/www.lemoncarboss.com\/#\/schema\/logo\/image\/\",\"url\":\"https:\/\/www.lemoncarboss.com\/wp-content\/uploads\/2023\/07\/Logo-HI-RES.png\",\"contentUrl\":\"https:\/\/www.lemoncarboss.com\/wp-content\/uploads\/2023\/07\/Logo-HI-RES.png\",\"width\":1682,\"height\":547,\"caption\":\"Lemon Car Boss\"},\"image\":{\"@id\":\"https:\/\/www.lemoncarboss.com\/#\/schema\/logo\/image\/\"},\"sameAs\":[\"https:\/\/www.facebook.com\/Lemoncarboss\",\"https:\/\/www.instagram.com\/lemon_car_boss\/\",\"https:\/\/www.tiktok.com\/@lemoncarboss\",\"https:\/\/www.youtube.com\/@LEMONCARBOSS\"]}]}<\/script>\n<!-- \/ Yoast SEO plugin. -->","yoast_head_json":{"title":"Ley del Lim\u00f3n de Acura - Lemon Car Boss","description":"Derechos Acura Lemon Law con Lemon Law Boss. Experiencia en casos de autos defectuosos Acura para buscar compensaci\u00f3n y resoluci\u00f3n.","robots":{"index":"index","follow":"follow","max-snippet":"max-snippet:-1","max-image-preview":"max-image-preview:large","max-video-preview":"max-video-preview:-1"},"canonical":"https:\/\/www.lemoncarboss.com\/es\/fabricantes\/acura\/","og_locale":"es_ES","og_type":"article","og_title":"Ley del Lim\u00f3n de Acura - Lemon Car Boss","og_description":"Derechos Acura Lemon Law con Lemon Law Boss. Experiencia en casos de autos defectuosos Acura para buscar compensaci\u00f3n y resoluci\u00f3n.","og_url":"https:\/\/www.lemoncarboss.com\/es\/fabricantes\/acura\/","og_site_name":"Lemon Car Boss","article_publisher":"https:\/\/www.facebook.com\/Lemoncarboss","article_modified_time":"2025-12-17T21:44:36+00:00","og_image":[{"url":"https:\/\/www.lemoncarboss.com\/wp-content\/uploads\/2023\/07\/lemon_slice-scaled-e1689108795666-300x116.webp","type":"","width":"","height":""}],"twitter_card":"summary_large_image","twitter_misc":{"Tiempo de lectura":"5 minutos"},"schema":{"@context":"https:\/\/schema.org","@graph":[{"@type":"WebPage","@id":"https:\/\/www.lemoncarboss.com\/es\/fabricantes\/acura\/","url":"https:\/\/www.lemoncarboss.com\/es\/fabricantes\/acura\/","name":"Ley del Lim\u00f3n de Acura - Lemon Car Boss","isPartOf":{"@id":"https:\/\/www.lemoncarboss.com\/#website"},"primaryImageOfPage":{"@id":"https:\/\/www.lemoncarboss.com\/es\/fabricantes\/acura\/#primaryimage"},"image":{"@id":"https:\/\/www.lemoncarboss.com\/es\/fabricantes\/acura\/#primaryimage"},"thumbnailUrl":"https:\/\/www.lemoncarboss.com\/wp-content\/uploads\/2023\/07\/lemon_slice-scaled-e1689108795666-300x116.webp","datePublished":"2023-08-30T18:42:13+00:00","dateModified":"2025-12-17T21:44:36+00:00","description":"Derechos Acura Lemon Law con Lemon Law Boss. Experiencia en casos de autos defectuosos Acura para buscar compensaci\u00f3n y resoluci\u00f3n.","breadcrumb":{"@id":"https:\/\/www.lemoncarboss.com\/es\/fabricantes\/acura\/#breadcrumb"},"inLanguage":"es","potentialAction":[{"@type":"ReadAction","target":["https:\/\/www.lemoncarboss.com\/es\/fabricantes\/acura\/"]}]},{"@type":"ImageObject","inLanguage":"es","@id":"https:\/\/www.lemoncarboss.com\/es\/fabricantes\/acura\/#primaryimage","url":"https:\/\/www.lemoncarboss.com\/wp-content\/uploads\/2023\/07\/lemon_slice-scaled-e1689108795666-300x116.webp","contentUrl":"https:\/\/www.lemoncarboss.com\/wp-content\/uploads\/2023\/07\/lemon_slice-scaled-e1689108795666-300x116.webp"},{"@type":"BreadcrumbList","@id":"https:\/\/www.lemoncarboss.com\/es\/fabricantes\/acura\/#breadcrumb","itemListElement":[{"@type":"ListItem","position":1,"name":"Home","item":"https:\/\/www.lemoncarboss.com\/es\/"},{"@type":"ListItem","position":2,"name":"Fabricantes","item":"https:\/\/www.lemoncarboss.com\/es\/fabricantes\/"},{"@type":"ListItem","position":3,"name":"Acura"}]},{"@type":"WebSite","@id":"https:\/\/www.lemoncarboss.com\/#website","url":"https:\/\/www.lemoncarboss.com\/","name":"Lemon Car Boss","description":"","publisher":{"@id":"https:\/\/www.lemoncarboss.com\/#organization"},"alternateName":"Lemon Law","potentialAction":[{"@type":"SearchAction","target":{"@type":"EntryPoint","urlTemplate":"https:\/\/www.lemoncarboss.com\/?s={search_term_string}"},"query-input":{"@type":"PropertyValueSpecification","valueRequired":true,"valueName":"search_term_string"}}],"inLanguage":"es"},{"@type":"Organization","@id":"https:\/\/www.lemoncarboss.com\/#organization","name":"Lemon Car Boss","alternateName":"Lemon Law","url":"https:\/\/www.lemoncarboss.com\/","logo":{"@type":"ImageObject","inLanguage":"es","@id":"https:\/\/www.lemoncarboss.com\/#\/schema\/logo\/image\/","url":"https:\/\/www.lemoncarboss.com\/wp-content\/uploads\/2023\/07\/Logo-HI-RES.png","contentUrl":"https:\/\/www.lemoncarboss.com\/wp-content\/uploads\/2023\/07\/Logo-HI-RES.png","width":1682,"height":547,"caption":"Lemon Car Boss"},"image":{"@id":"https:\/\/www.lemoncarboss.com\/#\/schema\/logo\/image\/"},"sameAs":["https:\/\/www.facebook.com\/Lemoncarboss","https:\/\/www.instagram.com\/lemon_car_boss\/","https:\/\/www.tiktok.com\/@lemoncarboss","https:\/\/www.youtube.com\/@LEMONCARBOSS"]}]}},"_links":{"self":[{"href":"https:\/\/www.lemoncarboss.com\/es\/wp-json\/wp\/v2\/pages\/2677","targetHints":{"allow":["GET"]}}],"collection":[{"href":"https:\/\/www.lemoncarboss.com\/es\/wp-json\/wp\/v2\/pages"}],"about":[{"href":"https:\/\/www.lemoncarboss.com\/es\/wp-json\/wp\/v2\/types\/page"}],"author":[{"embeddable":true,"href":"https:\/\/www.lemoncarboss.com\/es\/wp-json\/wp\/v2\/users\/2"}],"replies":[{"embeddable":true,"href":"https:\/\/www.lemoncarboss.com\/es\/wp-json\/wp\/v2\/comments?post=2677"}],"version-history":[{"count":3,"href":"https:\/\/www.lemoncarboss.com\/es\/wp-json\/wp\/v2\/pages\/2677\/revisions"}],"predecessor-version":[{"id":3938,"href":"https:\/\/www.lemoncarboss.com\/es\/wp-json\/wp\/v2\/pages\/2677\/revisions\/3938"}],"up":[{"embeddable":true,"href":"https:\/\/www.lemoncarboss.com\/es\/wp-json\/wp\/v2\/pages\/2664"}],"wp:attachment":[{"href":"https:\/\/www.lemoncarboss.com\/es\/wp-json\/wp\/v2\/media?parent=2677"}],"curies":[{"name":"wp","href":"https:\/\/api.w.org\/{rel}","templated":true}]}}