{"id":2680,"date":"2023-08-29T23:43:26","date_gmt":"2023-08-30T06:43:26","guid":{"rendered":"https:\/\/www.lemoncarboss.com\/fabricantes\/tesla\/modelo-s\/"},"modified":"2025-12-17T13:37:26","modified_gmt":"2025-12-17T21:37:26","slug":"modelo-s","status":"publish","type":"page","link":"https:\/\/www.lemoncarboss.com\/es\/fabricantes\/tesla\/modelo-s\/","title":{"rendered":"Modelo-S"},"content":{"rendered":"\t\t<div data-elementor-type=\"wp-page\" data-elementor-id=\"2680\" class=\"elementor elementor-2680 elementor-1604\" data-elementor-post-type=\"page\">\n\t\t\t\t<div class=\"elementor-element elementor-element-44f73924 e-flex e-con-boxed e-con e-parent\" data-id=\"44f73924\" data-element_type=\"container\" data-e-type=\"container\" data-settings=\"{&quot;background_background&quot;:&quot;classic&quot;}\">\n\t\t\t\t\t<div class=\"e-con-inner\">\n\t\t\t\t<div class=\"elementor-element elementor-element-273427ee elementor-widget__width-initial elementor-widget elementor-widget-text-editor\" data-id=\"273427ee\" data-element_type=\"widget\" data-e-type=\"widget\" data-widget_type=\"text-editor.default\">\n\t\t\t\t<div class=\"elementor-widget-container\">\n\t\t\t\t\t\t\t\t\t<h1>TESLA Model S<\/h1>\t\t\t\t\t\t\t\t<\/div>\n\t\t\t\t<\/div>\n\t\t\t\t\t<\/div>\n\t\t\t\t<\/div>\n\t\t<div class=\"elementor-element elementor-element-b92f206 e-flex e-con-boxed e-con e-parent\" data-id=\"b92f206\" data-element_type=\"container\" data-e-type=\"container\" data-settings=\"{&quot;background_background&quot;:&quot;classic&quot;}\">\n\t\t\t\t\t<div class=\"e-con-inner\">\n\t\t<div class=\"elementor-element elementor-element-6fb514fb e-con-full e-flex e-con e-child\" data-id=\"6fb514fb\" data-element_type=\"container\" data-e-type=\"container\">\n\t\t\t\t<div class=\"elementor-element elementor-element-65478628 elementor-widget elementor-widget-text-editor\" data-id=\"65478628\" data-element_type=\"widget\" data-e-type=\"widget\" data-widget_type=\"text-editor.default\">\n\t\t\t\t<div class=\"elementor-widget-container\">\n\t\t\t\t\t\t\t\t\t<h2>Tesla Model S Lemon Law<\/h2>\t\t\t\t\t\t\t\t<\/div>\n\t\t\t\t<\/div>\n\t\t\t\t<div class=\"elementor-element elementor-element-a201896 elementor-widget elementor-widget-image\" data-id=\"a201896\" data-element_type=\"widget\" data-e-type=\"widget\" data-widget_type=\"image.default\">\n\t\t\t\t<div class=\"elementor-widget-container\">\n\t\t\t\t\t\t\t\t\t\t\t\t\t\t\t<img decoding=\"async\" width=\"300\" height=\"116\" src=\"https:\/\/www.lemoncarboss.com\/wp-content\/uploads\/2023\/07\/lemon_slice-scaled-e1689108795666-300x116.webp\" class=\"attachment-medium size-medium wp-image-2626\" alt=\"\" srcset=\"https:\/\/www.lemoncarboss.com\/wp-content\/uploads\/2023\/07\/lemon_slice-scaled-e1689108795666-300x116.webp 300w, https:\/\/www.lemoncarboss.com\/wp-content\/uploads\/2023\/07\/lemon_slice-scaled-e1689108795666-1024x397.webp 1024w, https:\/\/www.lemoncarboss.com\/wp-content\/uploads\/2023\/07\/lemon_slice-scaled-e1689108795666-768x298.webp 768w, https:\/\/www.lemoncarboss.com\/wp-content\/uploads\/2023\/07\/lemon_slice-scaled-e1689108795666-1536x595.webp 1536w, https:\/\/www.lemoncarboss.com\/wp-content\/uploads\/2023\/07\/lemon_slice-scaled-e1689108795666-2048x794.webp 2048w\" sizes=\"(max-width: 300px) 100vw, 300px\" \/>\t\t\t\t\t\t\t\t\t\t\t\t\t\t\t<\/div>\n\t\t\t\t<\/div>\n\t\t\t\t<div class=\"elementor-element elementor-element-532c8867 elementor-widget elementor-widget-text-editor\" data-id=\"532c8867\" data-element_type=\"widget\" data-e-type=\"widget\" data-widget_type=\"text-editor.default\">\n\t\t\t\t<div class=\"elementor-widget-container\">\n\t\t\t\t\t\t\t\t\t<h3>Defensa de sus derechos frente a veh\u00edculos defectuosos<\/h3><p><span style=\"font-weight: 400;\">\u00bfEs usted propietario de un Tesla y se enfrenta constantemente a defectos? No dejes que el mal funcionamiento de tu coche te quite las ganas de conducir. Estamos aqu\u00ed para guiarle a trav\u00e9s de sus derechos <\/span><span style=\"font-weight: 400;\">de la Ley del Lim\u00f3n del<\/span><span style=\"font-weight: 400;\"> Tesla <\/span><span style=\"font-weight: 400;\">Lemon Law<\/span><span style=\"font-weight: 400;\">, las acciones necesarias, y el camino a la reparaci\u00f3n de un mal funcionamiento del veh\u00edculo.<\/span><\/p><h3>Navegar por los privilegios de la Ley del Lim\u00f3n<\/h3><p><span style=\"font-weight: 400;\">El Tesla Model<\/span><span style=\"font-weight: 400;\">o<\/span><span style=\"font-weight: 400;\"> S destaca como un SUV el\u00e9ctrico revolucionario, con servicios futuristas y tecnolog\u00eda de primer nivel. Sin embargo, ni siquiera este avanzado veh\u00edculo est\u00e1 libre de posibles fallos que puedan comprometer sus prestaciones. Afortunadamente, la Ley del Lim\u00f3n del Tesla Model<\/span><span style=\"font-weight: 400;\">o<\/span><span style=\"font-weight: 400;\"> S est\u00e1 en vigor para defender a los consumidores contra los continuos problemas del coche, defendiendo sus derechos.<\/span><\/p><h3>Desmitificaci\u00f3n de la Ley del Lim\u00f3n del Tesla Modelo S<\/h3><p><span style=\"font-weight: 400;\">La Ley del Lim\u00f3n relativa al Tesla Model<\/span><span style=\"font-weight: 400;\">o<\/span><span style=\"font-weight: 400;\"> S es una red de seguridad jur\u00eddica que respalda a los consumidores que compran o alquilan este modelo, permiti\u00e9ndoles buscar soluciones si el coche presenta fallos repetidos. Esta legislaci\u00f3n se basa en pol\u00edticas globales de protecci\u00f3n de los consumidores que pretenden evitar que los compradores se conformen con veh\u00edculos poco fiables o potencialmente peligrosos.<\/span><\/p><h3>Problemas t\u00edpicos del Tesla Modelo S<\/h3><p><span style=\"font-weight: 400;\">A pesar de los elogios por sus proezas tecnol\u00f3gicas, el Model<\/span><span style=\"font-weight: 400;\">o<\/span><span style=\"font-weight: 400;\"> S ha tenido su conjunto de desaf\u00edos, como han se\u00f1alado algunos usuarios. Reconocer estos problemas puede permitir una intervenci\u00f3n r\u00e1pida:<\/span><\/p><ul><li style=\"font-weight: 400;\" aria-level=\"1\"><b>Problemas de suspensi\u00f3n<\/b><span style=\"font-weight: 400;\">: Algunos entusiastas del Model<\/span><span style=\"font-weight: 400;\">o<\/span><span style=\"font-weight: 400;\"> S han se\u00f1alado fallos en el sistema de suspensi\u00f3n neum\u00e1tica, que provocan alturas de conducci\u00f3n irregulares o desajustes.<\/span><\/li><li style=\"font-weight: 400;\" aria-level=\"1\"><b>Preocupaci\u00f3n por los frenos<\/b><span style=\"font-weight: 400;\">: Los casos de fallo de los frenos del Tesla Model<\/span><span style=\"font-weight: 400;\">o<\/span><span style=\"font-weight: 400;\"> S subrayan la necesidad de garantizar la seguridad del veh\u00edculo.<\/span><\/li><li style=\"font-weight: 400;\" aria-level=\"1\"><b>Manillas retr\u00e1ctiles<\/b><span style=\"font-weight: 400;\">: Aunque visualmente atractivas, estas manillas a veces presentan problemas de funcionamiento, ya que no se extienden o retraen correctamente.<\/span><\/li><li style=\"font-weight: 400;\" aria-level=\"1\"><b>Problemas de carga<\/b><span style=\"font-weight: 400;\">: Incluso con la amplia infraestructura de Supercargadores de Tesla, algunos usuarios han se\u00f1alado problemas durante la carga, ya sea lentitud en la velocidad de carga o desajustes con determinadas estaciones.<\/span><\/li><li style=\"font-weight: 400;\" aria-level=\"1\"><b>Contratiempos en el tren de potencia<\/b><span style=\"font-weight: 400;\">\u00a0<\/span><b>y la bater\u00eda:<\/b><span style=\"font-weight: 400;\"> Como modelo el\u00e9ctrico, el rendimiento del Model<\/span><span style=\"font-weight: 400;\">o<\/span><span style=\"font-weight: 400;\"> S depende de su tren motriz y su bater\u00eda. Los contratiempos aqu\u00ed pueden afectar a su capacidad de conducci\u00f3n, autonom\u00eda o desencadenar alertas imprevistas.<\/span><\/li><li style=\"font-weight: 400;\" aria-level=\"1\"><b>Anomal\u00edas del software<\/b><span style=\"font-weight: 400;\">: Los coches el\u00e9ctricos dependen en gran medida del software. Los fallos de software pueden provocar comportamientos err\u00e1ticos, como interrupciones de la visualizaci\u00f3n, fallos del piloto autom\u00e1tico o problemas de conectividad.<\/span><\/li><li style=\"font-weight: 400;\" aria-level=\"1\"><b>Fallos en la detecci\u00f3n de colisiones<\/b><span style=\"font-weight: 400;\">: Los informes indican fallos ocasionales en el mecanismo de detecci\u00f3n de colisiones frontales del Model<\/span><span style=\"font-weight: 400;\">o<\/span><span style=\"font-weight: 400;\"> S, lo que hace dudar de este atributo de seguridad vital.<\/span><\/li><li style=\"font-weight: 400;\" aria-level=\"1\"><b>Irregularidades del sistema HVAC<\/b><span style=\"font-weight: 400;\">: Los problemas del sistema HVAC pueden afectar a los niveles de confort en el coche.<\/span><\/li><li style=\"font-weight: 400;\" aria-level=\"1\"><b>Inconsistencias en el acabado exterior<\/b><span style=\"font-weight: 400;\">: La preocupaci\u00f3n por el deterioro de la pintura y el \u00f3xido han suscitado dudas sobre la resistencia y la calidad exterior del Model<\/span><span style=\"font-weight: 400;\">o<\/span><span style=\"font-weight: 400;\"> S.<\/span><\/li><\/ul><h3>Embarcarse en un viaje de la Ley del Lim\u00f3n del Tesla Lemon Law<\/h3><ol><li style=\"font-weight: 400;\" aria-level=\"1\"><span style=\"font-weight: 400;\">Realizamos un an\u00e1lisis en profundidad de su situaci\u00f3n.<\/span><\/li><li style=\"font-weight: 400;\" aria-level=\"1\"><span style=\"font-weight: 400;\">Se acumula<\/span> <span style=\"font-weight: 400;\">Recopilamos<\/span><span style=\"font-weight: 400;\"> el papeleo vital.<\/span><\/li><li style=\"font-weight: 400;\" aria-level=\"1\"><span style=\"font-weight: 400;\">Iniciamos una demanda contra Tesla.<\/span><\/li><li style=\"font-weight: 400;\" aria-level=\"1\"><span style=\"font-weight: 400;\">Se entablan conversaciones con Tesla para llegar a un acuerdo.<\/span><\/li><li style=\"font-weight: 400;\" aria-level=\"1\"><span style=\"font-weight: 400;\">Usted asegura el acuerdo adecuado para su caso de la Ley del Lim\u00f3n.<\/span><\/li><li style=\"font-weight: 400;\" aria-level=\"1\"><span style=\"font-weight: 400;\">Informarse sobre la Ley del Lim\u00f3n<\/span><\/li><\/ol><h3>Conozca sus derechos en virtud de la Ley del Lim\u00f3n<\/h3><p><span style=\"font-weight: 400;\">Tener un Tesla Model<\/span><span style=\"font-weight: 400;\">o<\/span><span style=\"font-weight: 400;\"> S es una gozada. Sin embargo, cuando se enfrenta a problemas habituales que ponen en peligro su satisfacci\u00f3n o seguridad, el conocimiento de la Ley del Lim\u00f3n se convierte en algo vital. Armado con esta informaci\u00f3n y siendo proactivo, puede hacer valer sus derechos como consumidor, luchando por una resoluci\u00f3n justa de sus problemas con el Model<\/span><span style=\"font-weight: 400;\">o<\/span><span style=\"font-weight: 400;\"> S.<\/span><\/p><h3>Inf\u00f3rmate sobre tus dudas acerca de la Ley del Lim\u00f3n del Tesla Modelo S<\/h3><p><span style=\"font-weight: 400;\">Los problemas persistentes del Tesla Model<\/span><span style=\"font-weight: 400;\">o<\/span><span style=\"font-weight: 400;\"> S no deber\u00edan persistir. P\u00f3ngase en contacto hoy mismo con nuestro experto equipo jur\u00eddico para conocer sus derechos en virtud de la Ley del Lim\u00f3n y obtener la reparaci\u00f3n que se merece.<\/span><\/p><h3>Otros modelos Tesla<\/h3><p><span style=\"font-weight: 400;\">Explore otras variantes de Tesla que podr\u00edan estar sujetas a <\/span><span style=\"font-weight: 400;\">Retiros o Boletines de Servicio T\u00e9cnico <\/span><span style=\"font-weight: 400;\">Recalls o Technical Service Bulletins<\/span><span style=\"font-weight: 400;\"> (TSB).<\/span><\/p><ul><li style=\"font-weight: 400;\" aria-level=\"1\"><a href=\"https:\/\/www.lemoncarboss.com\/es\/fabricantes\/tesla\/modelo-x\/\"><span style=\"font-weight: 400;\">Tesla Modelo X<\/span><\/a><\/li><li style=\"font-weight: 400;\" aria-level=\"1\"><a href=\"https:\/\/www.lemoncarboss.com\/es\/fabricantes\/tesla\/modelo-y\/\"><span style=\"font-weight: 400;\">Tesla Modelo Y<\/span><\/a><\/li><li style=\"font-weight: 400;\" aria-level=\"1\"><a href=\"https:\/\/www.lemoncarboss.com\/es\/fabricantes\/tesla\/modelo-3\/\"><span style=\"font-weight: 400;\">Tesla Modelo 3<\/span><\/a><\/li><\/ul>\t\t\t\t\t\t\t\t<\/div>\n\t\t\t\t<\/div>\n\t\t\t\t<\/div>\n\t\t\t\t\t<\/div>\n\t\t\t\t<\/div>\n\t\t\t\t<\/div>\n\t\t","protected":false},"excerpt":{"rendered":"<p>TESLA Model S Tesla Model S Lemon Law Defensa de sus derechos frente a veh\u00edculos defectuosos \u00bfEs usted propietario de un Tesla y se enfrenta constantemente a defectos? No dejes que el mal funcionamiento de tu coche te quite las ganas de conducir. Estamos aqu\u00ed para guiarle a trav\u00e9s de sus derechos de la Ley [&hellip;]<\/p>\n","protected":false},"author":2,"featured_media":0,"parent":2675,"menu_order":0,"comment_status":"closed","ping_status":"closed","template":"","meta":{"footnotes":""},"class_list":["post-2680","page","type-page","status-publish","hentry"],"yoast_head":"<!-- This site is optimized with the Yoast SEO plugin v27.2 - https:\/\/yoast.com\/product\/yoast-seo-wordpress\/ -->\n<title>Tesla Model S Lemon Law - Lemon Car Boss.<\/title>\n<meta name=\"description\" content=\"Abogados expertos en Lemon Law para Tesla Model S. Proteja sus derechos si su Tesla Model S tiene fallas recurrentes.\" \/>\n<meta name=\"robots\" content=\"index, follow, max-snippet:-1, max-image-preview:large, max-video-preview:-1\" \/>\n<link rel=\"canonical\" href=\"https:\/\/www.lemoncarboss.com\/es\/fabricantes\/tesla\/modelo-s\/\" \/>\n<meta property=\"og:locale\" content=\"es_ES\" \/>\n<meta property=\"og:type\" content=\"article\" \/>\n<meta property=\"og:title\" content=\"Tesla Model S Lemon Law - Lemon Car Boss.\" \/>\n<meta property=\"og:description\" content=\"Abogados expertos en Lemon Law para Tesla Model S. Proteja sus derechos si su Tesla Model S tiene fallas recurrentes.\" \/>\n<meta property=\"og:url\" content=\"https:\/\/www.lemoncarboss.com\/es\/fabricantes\/tesla\/modelo-s\/\" \/>\n<meta property=\"og:site_name\" content=\"Lemon Car Boss\" \/>\n<meta property=\"article:publisher\" content=\"https:\/\/www.facebook.com\/Lemoncarboss\" \/>\n<meta property=\"article:modified_time\" content=\"2025-12-17T21:37:26+00:00\" \/>\n<meta property=\"og:image\" content=\"https:\/\/www.lemoncarboss.com\/wp-content\/uploads\/2023\/07\/lemon_slice-scaled-e1689108795666-300x116.webp\" \/>\n<meta name=\"twitter:card\" content=\"summary_large_image\" \/>\n<meta name=\"twitter:label1\" content=\"Tiempo de lectura\" \/>\n\t<meta name=\"twitter:data1\" content=\"4 minutos\" \/>\n<script type=\"application\/ld+json\" class=\"yoast-schema-graph\">{\"@context\":\"https:\/\/schema.org\",\"@graph\":[{\"@type\":\"WebPage\",\"@id\":\"https:\/\/www.lemoncarboss.com\/es\/fabricantes\/tesla\/modelo-s\/\",\"url\":\"https:\/\/www.lemoncarboss.com\/es\/fabricantes\/tesla\/modelo-s\/\",\"name\":\"Tesla Model S Lemon Law - Lemon Car Boss.\",\"isPartOf\":{\"@id\":\"https:\/\/www.lemoncarboss.com\/#website\"},\"primaryImageOfPage\":{\"@id\":\"https:\/\/www.lemoncarboss.com\/es\/fabricantes\/tesla\/modelo-s\/#primaryimage\"},\"image\":{\"@id\":\"https:\/\/www.lemoncarboss.com\/es\/fabricantes\/tesla\/modelo-s\/#primaryimage\"},\"thumbnailUrl\":\"https:\/\/www.lemoncarboss.com\/wp-content\/uploads\/2023\/07\/lemon_slice-scaled-e1689108795666-300x116.webp\",\"datePublished\":\"2023-08-30T06:43:26+00:00\",\"dateModified\":\"2025-12-17T21:37:26+00:00\",\"description\":\"Abogados expertos en Lemon Law para Tesla Model S. Proteja sus derechos si su Tesla Model S tiene fallas recurrentes.\",\"breadcrumb\":{\"@id\":\"https:\/\/www.lemoncarboss.com\/es\/fabricantes\/tesla\/modelo-s\/#breadcrumb\"},\"inLanguage\":\"es\",\"potentialAction\":[{\"@type\":\"ReadAction\",\"target\":[\"https:\/\/www.lemoncarboss.com\/es\/fabricantes\/tesla\/modelo-s\/\"]}]},{\"@type\":\"ImageObject\",\"inLanguage\":\"es\",\"@id\":\"https:\/\/www.lemoncarboss.com\/es\/fabricantes\/tesla\/modelo-s\/#primaryimage\",\"url\":\"https:\/\/www.lemoncarboss.com\/wp-content\/uploads\/2023\/07\/lemon_slice-scaled-e1689108795666-300x116.webp\",\"contentUrl\":\"https:\/\/www.lemoncarboss.com\/wp-content\/uploads\/2023\/07\/lemon_slice-scaled-e1689108795666-300x116.webp\"},{\"@type\":\"BreadcrumbList\",\"@id\":\"https:\/\/www.lemoncarboss.com\/es\/fabricantes\/tesla\/modelo-s\/#breadcrumb\",\"itemListElement\":[{\"@type\":\"ListItem\",\"position\":1,\"name\":\"Home\",\"item\":\"https:\/\/www.lemoncarboss.com\/es\/\"},{\"@type\":\"ListItem\",\"position\":2,\"name\":\"Fabricantes\",\"item\":\"https:\/\/www.lemoncarboss.com\/es\/fabricantes\/\"},{\"@type\":\"ListItem\",\"position\":3,\"name\":\"Tesla\",\"item\":\"https:\/\/www.lemoncarboss.com\/es\/fabricantes\/tesla\/\"},{\"@type\":\"ListItem\",\"position\":4,\"name\":\"Modelo-S\"}]},{\"@type\":\"WebSite\",\"@id\":\"https:\/\/www.lemoncarboss.com\/#website\",\"url\":\"https:\/\/www.lemoncarboss.com\/\",\"name\":\"Lemon Car Boss\",\"description\":\"\",\"publisher\":{\"@id\":\"https:\/\/www.lemoncarboss.com\/#organization\"},\"alternateName\":\"Lemon Law\",\"potentialAction\":[{\"@type\":\"SearchAction\",\"target\":{\"@type\":\"EntryPoint\",\"urlTemplate\":\"https:\/\/www.lemoncarboss.com\/?s={search_term_string}\"},\"query-input\":{\"@type\":\"PropertyValueSpecification\",\"valueRequired\":true,\"valueName\":\"search_term_string\"}}],\"inLanguage\":\"es\"},{\"@type\":\"Organization\",\"@id\":\"https:\/\/www.lemoncarboss.com\/#organization\",\"name\":\"Lemon Car Boss\",\"alternateName\":\"Lemon Law\",\"url\":\"https:\/\/www.lemoncarboss.com\/\",\"logo\":{\"@type\":\"ImageObject\",\"inLanguage\":\"es\",\"@id\":\"https:\/\/www.lemoncarboss.com\/#\/schema\/logo\/image\/\",\"url\":\"https:\/\/www.lemoncarboss.com\/wp-content\/uploads\/2023\/07\/Logo-HI-RES.png\",\"contentUrl\":\"https:\/\/www.lemoncarboss.com\/wp-content\/uploads\/2023\/07\/Logo-HI-RES.png\",\"width\":1682,\"height\":547,\"caption\":\"Lemon Car Boss\"},\"image\":{\"@id\":\"https:\/\/www.lemoncarboss.com\/#\/schema\/logo\/image\/\"},\"sameAs\":[\"https:\/\/www.facebook.com\/Lemoncarboss\",\"https:\/\/www.instagram.com\/lemon_car_boss\/\",\"https:\/\/www.tiktok.com\/@lemoncarboss\",\"https:\/\/www.youtube.com\/@LEMONCARBOSS\"]}]}<\/script>\n<!-- \/ Yoast SEO plugin. -->","yoast_head_json":{"title":"Tesla Model S Lemon Law - Lemon Car Boss.","description":"Abogados expertos en Lemon Law para Tesla Model S. Proteja sus derechos si su Tesla Model S tiene fallas recurrentes.","robots":{"index":"index","follow":"follow","max-snippet":"max-snippet:-1","max-image-preview":"max-image-preview:large","max-video-preview":"max-video-preview:-1"},"canonical":"https:\/\/www.lemoncarboss.com\/es\/fabricantes\/tesla\/modelo-s\/","og_locale":"es_ES","og_type":"article","og_title":"Tesla Model S Lemon Law - Lemon Car Boss.","og_description":"Abogados expertos en Lemon Law para Tesla Model S. Proteja sus derechos si su Tesla Model S tiene fallas recurrentes.","og_url":"https:\/\/www.lemoncarboss.com\/es\/fabricantes\/tesla\/modelo-s\/","og_site_name":"Lemon Car Boss","article_publisher":"https:\/\/www.facebook.com\/Lemoncarboss","article_modified_time":"2025-12-17T21:37:26+00:00","og_image":[{"url":"https:\/\/www.lemoncarboss.com\/wp-content\/uploads\/2023\/07\/lemon_slice-scaled-e1689108795666-300x116.webp","type":"","width":"","height":""}],"twitter_card":"summary_large_image","twitter_misc":{"Tiempo de lectura":"4 minutos"},"schema":{"@context":"https:\/\/schema.org","@graph":[{"@type":"WebPage","@id":"https:\/\/www.lemoncarboss.com\/es\/fabricantes\/tesla\/modelo-s\/","url":"https:\/\/www.lemoncarboss.com\/es\/fabricantes\/tesla\/modelo-s\/","name":"Tesla Model S Lemon Law - Lemon Car Boss.","isPartOf":{"@id":"https:\/\/www.lemoncarboss.com\/#website"},"primaryImageOfPage":{"@id":"https:\/\/www.lemoncarboss.com\/es\/fabricantes\/tesla\/modelo-s\/#primaryimage"},"image":{"@id":"https:\/\/www.lemoncarboss.com\/es\/fabricantes\/tesla\/modelo-s\/#primaryimage"},"thumbnailUrl":"https:\/\/www.lemoncarboss.com\/wp-content\/uploads\/2023\/07\/lemon_slice-scaled-e1689108795666-300x116.webp","datePublished":"2023-08-30T06:43:26+00:00","dateModified":"2025-12-17T21:37:26+00:00","description":"Abogados expertos en Lemon Law para Tesla Model S. Proteja sus derechos si su Tesla Model S tiene fallas recurrentes.","breadcrumb":{"@id":"https:\/\/www.lemoncarboss.com\/es\/fabricantes\/tesla\/modelo-s\/#breadcrumb"},"inLanguage":"es","potentialAction":[{"@type":"ReadAction","target":["https:\/\/www.lemoncarboss.com\/es\/fabricantes\/tesla\/modelo-s\/"]}]},{"@type":"ImageObject","inLanguage":"es","@id":"https:\/\/www.lemoncarboss.com\/es\/fabricantes\/tesla\/modelo-s\/#primaryimage","url":"https:\/\/www.lemoncarboss.com\/wp-content\/uploads\/2023\/07\/lemon_slice-scaled-e1689108795666-300x116.webp","contentUrl":"https:\/\/www.lemoncarboss.com\/wp-content\/uploads\/2023\/07\/lemon_slice-scaled-e1689108795666-300x116.webp"},{"@type":"BreadcrumbList","@id":"https:\/\/www.lemoncarboss.com\/es\/fabricantes\/tesla\/modelo-s\/#breadcrumb","itemListElement":[{"@type":"ListItem","position":1,"name":"Home","item":"https:\/\/www.lemoncarboss.com\/es\/"},{"@type":"ListItem","position":2,"name":"Fabricantes","item":"https:\/\/www.lemoncarboss.com\/es\/fabricantes\/"},{"@type":"ListItem","position":3,"name":"Tesla","item":"https:\/\/www.lemoncarboss.com\/es\/fabricantes\/tesla\/"},{"@type":"ListItem","position":4,"name":"Modelo-S"}]},{"@type":"WebSite","@id":"https:\/\/www.lemoncarboss.com\/#website","url":"https:\/\/www.lemoncarboss.com\/","name":"Lemon Car Boss","description":"","publisher":{"@id":"https:\/\/www.lemoncarboss.com\/#organization"},"alternateName":"Lemon Law","potentialAction":[{"@type":"SearchAction","target":{"@type":"EntryPoint","urlTemplate":"https:\/\/www.lemoncarboss.com\/?s={search_term_string}"},"query-input":{"@type":"PropertyValueSpecification","valueRequired":true,"valueName":"search_term_string"}}],"inLanguage":"es"},{"@type":"Organization","@id":"https:\/\/www.lemoncarboss.com\/#organization","name":"Lemon Car Boss","alternateName":"Lemon Law","url":"https:\/\/www.lemoncarboss.com\/","logo":{"@type":"ImageObject","inLanguage":"es","@id":"https:\/\/www.lemoncarboss.com\/#\/schema\/logo\/image\/","url":"https:\/\/www.lemoncarboss.com\/wp-content\/uploads\/2023\/07\/Logo-HI-RES.png","contentUrl":"https:\/\/www.lemoncarboss.com\/wp-content\/uploads\/2023\/07\/Logo-HI-RES.png","width":1682,"height":547,"caption":"Lemon Car Boss"},"image":{"@id":"https:\/\/www.lemoncarboss.com\/#\/schema\/logo\/image\/"},"sameAs":["https:\/\/www.facebook.com\/Lemoncarboss","https:\/\/www.instagram.com\/lemon_car_boss\/","https:\/\/www.tiktok.com\/@lemoncarboss","https:\/\/www.youtube.com\/@LEMONCARBOSS"]}]}},"_links":{"self":[{"href":"https:\/\/www.lemoncarboss.com\/es\/wp-json\/wp\/v2\/pages\/2680","targetHints":{"allow":["GET"]}}],"collection":[{"href":"https:\/\/www.lemoncarboss.com\/es\/wp-json\/wp\/v2\/pages"}],"about":[{"href":"https:\/\/www.lemoncarboss.com\/es\/wp-json\/wp\/v2\/types\/page"}],"author":[{"embeddable":true,"href":"https:\/\/www.lemoncarboss.com\/es\/wp-json\/wp\/v2\/users\/2"}],"replies":[{"embeddable":true,"href":"https:\/\/www.lemoncarboss.com\/es\/wp-json\/wp\/v2\/comments?post=2680"}],"version-history":[{"count":3,"href":"https:\/\/www.lemoncarboss.com\/es\/wp-json\/wp\/v2\/pages\/2680\/revisions"}],"predecessor-version":[{"id":4069,"href":"https:\/\/www.lemoncarboss.com\/es\/wp-json\/wp\/v2\/pages\/2680\/revisions\/4069"}],"up":[{"embeddable":true,"href":"https:\/\/www.lemoncarboss.com\/es\/wp-json\/wp\/v2\/pages\/2675"}],"wp:attachment":[{"href":"https:\/\/www.lemoncarboss.com\/es\/wp-json\/wp\/v2\/media?parent=2680"}],"curies":[{"name":"wp","href":"https:\/\/api.w.org\/{rel}","templated":true}]}}