{"id":2686,"date":"2023-09-11T14:15:07","date_gmt":"2023-09-11T21:15:07","guid":{"rendered":"https:\/\/www.lemoncarboss.com\/fabricantes\/kia\/"},"modified":"2025-12-17T13:32:58","modified_gmt":"2025-12-17T21:32:58","slug":"kia","status":"publish","type":"page","link":"https:\/\/www.lemoncarboss.com\/es\/fabricantes\/kia\/","title":{"rendered":"Kia"},"content":{"rendered":"\t\t<div data-elementor-type=\"wp-page\" data-elementor-id=\"2686\" class=\"elementor elementor-2686 elementor-1840\" data-elementor-post-type=\"page\">\n\t\t\t\t<div class=\"elementor-element elementor-element-44f73924 e-flex e-con-boxed e-con e-parent\" data-id=\"44f73924\" data-element_type=\"container\" data-e-type=\"container\" data-settings=\"{&quot;background_background&quot;:&quot;classic&quot;}\">\n\t\t\t\t\t<div class=\"e-con-inner\">\n\t\t\t\t<div class=\"elementor-element elementor-element-273427ee elementor-widget__width-initial elementor-widget elementor-widget-text-editor\" data-id=\"273427ee\" data-element_type=\"widget\" data-e-type=\"widget\" data-widget_type=\"text-editor.default\">\n\t\t\t\t<div class=\"elementor-widget-container\">\n\t\t\t\t\t\t\t\t\t<h1>Kia<\/h1>\t\t\t\t\t\t\t\t<\/div>\n\t\t\t\t<\/div>\n\t\t\t\t\t<\/div>\n\t\t\t\t<\/div>\n\t\t<div class=\"elementor-element elementor-element-b92f206 e-flex e-con-boxed e-con e-parent\" data-id=\"b92f206\" data-element_type=\"container\" data-e-type=\"container\" data-settings=\"{&quot;background_background&quot;:&quot;classic&quot;}\">\n\t\t\t\t\t<div class=\"e-con-inner\">\n\t\t<div class=\"elementor-element elementor-element-6fb514fb e-con-full e-flex e-con e-child\" data-id=\"6fb514fb\" data-element_type=\"container\" data-e-type=\"container\">\n\t\t\t\t<div class=\"elementor-element elementor-element-65478628 elementor-widget elementor-widget-text-editor\" data-id=\"65478628\" data-element_type=\"widget\" data-e-type=\"widget\" data-widget_type=\"text-editor.default\">\n\t\t\t\t<div class=\"elementor-widget-container\">\n\t\t\t\t\t\t\t\t\t<h2>Ley del lim\u00f3n Kia<\/h2>\t\t\t\t\t\t\t\t<\/div>\n\t\t\t\t<\/div>\n\t\t\t\t<div class=\"elementor-element elementor-element-a201896 elementor-widget elementor-widget-image\" data-id=\"a201896\" data-element_type=\"widget\" data-e-type=\"widget\" data-widget_type=\"image.default\">\n\t\t\t\t<div class=\"elementor-widget-container\">\n\t\t\t\t\t\t\t\t\t\t\t\t\t\t\t<img decoding=\"async\" width=\"300\" height=\"116\" src=\"https:\/\/www.lemoncarboss.com\/wp-content\/uploads\/2023\/07\/lemon_slice-scaled-e1689108795666-300x116.webp\" class=\"attachment-medium size-medium wp-image-2626\" alt=\"\" srcset=\"https:\/\/www.lemoncarboss.com\/wp-content\/uploads\/2023\/07\/lemon_slice-scaled-e1689108795666-300x116.webp 300w, https:\/\/www.lemoncarboss.com\/wp-content\/uploads\/2023\/07\/lemon_slice-scaled-e1689108795666-1024x397.webp 1024w, https:\/\/www.lemoncarboss.com\/wp-content\/uploads\/2023\/07\/lemon_slice-scaled-e1689108795666-768x298.webp 768w, https:\/\/www.lemoncarboss.com\/wp-content\/uploads\/2023\/07\/lemon_slice-scaled-e1689108795666-1536x595.webp 1536w, https:\/\/www.lemoncarboss.com\/wp-content\/uploads\/2023\/07\/lemon_slice-scaled-e1689108795666-2048x794.webp 2048w\" sizes=\"(max-width: 300px) 100vw, 300px\" \/>\t\t\t\t\t\t\t\t\t\t\t\t\t\t\t<\/div>\n\t\t\t\t<\/div>\n\t\t\t\t<div class=\"elementor-element elementor-element-532c8867 elementor-widget elementor-widget-text-editor\" data-id=\"532c8867\" data-element_type=\"widget\" data-e-type=\"widget\" data-widget_type=\"text-editor.default\">\n\t\t\t\t<div class=\"elementor-widget-container\">\n\t\t\t\t\t\t\t\t\t<h3>Protecci\u00f3n de sus derechos frente a veh\u00edculos defectuosos<\/h3><p><span style=\"font-weight: 400;\">\u00bfTiene problemas con su veh\u00edculo Kia? No deje que estos problemas mermen su experiencia de conducci\u00f3n. Estamos aqu\u00ed para ofrecerle apoyo en la comprensi\u00f3n de sus derechos <\/span><span style=\"font-weight: 400;\">contemplados en la Ley del Lim\u00f3n de<\/span> <span style=\"font-weight: 400;\">Kia <\/span><span style=\"font-weight: 400;\">Lemon Law<\/span><span style=\"font-weight: 400;\"> y guiarle en los pasos necesarios si su veh\u00edculo no cumple con las normas previstas.<\/span><\/p><h3>Comprender la Ley del Lim\u00f3n de Kia<\/h3><p><span style=\"font-weight: 400;\">La Ley del Lim\u00f3n aplicable a Kia ofrece protecci\u00f3n a las personas que han comprado o alquilado autom\u00f3viles nuevos que presentan constantemente fallos que afectan a su seguridad, valor o funcionalidad. Si su veh\u00edculo Kia cumple determinadas condiciones, puede optar a una sustituci\u00f3n, reembolso o reparaci\u00f3n facilitada por el fabricante.<\/span><\/p><h3>Problemas comunes de Kia<\/h3><ul><li style=\"font-weight: 400;\" aria-level=\"1\"><span style=\"font-weight: 400;\">Fallos del motor<\/span><\/li><li style=\"font-weight: 400;\" aria-level=\"1\"><span style=\"font-weight: 400;\">Problemas de transmisi\u00f3n<\/span><\/li><li style=\"font-weight: 400;\" aria-level=\"1\"><span style=\"font-weight: 400;\">Problemas del sistema el\u00e9ctrico<\/span><\/li><li style=\"font-weight: 400;\" aria-level=\"1\"><span style=\"font-weight: 400;\">Mal funcionamiento del aire acondicionado<\/span><\/li><li style=\"font-weight: 400;\" aria-level=\"1\"><span style=\"font-weight: 400;\">Problemas de frenos<\/span><\/li><li style=\"font-weight: 400;\" aria-level=\"1\"><span style=\"font-weight: 400;\">Problemas del sistema de direcci\u00f3n<\/span><\/li><li style=\"font-weight: 400;\" aria-level=\"1\"><span style=\"font-weight: 400;\">Dificultades de suspensi\u00f3n<\/span><\/li><li style=\"font-weight: 400;\" aria-level=\"1\"><span style=\"font-weight: 400;\">Bobinas de encendido defectuosas<\/span><\/li><li style=\"font-weight: 400;\" aria-level=\"1\"><span style=\"font-weight: 400;\">Problemas del sistema de combustible<\/span><\/li><li style=\"font-weight: 400;\" aria-level=\"1\"><span style=\"font-weight: 400;\">Fugas de aceite<\/span><\/li><li style=\"font-weight: 400;\" aria-level=\"1\"><span style=\"font-weight: 400;\">Problemas del sistema de refrigeraci\u00f3n<\/span><\/li><li style=\"font-weight: 400;\" aria-level=\"1\"><span style=\"font-weight: 400;\">Fallos del elevalunas el\u00e9ctrico<\/span><\/li><li style=\"font-weight: 400;\" aria-level=\"1\"><span style=\"font-weight: 400;\">Mal funcionamiento del tirador de la puerta<\/span><\/li><li style=\"font-weight: 400;\" aria-level=\"1\"><span style=\"font-weight: 400;\">Problemas con el sensor de presi\u00f3n de los neum\u00e1ticos<\/span><\/li><li style=\"font-weight: 400;\" aria-level=\"1\"><span style=\"font-weight: 400;\">Encendido de la luz de control del motor<\/span><\/li><li style=\"font-weight: 400;\" aria-level=\"1\"><span style=\"font-weight: 400;\">Defectos del limpiaparabrisas<\/span><\/li><li style=\"font-weight: 400;\" aria-level=\"1\"><span style=\"font-weight: 400;\">Problemas del sistema de escape<\/span><\/li><li style=\"font-weight: 400;\" aria-level=\"1\"><span style=\"font-weight: 400;\">Fallos en el cuadro de instrumentos del salpicadero<\/span><\/li><li style=\"font-weight: 400;\" aria-level=\"1\"><span style=\"font-weight: 400;\">Fallos en el sistema de infoentretenimiento<\/span><\/li><\/ul><h3>Modelos Kia<\/h3><p><span style=\"font-weight: 400;\">Modelos comunes de Kia sujetos a boletines de servicio t\u00e9cnico (TSB) y llamadas a revisi\u00f3n.<\/span><\/p><ul><li style=\"font-weight: 400;\" aria-level=\"1\"><span style=\"font-weight: 400;\">Kia Optima<\/span><\/li><li style=\"font-weight: 400;\" aria-level=\"1\"><span style=\"font-weight: 400;\">Kia Sorento<\/span><\/li><li style=\"font-weight: 400;\" aria-level=\"1\"><span style=\"font-weight: 400;\">Kia Sportage<\/span><\/li><li style=\"font-weight: 400;\" aria-level=\"1\"><span style=\"font-weight: 400;\">Kia Forte<\/span><\/li><li style=\"font-weight: 400;\" aria-level=\"1\"><span style=\"font-weight: 400;\">Kia Soul<\/span><\/li><\/ul><h3>Requisitos para la Ley del Lim\u00f3n de Recompra de Kia<\/h3><p><span style=\"font-weight: 400;\">Para poder optar a una recompra seg\u00fan las disposiciones de la Ley del Lim\u00f3n de Kia, normalmente deben cumplirse unas condiciones espec\u00edficas:<\/span><\/p><ul><li style=\"font-weight: 400;\" aria-level=\"1\"><b>Problemas persistentes: <\/b><span style=\"font-weight: 400;\">El veh\u00edculo debe experimentar un problema o defecto continuo y sustancial que siga sin resolverse a pesar de los m\u00faltiples intentos de reparaci\u00f3n.<\/span><\/li><li style=\"font-weight: 400;\" aria-level=\"1\"><b>Efecto\u00a0sobre la seguridad, el valor o el rendimiento<\/b><span style=\"font-weight: 400;\">: El defecto debe tener un impacto notable en la seguridad, el valor o el rendimiento general del veh\u00edculo. Esto abarca componentes esenciales como el motor, la transmisi\u00f3n, los frenos, la direcci\u00f3n y otros sistemas vitales.<\/span><\/li><li style=\"font-weight: 400;\" aria-level=\"1\"><b>Dentro del periodo<\/b><span style=\"font-weight: 400;\">\u00a0<\/span><b>de garant\u00eda:<\/b><span style=\"font-weight: 400;\"> Los problemas deben surgir mientras el veh\u00edculo a\u00fan est\u00e1 cubierto por la garant\u00eda o dentro de un plazo designado conocido como \u00abperiodo de elegibilidad.\u00bb<\/span><\/li><li style=\"font-weight: 400;\" aria-level=\"1\"><b>N\u00famero de intentos de reparaci\u00f3n<\/b><span style=\"font-weight: 400;\">: Las leyes del lim\u00f3n de varios estados suelen exigir que el fabricante o el concesionario tengan varias oportunidades de rectificar el defecto. Si estos intentos de reparaci\u00f3n no tienen \u00e9xito dentro de un l\u00edmite especificado, el veh\u00edculo puede cumplir los criterios para una recompra. Inicialmente, un centro de servicio autorizado Kia debe tener la oportunidad de resolver el problema con el veh\u00edculo Kia. Si el problema persiste incluso despu\u00e9s de varias visitas al concesionario, el Kia podr\u00eda ser clasificado como un lim\u00f3n.<\/span><\/li><li style=\"font-weight: 400;\" aria-level=\"1\"><b>Tiempo de reparaci\u00f3n<\/b><span style=\"font-weight: 400;\">: Las Leyes Lim\u00f3n espec\u00edficas de algunos estados estipulan que el veh\u00edculo debe estar fuera de servicio durante un determinado n\u00famero de d\u00edas debido a los intentos de reparaci\u00f3n. Si se supera esta duraci\u00f3n, el veh\u00edculo podr\u00eda optar a la recompra. Por ejemplo, en California no hay un plazo fijo durante el cual el Kia deba permanecer en el concesionario para ser reparado. Sin embargo, un tiempo de inactividad prolongado significa una p\u00e9rdida significativa de utilidad, lo que tiene importancia en los casos de la ley del lim\u00f3n.<\/span><\/li><li style=\"font-weight: 400;\" aria-level=\"1\"><b>Resoluci\u00f3n de desacuerdos<\/b><span style=\"font-weight: 400;\">: Si el fabricante o el concesionario no solucionan eficazmente los defectos, los consumidores pueden tener que considerar alternativas como el arbitraje o medidas legales para encontrar una soluci\u00f3n.<\/span><\/li><li style=\"font-weight: 400;\" aria-level=\"1\"><b>Normas<\/b><span style=\"font-weight: 400;\">\u00a0<\/span><b>por Estado<\/b><span style=\"font-weight: 400;\">: Es importante reconocer que las Leyes del Lim\u00f3n difieren de un estado a otro. Comprender la normativa espec\u00edfica aplicable en su zona es crucial. Algunos Estados pueden tener criterios estrictos, mientras que otros pueden ser m\u00e1s indulgentes.<\/span><\/li><\/ul><h3>Pasos para iniciar una reclamaci\u00f3n de la Ley del Lim\u00f3n de Kia<\/h3><ol><li style=\"font-weight: 400;\" aria-level=\"1\"><span style=\"font-weight: 400;\">Evaluaci\u00f3n de su caso<\/span><\/li><li style=\"font-weight: 400;\" aria-level=\"1\"><span style=\"font-weight: 400;\">Recopilaci\u00f3n de documentaci\u00f3n<\/span><\/li><li style=\"font-weight: 400;\" aria-level=\"1\"><span style=\"font-weight: 400;\">Apertura de una reclamaci\u00f3n a Kia<\/span><\/li><li style=\"font-weight: 400;\" aria-level=\"1\"><span style=\"font-weight: 400;\">Resoluci\u00f3n de la reclamaci\u00f3n con Kia<\/span><\/li><li style=\"font-weight: 400;\" aria-level=\"1\"><span style=\"font-weight: 400;\">Recibo de indemnizaci\u00f3n por su Kia Lemon<\/span><\/li><\/ol><h3>\u00bfQu\u00e9 hace que Lemon Car Boss sea la opci\u00f3n ideal para llevar su caso de Kia?<\/h3><p><span style=\"font-weight: 400;\">Comprometidos con la resoluci\u00f3n de problemas relacionados con autom\u00f3viles defectuosos, nuestro experto grupo de abogados especialistas en la <\/span><span style=\"font-weight: 400;\">L<\/span><span style=\"font-weight: 400;\">ey del <\/span><span style=\"font-weight: 400;\">L<\/span><span style=\"font-weight: 400;\">im\u00f3n se especializa en el manejo de varios modelos de Kia (incluyendo Seltos, Sportage, Soul, Forte, Telluride y otros). Nos dedicamos a defender los derechos de los consumidores y a garantizar que obtengan la indemnizaci\u00f3n que les corresponde.<\/span><\/p><h3>P\u00f3ngase en contacto con nosotros hoy mismo para recibir una consulta gratuita sobre su Kia.<\/h3><p><span style=\"font-weight: 400;\">Mejore su experiencia como propietario de un Kia tomando medidas proactivas para solucionar cualquier posible problema. P\u00f3ngase en contacto con nosotros hoy para una consulta gratuita con respecto a su situaci\u00f3n y para explorar las opciones disponibles para usted bajo la Ley del Lim\u00f3n Kia. Nuestro cualificado equipo est\u00e1 preparado para guiarle a trav\u00e9s de los procedimientos necesarios y defender sus derechos como consumidor.<\/span><\/p><p><span style=\"font-weight: 400;\">Recuerda que, si te enfrentas a un Kia problem\u00e1tico, posees derechos espec\u00edficos. Perm\u00edtanos guiarle a trav\u00e9s de los intrincados detalles de la Ley del Lim\u00f3n de Kia, asegur\u00e1ndonos de que obtenga la resoluci\u00f3n que est\u00e1 buscando.<\/span><\/p><p><b>Descargo de responsabilidad:<\/b><span style=\"font-weight: 400;\"> La informaci\u00f3n proporcionada en esta p\u00e1gina tiene por objeto ofrecer una visi\u00f3n general y no debe interpretarse como asesoramiento jur\u00eddico. Para obtener orientaci\u00f3n personalizada en relaci\u00f3n con sus circunstancias individuales, se recomienda solicitar asesoramiento a un abogado titulado.<\/span><\/p><h3>\u00bfQu\u00e9 es la Ley del Lim\u00f3n de Kia?<\/h3><p><span style=\"font-weight: 400;\">La Ley del Lim\u00f3n aplicable a los veh\u00edculos Kia establece un proceso legal bien definido para los consumidores que se encuentran con autom\u00f3viles defectuosos despu\u00e9s de comprarlos o alquilarlos. Esta ley aborda espec\u00edficamente los problemas observados en los veh\u00edculos Kia que presentan sistem\u00e1ticamente fallos significativos, garantizando que los propietarios est\u00e9n protegidos y dispongan de soluciones si su veh\u00edculo no cumple las normas esperadas en t\u00e9rminos de calidad, seguridad y rendimiento.<\/span><\/p><p><span style=\"font-weight: 400;\">En situaciones en las que un veh\u00edculo Kia presente defectos o fallos de funcionamiento de forma sistem\u00e1tica en un periodo determinado y cumpla ciertos criterios, el propietario o arrendatario del veh\u00edculo podr\u00eda optar a soluciones como una sustituci\u00f3n respaldada por el fabricante, un reembolso o la recompra del veh\u00edculo.<\/span><\/p><p><span style=\"font-weight: 400;\">Es importante destacar que las Leyes del Lim\u00f3n pueden variar en funci\u00f3n de la ubicaci\u00f3n, lo que conlleva distintos requisitos de elegibilidad y procedimientos para presentar reclamaciones. Si sospecha que su veh\u00edculo Kia puede considerarse un posible \u00ablim\u00f3n\u00bb, solicite asesoramiento a un profesional jur\u00eddico especializado en casos de la Ley del Lim\u00f3n, que le ayudar\u00e1 a conocer sus derechos y a tomar las medidas necesarias de conformidad con la normativa aplicable en su regi\u00f3n.<\/span><\/p>\t\t\t\t\t\t\t\t<\/div>\n\t\t\t\t<\/div>\n\t\t\t\t<\/div>\n\t\t\t\t\t<\/div>\n\t\t\t\t<\/div>\n\t\t\t\t<\/div>\n\t\t","protected":false},"excerpt":{"rendered":"<p>Kia Ley del lim\u00f3n Kia Protecci\u00f3n de sus derechos frente a veh\u00edculos defectuosos \u00bfTiene problemas con su veh\u00edculo Kia? No deje que estos problemas mermen su experiencia de conducci\u00f3n. Estamos aqu\u00ed para ofrecerle apoyo en la comprensi\u00f3n de sus derechos contemplados en la Ley del Lim\u00f3n de Kia Lemon Law y guiarle en los pasos [&hellip;]<\/p>\n","protected":false},"author":2,"featured_media":0,"parent":2664,"menu_order":0,"comment_status":"closed","ping_status":"closed","template":"","meta":{"footnotes":""},"class_list":["post-2686","page","type-page","status-publish","hentry"],"yoast_head":"<!-- This site is optimized with the Yoast SEO plugin v27.2 - https:\/\/yoast.com\/product\/yoast-seo-wordpress\/ -->\n<title>KIA Lemon Law - Lemon Car Boss.<\/title>\n<meta name=\"description\" content=\"Derechos KIA Lemon Law con Lemon Law Boss. Experiencia ante casos KIA; buscamos la compensaci\u00f3n y resoluci\u00f3n que le corresponde.\" \/>\n<meta name=\"robots\" content=\"index, follow, max-snippet:-1, max-image-preview:large, max-video-preview:-1\" \/>\n<link rel=\"canonical\" href=\"https:\/\/www.lemoncarboss.com\/es\/fabricantes\/kia\/\" \/>\n<meta property=\"og:locale\" content=\"es_ES\" \/>\n<meta property=\"og:type\" content=\"article\" \/>\n<meta property=\"og:title\" content=\"KIA Lemon Law - Lemon Car Boss.\" \/>\n<meta property=\"og:description\" content=\"Derechos KIA Lemon Law con Lemon Law Boss. Experiencia ante casos KIA; buscamos la compensaci\u00f3n y resoluci\u00f3n que le corresponde.\" \/>\n<meta property=\"og:url\" content=\"https:\/\/www.lemoncarboss.com\/es\/fabricantes\/kia\/\" \/>\n<meta property=\"og:site_name\" content=\"Lemon Car Boss\" \/>\n<meta property=\"article:publisher\" content=\"https:\/\/www.facebook.com\/Lemoncarboss\" \/>\n<meta property=\"article:modified_time\" content=\"2025-12-17T21:32:58+00:00\" \/>\n<meta property=\"og:image\" content=\"https:\/\/www.lemoncarboss.com\/wp-content\/uploads\/2023\/07\/lemon_slice-scaled-e1689108795666-300x116.webp\" \/>\n<meta name=\"twitter:card\" content=\"summary_large_image\" \/>\n<meta name=\"twitter:label1\" content=\"Tiempo de lectura\" \/>\n\t<meta name=\"twitter:data1\" content=\"5 minutos\" \/>\n<script type=\"application\/ld+json\" class=\"yoast-schema-graph\">{\"@context\":\"https:\/\/schema.org\",\"@graph\":[{\"@type\":\"WebPage\",\"@id\":\"https:\/\/www.lemoncarboss.com\/es\/fabricantes\/kia\/\",\"url\":\"https:\/\/www.lemoncarboss.com\/es\/fabricantes\/kia\/\",\"name\":\"KIA Lemon Law - Lemon Car Boss.\",\"isPartOf\":{\"@id\":\"https:\/\/www.lemoncarboss.com\/#website\"},\"primaryImageOfPage\":{\"@id\":\"https:\/\/www.lemoncarboss.com\/es\/fabricantes\/kia\/#primaryimage\"},\"image\":{\"@id\":\"https:\/\/www.lemoncarboss.com\/es\/fabricantes\/kia\/#primaryimage\"},\"thumbnailUrl\":\"https:\/\/www.lemoncarboss.com\/wp-content\/uploads\/2023\/07\/lemon_slice-scaled-e1689108795666-300x116.webp\",\"datePublished\":\"2023-09-11T21:15:07+00:00\",\"dateModified\":\"2025-12-17T21:32:58+00:00\",\"description\":\"Derechos KIA Lemon Law con Lemon Law Boss. Experiencia ante casos KIA; buscamos la compensaci\u00f3n y resoluci\u00f3n que le corresponde.\",\"breadcrumb\":{\"@id\":\"https:\/\/www.lemoncarboss.com\/es\/fabricantes\/kia\/#breadcrumb\"},\"inLanguage\":\"es\",\"potentialAction\":[{\"@type\":\"ReadAction\",\"target\":[\"https:\/\/www.lemoncarboss.com\/es\/fabricantes\/kia\/\"]}]},{\"@type\":\"ImageObject\",\"inLanguage\":\"es\",\"@id\":\"https:\/\/www.lemoncarboss.com\/es\/fabricantes\/kia\/#primaryimage\",\"url\":\"https:\/\/www.lemoncarboss.com\/wp-content\/uploads\/2023\/07\/lemon_slice-scaled-e1689108795666-300x116.webp\",\"contentUrl\":\"https:\/\/www.lemoncarboss.com\/wp-content\/uploads\/2023\/07\/lemon_slice-scaled-e1689108795666-300x116.webp\"},{\"@type\":\"BreadcrumbList\",\"@id\":\"https:\/\/www.lemoncarboss.com\/es\/fabricantes\/kia\/#breadcrumb\",\"itemListElement\":[{\"@type\":\"ListItem\",\"position\":1,\"name\":\"Home\",\"item\":\"https:\/\/www.lemoncarboss.com\/es\/\"},{\"@type\":\"ListItem\",\"position\":2,\"name\":\"Fabricantes\",\"item\":\"https:\/\/www.lemoncarboss.com\/es\/fabricantes\/\"},{\"@type\":\"ListItem\",\"position\":3,\"name\":\"Kia\"}]},{\"@type\":\"WebSite\",\"@id\":\"https:\/\/www.lemoncarboss.com\/#website\",\"url\":\"https:\/\/www.lemoncarboss.com\/\",\"name\":\"Lemon Car Boss\",\"description\":\"\",\"publisher\":{\"@id\":\"https:\/\/www.lemoncarboss.com\/#organization\"},\"alternateName\":\"Lemon Law\",\"potentialAction\":[{\"@type\":\"SearchAction\",\"target\":{\"@type\":\"EntryPoint\",\"urlTemplate\":\"https:\/\/www.lemoncarboss.com\/?s={search_term_string}\"},\"query-input\":{\"@type\":\"PropertyValueSpecification\",\"valueRequired\":true,\"valueName\":\"search_term_string\"}}],\"inLanguage\":\"es\"},{\"@type\":\"Organization\",\"@id\":\"https:\/\/www.lemoncarboss.com\/#organization\",\"name\":\"Lemon Car Boss\",\"alternateName\":\"Lemon Law\",\"url\":\"https:\/\/www.lemoncarboss.com\/\",\"logo\":{\"@type\":\"ImageObject\",\"inLanguage\":\"es\",\"@id\":\"https:\/\/www.lemoncarboss.com\/#\/schema\/logo\/image\/\",\"url\":\"https:\/\/www.lemoncarboss.com\/wp-content\/uploads\/2023\/07\/Logo-HI-RES.png\",\"contentUrl\":\"https:\/\/www.lemoncarboss.com\/wp-content\/uploads\/2023\/07\/Logo-HI-RES.png\",\"width\":1682,\"height\":547,\"caption\":\"Lemon Car Boss\"},\"image\":{\"@id\":\"https:\/\/www.lemoncarboss.com\/#\/schema\/logo\/image\/\"},\"sameAs\":[\"https:\/\/www.facebook.com\/Lemoncarboss\",\"https:\/\/www.instagram.com\/lemon_car_boss\/\",\"https:\/\/www.tiktok.com\/@lemoncarboss\",\"https:\/\/www.youtube.com\/@LEMONCARBOSS\"]}]}<\/script>\n<!-- \/ Yoast SEO plugin. -->","yoast_head_json":{"title":"KIA Lemon Law - Lemon Car Boss.","description":"Derechos KIA Lemon Law con Lemon Law Boss. Experiencia ante casos KIA; buscamos la compensaci\u00f3n y resoluci\u00f3n que le corresponde.","robots":{"index":"index","follow":"follow","max-snippet":"max-snippet:-1","max-image-preview":"max-image-preview:large","max-video-preview":"max-video-preview:-1"},"canonical":"https:\/\/www.lemoncarboss.com\/es\/fabricantes\/kia\/","og_locale":"es_ES","og_type":"article","og_title":"KIA Lemon Law - Lemon Car Boss.","og_description":"Derechos KIA Lemon Law con Lemon Law Boss. Experiencia ante casos KIA; buscamos la compensaci\u00f3n y resoluci\u00f3n que le corresponde.","og_url":"https:\/\/www.lemoncarboss.com\/es\/fabricantes\/kia\/","og_site_name":"Lemon Car Boss","article_publisher":"https:\/\/www.facebook.com\/Lemoncarboss","article_modified_time":"2025-12-17T21:32:58+00:00","og_image":[{"url":"https:\/\/www.lemoncarboss.com\/wp-content\/uploads\/2023\/07\/lemon_slice-scaled-e1689108795666-300x116.webp","type":"","width":"","height":""}],"twitter_card":"summary_large_image","twitter_misc":{"Tiempo de lectura":"5 minutos"},"schema":{"@context":"https:\/\/schema.org","@graph":[{"@type":"WebPage","@id":"https:\/\/www.lemoncarboss.com\/es\/fabricantes\/kia\/","url":"https:\/\/www.lemoncarboss.com\/es\/fabricantes\/kia\/","name":"KIA Lemon Law - Lemon Car Boss.","isPartOf":{"@id":"https:\/\/www.lemoncarboss.com\/#website"},"primaryImageOfPage":{"@id":"https:\/\/www.lemoncarboss.com\/es\/fabricantes\/kia\/#primaryimage"},"image":{"@id":"https:\/\/www.lemoncarboss.com\/es\/fabricantes\/kia\/#primaryimage"},"thumbnailUrl":"https:\/\/www.lemoncarboss.com\/wp-content\/uploads\/2023\/07\/lemon_slice-scaled-e1689108795666-300x116.webp","datePublished":"2023-09-11T21:15:07+00:00","dateModified":"2025-12-17T21:32:58+00:00","description":"Derechos KIA Lemon Law con Lemon Law Boss. Experiencia ante casos KIA; buscamos la compensaci\u00f3n y resoluci\u00f3n que le corresponde.","breadcrumb":{"@id":"https:\/\/www.lemoncarboss.com\/es\/fabricantes\/kia\/#breadcrumb"},"inLanguage":"es","potentialAction":[{"@type":"ReadAction","target":["https:\/\/www.lemoncarboss.com\/es\/fabricantes\/kia\/"]}]},{"@type":"ImageObject","inLanguage":"es","@id":"https:\/\/www.lemoncarboss.com\/es\/fabricantes\/kia\/#primaryimage","url":"https:\/\/www.lemoncarboss.com\/wp-content\/uploads\/2023\/07\/lemon_slice-scaled-e1689108795666-300x116.webp","contentUrl":"https:\/\/www.lemoncarboss.com\/wp-content\/uploads\/2023\/07\/lemon_slice-scaled-e1689108795666-300x116.webp"},{"@type":"BreadcrumbList","@id":"https:\/\/www.lemoncarboss.com\/es\/fabricantes\/kia\/#breadcrumb","itemListElement":[{"@type":"ListItem","position":1,"name":"Home","item":"https:\/\/www.lemoncarboss.com\/es\/"},{"@type":"ListItem","position":2,"name":"Fabricantes","item":"https:\/\/www.lemoncarboss.com\/es\/fabricantes\/"},{"@type":"ListItem","position":3,"name":"Kia"}]},{"@type":"WebSite","@id":"https:\/\/www.lemoncarboss.com\/#website","url":"https:\/\/www.lemoncarboss.com\/","name":"Lemon Car Boss","description":"","publisher":{"@id":"https:\/\/www.lemoncarboss.com\/#organization"},"alternateName":"Lemon Law","potentialAction":[{"@type":"SearchAction","target":{"@type":"EntryPoint","urlTemplate":"https:\/\/www.lemoncarboss.com\/?s={search_term_string}"},"query-input":{"@type":"PropertyValueSpecification","valueRequired":true,"valueName":"search_term_string"}}],"inLanguage":"es"},{"@type":"Organization","@id":"https:\/\/www.lemoncarboss.com\/#organization","name":"Lemon Car Boss","alternateName":"Lemon Law","url":"https:\/\/www.lemoncarboss.com\/","logo":{"@type":"ImageObject","inLanguage":"es","@id":"https:\/\/www.lemoncarboss.com\/#\/schema\/logo\/image\/","url":"https:\/\/www.lemoncarboss.com\/wp-content\/uploads\/2023\/07\/Logo-HI-RES.png","contentUrl":"https:\/\/www.lemoncarboss.com\/wp-content\/uploads\/2023\/07\/Logo-HI-RES.png","width":1682,"height":547,"caption":"Lemon Car Boss"},"image":{"@id":"https:\/\/www.lemoncarboss.com\/#\/schema\/logo\/image\/"},"sameAs":["https:\/\/www.facebook.com\/Lemoncarboss","https:\/\/www.instagram.com\/lemon_car_boss\/","https:\/\/www.tiktok.com\/@lemoncarboss","https:\/\/www.youtube.com\/@LEMONCARBOSS"]}]}},"_links":{"self":[{"href":"https:\/\/www.lemoncarboss.com\/es\/wp-json\/wp\/v2\/pages\/2686","targetHints":{"allow":["GET"]}}],"collection":[{"href":"https:\/\/www.lemoncarboss.com\/es\/wp-json\/wp\/v2\/pages"}],"about":[{"href":"https:\/\/www.lemoncarboss.com\/es\/wp-json\/wp\/v2\/types\/page"}],"author":[{"embeddable":true,"href":"https:\/\/www.lemoncarboss.com\/es\/wp-json\/wp\/v2\/users\/2"}],"replies":[{"embeddable":true,"href":"https:\/\/www.lemoncarboss.com\/es\/wp-json\/wp\/v2\/comments?post=2686"}],"version-history":[{"count":6,"href":"https:\/\/www.lemoncarboss.com\/es\/wp-json\/wp\/v2\/pages\/2686\/revisions"}],"predecessor-version":[{"id":4946,"href":"https:\/\/www.lemoncarboss.com\/es\/wp-json\/wp\/v2\/pages\/2686\/revisions\/4946"}],"up":[{"embeddable":true,"href":"https:\/\/www.lemoncarboss.com\/es\/wp-json\/wp\/v2\/pages\/2664"}],"wp:attachment":[{"href":"https:\/\/www.lemoncarboss.com\/es\/wp-json\/wp\/v2\/media?parent=2686"}],"curies":[{"name":"wp","href":"https:\/\/api.w.org\/{rel}","templated":true}]}}