{"id":2689,"date":"2023-09-11T15:47:16","date_gmt":"2023-09-11T22:47:16","guid":{"rendered":"https:\/\/www.lemoncarboss.com\/fabricantes\/maserati\/"},"modified":"2025-12-17T13:22:57","modified_gmt":"2025-12-17T21:22:57","slug":"maserati","status":"publish","type":"page","link":"https:\/\/www.lemoncarboss.com\/es\/fabricantes\/maserati\/","title":{"rendered":"Maserati"},"content":{"rendered":"\t\t<div data-elementor-type=\"wp-page\" data-elementor-id=\"2689\" class=\"elementor elementor-2689 elementor-1883\" data-elementor-post-type=\"page\">\n\t\t\t\t<div class=\"elementor-element elementor-element-44f73924 e-flex e-con-boxed e-con e-parent\" data-id=\"44f73924\" data-element_type=\"container\" data-e-type=\"container\" data-settings=\"{&quot;background_background&quot;:&quot;classic&quot;}\">\n\t\t\t\t\t<div class=\"e-con-inner\">\n\t\t\t\t<div class=\"elementor-element elementor-element-273427ee elementor-widget__width-initial elementor-widget elementor-widget-text-editor\" data-id=\"273427ee\" data-element_type=\"widget\" data-e-type=\"widget\" data-widget_type=\"text-editor.default\">\n\t\t\t\t<div class=\"elementor-widget-container\">\n\t\t\t\t\t\t\t\t\t<h1>Maserati<\/h1>\t\t\t\t\t\t\t\t<\/div>\n\t\t\t\t<\/div>\n\t\t\t\t\t<\/div>\n\t\t\t\t<\/div>\n\t\t<div class=\"elementor-element elementor-element-b92f206 e-flex e-con-boxed e-con e-parent\" data-id=\"b92f206\" data-element_type=\"container\" data-e-type=\"container\" data-settings=\"{&quot;background_background&quot;:&quot;classic&quot;}\">\n\t\t\t\t\t<div class=\"e-con-inner\">\n\t\t<div class=\"elementor-element elementor-element-6fb514fb e-con-full e-flex e-con e-child\" data-id=\"6fb514fb\" data-element_type=\"container\" data-e-type=\"container\">\n\t\t\t\t<div class=\"elementor-element elementor-element-65478628 elementor-widget elementor-widget-text-editor\" data-id=\"65478628\" data-element_type=\"widget\" data-e-type=\"widget\" data-widget_type=\"text-editor.default\">\n\t\t\t\t<div class=\"elementor-widget-container\">\n\t\t\t\t\t\t\t\t\t<h2>Ley del lim\u00f3n Maserati<\/h2>\t\t\t\t\t\t\t\t<\/div>\n\t\t\t\t<\/div>\n\t\t\t\t<div class=\"elementor-element elementor-element-a201896 elementor-widget elementor-widget-image\" data-id=\"a201896\" data-element_type=\"widget\" data-e-type=\"widget\" data-widget_type=\"image.default\">\n\t\t\t\t<div class=\"elementor-widget-container\">\n\t\t\t\t\t\t\t\t\t\t\t\t\t\t\t<img decoding=\"async\" width=\"300\" height=\"116\" src=\"https:\/\/www.lemoncarboss.com\/wp-content\/uploads\/2023\/07\/lemon_slice-scaled-e1689108795666-300x116.webp\" class=\"attachment-medium size-medium wp-image-2626\" alt=\"\" srcset=\"https:\/\/www.lemoncarboss.com\/wp-content\/uploads\/2023\/07\/lemon_slice-scaled-e1689108795666-300x116.webp 300w, https:\/\/www.lemoncarboss.com\/wp-content\/uploads\/2023\/07\/lemon_slice-scaled-e1689108795666-1024x397.webp 1024w, https:\/\/www.lemoncarboss.com\/wp-content\/uploads\/2023\/07\/lemon_slice-scaled-e1689108795666-768x298.webp 768w, https:\/\/www.lemoncarboss.com\/wp-content\/uploads\/2023\/07\/lemon_slice-scaled-e1689108795666-1536x595.webp 1536w, https:\/\/www.lemoncarboss.com\/wp-content\/uploads\/2023\/07\/lemon_slice-scaled-e1689108795666-2048x794.webp 2048w\" sizes=\"(max-width: 300px) 100vw, 300px\" \/>\t\t\t\t\t\t\t\t\t\t\t\t\t\t\t<\/div>\n\t\t\t\t<\/div>\n\t\t\t\t<div class=\"elementor-element elementor-element-532c8867 elementor-widget elementor-widget-text-editor\" data-id=\"532c8867\" data-element_type=\"widget\" data-e-type=\"widget\" data-widget_type=\"text-editor.default\">\n\t\t\t\t<div class=\"elementor-widget-container\">\n\t\t\t\t\t\t\t\t\t<h3>Protecci\u00f3n de sus derechos frente a veh\u00edculos defectuosos<\/h3><p><span style=\"font-weight: 400;\">\u00bfHa tenido problemas persistentes con su Maserati? Es vital asegurarse de que estos problemas no disminuyan el placer de conducir.\u00a0 Nuestros especialistas est\u00e1n a su disposici\u00f3n para informarle sobre sus derechos en virtud de la Ley del Lim\u00f3n de Maserati y orientarle sobre los pasos correctos a seguir si su veh\u00edculo no cumple los criterios esperados.<\/span><\/p><h3>Comprender la Ley del Lim\u00f3n de Maserati<\/h3><p><span style=\"font-weight: 400;\">La Ley del Lim\u00f3n relacionada con Maserati ofrece protecci\u00f3n a los consumidores que compran o alquilan veh\u00edculos nuevos y se enfrentan a continuos problemas que afectan a su seguridad, valor o funcionalidad general. Si su Maserati se ajusta a las normas de elegibilidad espec\u00edficas, puede tener derecho a la ayuda del fabricante, que podr\u00eda abarcar la obtenci\u00f3n de un veh\u00edculo de sustituci\u00f3n, la obtenci\u00f3n de un reembolso, u otra soluci\u00f3n adecuada.<\/span><\/p><h3>Problemas comunes de Maserati<\/h3><ul><li style=\"font-weight: 400;\" aria-level=\"1\"><span style=\"font-weight: 400;\">Aver\u00edas el\u00e9ctricas<\/span><\/li><li style=\"font-weight: 400;\" aria-level=\"1\"><span style=\"font-weight: 400;\">Fallos en el sistema de navegaci\u00f3n<\/span><\/li><li style=\"font-weight: 400;\" aria-level=\"1\"><span style=\"font-weight: 400;\">Problemas con el sistema de infoentretenimiento<\/span><\/li><li style=\"font-weight: 400;\" aria-level=\"1\"><span style=\"font-weight: 400;\">Desgaste prematuro de los frenos<\/span><\/li><li style=\"font-weight: 400;\" aria-level=\"1\"><span style=\"font-weight: 400;\">Problemas de suspensi\u00f3n<\/span><\/li><li style=\"font-weight: 400;\" aria-level=\"1\"><span style=\"font-weight: 400;\">Sistemas de aire acondicionado defectuosos<\/span><\/li><li style=\"font-weight: 400;\" aria-level=\"1\"><span style=\"font-weight: 400;\">Fugas de aceite<\/span><\/li><li style=\"font-weight: 400;\" aria-level=\"1\"><span style=\"font-weight: 400;\">Problemas o retrasos en la transmisi\u00f3n<\/span><\/li><li style=\"font-weight: 400;\" aria-level=\"1\"><span style=\"font-weight: 400;\">Fallos de la direcci\u00f3n asistida<\/span><\/li><li style=\"font-weight: 400;\" aria-level=\"1\"><span style=\"font-weight: 400;\">Problemas con el turbocompresor<\/span><\/li><li style=\"font-weight: 400;\" aria-level=\"1\"><span style=\"font-weight: 400;\">Sensores defectuosos (por ejemplo, ox\u00edgeno, posici\u00f3n del acelerador)<\/span><\/li><li style=\"font-weight: 400;\" aria-level=\"1\"><span style=\"font-weight: 400;\">Problemas del sistema de escape<\/span><\/li><li style=\"font-weight: 400;\" aria-level=\"1\"><span style=\"font-weight: 400;\">Fallos del sistema de refrigeraci\u00f3n<\/span><\/li><li style=\"font-weight: 400;\" aria-level=\"1\"><span style=\"font-weight: 400;\">Bombas de combustible o inyectores defectuosos<\/span><\/li><li style=\"font-weight: 400;\" aria-level=\"1\"><span style=\"font-weight: 400;\">Problemas con el sistema Start-Stop<\/span><\/li><li style=\"font-weight: 400;\" aria-level=\"1\"><span style=\"font-weight: 400;\">Reducci\u00f3n de la potencia del motor o <\/span><span style=\"font-weight: 400;\">\u00ab<\/span><span style=\"font-weight: 400;\">modo cojera<\/span><\/li><li style=\"font-weight: 400;\" aria-level=\"1\"><span style=\"font-weight: 400;\">Problemas con el selector de modos de conducci\u00f3n<\/span><\/li><li style=\"font-weight: 400;\" aria-level=\"1\"><span style=\"font-weight: 400;\">Traqueteo o ruido en el habit\u00e1culo<\/span><\/li><li style=\"font-weight: 400;\" aria-level=\"1\"><span style=\"font-weight: 400;\">Problemas con el reglaje autom\u00e1tico de los faros<\/span><\/li><\/ul><h3>Modelos de Maserati<\/h3><p><span style=\"font-weight: 400;\">Modelos populares de Maserati con boletines de servicio t\u00e9cnico (TSB) y llamadas a revisi\u00f3n.<\/span><\/p><ul><li style=\"font-weight: 400;\" aria-level=\"1\"><span style=\"font-weight: 400;\">Maserati Ghibli<\/span><\/li><li style=\"font-weight: 400;\" aria-level=\"1\"><span style=\"font-weight: 400;\">Maserati Levante<\/span><\/li><li style=\"font-weight: 400;\" aria-level=\"1\"><span style=\"font-weight: 400;\">Maserati Quattroporte<\/span><\/li><li style=\"font-weight: 400;\" aria-level=\"1\"><span style=\"font-weight: 400;\">Maserati Gran Turismo<\/span><\/li><li style=\"font-weight: 400;\" aria-level=\"1\"><span style=\"font-weight: 400;\">Maserati Alfieri<\/span><\/li><\/ul><h3>Requisitos para la recompra confirme a la Ley del Lim\u00f3n de Maserati Buyback<\/h3><p><span style=\"font-weight: 400;\">Para que un veh\u00edculo pueda optar a la recompra seg\u00fan los criterios de la Ley del Lim\u00f3n de Maserati, normalmente deben cumplirse varios requisitos previos ampliamente reconocidos:<\/span><\/p><ul><li style=\"font-weight: 400;\" aria-level=\"1\"><b>Defectos repetitivos:<\/b><span style=\"font-weight: 400;\"> El coche debe mostrar problemas continuos y significativos, a pesar de los repetidos esfuerzos de reparaci\u00f3n.<\/span><\/li><li style=\"font-weight: 400;\" aria-level=\"1\"><b>Impacto en la seguridad, el valor o el funcionamiento:<\/b><span style=\"font-weight: 400;\">\u00a0Los problemas identificados deben obstaculizar sustancialmente la seguridad, el valor de reventa o el funcionamiento normal del veh\u00edculo. Esto incluye sistemas cr\u00edticos como el motor, los frenos, la transmisi\u00f3n, la direcci\u00f3n y otros componentes importantes.<\/span><\/li><li style=\"font-weight: 400;\" aria-level=\"1\"><b>Periodo de<\/b><span style=\"font-weight: 400;\">\u00a0<\/span><b>garant\u00eda:<\/b><span style=\"font-weight: 400;\"> Los problemas deben surgir dentro del plazo de la garant\u00eda o durante una duraci\u00f3n designada denominada \u00abperiodo de cualificaci\u00f3n.\u00bb<\/span><\/li><li style=\"font-weight: 400;\" aria-level=\"1\"><b>Esfuerzos de reparaci\u00f3n<\/b><span style=\"font-weight: 400;\">: Las Leyes del Lim\u00f3n de varios estados suelen obligar al fabricante o al concesionario a tener varias oportunidades para subsanar el defecto. Si estos esfuerzos no alcanzan los l\u00edmites definidos, el veh\u00edculo podr\u00eda optar a la recompra. Inicialmente, se debe acudir a un centro de servicio Maserati autorizado para gestionar los problemas del veh\u00edculo. Si el problema persiste despu\u00e9s de numerosas visitas al servicio t\u00e9cnico, el Maserati podr\u00eda ser etiquetado como \u2018lim\u00f3n\u2019.<\/span><\/li><li style=\"font-weight: 400;\" aria-level=\"1\"><b>Periodo de<\/b><span style=\"font-weight: 400;\">\u00a0<\/span><b>servicio: <\/b><span style=\"font-weight: 400;\">Algunas Leyes del Lim\u00f3n espec\u00edficas de cada estado destacan que si un coche est\u00e1 fuera de servicio durante un periodo de tiempo definido, podr\u00eda considerarse su recompra. Por ejemplo, en California no hay un plazo preciso para que un Maserati est\u00e9 en reparaci\u00f3n. Sin embargo, los per\u00edodos de servicio prolongados pueden sugerir un problema funcional importante, crucial para las evaluaciones de la ley del lim\u00f3n.<\/span><\/li><li style=\"font-weight: 400;\" aria-level=\"1\"><b>Resoluci\u00f3n de conflictos<\/b><span style=\"font-weight: 400;\">: Si el fabricante o el concesionario no resuelven los problemas de forma eficaz, los propietarios pueden contemplar opciones como el arbitraje o la v\u00eda judicial para alcanzar una soluci\u00f3n satisfactoria.<\/span><\/li><li style=\"font-weight: 400;\" aria-level=\"1\"><b>Normas locales<\/b><span style=\"font-weight: 400;\">: Es vital reconocer que las Leyes del Lim\u00f3n var\u00edan seg\u00fan el estado. Las personas deben familiarizarse con la normativa aplicable en su localidad. Algunas zonas pueden aplicar normas m\u00e1s estrictas, mientras que otras pueden ofrecer m\u00e1s flexibilidad.<\/span><\/li><\/ul><h3>Proceso para presentar una reclamaci\u00f3n por la Ley del Lim\u00f3n de Maserati<\/h3><ol><li style=\"font-weight: 400;\" aria-level=\"1\"><span style=\"font-weight: 400;\">Revisamos su caso<\/span><\/li><li style=\"font-weight: 400;\" aria-level=\"1\"><span style=\"font-weight: 400;\">Se re\u00fane<\/span> <span style=\"font-weight: 400;\">Reunimos<\/span><span style=\"font-weight: 400;\"> la documentaci\u00f3n<\/span><\/li><li style=\"font-weight: 400;\" aria-level=\"1\"><span style=\"font-weight: 400;\">Se abre<\/span> <span style=\"font-weight: 400;\">Abrimos<\/span><span style=\"font-weight: 400;\"> una reclamaci\u00f3n a Maserati<\/span><\/li><li style=\"font-weight: 400;\" aria-level=\"1\"><span style=\"font-weight: 400;\">La reclamaci\u00f3n se resuelve con Maserati<\/span><\/li><li style=\"font-weight: 400;\" aria-level=\"1\"><span style=\"font-weight: 400;\">Recibe el pago por su <\/span><span style=\"font-weight: 400;\">lim\u00f3n de<\/span><span style=\"font-weight: 400;\"> Maserati <\/span><span style=\"font-weight: 400;\">Lemon<\/span><\/li><\/ol><h3>\u00bfPor qu\u00e9 elegirnos para su caso de Ley del Lim\u00f3n de Maserati Lemon Law?<\/h3><p><span style=\"font-weight: 400;\">Dedicado a abordar los problemas asociados con veh\u00edculos defectuosos, nuestro competente equipo legal, centrado en los casos de la <\/span><span style=\"font-weight: 400;\">L<\/span><span style=\"font-weight: 400;\">ey del <\/span><span style=\"font-weight: 400;\">L<\/span><span style=\"font-weight: 400;\">im\u00f3n, posee amplios conocimientos en el manejo de varios modelos Maserati (incluyendo modelos como el Levante, Ghibli, Quattroporte, y m\u00e1s). Seguimos firmes en nuestro empe\u00f1o de mantener un legado de defensa de los derechos de los consumidores, garantiz\u00e1ndoles la justa indemnizaci\u00f3n a la que tienen derecho.<\/span><\/p><h3>Contacte con nosotros hoy mismo para una consulta gratuita sobre su Maserati<\/h3><p><span style=\"font-weight: 400;\">Mejore su experiencia como propietario de Maserati abordando de forma proactiva los posibles retos. P\u00f3ngase en contacto con nosotros para una conversaci\u00f3n sin compromiso adaptada a sus necesidades espec\u00edficas, y para comprender los beneficios de la Ley del Lim\u00f3n de Maserati. Nuestro experimentado equipo est\u00e1 preparado para guiarle a trav\u00e9s de los procedimientos necesarios y defender sus derechos como consumidor.<\/span><\/p><p><span style=\"font-weight: 400;\">Es importante que sepa que<\/span><span style=\"font-weight: 400;\">,<\/span><span style=\"font-weight: 400;\"> si tiene problemas con su Maserati, tiene a su disposici\u00f3n derechos y soluciones espec\u00edficas. Perm\u00edtanos ayudarle a aclarar los entresijos de la Ley del Lim\u00f3n de Maserati, ayud\u00e1ndole a alcanzar los resultados deseados.<\/span><\/p><p><span style=\"font-weight: 400;\">Tenga en cuenta que la informaci\u00f3n aqu\u00ed facilitada es de car\u00e1cter general y no debe interpretarse como asesoramiento jur\u00eddico. Para obtener orientaci\u00f3n espec\u00edfica sobre su situaci\u00f3n, le recomendamos que consulte a un abogado experto.<\/span><\/p><h3>\u00bfQu\u00e9 es la Ley del Lim\u00f3n de Maserati?<\/h3><p><span style=\"font-weight: 400;\">Cuando hablamos de veh\u00edculos Maserati en relaci\u00f3n con la Ley del Lim\u00f3n, existe una estructura legal definida para los consumidores que se enfrentan a problemas con sus veh\u00edculos despu\u00e9s de su adquisici\u00f3n o leasing. Esta ley se centra espec\u00edficamente en los continuos e importantes problemas que suelen asociarse a los veh\u00edculos Maserati. Garantiza la salvaguardia de los derechos de los propietarios de veh\u00edculos, ofreci\u00e9ndoles v\u00edas de recurso si su coche no cumple los criterios de fiabilidad, seguridad y rendimiento esperados.<\/span><\/p><p><span style=\"font-weight: 400;\">Si un veh\u00edculo Maserati experimenta fallos o aver\u00edas de forma sistem\u00e1tica en un plazo de tiempo estipulado y cumple determinados criterios, el propietario o arrendatario puede optar a soluciones como la sustituci\u00f3n por parte del fabricante, un reembolso econ\u00f3mico o la oportunidad de que el fabricante recompre el veh\u00edculo.<\/span><\/p><p><span style=\"font-weight: 400;\">Es fundamental comprender que las Leyes del Lim\u00f3n pueden variar seg\u00fan la localidad, lo que conlleva diferentes normas y procedimientos de elegibilidad. Si sospecha que su Maserati puede estar catalogado como un \u00ablim\u00f3n\u00bb, pedir consejo a un experto legal versado en asuntos de la Ley del Lim\u00f3n puede ayudarle a conocer sus derechos y a emprender los pasos pertinentes seg\u00fan dicta la legislaci\u00f3n de su zona.<\/span><\/p>\t\t\t\t\t\t\t\t<\/div>\n\t\t\t\t<\/div>\n\t\t\t\t<\/div>\n\t\t\t\t\t<\/div>\n\t\t\t\t<\/div>\n\t\t\t\t<\/div>\n\t\t","protected":false},"excerpt":{"rendered":"<p>Maserati Ley del lim\u00f3n Maserati Protecci\u00f3n de sus derechos frente a veh\u00edculos defectuosos \u00bfHa tenido problemas persistentes con su Maserati? Es vital asegurarse de que estos problemas no disminuyan el placer de conducir.\u00a0 Nuestros especialistas est\u00e1n a su disposici\u00f3n para informarle sobre sus derechos en virtud de la Ley del Lim\u00f3n de Maserati y orientarle [&hellip;]<\/p>\n","protected":false},"author":2,"featured_media":0,"parent":2664,"menu_order":0,"comment_status":"closed","ping_status":"closed","template":"","meta":{"footnotes":""},"class_list":["post-2689","page","type-page","status-publish","hentry"],"yoast_head":"<!-- This site is optimized with the Yoast SEO plugin v27.2 - https:\/\/yoast.com\/product\/yoast-seo-wordpress\/ -->\n<title>Ley del Lim\u00f3n de Maserati - Lemon Car Boss<\/title>\n<meta name=\"description\" content=\"Derechos Maserati Lemon Law con Lemon Car Boss. Buscamos su resoluci\u00f3n y compensaci\u00f3n. Cont\u00e1ctenos hoy. Lemon Car Boss\" \/>\n<meta name=\"robots\" content=\"index, follow, max-snippet:-1, max-image-preview:large, max-video-preview:-1\" \/>\n<link rel=\"canonical\" href=\"https:\/\/www.lemoncarboss.com\/es\/fabricantes\/maserati\/\" \/>\n<meta property=\"og:locale\" content=\"es_ES\" \/>\n<meta property=\"og:type\" content=\"article\" \/>\n<meta property=\"og:title\" content=\"Ley del Lim\u00f3n de Maserati - Lemon Car Boss\" \/>\n<meta property=\"og:description\" content=\"Derechos Maserati Lemon Law con Lemon Car Boss. Buscamos su resoluci\u00f3n y compensaci\u00f3n. Cont\u00e1ctenos hoy. Lemon Car Boss\" \/>\n<meta property=\"og:url\" content=\"https:\/\/www.lemoncarboss.com\/es\/fabricantes\/maserati\/\" \/>\n<meta property=\"og:site_name\" content=\"Lemon Car Boss\" \/>\n<meta property=\"article:publisher\" content=\"https:\/\/www.facebook.com\/Lemoncarboss\" \/>\n<meta property=\"article:modified_time\" content=\"2025-12-17T21:22:57+00:00\" \/>\n<meta property=\"og:image\" content=\"https:\/\/www.lemoncarboss.com\/wp-content\/uploads\/2023\/07\/lemon_slice-scaled-e1689108795666-300x116.webp\" \/>\n<meta name=\"twitter:card\" content=\"summary_large_image\" \/>\n<meta name=\"twitter:label1\" content=\"Tiempo de lectura\" \/>\n\t<meta name=\"twitter:data1\" content=\"5 minutos\" \/>\n<script type=\"application\/ld+json\" class=\"yoast-schema-graph\">{\"@context\":\"https:\/\/schema.org\",\"@graph\":[{\"@type\":\"WebPage\",\"@id\":\"https:\/\/www.lemoncarboss.com\/es\/fabricantes\/maserati\/\",\"url\":\"https:\/\/www.lemoncarboss.com\/es\/fabricantes\/maserati\/\",\"name\":\"Ley del Lim\u00f3n de Maserati - Lemon Car Boss\",\"isPartOf\":{\"@id\":\"https:\/\/www.lemoncarboss.com\/#website\"},\"primaryImageOfPage\":{\"@id\":\"https:\/\/www.lemoncarboss.com\/es\/fabricantes\/maserati\/#primaryimage\"},\"image\":{\"@id\":\"https:\/\/www.lemoncarboss.com\/es\/fabricantes\/maserati\/#primaryimage\"},\"thumbnailUrl\":\"https:\/\/www.lemoncarboss.com\/wp-content\/uploads\/2023\/07\/lemon_slice-scaled-e1689108795666-300x116.webp\",\"datePublished\":\"2023-09-11T22:47:16+00:00\",\"dateModified\":\"2025-12-17T21:22:57+00:00\",\"description\":\"Derechos Maserati Lemon Law con Lemon Car Boss. Buscamos su resoluci\u00f3n y compensaci\u00f3n. Cont\u00e1ctenos hoy. Lemon Car Boss\",\"breadcrumb\":{\"@id\":\"https:\/\/www.lemoncarboss.com\/es\/fabricantes\/maserati\/#breadcrumb\"},\"inLanguage\":\"es\",\"potentialAction\":[{\"@type\":\"ReadAction\",\"target\":[\"https:\/\/www.lemoncarboss.com\/es\/fabricantes\/maserati\/\"]}]},{\"@type\":\"ImageObject\",\"inLanguage\":\"es\",\"@id\":\"https:\/\/www.lemoncarboss.com\/es\/fabricantes\/maserati\/#primaryimage\",\"url\":\"https:\/\/www.lemoncarboss.com\/wp-content\/uploads\/2023\/07\/lemon_slice-scaled-e1689108795666-300x116.webp\",\"contentUrl\":\"https:\/\/www.lemoncarboss.com\/wp-content\/uploads\/2023\/07\/lemon_slice-scaled-e1689108795666-300x116.webp\"},{\"@type\":\"BreadcrumbList\",\"@id\":\"https:\/\/www.lemoncarboss.com\/es\/fabricantes\/maserati\/#breadcrumb\",\"itemListElement\":[{\"@type\":\"ListItem\",\"position\":1,\"name\":\"Home\",\"item\":\"https:\/\/www.lemoncarboss.com\/es\/\"},{\"@type\":\"ListItem\",\"position\":2,\"name\":\"Fabricantes\",\"item\":\"https:\/\/www.lemoncarboss.com\/es\/fabricantes\/\"},{\"@type\":\"ListItem\",\"position\":3,\"name\":\"Maserati\"}]},{\"@type\":\"WebSite\",\"@id\":\"https:\/\/www.lemoncarboss.com\/#website\",\"url\":\"https:\/\/www.lemoncarboss.com\/\",\"name\":\"Lemon Car Boss\",\"description\":\"\",\"publisher\":{\"@id\":\"https:\/\/www.lemoncarboss.com\/#organization\"},\"alternateName\":\"Lemon Law\",\"potentialAction\":[{\"@type\":\"SearchAction\",\"target\":{\"@type\":\"EntryPoint\",\"urlTemplate\":\"https:\/\/www.lemoncarboss.com\/?s={search_term_string}\"},\"query-input\":{\"@type\":\"PropertyValueSpecification\",\"valueRequired\":true,\"valueName\":\"search_term_string\"}}],\"inLanguage\":\"es\"},{\"@type\":\"Organization\",\"@id\":\"https:\/\/www.lemoncarboss.com\/#organization\",\"name\":\"Lemon Car Boss\",\"alternateName\":\"Lemon Law\",\"url\":\"https:\/\/www.lemoncarboss.com\/\",\"logo\":{\"@type\":\"ImageObject\",\"inLanguage\":\"es\",\"@id\":\"https:\/\/www.lemoncarboss.com\/#\/schema\/logo\/image\/\",\"url\":\"https:\/\/www.lemoncarboss.com\/wp-content\/uploads\/2023\/07\/Logo-HI-RES.png\",\"contentUrl\":\"https:\/\/www.lemoncarboss.com\/wp-content\/uploads\/2023\/07\/Logo-HI-RES.png\",\"width\":1682,\"height\":547,\"caption\":\"Lemon Car Boss\"},\"image\":{\"@id\":\"https:\/\/www.lemoncarboss.com\/#\/schema\/logo\/image\/\"},\"sameAs\":[\"https:\/\/www.facebook.com\/Lemoncarboss\",\"https:\/\/www.instagram.com\/lemon_car_boss\/\",\"https:\/\/www.tiktok.com\/@lemoncarboss\",\"https:\/\/www.youtube.com\/@LEMONCARBOSS\"]}]}<\/script>\n<!-- \/ Yoast SEO plugin. -->","yoast_head_json":{"title":"Ley del Lim\u00f3n de Maserati - Lemon Car Boss","description":"Derechos Maserati Lemon Law con Lemon Car Boss. Buscamos su resoluci\u00f3n y compensaci\u00f3n. Cont\u00e1ctenos hoy. Lemon Car Boss","robots":{"index":"index","follow":"follow","max-snippet":"max-snippet:-1","max-image-preview":"max-image-preview:large","max-video-preview":"max-video-preview:-1"},"canonical":"https:\/\/www.lemoncarboss.com\/es\/fabricantes\/maserati\/","og_locale":"es_ES","og_type":"article","og_title":"Ley del Lim\u00f3n de Maserati - Lemon Car Boss","og_description":"Derechos Maserati Lemon Law con Lemon Car Boss. Buscamos su resoluci\u00f3n y compensaci\u00f3n. Cont\u00e1ctenos hoy. Lemon Car Boss","og_url":"https:\/\/www.lemoncarboss.com\/es\/fabricantes\/maserati\/","og_site_name":"Lemon Car Boss","article_publisher":"https:\/\/www.facebook.com\/Lemoncarboss","article_modified_time":"2025-12-17T21:22:57+00:00","og_image":[{"url":"https:\/\/www.lemoncarboss.com\/wp-content\/uploads\/2023\/07\/lemon_slice-scaled-e1689108795666-300x116.webp","type":"","width":"","height":""}],"twitter_card":"summary_large_image","twitter_misc":{"Tiempo de lectura":"5 minutos"},"schema":{"@context":"https:\/\/schema.org","@graph":[{"@type":"WebPage","@id":"https:\/\/www.lemoncarboss.com\/es\/fabricantes\/maserati\/","url":"https:\/\/www.lemoncarboss.com\/es\/fabricantes\/maserati\/","name":"Ley del Lim\u00f3n de Maserati - Lemon Car Boss","isPartOf":{"@id":"https:\/\/www.lemoncarboss.com\/#website"},"primaryImageOfPage":{"@id":"https:\/\/www.lemoncarboss.com\/es\/fabricantes\/maserati\/#primaryimage"},"image":{"@id":"https:\/\/www.lemoncarboss.com\/es\/fabricantes\/maserati\/#primaryimage"},"thumbnailUrl":"https:\/\/www.lemoncarboss.com\/wp-content\/uploads\/2023\/07\/lemon_slice-scaled-e1689108795666-300x116.webp","datePublished":"2023-09-11T22:47:16+00:00","dateModified":"2025-12-17T21:22:57+00:00","description":"Derechos Maserati Lemon Law con Lemon Car Boss. Buscamos su resoluci\u00f3n y compensaci\u00f3n. Cont\u00e1ctenos hoy. Lemon Car Boss","breadcrumb":{"@id":"https:\/\/www.lemoncarboss.com\/es\/fabricantes\/maserati\/#breadcrumb"},"inLanguage":"es","potentialAction":[{"@type":"ReadAction","target":["https:\/\/www.lemoncarboss.com\/es\/fabricantes\/maserati\/"]}]},{"@type":"ImageObject","inLanguage":"es","@id":"https:\/\/www.lemoncarboss.com\/es\/fabricantes\/maserati\/#primaryimage","url":"https:\/\/www.lemoncarboss.com\/wp-content\/uploads\/2023\/07\/lemon_slice-scaled-e1689108795666-300x116.webp","contentUrl":"https:\/\/www.lemoncarboss.com\/wp-content\/uploads\/2023\/07\/lemon_slice-scaled-e1689108795666-300x116.webp"},{"@type":"BreadcrumbList","@id":"https:\/\/www.lemoncarboss.com\/es\/fabricantes\/maserati\/#breadcrumb","itemListElement":[{"@type":"ListItem","position":1,"name":"Home","item":"https:\/\/www.lemoncarboss.com\/es\/"},{"@type":"ListItem","position":2,"name":"Fabricantes","item":"https:\/\/www.lemoncarboss.com\/es\/fabricantes\/"},{"@type":"ListItem","position":3,"name":"Maserati"}]},{"@type":"WebSite","@id":"https:\/\/www.lemoncarboss.com\/#website","url":"https:\/\/www.lemoncarboss.com\/","name":"Lemon Car Boss","description":"","publisher":{"@id":"https:\/\/www.lemoncarboss.com\/#organization"},"alternateName":"Lemon Law","potentialAction":[{"@type":"SearchAction","target":{"@type":"EntryPoint","urlTemplate":"https:\/\/www.lemoncarboss.com\/?s={search_term_string}"},"query-input":{"@type":"PropertyValueSpecification","valueRequired":true,"valueName":"search_term_string"}}],"inLanguage":"es"},{"@type":"Organization","@id":"https:\/\/www.lemoncarboss.com\/#organization","name":"Lemon Car Boss","alternateName":"Lemon Law","url":"https:\/\/www.lemoncarboss.com\/","logo":{"@type":"ImageObject","inLanguage":"es","@id":"https:\/\/www.lemoncarboss.com\/#\/schema\/logo\/image\/","url":"https:\/\/www.lemoncarboss.com\/wp-content\/uploads\/2023\/07\/Logo-HI-RES.png","contentUrl":"https:\/\/www.lemoncarboss.com\/wp-content\/uploads\/2023\/07\/Logo-HI-RES.png","width":1682,"height":547,"caption":"Lemon Car Boss"},"image":{"@id":"https:\/\/www.lemoncarboss.com\/#\/schema\/logo\/image\/"},"sameAs":["https:\/\/www.facebook.com\/Lemoncarboss","https:\/\/www.instagram.com\/lemon_car_boss\/","https:\/\/www.tiktok.com\/@lemoncarboss","https:\/\/www.youtube.com\/@LEMONCARBOSS"]}]}},"_links":{"self":[{"href":"https:\/\/www.lemoncarboss.com\/es\/wp-json\/wp\/v2\/pages\/2689","targetHints":{"allow":["GET"]}}],"collection":[{"href":"https:\/\/www.lemoncarboss.com\/es\/wp-json\/wp\/v2\/pages"}],"about":[{"href":"https:\/\/www.lemoncarboss.com\/es\/wp-json\/wp\/v2\/types\/page"}],"author":[{"embeddable":true,"href":"https:\/\/www.lemoncarboss.com\/es\/wp-json\/wp\/v2\/users\/2"}],"replies":[{"embeddable":true,"href":"https:\/\/www.lemoncarboss.com\/es\/wp-json\/wp\/v2\/comments?post=2689"}],"version-history":[{"count":6,"href":"https:\/\/www.lemoncarboss.com\/es\/wp-json\/wp\/v2\/pages\/2689\/revisions"}],"predecessor-version":[{"id":4961,"href":"https:\/\/www.lemoncarboss.com\/es\/wp-json\/wp\/v2\/pages\/2689\/revisions\/4961"}],"up":[{"embeddable":true,"href":"https:\/\/www.lemoncarboss.com\/es\/wp-json\/wp\/v2\/pages\/2664"}],"wp:attachment":[{"href":"https:\/\/www.lemoncarboss.com\/es\/wp-json\/wp\/v2\/media?parent=2689"}],"curies":[{"name":"wp","href":"https:\/\/api.w.org\/{rel}","templated":true}]}}