{"id":2691,"date":"2023-09-19T08:37:16","date_gmt":"2023-09-19T15:37:16","guid":{"rendered":"https:\/\/www.lemoncarboss.com\/abogados\/sam-ryan-heidari\/"},"modified":"2023-11-20T13:00:39","modified_gmt":"2023-11-20T21:00:39","slug":"sam-ryan-heidari","status":"publish","type":"page","link":"https:\/\/www.lemoncarboss.com\/es\/abogados\/sam-ryan-heidari\/","title":{"rendered":"Sam Ryan Heidari"},"content":{"rendered":"\t\t<div data-elementor-type=\"wp-page\" data-elementor-id=\"2691\" class=\"elementor elementor-2691 elementor-2373\" data-elementor-post-type=\"page\">\n\t\t\t\t<div class=\"elementor-element elementor-element-c30d0f8 e-flex e-con-boxed e-con e-parent\" data-id=\"c30d0f8\" data-element_type=\"container\" data-e-type=\"container\" data-settings=\"{&quot;background_background&quot;:&quot;classic&quot;}\">\n\t\t\t\t\t<div class=\"e-con-inner\">\n\t\t\t\t<div class=\"elementor-element elementor-element-74031c6 elementor-widget__width-initial elementor-widget elementor-widget-text-editor\" data-id=\"74031c6\" data-element_type=\"widget\" data-e-type=\"widget\" data-widget_type=\"text-editor.default\">\n\t\t\t\t<div class=\"elementor-widget-container\">\n\t\t\t\t\t\t\t\t\t<h1>Sam Ryan Heidari<\/h1>\t\t\t\t\t\t\t\t<\/div>\n\t\t\t\t<\/div>\n\t\t\t\t\t<\/div>\n\t\t\t\t<\/div>\n\t\t<div class=\"elementor-element elementor-element-4ffb66f e-con-full e-flex e-con e-parent\" data-id=\"4ffb66f\" data-element_type=\"container\" data-e-type=\"container\">\n\t\t\t\t<div class=\"elementor-element elementor-element-f52e2b4 elementor-widget elementor-widget-image\" data-id=\"f52e2b4\" data-element_type=\"widget\" data-e-type=\"widget\" data-widget_type=\"image.default\">\n\t\t\t\t<div class=\"elementor-widget-container\">\n\t\t\t\t\t\t\t\t\t\t\t\t\t\t\t<img fetchpriority=\"high\" decoding=\"async\" width=\"2560\" height=\"980\" src=\"https:\/\/www.lemoncarboss.com\/wp-content\/uploads\/2023\/07\/Attorney_Header_Image-1-scaled-1.webp\" class=\"attachment-full size-full wp-image-2621\" alt=\"\" srcset=\"https:\/\/www.lemoncarboss.com\/wp-content\/uploads\/2023\/07\/Attorney_Header_Image-1-scaled-1.webp 2560w, https:\/\/www.lemoncarboss.com\/wp-content\/uploads\/2023\/07\/Attorney_Header_Image-1-scaled-1-300x115.webp 300w, https:\/\/www.lemoncarboss.com\/wp-content\/uploads\/2023\/07\/Attorney_Header_Image-1-scaled-1-1024x392.webp 1024w, https:\/\/www.lemoncarboss.com\/wp-content\/uploads\/2023\/07\/Attorney_Header_Image-1-scaled-1-768x294.webp 768w, https:\/\/www.lemoncarboss.com\/wp-content\/uploads\/2023\/07\/Attorney_Header_Image-1-scaled-1-1536x588.webp 1536w, https:\/\/www.lemoncarboss.com\/wp-content\/uploads\/2023\/07\/Attorney_Header_Image-1-scaled-1-2048x784.webp 2048w\" sizes=\"(max-width: 2560px) 100vw, 2560px\" \/>\t\t\t\t\t\t\t\t\t\t\t\t\t\t\t<\/div>\n\t\t\t\t<\/div>\n\t\t\t\t<\/div>\n\t\t<div class=\"elementor-element elementor-element-0e678a0 e-flex e-con-boxed e-con e-parent\" data-id=\"0e678a0\" data-element_type=\"container\" data-e-type=\"container\" data-settings=\"{&quot;background_background&quot;:&quot;classic&quot;}\">\n\t\t\t\t\t<div class=\"e-con-inner\">\n\t\t<div class=\"elementor-element elementor-element-13b04a8 e-con-full e-flex e-con e-child\" data-id=\"13b04a8\" data-element_type=\"container\" data-e-type=\"container\">\n\t\t\t\t<div class=\"elementor-element elementor-element-4fcf96c elementor-widget elementor-widget-image\" data-id=\"4fcf96c\" data-element_type=\"widget\" data-e-type=\"widget\" data-widget_type=\"image.default\">\n\t\t\t\t<div class=\"elementor-widget-container\">\n\t\t\t\t\t\t\t\t\t\t\t\t\t\t\t<img decoding=\"async\" width=\"800\" height=\"865\" src=\"https:\/\/www.lemoncarboss.com\/wp-content\/uploads\/2023\/07\/SAM_BIO-947x1024.jpg\" class=\"attachment-large size-large wp-image-2622\" alt=\"\" srcset=\"https:\/\/www.lemoncarboss.com\/wp-content\/uploads\/2023\/07\/SAM_BIO-947x1024.jpg 947w, https:\/\/www.lemoncarboss.com\/wp-content\/uploads\/2023\/07\/SAM_BIO-277x300.jpg 277w, https:\/\/www.lemoncarboss.com\/wp-content\/uploads\/2023\/07\/SAM_BIO-768x830.jpg 768w, https:\/\/www.lemoncarboss.com\/wp-content\/uploads\/2023\/07\/SAM_BIO-1421x1536.jpg 1421w, https:\/\/www.lemoncarboss.com\/wp-content\/uploads\/2023\/07\/SAM_BIO-1894x2048.jpg 1894w\" sizes=\"(max-width: 800px) 100vw, 800px\" \/>\t\t\t\t\t\t\t\t\t\t\t\t\t\t\t<\/div>\n\t\t\t\t<\/div>\n\t\t\t\t<div class=\"elementor-element elementor-element-8661cb0 elementor-widget elementor-widget-text-editor\" data-id=\"8661cb0\" data-element_type=\"widget\" data-e-type=\"widget\" data-widget_type=\"text-editor.default\">\n\t\t\t\t<div class=\"elementor-widget-container\">\n\t\t\t\t\t\t\t\t\t<p><a href=\"mailto:info@lemoncarboss.com\"><span style=\"color: #2ea3f2;\">info@lemoncarboss.com<\/span><\/a><br \/><a href=\"tel:2132863333\">(213) 286-3333<\/a><\/p>\t\t\t\t\t\t\t\t<\/div>\n\t\t\t\t<\/div>\n\t\t\t\t<\/div>\n\t\t<div class=\"elementor-element elementor-element-1a30658 e-con-full e-flex e-con e-child\" data-id=\"1a30658\" data-element_type=\"container\" data-e-type=\"container\">\n\t\t\t\t<div class=\"elementor-element elementor-element-15d2616 elementor-widget elementor-widget-text-editor\" data-id=\"15d2616\" data-element_type=\"widget\" data-e-type=\"widget\" data-widget_type=\"text-editor.default\">\n\t\t\t\t<div class=\"elementor-widget-container\">\n\t\t\t\t\t\t\t\t\t<h3><span style=\"font-weight: 400;\">SAM RYAN HEIDARI, ESQ. SOCIO<\/span><\/h3><p><span style=\"font-weight: 400;\">Tras licenciarse en Ingenier\u00eda de Materiales, Sam asisti\u00f3 a la Facultad de Derecho William S. Boyd de la Universidad de Nevada-Las Vegas. Despu\u00e9s de la facultad de Derecho, Sam trabaj\u00f3 como asistente jur\u00eddico judicial y abogado investigador de la Honorable Susan W. Scann, del Tribunal de Negocios del Octavo Distrito Judicial, en Las Vegas, Nevada. Como asistente jur\u00eddico en uno de los cinco \u00fanicos tribunales civiles empresariales de Nevada, ayud\u00f3 al juez Scann con la tramitaci\u00f3n de una lista de casos empresariales y civiles complejos, incluidos los juicios con jurado de lesiones catastr\u00f3ficas, responsabilidad por productos defectuosos, derecho del consumidor, acciones derivadas de accionistas, dominio eminente, negligencia legal, acciones colectivas y fusiones.<\/span><\/p><p><span style=\"font-weight: 400;\"><br \/><\/span><span style=\"font-weight: 400;\"><br \/><\/span><b>EDUCACI\u00d3N<\/b><\/p><ul><li style=\"font-weight: 400;\" aria-level=\"2\"><span style=\"font-weight: 400;\">Facultad de Derecho William S. Boyd de la Universidad de Nevada<\/span><\/li><\/ul><p><b>ADMISIONES<\/b><\/p><ul><li style=\"font-weight: 400;\" aria-level=\"1\"><span style=\"font-weight: 400;\">Colegio de Abogados de Nevada<\/span><\/li><li style=\"font-weight: 400;\" aria-level=\"1\"><span style=\"font-weight: 400;\">Colegio de Abogados de California<\/span><\/li><li style=\"font-weight: 400;\" aria-level=\"1\"><span style=\"font-weight: 400;\">Estados Unidos<\/span><span style=\"font-weight: 400;\"> Tribunal del Distrito Central de California<\/span><span style=\"font-weight: 400;\">, Estados Unidos<\/span><\/li><li style=\"font-weight: 400;\" aria-level=\"1\"><span style=\"font-weight: 400;\">Estados Unidos<\/span><span style=\"font-weight: 400;\"> Tribunal del Distrito Norte de California<\/span><span style=\"font-weight: 400;\">, Estados Unidos<\/span><\/li><li style=\"font-weight: 400;\" aria-level=\"1\"><span style=\"font-weight: 400;\">Tribunal de Distrito de los Estados Unidos, Distrito de Nevada<\/span><\/li><\/ul><p><span style=\"font-weight: 400;\"><br \/><\/span><b>IDIOMAS<\/b><\/p><ul><li style=\"font-weight: 400;\" aria-level=\"1\"><span style=\"font-weight: 400;\">Ingl\u00e9s<\/span><\/li><li style=\"font-weight: 400;\" aria-level=\"1\"><span style=\"font-weight: 400;\">Franc\u00e9s<\/span><\/li><\/ul>\t\t\t\t\t\t\t\t<\/div>\n\t\t\t\t<\/div>\n\t\t\t\t<\/div>\n\t\t\t\t\t<\/div>\n\t\t\t\t<\/div>\n\t\t\t\t<\/div>\n\t\t","protected":false},"excerpt":{"rendered":"<p>Sam Ryan Heidari info@lemoncarboss.com(213) 286-3333 SAM RYAN HEIDARI, ESQ. SOCIO Tras licenciarse en Ingenier\u00eda de Materiales, Sam asisti\u00f3 a la Facultad de Derecho William S. Boyd de la Universidad de Nevada-Las Vegas. Despu\u00e9s de la facultad de Derecho, Sam trabaj\u00f3 como asistente jur\u00eddico judicial y abogado investigador de la Honorable Susan W. Scann, del Tribunal [&hellip;]<\/p>\n","protected":false},"author":2,"featured_media":0,"parent":2660,"menu_order":0,"comment_status":"closed","ping_status":"closed","template":"","meta":{"footnotes":""},"class_list":["post-2691","page","type-page","status-publish","hentry"],"yoast_head":"<!-- This site is optimized with the Yoast SEO plugin v27.2 - https:\/\/yoast.com\/product\/yoast-seo-wordpress\/ -->\n<title>Sam Ryan Heidari Abogado - Lemon Car Boss<\/title>\n<meta name=\"description\" content=\"Sam Ryan Heidari es licenciado en Derecho por la William S. Boyd School of Law y antiguo pasante judicial en el Tribunal de Negocios del Octavo Distrito Judicial de Las Vegas. Especializado en casos empresariales y civiles complejos, incluyendo la litigaci\u00f3n y juicios con jurado de lesiones catastr\u00f3ficas, responsabilidad por productos defectuosos, derecho del consumidor, acciones derivadas de accionistas, dominio eminente, negligencia legal, acciones colectivas y fusiones.\" \/>\n<meta name=\"robots\" content=\"index, follow, max-snippet:-1, max-image-preview:large, max-video-preview:-1\" \/>\n<link rel=\"canonical\" href=\"https:\/\/www.lemoncarboss.com\/es\/abogados\/sam-ryan-heidari\/\" \/>\n<meta property=\"og:locale\" content=\"es_ES\" \/>\n<meta property=\"og:type\" content=\"article\" \/>\n<meta property=\"og:title\" content=\"Sam Ryan Heidari Abogado - Lemon Car Boss\" \/>\n<meta property=\"og:description\" content=\"Sam Ryan Heidari es licenciado en Derecho por la William S. Boyd School of Law y antiguo pasante judicial en el Tribunal de Negocios del Octavo Distrito Judicial de Las Vegas. Especializado en casos empresariales y civiles complejos, incluyendo la litigaci\u00f3n y juicios con jurado de lesiones catastr\u00f3ficas, responsabilidad por productos defectuosos, derecho del consumidor, acciones derivadas de accionistas, dominio eminente, negligencia legal, acciones colectivas y fusiones.\" \/>\n<meta property=\"og:url\" content=\"https:\/\/www.lemoncarboss.com\/es\/abogados\/sam-ryan-heidari\/\" \/>\n<meta property=\"og:site_name\" content=\"Lemon Car Boss\" \/>\n<meta property=\"article:publisher\" content=\"https:\/\/www.facebook.com\/Lemoncarboss\" \/>\n<meta property=\"article:modified_time\" content=\"2023-11-20T21:00:39+00:00\" \/>\n<meta property=\"og:image\" content=\"https:\/\/www.lemoncarboss.com\/wp-content\/uploads\/2023\/07\/Attorney_Header_Image-1-scaled-1.webp\" \/>\n<meta name=\"twitter:card\" content=\"summary_large_image\" \/>\n<meta name=\"twitter:label1\" content=\"Tiempo de lectura\" \/>\n\t<meta name=\"twitter:data1\" content=\"2 minutos\" \/>\n<script type=\"application\/ld+json\" class=\"yoast-schema-graph\">{\"@context\":\"https:\/\/schema.org\",\"@graph\":[{\"@type\":\"WebPage\",\"@id\":\"https:\/\/www.lemoncarboss.com\/es\/abogados\/sam-ryan-heidari\/\",\"url\":\"https:\/\/www.lemoncarboss.com\/es\/abogados\/sam-ryan-heidari\/\",\"name\":\"Sam Ryan Heidari Abogado - Lemon Car Boss\",\"isPartOf\":{\"@id\":\"https:\/\/www.lemoncarboss.com\/#website\"},\"primaryImageOfPage\":{\"@id\":\"https:\/\/www.lemoncarboss.com\/es\/abogados\/sam-ryan-heidari\/#primaryimage\"},\"image\":{\"@id\":\"https:\/\/www.lemoncarboss.com\/es\/abogados\/sam-ryan-heidari\/#primaryimage\"},\"thumbnailUrl\":\"https:\/\/www.lemoncarboss.com\/wp-content\/uploads\/2023\/07\/Attorney_Header_Image-1-scaled-1.webp\",\"datePublished\":\"2023-09-19T15:37:16+00:00\",\"dateModified\":\"2023-11-20T21:00:39+00:00\",\"description\":\"Sam Ryan Heidari es licenciado en Derecho por la William S. Boyd School of Law y antiguo pasante judicial en el Tribunal de Negocios del Octavo Distrito Judicial de Las Vegas. Especializado en casos empresariales y civiles complejos, incluyendo la litigaci\u00f3n y juicios con jurado de lesiones catastr\u00f3ficas, responsabilidad por productos defectuosos, derecho del consumidor, acciones derivadas de accionistas, dominio eminente, negligencia legal, acciones colectivas y fusiones.\",\"breadcrumb\":{\"@id\":\"https:\/\/www.lemoncarboss.com\/es\/abogados\/sam-ryan-heidari\/#breadcrumb\"},\"inLanguage\":\"es\",\"potentialAction\":[{\"@type\":\"ReadAction\",\"target\":[\"https:\/\/www.lemoncarboss.com\/es\/abogados\/sam-ryan-heidari\/\"]}]},{\"@type\":\"ImageObject\",\"inLanguage\":\"es\",\"@id\":\"https:\/\/www.lemoncarboss.com\/es\/abogados\/sam-ryan-heidari\/#primaryimage\",\"url\":\"https:\/\/www.lemoncarboss.com\/wp-content\/uploads\/2023\/07\/Attorney_Header_Image-1-scaled-1.webp\",\"contentUrl\":\"https:\/\/www.lemoncarboss.com\/wp-content\/uploads\/2023\/07\/Attorney_Header_Image-1-scaled-1.webp\"},{\"@type\":\"BreadcrumbList\",\"@id\":\"https:\/\/www.lemoncarboss.com\/es\/abogados\/sam-ryan-heidari\/#breadcrumb\",\"itemListElement\":[{\"@type\":\"ListItem\",\"position\":1,\"name\":\"Home\",\"item\":\"https:\/\/www.lemoncarboss.com\/es\/\"},{\"@type\":\"ListItem\",\"position\":2,\"name\":\"Abogados\",\"item\":\"https:\/\/www.lemoncarboss.com\/es\/abogados\/\"},{\"@type\":\"ListItem\",\"position\":3,\"name\":\"Sam Ryan Heidari\"}]},{\"@type\":\"WebSite\",\"@id\":\"https:\/\/www.lemoncarboss.com\/#website\",\"url\":\"https:\/\/www.lemoncarboss.com\/\",\"name\":\"Lemon Car Boss\",\"description\":\"\",\"publisher\":{\"@id\":\"https:\/\/www.lemoncarboss.com\/#organization\"},\"alternateName\":\"Lemon Law\",\"potentialAction\":[{\"@type\":\"SearchAction\",\"target\":{\"@type\":\"EntryPoint\",\"urlTemplate\":\"https:\/\/www.lemoncarboss.com\/?s={search_term_string}\"},\"query-input\":{\"@type\":\"PropertyValueSpecification\",\"valueRequired\":true,\"valueName\":\"search_term_string\"}}],\"inLanguage\":\"es\"},{\"@type\":\"Organization\",\"@id\":\"https:\/\/www.lemoncarboss.com\/#organization\",\"name\":\"Lemon Car Boss\",\"alternateName\":\"Lemon Law\",\"url\":\"https:\/\/www.lemoncarboss.com\/\",\"logo\":{\"@type\":\"ImageObject\",\"inLanguage\":\"es\",\"@id\":\"https:\/\/www.lemoncarboss.com\/#\/schema\/logo\/image\/\",\"url\":\"https:\/\/www.lemoncarboss.com\/wp-content\/uploads\/2023\/07\/Logo-HI-RES.png\",\"contentUrl\":\"https:\/\/www.lemoncarboss.com\/wp-content\/uploads\/2023\/07\/Logo-HI-RES.png\",\"width\":1682,\"height\":547,\"caption\":\"Lemon Car Boss\"},\"image\":{\"@id\":\"https:\/\/www.lemoncarboss.com\/#\/schema\/logo\/image\/\"},\"sameAs\":[\"https:\/\/www.facebook.com\/Lemoncarboss\",\"https:\/\/www.instagram.com\/lemon_car_boss\/\",\"https:\/\/www.tiktok.com\/@lemoncarboss\",\"https:\/\/www.youtube.com\/@LEMONCARBOSS\"]}]}<\/script>\n<!-- \/ Yoast SEO plugin. -->","yoast_head_json":{"title":"Sam Ryan Heidari Abogado - Lemon Car Boss","description":"Sam Ryan Heidari es licenciado en Derecho por la William S. Boyd School of Law y antiguo pasante judicial en el Tribunal de Negocios del Octavo Distrito Judicial de Las Vegas. Especializado en casos empresariales y civiles complejos, incluyendo la litigaci\u00f3n y juicios con jurado de lesiones catastr\u00f3ficas, responsabilidad por productos defectuosos, derecho del consumidor, acciones derivadas de accionistas, dominio eminente, negligencia legal, acciones colectivas y fusiones.","robots":{"index":"index","follow":"follow","max-snippet":"max-snippet:-1","max-image-preview":"max-image-preview:large","max-video-preview":"max-video-preview:-1"},"canonical":"https:\/\/www.lemoncarboss.com\/es\/abogados\/sam-ryan-heidari\/","og_locale":"es_ES","og_type":"article","og_title":"Sam Ryan Heidari Abogado - Lemon Car Boss","og_description":"Sam Ryan Heidari es licenciado en Derecho por la William S. Boyd School of Law y antiguo pasante judicial en el Tribunal de Negocios del Octavo Distrito Judicial de Las Vegas. Especializado en casos empresariales y civiles complejos, incluyendo la litigaci\u00f3n y juicios con jurado de lesiones catastr\u00f3ficas, responsabilidad por productos defectuosos, derecho del consumidor, acciones derivadas de accionistas, dominio eminente, negligencia legal, acciones colectivas y fusiones.","og_url":"https:\/\/www.lemoncarboss.com\/es\/abogados\/sam-ryan-heidari\/","og_site_name":"Lemon Car Boss","article_publisher":"https:\/\/www.facebook.com\/Lemoncarboss","article_modified_time":"2023-11-20T21:00:39+00:00","og_image":[{"url":"https:\/\/www.lemoncarboss.com\/wp-content\/uploads\/2023\/07\/Attorney_Header_Image-1-scaled-1.webp","type":"","width":"","height":""}],"twitter_card":"summary_large_image","twitter_misc":{"Tiempo de lectura":"2 minutos"},"schema":{"@context":"https:\/\/schema.org","@graph":[{"@type":"WebPage","@id":"https:\/\/www.lemoncarboss.com\/es\/abogados\/sam-ryan-heidari\/","url":"https:\/\/www.lemoncarboss.com\/es\/abogados\/sam-ryan-heidari\/","name":"Sam Ryan Heidari Abogado - Lemon Car Boss","isPartOf":{"@id":"https:\/\/www.lemoncarboss.com\/#website"},"primaryImageOfPage":{"@id":"https:\/\/www.lemoncarboss.com\/es\/abogados\/sam-ryan-heidari\/#primaryimage"},"image":{"@id":"https:\/\/www.lemoncarboss.com\/es\/abogados\/sam-ryan-heidari\/#primaryimage"},"thumbnailUrl":"https:\/\/www.lemoncarboss.com\/wp-content\/uploads\/2023\/07\/Attorney_Header_Image-1-scaled-1.webp","datePublished":"2023-09-19T15:37:16+00:00","dateModified":"2023-11-20T21:00:39+00:00","description":"Sam Ryan Heidari es licenciado en Derecho por la William S. Boyd School of Law y antiguo pasante judicial en el Tribunal de Negocios del Octavo Distrito Judicial de Las Vegas. Especializado en casos empresariales y civiles complejos, incluyendo la litigaci\u00f3n y juicios con jurado de lesiones catastr\u00f3ficas, responsabilidad por productos defectuosos, derecho del consumidor, acciones derivadas de accionistas, dominio eminente, negligencia legal, acciones colectivas y fusiones.","breadcrumb":{"@id":"https:\/\/www.lemoncarboss.com\/es\/abogados\/sam-ryan-heidari\/#breadcrumb"},"inLanguage":"es","potentialAction":[{"@type":"ReadAction","target":["https:\/\/www.lemoncarboss.com\/es\/abogados\/sam-ryan-heidari\/"]}]},{"@type":"ImageObject","inLanguage":"es","@id":"https:\/\/www.lemoncarboss.com\/es\/abogados\/sam-ryan-heidari\/#primaryimage","url":"https:\/\/www.lemoncarboss.com\/wp-content\/uploads\/2023\/07\/Attorney_Header_Image-1-scaled-1.webp","contentUrl":"https:\/\/www.lemoncarboss.com\/wp-content\/uploads\/2023\/07\/Attorney_Header_Image-1-scaled-1.webp"},{"@type":"BreadcrumbList","@id":"https:\/\/www.lemoncarboss.com\/es\/abogados\/sam-ryan-heidari\/#breadcrumb","itemListElement":[{"@type":"ListItem","position":1,"name":"Home","item":"https:\/\/www.lemoncarboss.com\/es\/"},{"@type":"ListItem","position":2,"name":"Abogados","item":"https:\/\/www.lemoncarboss.com\/es\/abogados\/"},{"@type":"ListItem","position":3,"name":"Sam Ryan Heidari"}]},{"@type":"WebSite","@id":"https:\/\/www.lemoncarboss.com\/#website","url":"https:\/\/www.lemoncarboss.com\/","name":"Lemon Car Boss","description":"","publisher":{"@id":"https:\/\/www.lemoncarboss.com\/#organization"},"alternateName":"Lemon Law","potentialAction":[{"@type":"SearchAction","target":{"@type":"EntryPoint","urlTemplate":"https:\/\/www.lemoncarboss.com\/?s={search_term_string}"},"query-input":{"@type":"PropertyValueSpecification","valueRequired":true,"valueName":"search_term_string"}}],"inLanguage":"es"},{"@type":"Organization","@id":"https:\/\/www.lemoncarboss.com\/#organization","name":"Lemon Car Boss","alternateName":"Lemon Law","url":"https:\/\/www.lemoncarboss.com\/","logo":{"@type":"ImageObject","inLanguage":"es","@id":"https:\/\/www.lemoncarboss.com\/#\/schema\/logo\/image\/","url":"https:\/\/www.lemoncarboss.com\/wp-content\/uploads\/2023\/07\/Logo-HI-RES.png","contentUrl":"https:\/\/www.lemoncarboss.com\/wp-content\/uploads\/2023\/07\/Logo-HI-RES.png","width":1682,"height":547,"caption":"Lemon Car Boss"},"image":{"@id":"https:\/\/www.lemoncarboss.com\/#\/schema\/logo\/image\/"},"sameAs":["https:\/\/www.facebook.com\/Lemoncarboss","https:\/\/www.instagram.com\/lemon_car_boss\/","https:\/\/www.tiktok.com\/@lemoncarboss","https:\/\/www.youtube.com\/@LEMONCARBOSS"]}]}},"_links":{"self":[{"href":"https:\/\/www.lemoncarboss.com\/es\/wp-json\/wp\/v2\/pages\/2691","targetHints":{"allow":["GET"]}}],"collection":[{"href":"https:\/\/www.lemoncarboss.com\/es\/wp-json\/wp\/v2\/pages"}],"about":[{"href":"https:\/\/www.lemoncarboss.com\/es\/wp-json\/wp\/v2\/types\/page"}],"author":[{"embeddable":true,"href":"https:\/\/www.lemoncarboss.com\/es\/wp-json\/wp\/v2\/users\/2"}],"replies":[{"embeddable":true,"href":"https:\/\/www.lemoncarboss.com\/es\/wp-json\/wp\/v2\/comments?post=2691"}],"version-history":[{"count":6,"href":"https:\/\/www.lemoncarboss.com\/es\/wp-json\/wp\/v2\/pages\/2691\/revisions"}],"predecessor-version":[{"id":4230,"href":"https:\/\/www.lemoncarboss.com\/es\/wp-json\/wp\/v2\/pages\/2691\/revisions\/4230"}],"up":[{"embeddable":true,"href":"https:\/\/www.lemoncarboss.com\/es\/wp-json\/wp\/v2\/pages\/2660"}],"wp:attachment":[{"href":"https:\/\/www.lemoncarboss.com\/es\/wp-json\/wp\/v2\/media?parent=2691"}],"curies":[{"name":"wp","href":"https:\/\/api.w.org\/{rel}","templated":true}]}}