{"id":2696,"date":"2023-09-15T10:11:02","date_gmt":"2023-09-15T17:11:02","guid":{"rendered":"https:\/\/www.lemoncarboss.com\/fabricantes\/ducati\/"},"modified":"2025-12-17T13:35:03","modified_gmt":"2025-12-17T21:35:03","slug":"ducati","status":"publish","type":"page","link":"https:\/\/www.lemoncarboss.com\/es\/fabricantes\/ducati\/","title":{"rendered":"Ducati"},"content":{"rendered":"\t\t<div data-elementor-type=\"wp-page\" data-elementor-id=\"2696\" class=\"elementor elementor-2696 elementor-1947\" data-elementor-post-type=\"page\">\n\t\t\t\t<div class=\"elementor-element elementor-element-44f73924 e-flex e-con-boxed e-con e-parent\" data-id=\"44f73924\" data-element_type=\"container\" data-e-type=\"container\" data-settings=\"{&quot;background_background&quot;:&quot;classic&quot;}\">\n\t\t\t\t\t<div class=\"e-con-inner\">\n\t\t\t\t<div class=\"elementor-element elementor-element-273427ee elementor-widget__width-initial elementor-widget elementor-widget-text-editor\" data-id=\"273427ee\" data-element_type=\"widget\" data-e-type=\"widget\" data-widget_type=\"text-editor.default\">\n\t\t\t\t<div class=\"elementor-widget-container\">\n\t\t\t\t\t\t\t\t\t<h1>DUCATI<\/h1>\t\t\t\t\t\t\t\t<\/div>\n\t\t\t\t<\/div>\n\t\t\t\t\t<\/div>\n\t\t\t\t<\/div>\n\t\t<div class=\"elementor-element elementor-element-b92f206 e-flex e-con-boxed e-con e-parent\" data-id=\"b92f206\" data-element_type=\"container\" data-e-type=\"container\" data-settings=\"{&quot;background_background&quot;:&quot;classic&quot;}\">\n\t\t\t\t\t<div class=\"e-con-inner\">\n\t\t<div class=\"elementor-element elementor-element-6fb514fb e-con-full e-flex e-con e-child\" data-id=\"6fb514fb\" data-element_type=\"container\" data-e-type=\"container\">\n\t\t\t\t<div class=\"elementor-element elementor-element-65478628 elementor-widget elementor-widget-text-editor\" data-id=\"65478628\" data-element_type=\"widget\" data-e-type=\"widget\" data-widget_type=\"text-editor.default\">\n\t\t\t\t<div class=\"elementor-widget-container\">\n\t\t\t\t\t\t\t\t\t<h2>Ley del lim\u00f3n de Ducati<\/h2>\t\t\t\t\t\t\t\t<\/div>\n\t\t\t\t<\/div>\n\t\t\t\t<div class=\"elementor-element elementor-element-a201896 elementor-widget elementor-widget-image\" data-id=\"a201896\" data-element_type=\"widget\" data-e-type=\"widget\" data-widget_type=\"image.default\">\n\t\t\t\t<div class=\"elementor-widget-container\">\n\t\t\t\t\t\t\t\t\t\t\t\t\t\t\t<img decoding=\"async\" width=\"300\" height=\"116\" src=\"https:\/\/www.lemoncarboss.com\/wp-content\/uploads\/2023\/07\/lemon_slice-scaled-e1689108795666-300x116.webp\" class=\"attachment-medium size-medium wp-image-2626\" alt=\"\" srcset=\"https:\/\/www.lemoncarboss.com\/wp-content\/uploads\/2023\/07\/lemon_slice-scaled-e1689108795666-300x116.webp 300w, https:\/\/www.lemoncarboss.com\/wp-content\/uploads\/2023\/07\/lemon_slice-scaled-e1689108795666-1024x397.webp 1024w, https:\/\/www.lemoncarboss.com\/wp-content\/uploads\/2023\/07\/lemon_slice-scaled-e1689108795666-768x298.webp 768w, https:\/\/www.lemoncarboss.com\/wp-content\/uploads\/2023\/07\/lemon_slice-scaled-e1689108795666-1536x595.webp 1536w, https:\/\/www.lemoncarboss.com\/wp-content\/uploads\/2023\/07\/lemon_slice-scaled-e1689108795666-2048x794.webp 2048w\" sizes=\"(max-width: 300px) 100vw, 300px\" \/>\t\t\t\t\t\t\t\t\t\t\t\t\t\t\t<\/div>\n\t\t\t\t<\/div>\n\t\t\t\t<div class=\"elementor-element elementor-element-532c8867 elementor-widget elementor-widget-text-editor\" data-id=\"532c8867\" data-element_type=\"widget\" data-e-type=\"widget\" data-widget_type=\"text-editor.default\">\n\t\t\t\t<div class=\"elementor-widget-container\">\n\t\t\t\t\t\t\t\t\t<h3><span style=\"font-weight: 400;\">Defensa de sus derechos frente a motocicletas defectuosas<\/span><\/h3><p><span style=\"font-weight: 400;\">\u00bfTienes una moto Ducati que te ha estado dando constantes problemas y defectos? Una motocicleta problem\u00e1tica no deber\u00eda mermar tu pasi\u00f3n por la conducci\u00f3n. Perm\u00edtanos ayudarle a comprender sus derechos en virtud de <\/span><span style=\"font-weight: 400;\">la Ley de Lim\u00f3n de<\/span><span style=\"font-weight: 400;\"> Ducati <\/span><span style=\"font-weight: 400;\">Lemon Law<\/span><span style=\"font-weight: 400;\">, las medidas que debe considerar y las v\u00edas disponibles para abordar los problemas de una motocicleta que funciona mal.<\/span><\/p><h3><span style=\"font-weight: 400;\">Conozca la Ley del Lim\u00f3n de Ducati<\/span><\/h3><p><span style=\"font-weight: 400;\">La Ley Lim\u00f3n <\/span><span style=\"font-weight: 400;\">de<\/span><span style=\"font-weight: 400;\"> Ducati protege a los compradores y arrendatarios de motocicletas nuevas que presenten sistem\u00e1ticamente problemas que comprometan su seguridad, valor o funcionalidad. Si su motocicleta Ducati cumple los criterios especificados, puede optar a una sustituci\u00f3n, reembolso o reparaci\u00f3n financiada por el fabricante.<\/span><\/p><h3><span style=\"font-weight: 400;\">Problemas comunes de Ducati<\/span><\/h3><ul><li style=\"font-weight: 400;\" aria-level=\"1\"><span style=\"font-weight: 400;\">Fugas de aceite<\/span><\/li><li style=\"font-weight: 400;\" aria-level=\"1\"><span style=\"font-weight: 400;\">Problemas de frenado, incluyendo frenos inconsistentes, esponjosos o blandos.<\/span><\/li><li style=\"font-weight: 400;\" aria-level=\"1\"><span style=\"font-weight: 400;\">Mal funcionamiento de los sistemas el\u00e9ctricos, incluidas las luces defectuosas del salpicadero.<\/span><\/li><li style=\"font-weight: 400;\" aria-level=\"1\"><span style=\"font-weight: 400;\">Problemas con la bater\u00eda<\/span><\/li><li style=\"font-weight: 400;\" aria-level=\"1\"><span style=\"font-weight: 400;\">Fallo de encendido<\/span><\/li><li style=\"font-weight: 400;\" aria-level=\"1\"><span style=\"font-weight: 400;\">Vibraciones excesivas<\/span><\/li><li style=\"font-weight: 400;\" aria-level=\"1\"><span style=\"font-weight: 400;\">Cambio de marchas dif\u00edcil o err\u00e1tico<\/span><\/li><li style=\"font-weight: 400;\" aria-level=\"1\"><span style=\"font-weight: 400;\">Sobrecalentamiento del motor<\/span><\/li><\/ul><h3><span style=\"font-weight: 400;\">Modelos Ducati con Boletines de Servicio T\u00e9cnico (TSB) y llamadas a revisi\u00f3n<\/span><\/h3><ul><li style=\"font-weight: 400;\" aria-level=\"1\"><span style=\"font-weight: 400;\">Diavel<\/span><\/li><li style=\"font-weight: 400;\" aria-level=\"1\"><span style=\"font-weight: 400;\">Granturismo<\/span><\/li><li style=\"font-weight: 400;\" aria-level=\"1\"><span style=\"font-weight: 400;\">Monstruo<\/span><\/li><li style=\"font-weight: 400;\" aria-level=\"1\"><span style=\"font-weight: 400;\">Multistrada<\/span><\/li><li style=\"font-weight: 400;\" aria-level=\"1\"><span style=\"font-weight: 400;\">Panigale<\/span><\/li><li style=\"font-weight: 400;\" aria-level=\"1\"><span style=\"font-weight: 400;\">SuperSport<\/span><\/li><li style=\"font-weight: 400;\" aria-level=\"1\"><span style=\"font-weight: 400;\">Scrambler<\/span><span style=\"font-weight: 400;\"><br \/><br \/><\/span><\/li><\/ul><h3><span style=\"font-weight: 400;\">Requisitos para la Ley del Lim\u00f3n de Ducati<\/span><\/h3><p><span style=\"font-weight: 400;\">Para poder optar a una recompra en virtud de la Ley del Lim\u00f3n de Ducati, suelen exigirse ciertos requisitos previos:<\/span><\/p><p><b>Problemas persistentes<\/b><span style=\"font-weight: 400;\">: La motocicleta Ducati debe presentar un defecto o mal funcionamiento significativo que persista a pesar de los m\u00faltiples intentos de reparaci\u00f3n.<\/span><\/p><p><b>Impacto en la seguridad, el<\/b><span style=\"font-weight: 400;\">\u00a0<\/span><b>valor o la funcionalidad:<\/b><span style=\"font-weight: 400;\"> El problema debe afectar significativamente a la seguridad, el valor o las prestaciones de la motocicleta, en particular a componentes cr\u00edticos como el motor, la transmisi\u00f3n, los frenos, la direcci\u00f3n y otros sistemas esenciales.<\/span><\/p><p><b>En garant\u00eda<\/b><span style=\"font-weight: 400;\">: Estos problemas deben manifestarse dentro del periodo de garant\u00eda de la motocicleta o de un plazo determinado conocido como \u00abperiodo de elegibilidad.\u00bb<\/span><\/p><p><b>Esfuerzos de reparaci\u00f3n<\/b><span style=\"font-weight: 400;\">: Dependiendo de la normativa de la Ley del Lim\u00f3n en el estado concreto, el fabricante o el concesionario deber\u00edan haber realizado un n\u00famero razonable de esfuerzos para rectificar el problema. Si no consiguen resolver el problema en estos intentos, la motocicleta podr\u00eda optar a la recompra. Esencialmente, un taller autorizado Ducati deber\u00eda haber tenido la oportunidad de solucionar el problema de su motocicleta Ducati. Si el problema sigue sin resolverse despu\u00e9s de varias visitas al concesionario, la motocicleta puede clasificarse como defectuosa.<\/span><\/p><p><b>Tiempo\u00a0de\u00a0inactividad<\/b><span style=\"font-weight: 400;\">: Algunos estados pueden estipular que la motocicleta debe estar inoperativa durante un n\u00famero determinado de d\u00edas debido a reparaciones. Si se supera este umbral, puede cumplir los criterios para una recompra. Por ejemplo, en California, no hay una duraci\u00f3n determinada durante la cual su motocicleta Ducati deba permanecer en el taller de reparaci\u00f3n. Sin embargo, si su motocicleta Ducati ha pasado un periodo prolongado en el taller, significa un impacto significativo en su usabilidad, que es un factor vital en la ley del lim\u00f3n.<\/span><\/p><p><b>Resoluci\u00f3n de conflictos<\/b><span style=\"font-weight: 400;\">: Si el fabricante o el concesionario no abordan adecuadamente el defecto, los consumidores pueden tener que recurrir al arbitraje o emprender acciones legales para buscar una soluci\u00f3n.<\/span><\/p><p><b>Variaciones estatales<\/b><span style=\"font-weight: 400;\">: Es esencial tener en cuenta que las Leyes del Lim\u00f3n pueden diferir de un estado a otro. Por lo tanto, es crucial conocer las normas y requisitos espec\u00edficos de su estado. Algunos estados pueden imponer criterios m\u00e1s estrictos, mientras que otros pueden tener normativas de la Ley del Lim\u00f3n m\u00e1s permisivas.<\/span><\/p><h3><span style=\"font-weight: 400;\">Proceso para presentar una demanda Ducati Lemon Law<\/span><\/h3><ol><li style=\"font-weight: 400;\" aria-level=\"1\"><span style=\"font-weight: 400;\">Revisamos su caso<\/span><\/li><li style=\"font-weight: 400;\" aria-level=\"1\"><span style=\"font-weight: 400;\">Se re\u00fane la documentaci\u00f3n<\/span><\/li><li style=\"font-weight: 400;\" aria-level=\"1\"><span style=\"font-weight: 400;\">Se abre una reclamaci\u00f3n a Ducati<\/span><\/li><li style=\"font-weight: 400;\" aria-level=\"1\"><span style=\"font-weight: 400;\">La reclamaci\u00f3n se resuelve con Ducati<\/span><\/li><li style=\"font-weight: 400;\" aria-level=\"1\"><span style=\"font-weight: 400;\">Recibes el pago por tu Ducati Lemon<\/span><\/li><\/ol><h3><span style=\"font-weight: 400;\">\u00bfPor qu\u00e9 elegirnos para su caso <\/span><span style=\"font-weight: 400;\">de Ley de Lim\u00f3n de<\/span><span style=\"font-weight: 400;\"> Ducati <\/span><span style=\"font-weight: 400;\">Lemon Law<\/span><span style=\"font-weight: 400;\">?<\/span><\/h3><p><span style=\"font-weight: 400;\">Nuestro competente equipo jur\u00eddico, versado en casos de <\/span><span style=\"font-weight: 400;\">Ley del Lim\u00f3n<\/span> <span style=\"font-weight: 400;\">Lemon Law<\/span><span style=\"font-weight: 400;\">, posee un profundo conocimiento de los problemas asociados a las motocicletas defectuosas, abarcando todos los modelos de Ducati. Nos dedicamos a defender los derechos de los consumidores y tenemos un historial probado de garantizar que reciban la indemnizaci\u00f3n adecuada a la que tienen derecho.<\/span><\/p><h3><span style=\"font-weight: 400;\">P\u00f3ngase en contacto con nosotros hoy para una consulta gratuita sobre su motocicleta Ducati<\/span><\/h3><p><span style=\"font-weight: 400;\">Aseg\u00farese de que la propiedad de su motocicleta Ducati permanece libre de problemas relacionados con el lim\u00f3n. P\u00f3ngase en contacto con nosotros para una consulta sin costo para discutir su situaci\u00f3n espec\u00edfica y explorar sus derechos bajo la <\/span><span style=\"font-weight: 400;\">Ley del Lim\u00f3n de<\/span><span style=\"font-weight: 400;\"> Ducati <\/span><span style=\"font-weight: 400;\">Lemon Law<\/span><span style=\"font-weight: 400;\">. Nuestro comprometido equipo est\u00e1 preparado para ayudarle a navegar por los entresijos y defender sus derechos como consumidor.<\/span><\/p><p><span style=\"font-weight: 400;\">Tenga la seguridad de que cuando se trata de problemas en su motocicleta Ducati defectuosa, tiene la protecci\u00f3n de la <\/span><span style=\"font-weight: 400;\">Ley del Lim\u00f3n de<\/span><span style=\"font-weight: 400;\"> Ducati <\/span><span style=\"font-weight: 400;\">Lemon Law<\/span><span style=\"font-weight: 400;\">. Perm\u00edtanos guiarle a trav\u00e9s del proceso y garantizarle los resultados que se merece por derecho.<\/span><\/p><p><b>Descargo de responsabilidad:<\/b><span style=\"font-weight: 400;\"> La informaci\u00f3n proporcionada en esta p\u00e1gina pretende ofrecer una orientaci\u00f3n general y no debe considerarse asesoramiento jur\u00eddico. Es aconsejable consultar a un abogado colegiado para obtener asesoramiento adaptado a sus circunstancias individuales.<\/span><\/p><h3><span style=\"font-weight: 400;\">\u00bfQu\u00e9 es la Ley del Lim\u00f3n Ducati?<\/span><\/h3><p><span style=\"font-weight: 400;\">La Ley del Lim\u00f3n de Ducati, al igual que otras leyes similares, sirve como protecci\u00f3n legal para los consumidores que compran o alquilan motocicletas que m\u00e1s tarde resultan ser defectuosas. Esta ley espec\u00edfica se ha dise\u00f1ado para abordar los problemas de las motocicletas Ducati que presentan defectos persistentes y significativos, garantizando a los consumidores la posibilidad de recurrir cuando su motocicleta no cumple las normas esperadas de calidad, seguridad y rendimiento.<\/span><\/p><p><span style=\"font-weight: 400;\">En virtud de la Ley del Lim\u00f3n Ducati, si una motocicleta Ducati presenta defectos o fallos de funcionamiento de forma sistem\u00e1tica en un plazo de tiempo determinado y cumple ciertos criterios, el propietario de la motocicleta puede optar a una motocicleta de sustituci\u00f3n, un reembolso o una recompra por parte del fabricante.<\/span><\/p><p><span style=\"font-weight: 400;\">Es crucial entender que las Leyes del Lim\u00f3n pueden variar significativamente dependiendo de su ubicaci\u00f3n. Si usted cree que su motocicleta Ducati puede calificar como un lim\u00f3n, se recomienda consultar con un abogado con experiencia en casos de la Ley del Lim\u00f3n para navegar por las regulaciones espec\u00edficas de su estado.<\/span><\/p>\t\t\t\t\t\t\t\t<\/div>\n\t\t\t\t<\/div>\n\t\t\t\t<\/div>\n\t\t\t\t\t<\/div>\n\t\t\t\t<\/div>\n\t\t\t\t<\/div>\n\t\t","protected":false},"excerpt":{"rendered":"<p>DUCATI Ley del lim\u00f3n de Ducati Defensa de sus derechos frente a motocicletas defectuosas \u00bfTienes una moto Ducati que te ha estado dando constantes problemas y defectos? Una motocicleta problem\u00e1tica no deber\u00eda mermar tu pasi\u00f3n por la conducci\u00f3n. Perm\u00edtanos ayudarle a comprender sus derechos en virtud de la Ley de Lim\u00f3n de Ducati Lemon Law, [&hellip;]<\/p>\n","protected":false},"author":2,"featured_media":0,"parent":2664,"menu_order":0,"comment_status":"closed","ping_status":"closed","template":"","meta":{"footnotes":""},"class_list":["post-2696","page","type-page","status-publish","hentry"],"yoast_head":"<!-- This site is optimized with the Yoast SEO plugin v27.2 - https:\/\/yoast.com\/product\/yoast-seo-wordpress\/ -->\n<title>Ley del Lim\u00f3n de Ducati - Lemon Car Boss<\/title>\n<meta name=\"description\" content=\"Conozca sus derechos con Lemon Law Boss en casos Ducati Lemon Law y motocicletas. Apoyo legal para buscar una soluci\u00f3n justa.\" \/>\n<meta name=\"robots\" content=\"index, follow, max-snippet:-1, max-image-preview:large, max-video-preview:-1\" \/>\n<link rel=\"canonical\" href=\"https:\/\/www.lemoncarboss.com\/es\/fabricantes\/ducati\/\" \/>\n<meta property=\"og:locale\" content=\"es_ES\" \/>\n<meta property=\"og:type\" content=\"article\" \/>\n<meta property=\"og:title\" content=\"Ley del Lim\u00f3n de Ducati - Lemon Car Boss\" \/>\n<meta property=\"og:description\" content=\"Conozca sus derechos con Lemon Law Boss en casos Ducati Lemon Law y motocicletas. Apoyo legal para buscar una soluci\u00f3n justa.\" \/>\n<meta property=\"og:url\" content=\"https:\/\/www.lemoncarboss.com\/es\/fabricantes\/ducati\/\" \/>\n<meta property=\"og:site_name\" content=\"Lemon Car Boss\" \/>\n<meta property=\"article:publisher\" content=\"https:\/\/www.facebook.com\/Lemoncarboss\" \/>\n<meta property=\"article:modified_time\" content=\"2025-12-17T21:35:03+00:00\" \/>\n<meta property=\"og:image\" content=\"https:\/\/www.lemoncarboss.com\/wp-content\/uploads\/2023\/07\/lemon_slice-scaled-e1689108795666-300x116.webp\" \/>\n<meta name=\"twitter:card\" content=\"summary_large_image\" \/>\n<meta name=\"twitter:label1\" content=\"Tiempo de lectura\" \/>\n\t<meta name=\"twitter:data1\" content=\"5 minutos\" \/>\n<script type=\"application\/ld+json\" class=\"yoast-schema-graph\">{\"@context\":\"https:\/\/schema.org\",\"@graph\":[{\"@type\":\"WebPage\",\"@id\":\"https:\/\/www.lemoncarboss.com\/es\/fabricantes\/ducati\/\",\"url\":\"https:\/\/www.lemoncarboss.com\/es\/fabricantes\/ducati\/\",\"name\":\"Ley del Lim\u00f3n de Ducati - Lemon Car Boss\",\"isPartOf\":{\"@id\":\"https:\/\/www.lemoncarboss.com\/#website\"},\"primaryImageOfPage\":{\"@id\":\"https:\/\/www.lemoncarboss.com\/es\/fabricantes\/ducati\/#primaryimage\"},\"image\":{\"@id\":\"https:\/\/www.lemoncarboss.com\/es\/fabricantes\/ducati\/#primaryimage\"},\"thumbnailUrl\":\"https:\/\/www.lemoncarboss.com\/wp-content\/uploads\/2023\/07\/lemon_slice-scaled-e1689108795666-300x116.webp\",\"datePublished\":\"2023-09-15T17:11:02+00:00\",\"dateModified\":\"2025-12-17T21:35:03+00:00\",\"description\":\"Conozca sus derechos con Lemon Law Boss en casos Ducati Lemon Law y motocicletas. Apoyo legal para buscar una soluci\u00f3n justa.\",\"breadcrumb\":{\"@id\":\"https:\/\/www.lemoncarboss.com\/es\/fabricantes\/ducati\/#breadcrumb\"},\"inLanguage\":\"es\",\"potentialAction\":[{\"@type\":\"ReadAction\",\"target\":[\"https:\/\/www.lemoncarboss.com\/es\/fabricantes\/ducati\/\"]}]},{\"@type\":\"ImageObject\",\"inLanguage\":\"es\",\"@id\":\"https:\/\/www.lemoncarboss.com\/es\/fabricantes\/ducati\/#primaryimage\",\"url\":\"https:\/\/www.lemoncarboss.com\/wp-content\/uploads\/2023\/07\/lemon_slice-scaled-e1689108795666-300x116.webp\",\"contentUrl\":\"https:\/\/www.lemoncarboss.com\/wp-content\/uploads\/2023\/07\/lemon_slice-scaled-e1689108795666-300x116.webp\"},{\"@type\":\"BreadcrumbList\",\"@id\":\"https:\/\/www.lemoncarboss.com\/es\/fabricantes\/ducati\/#breadcrumb\",\"itemListElement\":[{\"@type\":\"ListItem\",\"position\":1,\"name\":\"Home\",\"item\":\"https:\/\/www.lemoncarboss.com\/es\/\"},{\"@type\":\"ListItem\",\"position\":2,\"name\":\"Fabricantes\",\"item\":\"https:\/\/www.lemoncarboss.com\/es\/fabricantes\/\"},{\"@type\":\"ListItem\",\"position\":3,\"name\":\"Ducati\"}]},{\"@type\":\"WebSite\",\"@id\":\"https:\/\/www.lemoncarboss.com\/#website\",\"url\":\"https:\/\/www.lemoncarboss.com\/\",\"name\":\"Lemon Car Boss\",\"description\":\"\",\"publisher\":{\"@id\":\"https:\/\/www.lemoncarboss.com\/#organization\"},\"alternateName\":\"Lemon Law\",\"potentialAction\":[{\"@type\":\"SearchAction\",\"target\":{\"@type\":\"EntryPoint\",\"urlTemplate\":\"https:\/\/www.lemoncarboss.com\/?s={search_term_string}\"},\"query-input\":{\"@type\":\"PropertyValueSpecification\",\"valueRequired\":true,\"valueName\":\"search_term_string\"}}],\"inLanguage\":\"es\"},{\"@type\":\"Organization\",\"@id\":\"https:\/\/www.lemoncarboss.com\/#organization\",\"name\":\"Lemon Car Boss\",\"alternateName\":\"Lemon Law\",\"url\":\"https:\/\/www.lemoncarboss.com\/\",\"logo\":{\"@type\":\"ImageObject\",\"inLanguage\":\"es\",\"@id\":\"https:\/\/www.lemoncarboss.com\/#\/schema\/logo\/image\/\",\"url\":\"https:\/\/www.lemoncarboss.com\/wp-content\/uploads\/2023\/07\/Logo-HI-RES.png\",\"contentUrl\":\"https:\/\/www.lemoncarboss.com\/wp-content\/uploads\/2023\/07\/Logo-HI-RES.png\",\"width\":1682,\"height\":547,\"caption\":\"Lemon Car Boss\"},\"image\":{\"@id\":\"https:\/\/www.lemoncarboss.com\/#\/schema\/logo\/image\/\"},\"sameAs\":[\"https:\/\/www.facebook.com\/Lemoncarboss\",\"https:\/\/www.instagram.com\/lemon_car_boss\/\",\"https:\/\/www.tiktok.com\/@lemoncarboss\",\"https:\/\/www.youtube.com\/@LEMONCARBOSS\"]}]}<\/script>\n<!-- \/ Yoast SEO plugin. -->","yoast_head_json":{"title":"Ley del Lim\u00f3n de Ducati - Lemon Car Boss","description":"Conozca sus derechos con Lemon Law Boss en casos Ducati Lemon Law y motocicletas. Apoyo legal para buscar una soluci\u00f3n justa.","robots":{"index":"index","follow":"follow","max-snippet":"max-snippet:-1","max-image-preview":"max-image-preview:large","max-video-preview":"max-video-preview:-1"},"canonical":"https:\/\/www.lemoncarboss.com\/es\/fabricantes\/ducati\/","og_locale":"es_ES","og_type":"article","og_title":"Ley del Lim\u00f3n de Ducati - Lemon Car Boss","og_description":"Conozca sus derechos con Lemon Law Boss en casos Ducati Lemon Law y motocicletas. Apoyo legal para buscar una soluci\u00f3n justa.","og_url":"https:\/\/www.lemoncarboss.com\/es\/fabricantes\/ducati\/","og_site_name":"Lemon Car Boss","article_publisher":"https:\/\/www.facebook.com\/Lemoncarboss","article_modified_time":"2025-12-17T21:35:03+00:00","og_image":[{"url":"https:\/\/www.lemoncarboss.com\/wp-content\/uploads\/2023\/07\/lemon_slice-scaled-e1689108795666-300x116.webp","type":"","width":"","height":""}],"twitter_card":"summary_large_image","twitter_misc":{"Tiempo de lectura":"5 minutos"},"schema":{"@context":"https:\/\/schema.org","@graph":[{"@type":"WebPage","@id":"https:\/\/www.lemoncarboss.com\/es\/fabricantes\/ducati\/","url":"https:\/\/www.lemoncarboss.com\/es\/fabricantes\/ducati\/","name":"Ley del Lim\u00f3n de Ducati - Lemon Car Boss","isPartOf":{"@id":"https:\/\/www.lemoncarboss.com\/#website"},"primaryImageOfPage":{"@id":"https:\/\/www.lemoncarboss.com\/es\/fabricantes\/ducati\/#primaryimage"},"image":{"@id":"https:\/\/www.lemoncarboss.com\/es\/fabricantes\/ducati\/#primaryimage"},"thumbnailUrl":"https:\/\/www.lemoncarboss.com\/wp-content\/uploads\/2023\/07\/lemon_slice-scaled-e1689108795666-300x116.webp","datePublished":"2023-09-15T17:11:02+00:00","dateModified":"2025-12-17T21:35:03+00:00","description":"Conozca sus derechos con Lemon Law Boss en casos Ducati Lemon Law y motocicletas. Apoyo legal para buscar una soluci\u00f3n justa.","breadcrumb":{"@id":"https:\/\/www.lemoncarboss.com\/es\/fabricantes\/ducati\/#breadcrumb"},"inLanguage":"es","potentialAction":[{"@type":"ReadAction","target":["https:\/\/www.lemoncarboss.com\/es\/fabricantes\/ducati\/"]}]},{"@type":"ImageObject","inLanguage":"es","@id":"https:\/\/www.lemoncarboss.com\/es\/fabricantes\/ducati\/#primaryimage","url":"https:\/\/www.lemoncarboss.com\/wp-content\/uploads\/2023\/07\/lemon_slice-scaled-e1689108795666-300x116.webp","contentUrl":"https:\/\/www.lemoncarboss.com\/wp-content\/uploads\/2023\/07\/lemon_slice-scaled-e1689108795666-300x116.webp"},{"@type":"BreadcrumbList","@id":"https:\/\/www.lemoncarboss.com\/es\/fabricantes\/ducati\/#breadcrumb","itemListElement":[{"@type":"ListItem","position":1,"name":"Home","item":"https:\/\/www.lemoncarboss.com\/es\/"},{"@type":"ListItem","position":2,"name":"Fabricantes","item":"https:\/\/www.lemoncarboss.com\/es\/fabricantes\/"},{"@type":"ListItem","position":3,"name":"Ducati"}]},{"@type":"WebSite","@id":"https:\/\/www.lemoncarboss.com\/#website","url":"https:\/\/www.lemoncarboss.com\/","name":"Lemon Car Boss","description":"","publisher":{"@id":"https:\/\/www.lemoncarboss.com\/#organization"},"alternateName":"Lemon Law","potentialAction":[{"@type":"SearchAction","target":{"@type":"EntryPoint","urlTemplate":"https:\/\/www.lemoncarboss.com\/?s={search_term_string}"},"query-input":{"@type":"PropertyValueSpecification","valueRequired":true,"valueName":"search_term_string"}}],"inLanguage":"es"},{"@type":"Organization","@id":"https:\/\/www.lemoncarboss.com\/#organization","name":"Lemon Car Boss","alternateName":"Lemon Law","url":"https:\/\/www.lemoncarboss.com\/","logo":{"@type":"ImageObject","inLanguage":"es","@id":"https:\/\/www.lemoncarboss.com\/#\/schema\/logo\/image\/","url":"https:\/\/www.lemoncarboss.com\/wp-content\/uploads\/2023\/07\/Logo-HI-RES.png","contentUrl":"https:\/\/www.lemoncarboss.com\/wp-content\/uploads\/2023\/07\/Logo-HI-RES.png","width":1682,"height":547,"caption":"Lemon Car Boss"},"image":{"@id":"https:\/\/www.lemoncarboss.com\/#\/schema\/logo\/image\/"},"sameAs":["https:\/\/www.facebook.com\/Lemoncarboss","https:\/\/www.instagram.com\/lemon_car_boss\/","https:\/\/www.tiktok.com\/@lemoncarboss","https:\/\/www.youtube.com\/@LEMONCARBOSS"]}]}},"_links":{"self":[{"href":"https:\/\/www.lemoncarboss.com\/es\/wp-json\/wp\/v2\/pages\/2696","targetHints":{"allow":["GET"]}}],"collection":[{"href":"https:\/\/www.lemoncarboss.com\/es\/wp-json\/wp\/v2\/pages"}],"about":[{"href":"https:\/\/www.lemoncarboss.com\/es\/wp-json\/wp\/v2\/types\/page"}],"author":[{"embeddable":true,"href":"https:\/\/www.lemoncarboss.com\/es\/wp-json\/wp\/v2\/users\/2"}],"replies":[{"embeddable":true,"href":"https:\/\/www.lemoncarboss.com\/es\/wp-json\/wp\/v2\/comments?post=2696"}],"version-history":[{"count":7,"href":"https:\/\/www.lemoncarboss.com\/es\/wp-json\/wp\/v2\/pages\/2696\/revisions"}],"predecessor-version":[{"id":4905,"href":"https:\/\/www.lemoncarboss.com\/es\/wp-json\/wp\/v2\/pages\/2696\/revisions\/4905"}],"up":[{"embeddable":true,"href":"https:\/\/www.lemoncarboss.com\/es\/wp-json\/wp\/v2\/pages\/2664"}],"wp:attachment":[{"href":"https:\/\/www.lemoncarboss.com\/es\/wp-json\/wp\/v2\/media?parent=2696"}],"curies":[{"name":"wp","href":"https:\/\/api.w.org\/{rel}","templated":true}]}}