{"id":2703,"date":"2023-09-15T10:39:18","date_gmt":"2023-09-15T17:39:18","guid":{"rendered":"https:\/\/www.lemoncarboss.com\/fabricantes\/gm\/"},"modified":"2025-12-17T13:46:11","modified_gmt":"2025-12-17T21:46:11","slug":"gm","status":"publish","type":"page","link":"https:\/\/www.lemoncarboss.com\/es\/fabricantes\/gm\/","title":{"rendered":"GM"},"content":{"rendered":"\t\t<div data-elementor-type=\"wp-page\" data-elementor-id=\"2703\" class=\"elementor elementor-2703 elementor-1939\" data-elementor-post-type=\"page\">\n\t\t\t\t<div class=\"elementor-element elementor-element-44f73924 e-flex e-con-boxed e-con e-parent\" data-id=\"44f73924\" data-element_type=\"container\" data-e-type=\"container\" data-settings=\"{&quot;background_background&quot;:&quot;classic&quot;}\">\n\t\t\t\t\t<div class=\"e-con-inner\">\n\t\t\t\t<div class=\"elementor-element elementor-element-273427ee elementor-widget__width-initial elementor-widget elementor-widget-text-editor\" data-id=\"273427ee\" data-element_type=\"widget\" data-e-type=\"widget\" data-widget_type=\"text-editor.default\">\n\t\t\t\t<div class=\"elementor-widget-container\">\n\t\t\t\t\t\t\t\t\t<h1>GM<\/h1>\t\t\t\t\t\t\t\t<\/div>\n\t\t\t\t<\/div>\n\t\t\t\t\t<\/div>\n\t\t\t\t<\/div>\n\t\t<div class=\"elementor-element elementor-element-b92f206 e-flex e-con-boxed e-con e-parent\" data-id=\"b92f206\" data-element_type=\"container\" data-e-type=\"container\" data-settings=\"{&quot;background_background&quot;:&quot;classic&quot;}\">\n\t\t\t\t\t<div class=\"e-con-inner\">\n\t\t<div class=\"elementor-element elementor-element-6fb514fb e-con-full e-flex e-con e-child\" data-id=\"6fb514fb\" data-element_type=\"container\" data-e-type=\"container\">\n\t\t\t\t<div class=\"elementor-element elementor-element-65478628 elementor-widget elementor-widget-text-editor\" data-id=\"65478628\" data-element_type=\"widget\" data-e-type=\"widget\" data-widget_type=\"text-editor.default\">\n\t\t\t\t<div class=\"elementor-widget-container\">\n\t\t\t\t\t\t\t\t\t<h2>GM Lemon Law<\/h2>\t\t\t\t\t\t\t\t<\/div>\n\t\t\t\t<\/div>\n\t\t\t\t<div class=\"elementor-element elementor-element-a201896 elementor-widget elementor-widget-image\" data-id=\"a201896\" data-element_type=\"widget\" data-e-type=\"widget\" data-widget_type=\"image.default\">\n\t\t\t\t<div class=\"elementor-widget-container\">\n\t\t\t\t\t\t\t\t\t\t\t\t\t\t\t<img decoding=\"async\" width=\"300\" height=\"116\" src=\"https:\/\/www.lemoncarboss.com\/wp-content\/uploads\/2023\/07\/lemon_slice-scaled-e1689108795666-300x116.webp\" class=\"attachment-medium size-medium wp-image-2626\" alt=\"\" srcset=\"https:\/\/www.lemoncarboss.com\/wp-content\/uploads\/2023\/07\/lemon_slice-scaled-e1689108795666-300x116.webp 300w, https:\/\/www.lemoncarboss.com\/wp-content\/uploads\/2023\/07\/lemon_slice-scaled-e1689108795666-1024x397.webp 1024w, https:\/\/www.lemoncarboss.com\/wp-content\/uploads\/2023\/07\/lemon_slice-scaled-e1689108795666-768x298.webp 768w, https:\/\/www.lemoncarboss.com\/wp-content\/uploads\/2023\/07\/lemon_slice-scaled-e1689108795666-1536x595.webp 1536w, https:\/\/www.lemoncarboss.com\/wp-content\/uploads\/2023\/07\/lemon_slice-scaled-e1689108795666-2048x794.webp 2048w\" sizes=\"(max-width: 300px) 100vw, 300px\" \/>\t\t\t\t\t\t\t\t\t\t\t\t\t\t\t<\/div>\n\t\t\t\t<\/div>\n\t\t\t\t<div class=\"elementor-element elementor-element-532c8867 elementor-widget elementor-widget-text-editor\" data-id=\"532c8867\" data-element_type=\"widget\" data-e-type=\"widget\" data-widget_type=\"text-editor.default\">\n\t\t\t\t<div class=\"elementor-widget-container\">\n\t\t\t\t\t\t\t\t\t<h3>Protecci\u00f3n de sus derechos frente a veh\u00edculos defectuosos<\/h3><p><span style=\"font-weight: 400;\">\u00bfPosee un veh\u00edculo GM que le ha estado causando problemas y defectos constantes? Un coche problem\u00e1tico no deber\u00eda impedirte disfrutar de la conducci\u00f3n. Perm\u00edtanos ayudarle a comprender sus derechos en virtud de la Ley del Lim\u00f3n de GM, los pasos que debe contemplar y las opciones a su disposici\u00f3n para resolver los problemas asociados con un veh\u00edculo que funciona mal.<\/span><\/p><h3>Comprender la Ley del Lim\u00f3n de GM<\/h3><p><span style=\"font-weight: 400;\">La Ley del Lim\u00f3n de GM protege a los compradores y arrendatarios de veh\u00edculos nuevos que presentan de forma sistem\u00e1tica problemas que comprometen su seguridad, valor o funcionalidad. Si su coche GM cumple los criterios especificados, puede optar a una sustituci\u00f3n, reembolso o reparaci\u00f3n financiada por el fabricante.<\/span><\/p><h3>Problemas comunes de GM<\/h3><ul><li style=\"font-weight: 400;\" aria-level=\"1\"><span style=\"font-weight: 400;\">Problemas de transmisi\u00f3n<\/span><\/li><li style=\"font-weight: 400;\" aria-level=\"1\"><span style=\"font-weight: 400;\">Problemas con el motor<\/span><\/li><li style=\"font-weight: 400;\" aria-level=\"1\"><span style=\"font-weight: 400;\">Fallos en el sistema el\u00e9ctrico<\/span><\/li><li style=\"font-weight: 400;\" aria-level=\"1\"><span style=\"font-weight: 400;\">Problemas de frenos<\/span><\/li><li style=\"font-weight: 400;\" aria-level=\"1\"><span style=\"font-weight: 400;\">Problemas de suspensi\u00f3n y direcci\u00f3n<\/span><\/li><li style=\"font-weight: 400;\" aria-level=\"1\"><span style=\"font-weight: 400;\">Aver\u00edas de aire acondicionado y calefacci\u00f3n<\/span><\/li><li style=\"font-weight: 400;\" aria-level=\"1\"><span style=\"font-weight: 400;\">Problemas relacionados con airbags, cinturones de seguridad u otros dispositivos de seguridad.<\/span><\/li><li style=\"font-weight: 400;\" aria-level=\"1\"><span style=\"font-weight: 400;\">Fallos del sistema de escape y emisiones<\/span><\/li><li style=\"font-weight: 400;\" aria-level=\"1\"><span style=\"font-weight: 400;\">Problemas con el interior y las molduras<\/span><\/li><li style=\"font-weight: 400;\" aria-level=\"1\"><span style=\"font-weight: 400;\">Problemas de pintura y carrocer\u00eda como desconchados o desconchados<\/span><\/li><\/ul><h3>Modelos GM<\/h3><p><span style=\"font-weight: 400;\">Modelos populares de GM con boletines de servicio t\u00e9cnico (TSB) y llamadas a revisi\u00f3n.<\/span><\/p><ul><li style=\"font-weight: 400;\" aria-level=\"1\"><span style=\"font-weight: 400;\">GMC Acadia<\/span><\/li><li style=\"font-weight: 400;\" aria-level=\"1\"><span style=\"font-weight: 400;\">GMC Canyon<\/span><\/li><li style=\"font-weight: 400;\" aria-level=\"1\"><span style=\"font-weight: 400;\">GMC Sierra<\/span><\/li><li style=\"font-weight: 400;\" aria-level=\"1\"><span style=\"font-weight: 400;\">GMC Terrain<\/span><\/li><li style=\"font-weight: 400;\" aria-level=\"1\"><span style=\"font-weight: 400;\">GMC Yukon<\/span><\/li><li style=\"font-weight: 400;\" aria-level=\"1\"><span style=\"font-weight: 400;\">Chevrolet Silverado<\/span><\/li><li style=\"font-weight: 400;\" aria-level=\"1\"><span style=\"font-weight: 400;\">Chevrolet Malibu<\/span><\/li><li style=\"font-weight: 400;\" aria-level=\"1\"><span style=\"font-weight: 400;\">Chevrolet Equinox<\/span><\/li><li style=\"font-weight: 400;\" aria-level=\"1\"><span style=\"font-weight: 400;\">Chevrolet Cobalt<\/span><\/li><li style=\"font-weight: 400;\" aria-level=\"1\"><span style=\"font-weight: 400;\">Chevrolet Cruze<\/span><\/li><li style=\"font-weight: 400;\" aria-level=\"1\"><span style=\"font-weight: 400;\">Chevrolet Tahoe<\/span><\/li><li style=\"font-weight: 400;\" aria-level=\"1\"><span style=\"font-weight: 400;\">Chevrolet Suburban<\/span><\/li><li style=\"font-weight: 400;\" aria-level=\"1\"><span style=\"font-weight: 400;\">Chevrolet Impala<\/span><\/li><li style=\"font-weight: 400;\" aria-level=\"1\"><span style=\"font-weight: 400;\">Chevrolet Traverse<\/span><\/li><li style=\"font-weight: 400;\" aria-level=\"1\"><span style=\"font-weight: 400;\">Cadillac Escalade<\/span><\/li><\/ul><h3>Requisitos para la recompra conforme a la Ley del Lim\u00f3n de GM Buyback<\/h3><p><span style=\"font-weight: 400;\">Para poder optar a una recompra en virtud de la Ley del Lim\u00f3n de GM, existen determinados criterios que, por lo general, deben cumplirse:<\/span><\/p><ul><li style=\"font-weight: 400;\" aria-level=\"1\"><b>Problemas persistentes:<\/b><span style=\"font-weight: 400;\"> El veh\u00edculo debe tener un defecto o mal funcionamiento significativo que persiste incluso despu\u00e9s de m\u00faltiples intentos de reparaci\u00f3n.<\/span><\/li><li style=\"font-weight: 400;\" aria-level=\"1\"><b>Impacto en la seguridad, el valor o la funcionalidad:<\/b><span style=\"font-weight: 400;\"> El defecto debe afectar notablemente a la seguridad, el valor o la funcionalidad del veh\u00edculo, incluidos componentes cr\u00edticos como el motor, la transmisi\u00f3n, los frenos, la direcci\u00f3n y otros sistemas esenciales.<\/span><\/li><li style=\"font-weight: 400;\" aria-level=\"1\"><b>En garant\u00eda:<\/b><span style=\"font-weight: 400;\"> Estos defectos deben manifestarse dentro del tiempo cubierto por la garant\u00eda del veh\u00edculo o dentro de un plazo designado, a menudo denominado \u00abperiodo de elegibilidad.\u00bb<\/span><\/li><li style=\"font-weight: 400;\" aria-level=\"1\"><b>Esfuerzos\u00a0de reparaci\u00f3n:<\/b><span style=\"font-weight: 400;\"> Dependiendo de la Ley del Lim\u00f3n de cada estado, el fabricante o el concesionario deber\u00edan haber realizado un n\u00famero razonable de intentos para solucionar el defecto. Si no consiguen rectificar el problema en estos intentos, el veh\u00edculo podr\u00eda ser candidato a la recompra. Esencialmente, un taller de reparaci\u00f3n GM reconocido deber\u00eda haber tenido la oportunidad de solucionar el problema de su veh\u00edculo GM. Si el problema sigue sin resolverse despu\u00e9s de m\u00faltiples visitas al concesionario, el veh\u00edculo GM podr\u00eda ser considerado un lim\u00f3n.<\/span><\/li><li style=\"font-weight: 400;\" aria-level=\"1\"><b>Tiempo de inactividad:<\/b><span style=\"font-weight: 400;\"> Algunos estados pueden exigir que el veh\u00edculo no est\u00e9 operativo durante un n\u00famero determinado de d\u00edas debido a reparaciones. Si se supera este umbral, puede optar a la recompra. Por ejemplo, en California, no hay un periodo determinado en el que su veh\u00edculo GM deba permanecer en el taller de reparaci\u00f3n. Sin embargo, si su veh\u00edculo GM ha estado en el concesionario durante un per\u00edodo prolongado, indica un impacto significativo en su uso, que es un factor clave en la ley del lim\u00f3n.<\/span><\/li><li style=\"font-weight: 400;\" aria-level=\"1\"><b>Resoluci\u00f3n de conflictos:<\/b><span style=\"font-weight: 400;\"> Si el fabricante o el concesionario no solucionan adecuadamente el defecto, es posible que los consumidores tengan que recurrir al arbitraje o emprender acciones legales para encontrar una soluci\u00f3n.<\/span><\/li><li style=\"font-weight: 400;\" aria-level=\"1\"><b>Las\u00a0leyes var\u00edan seg\u00fan el estado:<\/b><span style=\"font-weight: 400;\"> Es esencial tener en cuenta que las Leyes Lim\u00f3n pueden variar de un estado a otro. Por lo tanto, es crucial conocer las normas y requisitos espec\u00edficos de su estado. Algunos Estados pueden tener criterios m\u00e1s estrictos, mientras que otros pueden ser m\u00e1s indulgentes.<\/span><\/li><\/ul><h3>Proceso para presentar una reclamaci\u00f3n en virtud de la Ley de Lim\u00f3n de GMLemon<\/h3><ol><li style=\"font-weight: 400;\" aria-level=\"1\"><span style=\"font-weight: 400;\">Revisamos su caso<\/span><\/li><li style=\"font-weight: 400;\" aria-level=\"1\"><span style=\"font-weight: 400;\">Se re\u00fane<\/span> <span style=\"font-weight: 400;\">Reunimos<\/span><span style=\"font-weight: 400;\"> la documentaci\u00f3n<\/span><\/li><li style=\"font-weight: 400;\" aria-level=\"1\"><span style=\"font-weight: 400;\">Se abre<\/span> <span style=\"font-weight: 400;\">Abrimos<\/span><span style=\"font-weight: 400;\"> una reclamaci\u00f3n a GM<\/span><\/li><li style=\"font-weight: 400;\" aria-level=\"1\"><span style=\"font-weight: 400;\">La reclamaci\u00f3n se resuelve con GM<\/span><\/li><li style=\"font-weight: 400;\" aria-level=\"1\"><span style=\"font-weight: 400;\">Recibes el pago por tu GM Lemon<\/span><\/li><\/ol><h3>\u00bfPor qu\u00e9 elegirnos para su caso de Ley de Lim\u00f3n de GM sLemon Law?<\/h3><p><span style=\"font-weight: 400;\">Nuestro experimentado equipo jur\u00eddico especializado en casos de la Ley del Lim\u00f3n tiene un amplio conocimiento de las cuestiones relacionadas con los veh\u00edculos defectuosos, que abarca todos los modelos de GM. Defendemos sistem\u00e1ticamente a los consumidores y tenemos un historial de obtener la indemnizaci\u00f3n que se merecen.<\/span><\/p><h3><span style=\"font-weight: 400;\">P\u00f3ngase en contacto con nosotros hoy mismo para una consulta gratuita sobre su GM<\/span><\/h3><p><span style=\"font-weight: 400;\">Aseg\u00farese de que su experiencia con GM no se vea empa\u00f1ada por un lim\u00f3n. P\u00f3ngase en contacto con nosotros para una consulta gratuita para profundizar en su situaci\u00f3n y entender sus derechos bajo la Ley del Lim\u00f3n GM. Nuestro equipo especializado est\u00e1 preparado para sortear las complejidades y defender sus derechos como consumidor.<\/span><\/p><p><span style=\"font-weight: 400;\">Sepa que est\u00e1 protegido cuando tenga problemas con un veh\u00edculo GM defectuoso. Perm\u00edtanos guiarle a trav\u00e9s de la Ley del Lim\u00f3n de GM y asegurarle el resultado al que tiene derecho.<\/span><\/p><p><span style=\"font-weight: 400;\">Descargo de responsabilidad: La informaci\u00f3n de esta p\u00e1gina es de car\u00e1cter general y no debe considerarse asesoramiento jur\u00eddico. Por favor, consulte con un abogado colegiado para conocer los detalles pertinentes a sus circunstancias particulares.<\/span><\/p><h3>\u00bfQu\u00e9 es la Ley del Lim\u00f3n de GM?<\/h3><p><span style=\"font-weight: 400;\">La Ley del Lim\u00f3n de GM, similar a otras leyes de este tipo, sirve de salvaguardia legal para los consumidores que compran o alquilan veh\u00edculos que resultan defectuosos. Esta ley en particular se centra en los veh\u00edculos de GM que presentan defectos continuos y significativos, garantizando a los consumidores un recurso cuando su veh\u00edculo no cumple las normas esperadas de calidad, seguridad y funcionalidad.<\/span><\/p><p><span style=\"font-weight: 400;\">En virtud de la Ley del Lim\u00f3n de GM, si un veh\u00edculo de GM presenta defectos o fallos de funcionamiento de forma sistem\u00e1tica en un periodo determinado y cumple ciertas condiciones, el propietario o arrendatario del veh\u00edculo puede optar a un veh\u00edculo nuevo, a un reembolso o a la recompra del veh\u00edculo defectuoso por parte del fabricante.<\/span><\/p><p><span style=\"font-weight: 400;\">Es importante tener en cuenta que las Leyes del Lim\u00f3n pueden variar mucho seg\u00fan la jurisdicci\u00f3n. Si sospecha que su veh\u00edculo GM entra en la categor\u00eda de los veh\u00edculos defectuosos, es aconsejable que pida consejo a un abogado con experiencia en casos de la Ley del Lim\u00f3n para conocer las particularidades de las leyes de su estado.<\/span><\/p>\t\t\t\t\t\t\t\t<\/div>\n\t\t\t\t<\/div>\n\t\t\t\t<\/div>\n\t\t\t\t\t<\/div>\n\t\t\t\t<\/div>\n\t\t\t\t<\/div>\n\t\t","protected":false},"excerpt":{"rendered":"<p>GM GM Lemon Law Protecci\u00f3n de sus derechos frente a veh\u00edculos defectuosos \u00bfPosee un veh\u00edculo GM que le ha estado causando problemas y defectos constantes? Un coche problem\u00e1tico no deber\u00eda impedirte disfrutar de la conducci\u00f3n. Perm\u00edtanos ayudarle a comprender sus derechos en virtud de la Ley del Lim\u00f3n de GM, los pasos que debe contemplar [&hellip;]<\/p>\n","protected":false},"author":2,"featured_media":0,"parent":2664,"menu_order":0,"comment_status":"closed","ping_status":"closed","template":"","meta":{"footnotes":""},"class_list":["post-2703","page","type-page","status-publish","hentry"],"yoast_head":"<!-- This site is optimized with the Yoast SEO plugin v27.2 - https:\/\/yoast.com\/product\/yoast-seo-wordpress\/ -->\n<title>Ley del Lim\u00f3n de GM - Lemon Car Boss<\/title>\n<meta name=\"description\" content=\"Conozca sus derechos bajo la Ley del Lim\u00f3n de GM con Lemon Law Boss. Abogados con experiencia en casos GM para buscar su compensaci\u00f3n.\" \/>\n<meta name=\"robots\" content=\"index, follow, max-snippet:-1, max-image-preview:large, max-video-preview:-1\" \/>\n<link rel=\"canonical\" href=\"https:\/\/www.lemoncarboss.com\/es\/fabricantes\/gm\/\" \/>\n<meta property=\"og:locale\" content=\"es_ES\" \/>\n<meta property=\"og:type\" content=\"article\" \/>\n<meta property=\"og:title\" content=\"Ley del Lim\u00f3n de GM - Lemon Car Boss\" \/>\n<meta property=\"og:description\" content=\"Conozca sus derechos bajo la Ley del Lim\u00f3n de GM con Lemon Law Boss. Abogados con experiencia en casos GM para buscar su compensaci\u00f3n.\" \/>\n<meta property=\"og:url\" content=\"https:\/\/www.lemoncarboss.com\/es\/fabricantes\/gm\/\" \/>\n<meta property=\"og:site_name\" content=\"Lemon Car Boss\" \/>\n<meta property=\"article:publisher\" content=\"https:\/\/www.facebook.com\/Lemoncarboss\" \/>\n<meta property=\"article:modified_time\" content=\"2025-12-17T21:46:11+00:00\" \/>\n<meta property=\"og:image\" content=\"https:\/\/www.lemoncarboss.com\/wp-content\/uploads\/2023\/07\/lemon_slice-scaled-e1689108795666-300x116.webp\" \/>\n<meta name=\"twitter:card\" content=\"summary_large_image\" \/>\n<meta name=\"twitter:label1\" content=\"Tiempo de lectura\" \/>\n\t<meta name=\"twitter:data1\" content=\"5 minutos\" \/>\n<script type=\"application\/ld+json\" class=\"yoast-schema-graph\">{\"@context\":\"https:\/\/schema.org\",\"@graph\":[{\"@type\":\"WebPage\",\"@id\":\"https:\/\/www.lemoncarboss.com\/es\/fabricantes\/gm\/\",\"url\":\"https:\/\/www.lemoncarboss.com\/es\/fabricantes\/gm\/\",\"name\":\"Ley del Lim\u00f3n de GM - Lemon Car Boss\",\"isPartOf\":{\"@id\":\"https:\/\/www.lemoncarboss.com\/#website\"},\"primaryImageOfPage\":{\"@id\":\"https:\/\/www.lemoncarboss.com\/es\/fabricantes\/gm\/#primaryimage\"},\"image\":{\"@id\":\"https:\/\/www.lemoncarboss.com\/es\/fabricantes\/gm\/#primaryimage\"},\"thumbnailUrl\":\"https:\/\/www.lemoncarboss.com\/wp-content\/uploads\/2023\/07\/lemon_slice-scaled-e1689108795666-300x116.webp\",\"datePublished\":\"2023-09-15T17:39:18+00:00\",\"dateModified\":\"2025-12-17T21:46:11+00:00\",\"description\":\"Conozca sus derechos bajo la Ley del Lim\u00f3n de GM con Lemon Law Boss. Abogados con experiencia en casos GM para buscar su compensaci\u00f3n.\",\"breadcrumb\":{\"@id\":\"https:\/\/www.lemoncarboss.com\/es\/fabricantes\/gm\/#breadcrumb\"},\"inLanguage\":\"es\",\"potentialAction\":[{\"@type\":\"ReadAction\",\"target\":[\"https:\/\/www.lemoncarboss.com\/es\/fabricantes\/gm\/\"]}]},{\"@type\":\"ImageObject\",\"inLanguage\":\"es\",\"@id\":\"https:\/\/www.lemoncarboss.com\/es\/fabricantes\/gm\/#primaryimage\",\"url\":\"https:\/\/www.lemoncarboss.com\/wp-content\/uploads\/2023\/07\/lemon_slice-scaled-e1689108795666-300x116.webp\",\"contentUrl\":\"https:\/\/www.lemoncarboss.com\/wp-content\/uploads\/2023\/07\/lemon_slice-scaled-e1689108795666-300x116.webp\"},{\"@type\":\"BreadcrumbList\",\"@id\":\"https:\/\/www.lemoncarboss.com\/es\/fabricantes\/gm\/#breadcrumb\",\"itemListElement\":[{\"@type\":\"ListItem\",\"position\":1,\"name\":\"Home\",\"item\":\"https:\/\/www.lemoncarboss.com\/es\/\"},{\"@type\":\"ListItem\",\"position\":2,\"name\":\"Fabricantes\",\"item\":\"https:\/\/www.lemoncarboss.com\/es\/fabricantes\/\"},{\"@type\":\"ListItem\",\"position\":3,\"name\":\"GM\"}]},{\"@type\":\"WebSite\",\"@id\":\"https:\/\/www.lemoncarboss.com\/#website\",\"url\":\"https:\/\/www.lemoncarboss.com\/\",\"name\":\"Lemon Car Boss\",\"description\":\"\",\"publisher\":{\"@id\":\"https:\/\/www.lemoncarboss.com\/#organization\"},\"alternateName\":\"Lemon Law\",\"potentialAction\":[{\"@type\":\"SearchAction\",\"target\":{\"@type\":\"EntryPoint\",\"urlTemplate\":\"https:\/\/www.lemoncarboss.com\/?s={search_term_string}\"},\"query-input\":{\"@type\":\"PropertyValueSpecification\",\"valueRequired\":true,\"valueName\":\"search_term_string\"}}],\"inLanguage\":\"es\"},{\"@type\":\"Organization\",\"@id\":\"https:\/\/www.lemoncarboss.com\/#organization\",\"name\":\"Lemon Car Boss\",\"alternateName\":\"Lemon Law\",\"url\":\"https:\/\/www.lemoncarboss.com\/\",\"logo\":{\"@type\":\"ImageObject\",\"inLanguage\":\"es\",\"@id\":\"https:\/\/www.lemoncarboss.com\/#\/schema\/logo\/image\/\",\"url\":\"https:\/\/www.lemoncarboss.com\/wp-content\/uploads\/2023\/07\/Logo-HI-RES.png\",\"contentUrl\":\"https:\/\/www.lemoncarboss.com\/wp-content\/uploads\/2023\/07\/Logo-HI-RES.png\",\"width\":1682,\"height\":547,\"caption\":\"Lemon Car Boss\"},\"image\":{\"@id\":\"https:\/\/www.lemoncarboss.com\/#\/schema\/logo\/image\/\"},\"sameAs\":[\"https:\/\/www.facebook.com\/Lemoncarboss\",\"https:\/\/www.instagram.com\/lemon_car_boss\/\",\"https:\/\/www.tiktok.com\/@lemoncarboss\",\"https:\/\/www.youtube.com\/@LEMONCARBOSS\"]}]}<\/script>\n<!-- \/ Yoast SEO plugin. -->","yoast_head_json":{"title":"Ley del Lim\u00f3n de GM - Lemon Car Boss","description":"Conozca sus derechos bajo la Ley del Lim\u00f3n de GM con Lemon Law Boss. Abogados con experiencia en casos GM para buscar su compensaci\u00f3n.","robots":{"index":"index","follow":"follow","max-snippet":"max-snippet:-1","max-image-preview":"max-image-preview:large","max-video-preview":"max-video-preview:-1"},"canonical":"https:\/\/www.lemoncarboss.com\/es\/fabricantes\/gm\/","og_locale":"es_ES","og_type":"article","og_title":"Ley del Lim\u00f3n de GM - Lemon Car Boss","og_description":"Conozca sus derechos bajo la Ley del Lim\u00f3n de GM con Lemon Law Boss. Abogados con experiencia en casos GM para buscar su compensaci\u00f3n.","og_url":"https:\/\/www.lemoncarboss.com\/es\/fabricantes\/gm\/","og_site_name":"Lemon Car Boss","article_publisher":"https:\/\/www.facebook.com\/Lemoncarboss","article_modified_time":"2025-12-17T21:46:11+00:00","og_image":[{"url":"https:\/\/www.lemoncarboss.com\/wp-content\/uploads\/2023\/07\/lemon_slice-scaled-e1689108795666-300x116.webp","type":"","width":"","height":""}],"twitter_card":"summary_large_image","twitter_misc":{"Tiempo de lectura":"5 minutos"},"schema":{"@context":"https:\/\/schema.org","@graph":[{"@type":"WebPage","@id":"https:\/\/www.lemoncarboss.com\/es\/fabricantes\/gm\/","url":"https:\/\/www.lemoncarboss.com\/es\/fabricantes\/gm\/","name":"Ley del Lim\u00f3n de GM - Lemon Car Boss","isPartOf":{"@id":"https:\/\/www.lemoncarboss.com\/#website"},"primaryImageOfPage":{"@id":"https:\/\/www.lemoncarboss.com\/es\/fabricantes\/gm\/#primaryimage"},"image":{"@id":"https:\/\/www.lemoncarboss.com\/es\/fabricantes\/gm\/#primaryimage"},"thumbnailUrl":"https:\/\/www.lemoncarboss.com\/wp-content\/uploads\/2023\/07\/lemon_slice-scaled-e1689108795666-300x116.webp","datePublished":"2023-09-15T17:39:18+00:00","dateModified":"2025-12-17T21:46:11+00:00","description":"Conozca sus derechos bajo la Ley del Lim\u00f3n de GM con Lemon Law Boss. Abogados con experiencia en casos GM para buscar su compensaci\u00f3n.","breadcrumb":{"@id":"https:\/\/www.lemoncarboss.com\/es\/fabricantes\/gm\/#breadcrumb"},"inLanguage":"es","potentialAction":[{"@type":"ReadAction","target":["https:\/\/www.lemoncarboss.com\/es\/fabricantes\/gm\/"]}]},{"@type":"ImageObject","inLanguage":"es","@id":"https:\/\/www.lemoncarboss.com\/es\/fabricantes\/gm\/#primaryimage","url":"https:\/\/www.lemoncarboss.com\/wp-content\/uploads\/2023\/07\/lemon_slice-scaled-e1689108795666-300x116.webp","contentUrl":"https:\/\/www.lemoncarboss.com\/wp-content\/uploads\/2023\/07\/lemon_slice-scaled-e1689108795666-300x116.webp"},{"@type":"BreadcrumbList","@id":"https:\/\/www.lemoncarboss.com\/es\/fabricantes\/gm\/#breadcrumb","itemListElement":[{"@type":"ListItem","position":1,"name":"Home","item":"https:\/\/www.lemoncarboss.com\/es\/"},{"@type":"ListItem","position":2,"name":"Fabricantes","item":"https:\/\/www.lemoncarboss.com\/es\/fabricantes\/"},{"@type":"ListItem","position":3,"name":"GM"}]},{"@type":"WebSite","@id":"https:\/\/www.lemoncarboss.com\/#website","url":"https:\/\/www.lemoncarboss.com\/","name":"Lemon Car Boss","description":"","publisher":{"@id":"https:\/\/www.lemoncarboss.com\/#organization"},"alternateName":"Lemon Law","potentialAction":[{"@type":"SearchAction","target":{"@type":"EntryPoint","urlTemplate":"https:\/\/www.lemoncarboss.com\/?s={search_term_string}"},"query-input":{"@type":"PropertyValueSpecification","valueRequired":true,"valueName":"search_term_string"}}],"inLanguage":"es"},{"@type":"Organization","@id":"https:\/\/www.lemoncarboss.com\/#organization","name":"Lemon Car Boss","alternateName":"Lemon Law","url":"https:\/\/www.lemoncarboss.com\/","logo":{"@type":"ImageObject","inLanguage":"es","@id":"https:\/\/www.lemoncarboss.com\/#\/schema\/logo\/image\/","url":"https:\/\/www.lemoncarboss.com\/wp-content\/uploads\/2023\/07\/Logo-HI-RES.png","contentUrl":"https:\/\/www.lemoncarboss.com\/wp-content\/uploads\/2023\/07\/Logo-HI-RES.png","width":1682,"height":547,"caption":"Lemon Car Boss"},"image":{"@id":"https:\/\/www.lemoncarboss.com\/#\/schema\/logo\/image\/"},"sameAs":["https:\/\/www.facebook.com\/Lemoncarboss","https:\/\/www.instagram.com\/lemon_car_boss\/","https:\/\/www.tiktok.com\/@lemoncarboss","https:\/\/www.youtube.com\/@LEMONCARBOSS"]}]}},"_links":{"self":[{"href":"https:\/\/www.lemoncarboss.com\/es\/wp-json\/wp\/v2\/pages\/2703","targetHints":{"allow":["GET"]}}],"collection":[{"href":"https:\/\/www.lemoncarboss.com\/es\/wp-json\/wp\/v2\/pages"}],"about":[{"href":"https:\/\/www.lemoncarboss.com\/es\/wp-json\/wp\/v2\/types\/page"}],"author":[{"embeddable":true,"href":"https:\/\/www.lemoncarboss.com\/es\/wp-json\/wp\/v2\/users\/2"}],"replies":[{"embeddable":true,"href":"https:\/\/www.lemoncarboss.com\/es\/wp-json\/wp\/v2\/comments?post=2703"}],"version-history":[{"count":4,"href":"https:\/\/www.lemoncarboss.com\/es\/wp-json\/wp\/v2\/pages\/2703\/revisions"}],"predecessor-version":[{"id":3993,"href":"https:\/\/www.lemoncarboss.com\/es\/wp-json\/wp\/v2\/pages\/2703\/revisions\/3993"}],"up":[{"embeddable":true,"href":"https:\/\/www.lemoncarboss.com\/es\/wp-json\/wp\/v2\/pages\/2664"}],"wp:attachment":[{"href":"https:\/\/www.lemoncarboss.com\/es\/wp-json\/wp\/v2\/media?parent=2703"}],"curies":[{"name":"wp","href":"https:\/\/api.w.org\/{rel}","templated":true}]}}