{"id":2712,"date":"2023-09-14T10:57:15","date_gmt":"2023-09-14T17:57:15","guid":{"rendered":"https:\/\/www.lemoncarboss.com\/fabricantes\/winnebago\/"},"modified":"2025-12-17T13:39:45","modified_gmt":"2025-12-17T21:39:45","slug":"winnebago","status":"publish","type":"page","link":"https:\/\/www.lemoncarboss.com\/es\/fabricantes\/winnebago\/","title":{"rendered":"Winnebago"},"content":{"rendered":"\t\t<div data-elementor-type=\"wp-page\" data-elementor-id=\"2712\" class=\"elementor elementor-2712 elementor-2082\" data-elementor-post-type=\"page\">\n\t\t\t\t<div class=\"elementor-element elementor-element-44f73924 e-flex e-con-boxed e-con e-parent\" data-id=\"44f73924\" data-element_type=\"container\" data-e-type=\"container\" data-settings=\"{&quot;background_background&quot;:&quot;classic&quot;}\">\n\t\t\t\t\t<div class=\"e-con-inner\">\n\t\t\t\t<div class=\"elementor-element elementor-element-273427ee elementor-widget__width-initial elementor-widget elementor-widget-text-editor\" data-id=\"273427ee\" data-element_type=\"widget\" data-e-type=\"widget\" data-widget_type=\"text-editor.default\">\n\t\t\t\t<div class=\"elementor-widget-container\">\n\t\t\t\t\t\t\t\t\t<h1>WINNEBAGO<\/h1>\t\t\t\t\t\t\t\t<\/div>\n\t\t\t\t<\/div>\n\t\t\t\t\t<\/div>\n\t\t\t\t<\/div>\n\t\t<div class=\"elementor-element elementor-element-b92f206 e-flex e-con-boxed e-con e-parent\" data-id=\"b92f206\" data-element_type=\"container\" data-e-type=\"container\" data-settings=\"{&quot;background_background&quot;:&quot;classic&quot;}\">\n\t\t\t\t\t<div class=\"e-con-inner\">\n\t\t<div class=\"elementor-element elementor-element-6fb514fb e-con-full e-flex e-con e-child\" data-id=\"6fb514fb\" data-element_type=\"container\" data-e-type=\"container\">\n\t\t\t\t<div class=\"elementor-element elementor-element-65478628 elementor-widget elementor-widget-text-editor\" data-id=\"65478628\" data-element_type=\"widget\" data-e-type=\"widget\" data-widget_type=\"text-editor.default\">\n\t\t\t\t<div class=\"elementor-widget-container\">\n\t\t\t\t\t\t\t\t\t<h2>Ley del lim\u00f3n de Winnebago<\/h2>\t\t\t\t\t\t\t\t<\/div>\n\t\t\t\t<\/div>\n\t\t\t\t<div class=\"elementor-element elementor-element-a201896 elementor-widget elementor-widget-image\" data-id=\"a201896\" data-element_type=\"widget\" data-e-type=\"widget\" data-widget_type=\"image.default\">\n\t\t\t\t<div class=\"elementor-widget-container\">\n\t\t\t\t\t\t\t\t\t\t\t\t\t\t\t<img decoding=\"async\" width=\"300\" height=\"116\" src=\"https:\/\/www.lemoncarboss.com\/wp-content\/uploads\/2023\/07\/lemon_slice-scaled-e1689108795666-300x116.webp\" class=\"attachment-medium size-medium wp-image-2626\" alt=\"\" srcset=\"https:\/\/www.lemoncarboss.com\/wp-content\/uploads\/2023\/07\/lemon_slice-scaled-e1689108795666-300x116.webp 300w, https:\/\/www.lemoncarboss.com\/wp-content\/uploads\/2023\/07\/lemon_slice-scaled-e1689108795666-1024x397.webp 1024w, https:\/\/www.lemoncarboss.com\/wp-content\/uploads\/2023\/07\/lemon_slice-scaled-e1689108795666-768x298.webp 768w, https:\/\/www.lemoncarboss.com\/wp-content\/uploads\/2023\/07\/lemon_slice-scaled-e1689108795666-1536x595.webp 1536w, https:\/\/www.lemoncarboss.com\/wp-content\/uploads\/2023\/07\/lemon_slice-scaled-e1689108795666-2048x794.webp 2048w\" sizes=\"(max-width: 300px) 100vw, 300px\" \/>\t\t\t\t\t\t\t\t\t\t\t\t\t\t\t<\/div>\n\t\t\t\t<\/div>\n\t\t\t\t<div class=\"elementor-element elementor-element-532c8867 elementor-widget elementor-widget-text-editor\" data-id=\"532c8867\" data-element_type=\"widget\" data-e-type=\"widget\" data-widget_type=\"text-editor.default\">\n\t\t\t\t<div class=\"elementor-widget-container\">\n\t\t\t\t\t\t\t\t\t<h3>Protecci\u00f3n de sus derechos frente a veh\u00edculos recreativos y autocaravanas Winnebago defectuosos<\/h3><p><span style=\"font-weight: 400;\">\u00bfEs usted el orgulloso propietario de un veh\u00edculo recreativo o autocaravana Winnebago que ha sido persistentemente acosado por defectos y problemas? No deje que un veh\u00edculo defectuoso le impida disfrutar de sus viajes. El chasis de su veh\u00edculo recreativo est\u00e1 tan protegido por la Ley del Lim\u00f3n como cualquier coche o cami\u00f3n. Perm\u00edtanos informarle acerca de sus derechos Winnebago Lemon Law, guiarle a trav\u00e9s de los pasos necesarios, y las opciones de resoluci\u00f3n a su disposici\u00f3n en caso de que usted se encuentra lidiando con un veh\u00edculo recreativo defectuoso.<\/span><\/p><h3>Comprender la Ley del Lim\u00f3n de Winnebago<\/h3><p><span style=\"font-weight: 400;\">La Ley del Lim\u00f3n de Winnebago se elabor\u00f3 para proteger a los compradores y arrendatarios de veh\u00edculos recreativos nuevos que manifiestan con frecuencia problemas que ponen en peligro su seguridad, valor o funcionamiento. Si su veh\u00edculo recreativo o autocaravana Winnebago cumple las condiciones estipuladas en la ley, podr\u00eda tener derecho a una sustituci\u00f3n, reembolso o reparaci\u00f3n financiada por el fabricante.<\/span><\/p><h3>Problemas comunes de las caravanas (RV) Winnebago RV<\/h3><ul><li style=\"font-weight: 400;\" aria-level=\"1\"><span style=\"font-weight: 400;\">Complicaciones de fontaner\u00eda (por ejemplo, fugas)<\/span><\/li><li style=\"font-weight: 400;\" aria-level=\"1\"><span style=\"font-weight: 400;\">Aver\u00edas en el sistema el\u00e9ctrico<\/span><\/li><li style=\"font-weight: 400;\" aria-level=\"1\"><span style=\"font-weight: 400;\">Mal funcionamiento de los aparatos<\/span><\/li><li style=\"font-weight: 400;\" aria-level=\"1\"><span style=\"font-weight: 400;\">Defectos arquitect\u00f3nicos<\/span><\/li><li style=\"font-weight: 400;\" aria-level=\"1\"><span style=\"font-weight: 400;\">Fugas en el tejado<\/span><\/li><li style=\"font-weight: 400;\" aria-level=\"1\"><span style=\"font-weight: 400;\">Complicaciones del chasis<\/span><\/li><li style=\"font-weight: 400;\" aria-level=\"1\"><span style=\"font-weight: 400;\">Aver\u00edas del sistema de calefacci\u00f3n, ventilaci\u00f3n y aire acondicionado<\/span><\/li><li style=\"font-weight: 400;\" aria-level=\"1\"><span style=\"font-weight: 400;\">Da\u00f1os causados por el agua<\/span><\/li><li style=\"font-weight: 400;\" aria-level=\"1\"><span style=\"font-weight: 400;\">Fall<\/span><span style=\"font-weight: 400;\">a<\/span><span style=\"font-weight: 400;\">o<\/span><span style=\"font-weight: 400;\">s de deslizamiento<\/span><\/li><li style=\"font-weight: 400;\" aria-level=\"1\"><span style=\"font-weight: 400;\">Incidentes con neum\u00e1ticos<\/span><\/li><li style=\"font-weight: 400;\" aria-level=\"1\"><span style=\"font-weight: 400;\">Aver\u00eda de generadores<\/span><\/li><li style=\"font-weight: 400;\" aria-level=\"1\"><span style=\"font-weight: 400;\">Problemas con la suspensi\u00f3n<\/span><\/li><\/ul><p><span style=\"font-weight: 400;\">Modelos populares de Winnebago RV con boletines de servicio t\u00e9cnico (TSB) y llamadas a revisi\u00f3n:<\/span><\/p><ul><li style=\"font-weight: 400;\" aria-level=\"1\"><span style=\"font-weight: 400;\">Winnebago Adventurer<\/span><\/li><li style=\"font-weight: 400;\" aria-level=\"1\"><span style=\"font-weight: 400;\">Winnebago Vista<\/span><\/li><li style=\"font-weight: 400;\" aria-level=\"1\"><span style=\"font-weight: 400;\">Winnebago Intenci\u00f3n<\/span><\/li><li style=\"font-weight: 400;\" aria-level=\"1\"><span style=\"font-weight: 400;\">Winnebago Horizon<\/span><\/li><li style=\"font-weight: 400;\" aria-level=\"1\"><span style=\"font-weight: 400;\">Winnebago Minnie<\/span><\/li><li style=\"font-weight: 400;\" aria-level=\"1\"><span style=\"font-weight: 400;\">Winnebago Revel<\/span><\/li><li style=\"font-weight: 400;\" aria-level=\"1\"><span style=\"font-weight: 400;\">Winnebago Forza<\/span><\/li><li style=\"font-weight: 400;\" aria-level=\"1\"><span style=\"font-weight: 400;\">La era Winnebago<\/span><\/li><li style=\"font-weight: 400;\" aria-level=\"1\"><span style=\"font-weight: 400;\">Winnebago Navion<\/span><\/li><li style=\"font-weight: 400;\" aria-level=\"1\"><span style=\"font-weight: 400;\">Winnebago Solis<\/span><\/li><\/ul><h3>Winnebago Lemon Law Elegibilidad para recompra seg\u00fan la Ley de Lim\u00f3n de Winnebago<\/h3><p><span style=\"font-weight: 400;\">Para tener derecho a una recompra en virtud de la Ley del Lim\u00f3n de Winnebago, por lo general es necesario cumplir unos criterios espec\u00edficos:<\/span><\/p><ul><li style=\"font-weight: 400;\" aria-level=\"1\"><b>Problemas persistentes:<\/b><span style=\"font-weight: 400;\">\u00a0El veh\u00edculo recreativo debe presentar un defecto o aver\u00eda importante que persista incluso despu\u00e9s de m\u00faltiples intentos por solucionarlo.<\/span><\/li><li style=\"font-weight: 400;\" aria-level=\"1\"><b>Impacto en la seguridad, el valor o la funcionalidad:\u00a0<\/b><span style=\"font-weight: 400;\">El defecto debe afectar sustancialmente a la seguridad, el valor o el funcionamiento del veh\u00edculo recreativo, en particular de componentes fundamentales como el chasis, la fontaner\u00eda y los sistemas el\u00e9ctricos.<\/span><\/li><li style=\"font-weight: 400;\" aria-level=\"1\"><b>En garant\u00eda:\u00a0<\/b><span style=\"font-weight: 400;\">Estos defectos deben aparecer dentro de la duraci\u00f3n protegida por la garant\u00eda del veh\u00edculo o dentro de un plazo estipulado, frecuentemente denominado \u00abventana de elegibilidad.\u00bb<\/span><\/li><li style=\"font-weight: 400;\" aria-level=\"1\"><b>Intentos de reparaci\u00f3n:<\/b><span style=\"font-weight: 400;\">\u00a0Dependiendo de la Ley del Lim\u00f3n de cada estado, el fabricante o vendedor deber\u00eda haber intentado seriamente rectificar el defecto. Si no lo hace, su veh\u00edculo recreativo Winnebago podr\u00eda optar a la recompra.<\/span><\/li><li style=\"font-weight: 400;\" aria-level=\"1\"><b>Tiempo de inactividad del servicio: <\/b><span style=\"font-weight: 400;\">Algunas regiones pueden exigir que el veh\u00edculo est\u00e9 fuera de servicio durante un periodo determinado debido a reparaciones. Superar este umbral podr\u00eda convertir a su veh\u00edculo recreativo Winnebago en candidato a la recompra.<\/span><\/li><li style=\"font-weight: 400;\" aria-level=\"1\"><b>Resoluci\u00f3n de conflictos:<\/b><span style=\"font-weight: 400;\">\u00a0Si el defecto persiste incluso despu\u00e9s de los intentos del fabricante o vendedor, los clientes podr\u00edan tener que recurrir a un arbitraje o tomar medidas legales para obtener una soluci\u00f3n.<\/span><\/li><li style=\"font-weight: 400;\" aria-level=\"1\"><b>Leyes estatales diversas:<\/b><span style=\"font-weight: 400;\">\u00a0Ten en cuenta que las leyes del lim\u00f3n pueden variar de un estado a otro. Por lo tanto, es esencial conocer los estatutos expl\u00edcitos y los requisitos previos de su estado. Algunos territorios pueden tener normas m\u00e1s estrictas, mientras que otros pueden ser m\u00e1s complacientes.<\/span><\/li><\/ul><h3>El proceso para presentar una reclamaci\u00f3n conforme a la Ley del Lim\u00f3n de Winnebago Lemon Law<\/h3><ul><li style=\"font-weight: 400;\" aria-level=\"1\"><span style=\"font-weight: 400;\">Evaluamos su situaci\u00f3n<\/span><\/li><li style=\"font-weight: 400;\" aria-level=\"1\"><span style=\"font-weight: 400;\">Recopila<\/span><span style=\"font-weight: 400;\">mos<\/span><span style=\"font-weight: 400;\">r<\/span><span style=\"font-weight: 400;\"> la documentaci\u00f3n esencial<\/span><\/li><li style=\"font-weight: 400;\" aria-level=\"1\"><span style=\"font-weight: 400;\">Inicia<\/span><span style=\"font-weight: 400;\">mos<\/span><span style=\"font-weight: 400;\">r<\/span><span style=\"font-weight: 400;\"> una reclamaci\u00f3n con Winnebago<\/span><\/li><li style=\"font-weight: 400;\" aria-level=\"1\"><span style=\"font-weight: 400;\">Resolve<\/span><span style=\"font-weight: 400;\">mos<\/span><span style=\"font-weight: 400;\">r<\/span><span style=\"font-weight: 400;\"> la reclamaci\u00f3n con Winnebago<\/span><\/li><li style=\"font-weight: 400;\" aria-level=\"1\"><span style=\"font-weight: 400;\">Obtenga una indemnizaci\u00f3n por su Winnebago Lemon<\/span><\/li><\/ul><h3>\u00bfPor qu\u00e9 elegirnos para su caso de Ley del Lim\u00f3n de Winnebago Lemon Law?<\/h3><p><span style=\"font-weight: 400;\">Nuestra h\u00e1bil brigada jur\u00eddica est\u00e1 especializada en la gesti\u00f3n de casos relacionados con veh\u00edculos recreativos defectuosos, que abarcan todos los modelos de Winnebago. Nuestra dedicaci\u00f3n radica en defender a los clientes, y siempre hemos logrado obtener la debida indemnizaci\u00f3n a la que tienen derecho.<\/span><\/p><h3>Contacte con nosotros hoy para una consulta gratuita sobre su Winnebago<\/h3><p><span style=\"font-weight: 400;\">No deje que un veh\u00edculo recreativo defectuoso empa\u00f1e sus recuerdos de viaje. P\u00f3ngase en contacto con nosotros para una discusi\u00f3n sin compromiso para deliberar sobre su situaci\u00f3n y comprender sus derechos bajo la Ley del Lim\u00f3n Winnebago. Nuestro abnegado equipo est\u00e1 preparado para descifrar los entresijos y defender incondicionalmente sus privilegios como consumidor.<\/span><\/p><p><span style=\"font-weight: 400;\">Tenga en cuenta que la informaci\u00f3n aqu\u00ed facilitada es de car\u00e1cter general y no debe considerarse asesoramiento jur\u00eddico. Para conocer los detalles espec\u00edficos de sus circunstancias particulares, se recomienda consultar con un abogado colegiado.<\/span><\/p>\t\t\t\t\t\t\t\t<\/div>\n\t\t\t\t<\/div>\n\t\t\t\t<\/div>\n\t\t\t\t\t<\/div>\n\t\t\t\t<\/div>\n\t\t\t\t<\/div>\n\t\t","protected":false},"excerpt":{"rendered":"<p>WINNEBAGO Ley del lim\u00f3n de Winnebago Protecci\u00f3n de sus derechos frente a veh\u00edculos recreativos y autocaravanas Winnebago defectuosos \u00bfEs usted el orgulloso propietario de un veh\u00edculo recreativo o autocaravana Winnebago que ha sido persistentemente acosado por defectos y problemas? No deje que un veh\u00edculo defectuoso le impida disfrutar de sus viajes. El chasis de su [&hellip;]<\/p>\n","protected":false},"author":2,"featured_media":0,"parent":2664,"menu_order":0,"comment_status":"closed","ping_status":"closed","template":"","meta":{"footnotes":""},"class_list":["post-2712","page","type-page","status-publish","hentry"],"yoast_head":"<!-- This site is optimized with the Yoast SEO plugin v27.2 - https:\/\/yoast.com\/product\/yoast-seo-wordpress\/ -->\n<title>Winnebago Ley del Lim\u00f3n - Lemon Car Boss<\/title>\n<meta name=\"description\" content=\"Conozca sus derechos bajo Winnebago Lemon Law con Lemon Car Boss. Equipo legal con experiencia en casos Winnebago Lemon Law.\" \/>\n<meta name=\"robots\" content=\"index, follow, max-snippet:-1, max-image-preview:large, max-video-preview:-1\" \/>\n<link rel=\"canonical\" href=\"https:\/\/www.lemoncarboss.com\/es\/fabricantes\/winnebago\/\" \/>\n<meta property=\"og:locale\" content=\"es_ES\" \/>\n<meta property=\"og:type\" content=\"article\" \/>\n<meta property=\"og:title\" content=\"Winnebago Ley del Lim\u00f3n - Lemon Car Boss\" \/>\n<meta property=\"og:description\" content=\"Conozca sus derechos bajo Winnebago Lemon Law con Lemon Car Boss. Equipo legal con experiencia en casos Winnebago Lemon Law.\" \/>\n<meta property=\"og:url\" content=\"https:\/\/www.lemoncarboss.com\/es\/fabricantes\/winnebago\/\" \/>\n<meta property=\"og:site_name\" content=\"Lemon Car Boss\" \/>\n<meta property=\"article:publisher\" content=\"https:\/\/www.facebook.com\/Lemoncarboss\" \/>\n<meta property=\"article:modified_time\" content=\"2025-12-17T21:39:45+00:00\" \/>\n<meta property=\"og:image\" content=\"https:\/\/www.lemoncarboss.com\/wp-content\/uploads\/2023\/07\/lemon_slice-scaled-e1689108795666-300x116.webp\" \/>\n<meta name=\"twitter:card\" content=\"summary_large_image\" \/>\n<meta name=\"twitter:label1\" content=\"Tiempo de lectura\" \/>\n\t<meta name=\"twitter:data1\" content=\"4 minutos\" \/>\n<script type=\"application\/ld+json\" class=\"yoast-schema-graph\">{\"@context\":\"https:\/\/schema.org\",\"@graph\":[{\"@type\":\"WebPage\",\"@id\":\"https:\/\/www.lemoncarboss.com\/es\/fabricantes\/winnebago\/\",\"url\":\"https:\/\/www.lemoncarboss.com\/es\/fabricantes\/winnebago\/\",\"name\":\"Winnebago Ley del Lim\u00f3n - Lemon Car Boss\",\"isPartOf\":{\"@id\":\"https:\/\/www.lemoncarboss.com\/#website\"},\"primaryImageOfPage\":{\"@id\":\"https:\/\/www.lemoncarboss.com\/es\/fabricantes\/winnebago\/#primaryimage\"},\"image\":{\"@id\":\"https:\/\/www.lemoncarboss.com\/es\/fabricantes\/winnebago\/#primaryimage\"},\"thumbnailUrl\":\"https:\/\/www.lemoncarboss.com\/wp-content\/uploads\/2023\/07\/lemon_slice-scaled-e1689108795666-300x116.webp\",\"datePublished\":\"2023-09-14T17:57:15+00:00\",\"dateModified\":\"2025-12-17T21:39:45+00:00\",\"description\":\"Conozca sus derechos bajo Winnebago Lemon Law con Lemon Car Boss. Equipo legal con experiencia en casos Winnebago Lemon Law.\",\"breadcrumb\":{\"@id\":\"https:\/\/www.lemoncarboss.com\/es\/fabricantes\/winnebago\/#breadcrumb\"},\"inLanguage\":\"es\",\"potentialAction\":[{\"@type\":\"ReadAction\",\"target\":[\"https:\/\/www.lemoncarboss.com\/es\/fabricantes\/winnebago\/\"]}]},{\"@type\":\"ImageObject\",\"inLanguage\":\"es\",\"@id\":\"https:\/\/www.lemoncarboss.com\/es\/fabricantes\/winnebago\/#primaryimage\",\"url\":\"https:\/\/www.lemoncarboss.com\/wp-content\/uploads\/2023\/07\/lemon_slice-scaled-e1689108795666-300x116.webp\",\"contentUrl\":\"https:\/\/www.lemoncarboss.com\/wp-content\/uploads\/2023\/07\/lemon_slice-scaled-e1689108795666-300x116.webp\"},{\"@type\":\"BreadcrumbList\",\"@id\":\"https:\/\/www.lemoncarboss.com\/es\/fabricantes\/winnebago\/#breadcrumb\",\"itemListElement\":[{\"@type\":\"ListItem\",\"position\":1,\"name\":\"Home\",\"item\":\"https:\/\/www.lemoncarboss.com\/es\/\"},{\"@type\":\"ListItem\",\"position\":2,\"name\":\"Fabricantes\",\"item\":\"https:\/\/www.lemoncarboss.com\/es\/fabricantes\/\"},{\"@type\":\"ListItem\",\"position\":3,\"name\":\"Winnebago\"}]},{\"@type\":\"WebSite\",\"@id\":\"https:\/\/www.lemoncarboss.com\/#website\",\"url\":\"https:\/\/www.lemoncarboss.com\/\",\"name\":\"Lemon Car Boss\",\"description\":\"\",\"publisher\":{\"@id\":\"https:\/\/www.lemoncarboss.com\/#organization\"},\"alternateName\":\"Lemon Law\",\"potentialAction\":[{\"@type\":\"SearchAction\",\"target\":{\"@type\":\"EntryPoint\",\"urlTemplate\":\"https:\/\/www.lemoncarboss.com\/?s={search_term_string}\"},\"query-input\":{\"@type\":\"PropertyValueSpecification\",\"valueRequired\":true,\"valueName\":\"search_term_string\"}}],\"inLanguage\":\"es\"},{\"@type\":\"Organization\",\"@id\":\"https:\/\/www.lemoncarboss.com\/#organization\",\"name\":\"Lemon Car Boss\",\"alternateName\":\"Lemon Law\",\"url\":\"https:\/\/www.lemoncarboss.com\/\",\"logo\":{\"@type\":\"ImageObject\",\"inLanguage\":\"es\",\"@id\":\"https:\/\/www.lemoncarboss.com\/#\/schema\/logo\/image\/\",\"url\":\"https:\/\/www.lemoncarboss.com\/wp-content\/uploads\/2023\/07\/Logo-HI-RES.png\",\"contentUrl\":\"https:\/\/www.lemoncarboss.com\/wp-content\/uploads\/2023\/07\/Logo-HI-RES.png\",\"width\":1682,\"height\":547,\"caption\":\"Lemon Car Boss\"},\"image\":{\"@id\":\"https:\/\/www.lemoncarboss.com\/#\/schema\/logo\/image\/\"},\"sameAs\":[\"https:\/\/www.facebook.com\/Lemoncarboss\",\"https:\/\/www.instagram.com\/lemon_car_boss\/\",\"https:\/\/www.tiktok.com\/@lemoncarboss\",\"https:\/\/www.youtube.com\/@LEMONCARBOSS\"]}]}<\/script>\n<!-- \/ Yoast SEO plugin. -->","yoast_head_json":{"title":"Winnebago Ley del Lim\u00f3n - Lemon Car Boss","description":"Conozca sus derechos bajo Winnebago Lemon Law con Lemon Car Boss. Equipo legal con experiencia en casos Winnebago Lemon Law.","robots":{"index":"index","follow":"follow","max-snippet":"max-snippet:-1","max-image-preview":"max-image-preview:large","max-video-preview":"max-video-preview:-1"},"canonical":"https:\/\/www.lemoncarboss.com\/es\/fabricantes\/winnebago\/","og_locale":"es_ES","og_type":"article","og_title":"Winnebago Ley del Lim\u00f3n - Lemon Car Boss","og_description":"Conozca sus derechos bajo Winnebago Lemon Law con Lemon Car Boss. Equipo legal con experiencia en casos Winnebago Lemon Law.","og_url":"https:\/\/www.lemoncarboss.com\/es\/fabricantes\/winnebago\/","og_site_name":"Lemon Car Boss","article_publisher":"https:\/\/www.facebook.com\/Lemoncarboss","article_modified_time":"2025-12-17T21:39:45+00:00","og_image":[{"url":"https:\/\/www.lemoncarboss.com\/wp-content\/uploads\/2023\/07\/lemon_slice-scaled-e1689108795666-300x116.webp","type":"","width":"","height":""}],"twitter_card":"summary_large_image","twitter_misc":{"Tiempo de lectura":"4 minutos"},"schema":{"@context":"https:\/\/schema.org","@graph":[{"@type":"WebPage","@id":"https:\/\/www.lemoncarboss.com\/es\/fabricantes\/winnebago\/","url":"https:\/\/www.lemoncarboss.com\/es\/fabricantes\/winnebago\/","name":"Winnebago Ley del Lim\u00f3n - Lemon Car Boss","isPartOf":{"@id":"https:\/\/www.lemoncarboss.com\/#website"},"primaryImageOfPage":{"@id":"https:\/\/www.lemoncarboss.com\/es\/fabricantes\/winnebago\/#primaryimage"},"image":{"@id":"https:\/\/www.lemoncarboss.com\/es\/fabricantes\/winnebago\/#primaryimage"},"thumbnailUrl":"https:\/\/www.lemoncarboss.com\/wp-content\/uploads\/2023\/07\/lemon_slice-scaled-e1689108795666-300x116.webp","datePublished":"2023-09-14T17:57:15+00:00","dateModified":"2025-12-17T21:39:45+00:00","description":"Conozca sus derechos bajo Winnebago Lemon Law con Lemon Car Boss. Equipo legal con experiencia en casos Winnebago Lemon Law.","breadcrumb":{"@id":"https:\/\/www.lemoncarboss.com\/es\/fabricantes\/winnebago\/#breadcrumb"},"inLanguage":"es","potentialAction":[{"@type":"ReadAction","target":["https:\/\/www.lemoncarboss.com\/es\/fabricantes\/winnebago\/"]}]},{"@type":"ImageObject","inLanguage":"es","@id":"https:\/\/www.lemoncarboss.com\/es\/fabricantes\/winnebago\/#primaryimage","url":"https:\/\/www.lemoncarboss.com\/wp-content\/uploads\/2023\/07\/lemon_slice-scaled-e1689108795666-300x116.webp","contentUrl":"https:\/\/www.lemoncarboss.com\/wp-content\/uploads\/2023\/07\/lemon_slice-scaled-e1689108795666-300x116.webp"},{"@type":"BreadcrumbList","@id":"https:\/\/www.lemoncarboss.com\/es\/fabricantes\/winnebago\/#breadcrumb","itemListElement":[{"@type":"ListItem","position":1,"name":"Home","item":"https:\/\/www.lemoncarboss.com\/es\/"},{"@type":"ListItem","position":2,"name":"Fabricantes","item":"https:\/\/www.lemoncarboss.com\/es\/fabricantes\/"},{"@type":"ListItem","position":3,"name":"Winnebago"}]},{"@type":"WebSite","@id":"https:\/\/www.lemoncarboss.com\/#website","url":"https:\/\/www.lemoncarboss.com\/","name":"Lemon Car Boss","description":"","publisher":{"@id":"https:\/\/www.lemoncarboss.com\/#organization"},"alternateName":"Lemon Law","potentialAction":[{"@type":"SearchAction","target":{"@type":"EntryPoint","urlTemplate":"https:\/\/www.lemoncarboss.com\/?s={search_term_string}"},"query-input":{"@type":"PropertyValueSpecification","valueRequired":true,"valueName":"search_term_string"}}],"inLanguage":"es"},{"@type":"Organization","@id":"https:\/\/www.lemoncarboss.com\/#organization","name":"Lemon Car Boss","alternateName":"Lemon Law","url":"https:\/\/www.lemoncarboss.com\/","logo":{"@type":"ImageObject","inLanguage":"es","@id":"https:\/\/www.lemoncarboss.com\/#\/schema\/logo\/image\/","url":"https:\/\/www.lemoncarboss.com\/wp-content\/uploads\/2023\/07\/Logo-HI-RES.png","contentUrl":"https:\/\/www.lemoncarboss.com\/wp-content\/uploads\/2023\/07\/Logo-HI-RES.png","width":1682,"height":547,"caption":"Lemon Car Boss"},"image":{"@id":"https:\/\/www.lemoncarboss.com\/#\/schema\/logo\/image\/"},"sameAs":["https:\/\/www.facebook.com\/Lemoncarboss","https:\/\/www.instagram.com\/lemon_car_boss\/","https:\/\/www.tiktok.com\/@lemoncarboss","https:\/\/www.youtube.com\/@LEMONCARBOSS"]}]}},"_links":{"self":[{"href":"https:\/\/www.lemoncarboss.com\/es\/wp-json\/wp\/v2\/pages\/2712","targetHints":{"allow":["GET"]}}],"collection":[{"href":"https:\/\/www.lemoncarboss.com\/es\/wp-json\/wp\/v2\/pages"}],"about":[{"href":"https:\/\/www.lemoncarboss.com\/es\/wp-json\/wp\/v2\/types\/page"}],"author":[{"embeddable":true,"href":"https:\/\/www.lemoncarboss.com\/es\/wp-json\/wp\/v2\/users\/2"}],"replies":[{"embeddable":true,"href":"https:\/\/www.lemoncarboss.com\/es\/wp-json\/wp\/v2\/comments?post=2712"}],"version-history":[{"count":10,"href":"https:\/\/www.lemoncarboss.com\/es\/wp-json\/wp\/v2\/pages\/2712\/revisions"}],"predecessor-version":[{"id":4931,"href":"https:\/\/www.lemoncarboss.com\/es\/wp-json\/wp\/v2\/pages\/2712\/revisions\/4931"}],"up":[{"embeddable":true,"href":"https:\/\/www.lemoncarboss.com\/es\/wp-json\/wp\/v2\/pages\/2664"}],"wp:attachment":[{"href":"https:\/\/www.lemoncarboss.com\/es\/wp-json\/wp\/v2\/media?parent=2712"}],"curies":[{"name":"wp","href":"https:\/\/api.w.org\/{rel}","templated":true}]}}