{"id":2713,"date":"2023-09-13T13:45:14","date_gmt":"2023-09-13T20:45:14","guid":{"rendered":"https:\/\/www.lemoncarboss.com\/fabricantes\/hyundai\/tucson\/"},"modified":"2025-12-17T13:50:33","modified_gmt":"2025-12-17T21:50:33","slug":"tucson","status":"publish","type":"page","link":"https:\/\/www.lemoncarboss.com\/es\/fabricantes\/hyundai\/tucson\/","title":{"rendered":"Tucson"},"content":{"rendered":"\t\t<div data-elementor-type=\"wp-page\" data-elementor-id=\"2713\" class=\"elementor elementor-2713 elementor-2001\" data-elementor-post-type=\"page\">\n\t\t\t\t<div class=\"elementor-element elementor-element-44f73924 e-flex e-con-boxed e-con e-parent\" data-id=\"44f73924\" data-element_type=\"container\" data-e-type=\"container\" data-settings=\"{&quot;background_background&quot;:&quot;classic&quot;}\">\n\t\t\t\t\t<div class=\"e-con-inner\">\n\t\t\t\t<div class=\"elementor-element elementor-element-273427ee elementor-widget__width-initial elementor-widget elementor-widget-text-editor\" data-id=\"273427ee\" data-element_type=\"widget\" data-e-type=\"widget\" data-widget_type=\"text-editor.default\">\n\t\t\t\t<div class=\"elementor-widget-container\">\n\t\t\t\t\t\t\t\t\t<h1>Hyundai Tucson<\/h1>\t\t\t\t\t\t\t\t<\/div>\n\t\t\t\t<\/div>\n\t\t\t\t\t<\/div>\n\t\t\t\t<\/div>\n\t\t<div class=\"elementor-element elementor-element-b92f206 e-flex e-con-boxed e-con e-parent\" data-id=\"b92f206\" data-element_type=\"container\" data-e-type=\"container\" data-settings=\"{&quot;background_background&quot;:&quot;classic&quot;}\">\n\t\t\t\t\t<div class=\"e-con-inner\">\n\t\t<div class=\"elementor-element elementor-element-6fb514fb e-con-full e-flex e-con e-child\" data-id=\"6fb514fb\" data-element_type=\"container\" data-e-type=\"container\">\n\t\t\t\t<div class=\"elementor-element elementor-element-65478628 elementor-widget elementor-widget-text-editor\" data-id=\"65478628\" data-element_type=\"widget\" data-e-type=\"widget\" data-widget_type=\"text-editor.default\">\n\t\t\t\t<div class=\"elementor-widget-container\">\n\t\t\t\t\t\t\t\t\t<h2>Ley Lim\u00f3n Hyundai Tucson<\/h2>\t\t\t\t\t\t\t\t<\/div>\n\t\t\t\t<\/div>\n\t\t\t\t<div class=\"elementor-element elementor-element-a201896 elementor-widget elementor-widget-image\" data-id=\"a201896\" data-element_type=\"widget\" data-e-type=\"widget\" data-widget_type=\"image.default\">\n\t\t\t\t<div class=\"elementor-widget-container\">\n\t\t\t\t\t\t\t\t\t\t\t\t\t\t\t<img decoding=\"async\" width=\"300\" height=\"116\" src=\"https:\/\/www.lemoncarboss.com\/wp-content\/uploads\/2023\/07\/lemon_slice-scaled-e1689108795666-300x116.webp\" class=\"attachment-medium size-medium wp-image-2626\" alt=\"\" srcset=\"https:\/\/www.lemoncarboss.com\/wp-content\/uploads\/2023\/07\/lemon_slice-scaled-e1689108795666-300x116.webp 300w, https:\/\/www.lemoncarboss.com\/wp-content\/uploads\/2023\/07\/lemon_slice-scaled-e1689108795666-1024x397.webp 1024w, https:\/\/www.lemoncarboss.com\/wp-content\/uploads\/2023\/07\/lemon_slice-scaled-e1689108795666-768x298.webp 768w, https:\/\/www.lemoncarboss.com\/wp-content\/uploads\/2023\/07\/lemon_slice-scaled-e1689108795666-1536x595.webp 1536w, https:\/\/www.lemoncarboss.com\/wp-content\/uploads\/2023\/07\/lemon_slice-scaled-e1689108795666-2048x794.webp 2048w\" sizes=\"(max-width: 300px) 100vw, 300px\" \/>\t\t\t\t\t\t\t\t\t\t\t\t\t\t\t<\/div>\n\t\t\t\t<\/div>\n\t\t\t\t<div class=\"elementor-element elementor-element-532c8867 elementor-widget elementor-widget-text-editor\" data-id=\"532c8867\" data-element_type=\"widget\" data-e-type=\"widget\" data-widget_type=\"text-editor.default\">\n\t\t\t\t<div class=\"elementor-widget-container\">\n\t\t\t\t\t\t\t\t\t<h3>Proteja sus derechos contra los Tucsons Hyundai Tucson defectuosos<\/h3><p><span style=\"font-weight: 400;\">\u00bfEs usted el propietario de un Hyundai Tucson que experimenta defectos y problemas persistentes? No dejes que un veh\u00edculo defectuoso te amargue tus aventuras por carretera. Estamos aqu\u00ed para guiarle a trav\u00e9s de <\/span><span style=\"font-weight: 400;\">sus derechos contemplados en la Ley del Lim\u00f3n de<\/span> <span style=\"font-weight: 400;\">Hyundai Tucson <\/span><span style=\"font-weight: 400;\">Lemon Law<\/span><span style=\"font-weight: 400;\">, los pasos necesarios, y las v\u00edas de resoluci\u00f3n si usted est\u00e1 tratando con un SUV problem\u00e1tico.<\/span><\/p><h3>Conozca sus derechos ante la Ley del Lim\u00f3n<\/h3><p><span style=\"font-weight: 400;\">El Hyundai Tucson es un SUV vers\u00e1til, conocido por sus caracter\u00edsticas robustas y su tecnolog\u00eda de vanguardia. Pero como cualquier veh\u00edculo avanzado, puede enfrentarse a posibles contratiempos que impidan disfrutar de la conducci\u00f3n. Afortunadamente, la Ley del Lim\u00f3n del Hyundai Tucson est\u00e1 en vigor para proteger a los consumidores de los continuos problemas del veh\u00edculo, asegurando que sus derechos permanezcan intactos.<\/span><\/p><h3>\u00bfQu\u00e9 es la Ley del Lim\u00f3n para Hyundai Tucsons?<\/h3><p><span style=\"font-weight: 400;\">La Ley del Lim\u00f3n del Hyundai Tucson es un marco legal que ofrece a los consumidores soluciones si su SUV presenta defectos cr\u00f3nicos o mal funcionamiento. Esta disposici\u00f3n forma parte de unas normas m\u00e1s amplias de protecci\u00f3n del consumidor que pretenden evitar que los consumidores se queden con veh\u00edculos inseguros o impredecibles.<\/span><\/p><h3>Problemas comunes del Hyundai Tucson<\/h3><p><span style=\"font-weight: 400;\">Mientras que los problemas exactos pueden variar en funci\u00f3n del a\u00f1o del modelo y el uso, varias preocupaciones comunes asociados con Hyundai Tucsons incluyen:<\/span><\/p><ul><li style=\"font-weight: 400;\" aria-level=\"1\"><b>Golpeteo del motor:<\/b><span style=\"font-weight: 400;\">\u00a0Algunos propietarios de Hyundai Tucson han informado de golpes en el motor, lo que puede ser preocupante, ya que puede indicar problemas o da\u00f1os internos en el motor.<\/span><\/li><li style=\"font-weight: 400;\" aria-level=\"1\"><b>Problemas de transmisi\u00f3n:<\/b><span style=\"font-weight: 400;\">\u00a0Los problemas de transmisi\u00f3n en un Hyundai Tucson pueden provocar problemas en el cambio de marchas, afectando al rendimiento y la seguridad del veh\u00edculo.<\/span><\/li><li style=\"font-weight: 400;\" aria-level=\"1\"><b>Fallos del motor y calado:<\/b><span style=\"font-weight: 400;\">\u00a0Los fallos y calados del motor pueden provocar aver\u00edas inesperadas y suponer un riesgo para la seguridad tanto del conductor como de los pasajeros.<\/span><\/li><li style=\"font-weight: 400;\" aria-level=\"1\"><b>Los altavoces no emiten sonido:<\/b><span style=\"font-weight: 400;\">\u00a0Los problemas en el sistema de audio, como la ausencia de sonido en los altavoces, pueden disminuir la experiencia de conducci\u00f3n y las opciones de entretenimiento dentro del veh\u00edculo.<\/span><\/li><li style=\"font-weight: 400;\" aria-level=\"1\"><b>Vacilaci\u00f3n en la aceleraci\u00f3n:<\/b><span style=\"font-weight: 400;\">\u00a0La vacilaci\u00f3n en la aceleraci\u00f3n puede afectar a la capacidad de respuesta del veh\u00edculo y afectar potencialmente a la seguridad durante los adelantamientos o la incorporaci\u00f3n a las autopistas.<\/span><\/li><li style=\"font-weight: 400;\" aria-level=\"1\"><b>Problemas de aire acondicionado:<\/b><span style=\"font-weight: 400;\">\u00a0Los problemas de aire acondicionado pueden causar incomodidad, especialmente en condiciones clim\u00e1ticas extremas, y deben abordarse para la comodidad de los pasajeros.<\/span><\/li><li style=\"font-weight: 400;\" aria-level=\"1\"><b>Las puertas no se abren o desbloquean:<\/b><span style=\"font-weight: 400;\">\u00a0Los problemas con las puertas que no se abren o desbloquean pueden ser un problema de seguridad en situaciones de emergencia y requieren una atenci\u00f3n r\u00e1pida.<\/span><\/li><li style=\"font-weight: 400;\" aria-level=\"1\"><b>La colisi\u00f3n frontal no funciona:<\/b><span style=\"font-weight: 400;\">\u00a0El mal funcionamiento de los sistemas de advertencia de colisi\u00f3n frontal puede comprometer la seguridad del conductor al no proporcionar alertas de colisi\u00f3n esenciales.<\/span><\/li><\/ul><h3>Pasos para iniciar una reclamaci\u00f3n conforme a la Ley del Lim\u00f3n de Hyundai Tucson Lemon Law<\/h3><ul><li style=\"font-weight: 400;\" aria-level=\"1\"><span style=\"font-weight: 400;\">Realizamos un estudio exhaustivo de su situaci\u00f3n<\/span><\/li><li style=\"font-weight: 400;\" aria-level=\"1\"><span style=\"font-weight: 400;\">Reuni<\/span><span style=\"font-weight: 400;\">mos<\/span><span style=\"font-weight: 400;\">r<\/span><span style=\"font-weight: 400;\"> la documentaci\u00f3n y las pruebas esenciales<\/span><\/li><li style=\"font-weight: 400;\" aria-level=\"1\"><span style=\"font-weight: 400;\">Se inicia una reclamaci\u00f3n formal <\/span><span style=\"font-weight: 400;\">contr<\/span><span style=\"font-weight: 400;\">a Hyundai<\/span><\/li><li style=\"font-weight: 400;\" aria-level=\"1\"><span style=\"font-weight: 400;\">Entabla<\/span><span style=\"font-weight: 400;\">mos<\/span><span style=\"font-weight: 400;\">r<\/span><span style=\"font-weight: 400;\"> di\u00e1logos de resoluci\u00f3n con representantes de Hyundai<\/span><\/li><li style=\"font-weight: 400;\" aria-level=\"1\"><span style=\"font-weight: 400;\">Nos aseguramos<\/span> <span style=\"font-weight: 400;\">Aseg\u00farese<\/span><span style=\"font-weight: 400;\"> de <\/span><span style=\"font-weight: 400;\">que<\/span><span style=\"font-weight: 400;\"> obten<\/span><span style=\"font-weight: 400;\">ga<\/span><span style=\"font-weight: 400;\">er<\/span><span style=\"font-weight: 400;\"> una indemnizaci\u00f3n justa para su Hyundai Tucson <\/span><span style=\"font-weight: 400;\">Lemon Law situaci\u00f3n<\/span><\/li><\/ul><h3>H\u00e1gase con el conocimiento de la Ley del Lim\u00f3n<\/h3><p><span style=\"font-weight: 400;\">Ser propietario de un Hyundai Tucson deber\u00eda ser sin\u00f3nimo de fiabilidad y tranquilidad. Cuando los problemas rompen esta armon\u00eda, es crucial armarse con los conocimientos de la Ley del Lim\u00f3n. Si se mantiene informado, estar\u00e1 en mejores condiciones de hacer valer sus derechos y obtener un resultado justo para sus reclamaciones relacionadas con Tucson.<\/span><\/p><h3>P\u00f3ngase en contacto con nosotros hoy acerca de su reclamo bajo la Ley del Lim\u00f3n de Hyundai Tucson Lemon Law Claim<\/h3><p><span style=\"font-weight: 400;\">No tolere los problemas persistentes del Hyundai Tucson. Consulte hoy mismo a nuestro experto equipo jur\u00eddico para hablar de sus derechos en virtud de la Ley del Lim\u00f3n e inicie el camino hacia la obtenci\u00f3n de la justicia y la indemnizaci\u00f3n que se merece.<\/span><\/p>\t\t\t\t\t\t\t\t<\/div>\n\t\t\t\t<\/div>\n\t\t\t\t<\/div>\n\t\t\t\t\t<\/div>\n\t\t\t\t<\/div>\n\t\t\t\t<\/div>\n\t\t","protected":false},"excerpt":{"rendered":"<p>Hyundai Tucson Ley Lim\u00f3n Hyundai Tucson Proteja sus derechos contra los Tucsons Hyundai Tucson defectuosos \u00bfEs usted el propietario de un Hyundai Tucson que experimenta defectos y problemas persistentes? No dejes que un veh\u00edculo defectuoso te amargue tus aventuras por carretera. Estamos aqu\u00ed para guiarle a trav\u00e9s de sus derechos contemplados en la Ley del [&hellip;]<\/p>\n","protected":false},"author":2,"featured_media":0,"parent":2683,"menu_order":0,"comment_status":"closed","ping_status":"closed","template":"","meta":{"footnotes":""},"class_list":["post-2713","page","type-page","status-publish","hentry"],"yoast_head":"<!-- This site is optimized with the Yoast SEO plugin v27.2 - https:\/\/yoast.com\/product\/yoast-seo-wordpress\/ -->\n<title>Hyundai Tucson Lemon Law - Lemon Car Boss.<\/title>\n<meta name=\"description\" content=\"Abogados de Ley del Lim\u00f3n para Hyundai Tucson. Si su veh\u00edculo tiene fallas persistentes, le ayudamos a reclamar compensaci\u00f3n. Cont\u00e1ctenos.\" \/>\n<meta name=\"robots\" content=\"index, follow, max-snippet:-1, max-image-preview:large, max-video-preview:-1\" \/>\n<link rel=\"canonical\" href=\"https:\/\/www.lemoncarboss.com\/es\/fabricantes\/hyundai\/tucson\/\" \/>\n<meta property=\"og:locale\" content=\"es_ES\" \/>\n<meta property=\"og:type\" content=\"article\" \/>\n<meta property=\"og:title\" content=\"Hyundai Tucson Lemon Law - Lemon Car Boss.\" \/>\n<meta property=\"og:description\" content=\"Abogados de Ley del Lim\u00f3n para Hyundai Tucson. Si su veh\u00edculo tiene fallas persistentes, le ayudamos a reclamar compensaci\u00f3n. Cont\u00e1ctenos.\" \/>\n<meta property=\"og:url\" content=\"https:\/\/www.lemoncarboss.com\/es\/fabricantes\/hyundai\/tucson\/\" \/>\n<meta property=\"og:site_name\" content=\"Lemon Car Boss\" \/>\n<meta property=\"article:publisher\" content=\"https:\/\/www.facebook.com\/Lemoncarboss\" \/>\n<meta property=\"article:modified_time\" content=\"2025-12-17T21:50:33+00:00\" \/>\n<meta property=\"og:image\" content=\"https:\/\/www.lemoncarboss.com\/wp-content\/uploads\/2023\/07\/lemon_slice-scaled-e1689108795666-300x116.webp\" \/>\n<meta name=\"twitter:card\" content=\"summary_large_image\" \/>\n<meta name=\"twitter:label1\" content=\"Tiempo de lectura\" \/>\n\t<meta name=\"twitter:data1\" content=\"4 minutos\" \/>\n<script type=\"application\/ld+json\" class=\"yoast-schema-graph\">{\"@context\":\"https:\/\/schema.org\",\"@graph\":[{\"@type\":\"WebPage\",\"@id\":\"https:\/\/www.lemoncarboss.com\/es\/fabricantes\/hyundai\/tucson\/\",\"url\":\"https:\/\/www.lemoncarboss.com\/es\/fabricantes\/hyundai\/tucson\/\",\"name\":\"Hyundai Tucson Lemon Law - Lemon Car Boss.\",\"isPartOf\":{\"@id\":\"https:\/\/www.lemoncarboss.com\/#website\"},\"primaryImageOfPage\":{\"@id\":\"https:\/\/www.lemoncarboss.com\/es\/fabricantes\/hyundai\/tucson\/#primaryimage\"},\"image\":{\"@id\":\"https:\/\/www.lemoncarboss.com\/es\/fabricantes\/hyundai\/tucson\/#primaryimage\"},\"thumbnailUrl\":\"https:\/\/www.lemoncarboss.com\/wp-content\/uploads\/2023\/07\/lemon_slice-scaled-e1689108795666-300x116.webp\",\"datePublished\":\"2023-09-13T20:45:14+00:00\",\"dateModified\":\"2025-12-17T21:50:33+00:00\",\"description\":\"Abogados de Ley del Lim\u00f3n para Hyundai Tucson. Si su veh\u00edculo tiene fallas persistentes, le ayudamos a reclamar compensaci\u00f3n. Cont\u00e1ctenos.\",\"breadcrumb\":{\"@id\":\"https:\/\/www.lemoncarboss.com\/es\/fabricantes\/hyundai\/tucson\/#breadcrumb\"},\"inLanguage\":\"es\",\"potentialAction\":[{\"@type\":\"ReadAction\",\"target\":[\"https:\/\/www.lemoncarboss.com\/es\/fabricantes\/hyundai\/tucson\/\"]}]},{\"@type\":\"ImageObject\",\"inLanguage\":\"es\",\"@id\":\"https:\/\/www.lemoncarboss.com\/es\/fabricantes\/hyundai\/tucson\/#primaryimage\",\"url\":\"https:\/\/www.lemoncarboss.com\/wp-content\/uploads\/2023\/07\/lemon_slice-scaled-e1689108795666-300x116.webp\",\"contentUrl\":\"https:\/\/www.lemoncarboss.com\/wp-content\/uploads\/2023\/07\/lemon_slice-scaled-e1689108795666-300x116.webp\"},{\"@type\":\"BreadcrumbList\",\"@id\":\"https:\/\/www.lemoncarboss.com\/es\/fabricantes\/hyundai\/tucson\/#breadcrumb\",\"itemListElement\":[{\"@type\":\"ListItem\",\"position\":1,\"name\":\"Home\",\"item\":\"https:\/\/www.lemoncarboss.com\/es\/\"},{\"@type\":\"ListItem\",\"position\":2,\"name\":\"Fabricantes\",\"item\":\"https:\/\/www.lemoncarboss.com\/es\/fabricantes\/\"},{\"@type\":\"ListItem\",\"position\":3,\"name\":\"Hyundai\",\"item\":\"https:\/\/www.lemoncarboss.com\/es\/fabricantes\/hyundai\/\"},{\"@type\":\"ListItem\",\"position\":4,\"name\":\"Tucson\"}]},{\"@type\":\"WebSite\",\"@id\":\"https:\/\/www.lemoncarboss.com\/#website\",\"url\":\"https:\/\/www.lemoncarboss.com\/\",\"name\":\"Lemon Car Boss\",\"description\":\"\",\"publisher\":{\"@id\":\"https:\/\/www.lemoncarboss.com\/#organization\"},\"alternateName\":\"Lemon Law\",\"potentialAction\":[{\"@type\":\"SearchAction\",\"target\":{\"@type\":\"EntryPoint\",\"urlTemplate\":\"https:\/\/www.lemoncarboss.com\/?s={search_term_string}\"},\"query-input\":{\"@type\":\"PropertyValueSpecification\",\"valueRequired\":true,\"valueName\":\"search_term_string\"}}],\"inLanguage\":\"es\"},{\"@type\":\"Organization\",\"@id\":\"https:\/\/www.lemoncarboss.com\/#organization\",\"name\":\"Lemon Car Boss\",\"alternateName\":\"Lemon Law\",\"url\":\"https:\/\/www.lemoncarboss.com\/\",\"logo\":{\"@type\":\"ImageObject\",\"inLanguage\":\"es\",\"@id\":\"https:\/\/www.lemoncarboss.com\/#\/schema\/logo\/image\/\",\"url\":\"https:\/\/www.lemoncarboss.com\/wp-content\/uploads\/2023\/07\/Logo-HI-RES.png\",\"contentUrl\":\"https:\/\/www.lemoncarboss.com\/wp-content\/uploads\/2023\/07\/Logo-HI-RES.png\",\"width\":1682,\"height\":547,\"caption\":\"Lemon Car Boss\"},\"image\":{\"@id\":\"https:\/\/www.lemoncarboss.com\/#\/schema\/logo\/image\/\"},\"sameAs\":[\"https:\/\/www.facebook.com\/Lemoncarboss\",\"https:\/\/www.instagram.com\/lemon_car_boss\/\",\"https:\/\/www.tiktok.com\/@lemoncarboss\",\"https:\/\/www.youtube.com\/@LEMONCARBOSS\"]}]}<\/script>\n<!-- \/ Yoast SEO plugin. -->","yoast_head_json":{"title":"Hyundai Tucson Lemon Law - Lemon Car Boss.","description":"Abogados de Ley del Lim\u00f3n para Hyundai Tucson. Si su veh\u00edculo tiene fallas persistentes, le ayudamos a reclamar compensaci\u00f3n. Cont\u00e1ctenos.","robots":{"index":"index","follow":"follow","max-snippet":"max-snippet:-1","max-image-preview":"max-image-preview:large","max-video-preview":"max-video-preview:-1"},"canonical":"https:\/\/www.lemoncarboss.com\/es\/fabricantes\/hyundai\/tucson\/","og_locale":"es_ES","og_type":"article","og_title":"Hyundai Tucson Lemon Law - Lemon Car Boss.","og_description":"Abogados de Ley del Lim\u00f3n para Hyundai Tucson. Si su veh\u00edculo tiene fallas persistentes, le ayudamos a reclamar compensaci\u00f3n. Cont\u00e1ctenos.","og_url":"https:\/\/www.lemoncarboss.com\/es\/fabricantes\/hyundai\/tucson\/","og_site_name":"Lemon Car Boss","article_publisher":"https:\/\/www.facebook.com\/Lemoncarboss","article_modified_time":"2025-12-17T21:50:33+00:00","og_image":[{"url":"https:\/\/www.lemoncarboss.com\/wp-content\/uploads\/2023\/07\/lemon_slice-scaled-e1689108795666-300x116.webp","type":"","width":"","height":""}],"twitter_card":"summary_large_image","twitter_misc":{"Tiempo de lectura":"4 minutos"},"schema":{"@context":"https:\/\/schema.org","@graph":[{"@type":"WebPage","@id":"https:\/\/www.lemoncarboss.com\/es\/fabricantes\/hyundai\/tucson\/","url":"https:\/\/www.lemoncarboss.com\/es\/fabricantes\/hyundai\/tucson\/","name":"Hyundai Tucson Lemon Law - Lemon Car Boss.","isPartOf":{"@id":"https:\/\/www.lemoncarboss.com\/#website"},"primaryImageOfPage":{"@id":"https:\/\/www.lemoncarboss.com\/es\/fabricantes\/hyundai\/tucson\/#primaryimage"},"image":{"@id":"https:\/\/www.lemoncarboss.com\/es\/fabricantes\/hyundai\/tucson\/#primaryimage"},"thumbnailUrl":"https:\/\/www.lemoncarboss.com\/wp-content\/uploads\/2023\/07\/lemon_slice-scaled-e1689108795666-300x116.webp","datePublished":"2023-09-13T20:45:14+00:00","dateModified":"2025-12-17T21:50:33+00:00","description":"Abogados de Ley del Lim\u00f3n para Hyundai Tucson. Si su veh\u00edculo tiene fallas persistentes, le ayudamos a reclamar compensaci\u00f3n. Cont\u00e1ctenos.","breadcrumb":{"@id":"https:\/\/www.lemoncarboss.com\/es\/fabricantes\/hyundai\/tucson\/#breadcrumb"},"inLanguage":"es","potentialAction":[{"@type":"ReadAction","target":["https:\/\/www.lemoncarboss.com\/es\/fabricantes\/hyundai\/tucson\/"]}]},{"@type":"ImageObject","inLanguage":"es","@id":"https:\/\/www.lemoncarboss.com\/es\/fabricantes\/hyundai\/tucson\/#primaryimage","url":"https:\/\/www.lemoncarboss.com\/wp-content\/uploads\/2023\/07\/lemon_slice-scaled-e1689108795666-300x116.webp","contentUrl":"https:\/\/www.lemoncarboss.com\/wp-content\/uploads\/2023\/07\/lemon_slice-scaled-e1689108795666-300x116.webp"},{"@type":"BreadcrumbList","@id":"https:\/\/www.lemoncarboss.com\/es\/fabricantes\/hyundai\/tucson\/#breadcrumb","itemListElement":[{"@type":"ListItem","position":1,"name":"Home","item":"https:\/\/www.lemoncarboss.com\/es\/"},{"@type":"ListItem","position":2,"name":"Fabricantes","item":"https:\/\/www.lemoncarboss.com\/es\/fabricantes\/"},{"@type":"ListItem","position":3,"name":"Hyundai","item":"https:\/\/www.lemoncarboss.com\/es\/fabricantes\/hyundai\/"},{"@type":"ListItem","position":4,"name":"Tucson"}]},{"@type":"WebSite","@id":"https:\/\/www.lemoncarboss.com\/#website","url":"https:\/\/www.lemoncarboss.com\/","name":"Lemon Car Boss","description":"","publisher":{"@id":"https:\/\/www.lemoncarboss.com\/#organization"},"alternateName":"Lemon Law","potentialAction":[{"@type":"SearchAction","target":{"@type":"EntryPoint","urlTemplate":"https:\/\/www.lemoncarboss.com\/?s={search_term_string}"},"query-input":{"@type":"PropertyValueSpecification","valueRequired":true,"valueName":"search_term_string"}}],"inLanguage":"es"},{"@type":"Organization","@id":"https:\/\/www.lemoncarboss.com\/#organization","name":"Lemon Car Boss","alternateName":"Lemon Law","url":"https:\/\/www.lemoncarboss.com\/","logo":{"@type":"ImageObject","inLanguage":"es","@id":"https:\/\/www.lemoncarboss.com\/#\/schema\/logo\/image\/","url":"https:\/\/www.lemoncarboss.com\/wp-content\/uploads\/2023\/07\/Logo-HI-RES.png","contentUrl":"https:\/\/www.lemoncarboss.com\/wp-content\/uploads\/2023\/07\/Logo-HI-RES.png","width":1682,"height":547,"caption":"Lemon Car Boss"},"image":{"@id":"https:\/\/www.lemoncarboss.com\/#\/schema\/logo\/image\/"},"sameAs":["https:\/\/www.facebook.com\/Lemoncarboss","https:\/\/www.instagram.com\/lemon_car_boss\/","https:\/\/www.tiktok.com\/@lemoncarboss","https:\/\/www.youtube.com\/@LEMONCARBOSS"]}]}},"_links":{"self":[{"href":"https:\/\/www.lemoncarboss.com\/es\/wp-json\/wp\/v2\/pages\/2713","targetHints":{"allow":["GET"]}}],"collection":[{"href":"https:\/\/www.lemoncarboss.com\/es\/wp-json\/wp\/v2\/pages"}],"about":[{"href":"https:\/\/www.lemoncarboss.com\/es\/wp-json\/wp\/v2\/types\/page"}],"author":[{"embeddable":true,"href":"https:\/\/www.lemoncarboss.com\/es\/wp-json\/wp\/v2\/users\/2"}],"replies":[{"embeddable":true,"href":"https:\/\/www.lemoncarboss.com\/es\/wp-json\/wp\/v2\/comments?post=2713"}],"version-history":[{"count":10,"href":"https:\/\/www.lemoncarboss.com\/es\/wp-json\/wp\/v2\/pages\/2713\/revisions"}],"predecessor-version":[{"id":4925,"href":"https:\/\/www.lemoncarboss.com\/es\/wp-json\/wp\/v2\/pages\/2713\/revisions\/4925"}],"up":[{"embeddable":true,"href":"https:\/\/www.lemoncarboss.com\/es\/wp-json\/wp\/v2\/pages\/2683"}],"wp:attachment":[{"href":"https:\/\/www.lemoncarboss.com\/es\/wp-json\/wp\/v2\/media?parent=2713"}],"curies":[{"name":"wp","href":"https:\/\/api.w.org\/{rel}","templated":true}]}}