{"id":2721,"date":"2023-09-15T09:32:47","date_gmt":"2023-09-15T16:32:47","guid":{"rendered":"https:\/\/www.lemoncarboss.com\/fabricantes\/coachmen\/"},"modified":"2025-12-17T13:44:07","modified_gmt":"2025-12-17T21:44:07","slug":"coachmen","status":"publish","type":"page","link":"https:\/\/www.lemoncarboss.com\/es\/fabricantes\/coachmen\/","title":{"rendered":"Coachmen"},"content":{"rendered":"\t\t<div data-elementor-type=\"wp-page\" data-elementor-id=\"2721\" class=\"elementor elementor-2721 elementor-2068\" data-elementor-post-type=\"page\">\n\t\t\t\t<div class=\"elementor-element elementor-element-44f73924 e-flex e-con-boxed e-con e-parent\" data-id=\"44f73924\" data-element_type=\"container\" data-e-type=\"container\" data-settings=\"{&quot;background_background&quot;:&quot;classic&quot;}\">\n\t\t\t\t\t<div class=\"e-con-inner\">\n\t\t\t\t<div class=\"elementor-element elementor-element-273427ee elementor-widget__width-initial elementor-widget elementor-widget-text-editor\" data-id=\"273427ee\" data-element_type=\"widget\" data-e-type=\"widget\" data-widget_type=\"text-editor.default\">\n\t\t\t\t<div class=\"elementor-widget-container\">\n\t\t\t\t\t\t\t\t\t<h1> COCHEROS <\/h1>\t\t\t\t\t\t\t\t<\/div>\n\t\t\t\t<\/div>\n\t\t\t\t\t<\/div>\n\t\t\t\t<\/div>\n\t\t<div class=\"elementor-element elementor-element-b92f206 e-flex e-con-boxed e-con e-parent\" data-id=\"b92f206\" data-element_type=\"container\" data-e-type=\"container\" data-settings=\"{&quot;background_background&quot;:&quot;classic&quot;}\">\n\t\t\t\t\t<div class=\"e-con-inner\">\n\t\t<div class=\"elementor-element elementor-element-6fb514fb e-con-full e-flex e-con e-child\" data-id=\"6fb514fb\" data-element_type=\"container\" data-e-type=\"container\">\n\t\t\t\t<div class=\"elementor-element elementor-element-65478628 elementor-widget elementor-widget-text-editor\" data-id=\"65478628\" data-element_type=\"widget\" data-e-type=\"widget\" data-widget_type=\"text-editor.default\">\n\t\t\t\t<div class=\"elementor-widget-container\">\n\t\t\t\t\t\t\t\t\t<h2>Ley del Lim\u00f3n de los Cocheros<\/h2>\t\t\t\t\t\t\t\t<\/div>\n\t\t\t\t<\/div>\n\t\t\t\t<div class=\"elementor-element elementor-element-a201896 elementor-widget elementor-widget-image\" data-id=\"a201896\" data-element_type=\"widget\" data-e-type=\"widget\" data-widget_type=\"image.default\">\n\t\t\t\t<div class=\"elementor-widget-container\">\n\t\t\t\t\t\t\t\t\t\t\t\t\t\t\t<img decoding=\"async\" width=\"300\" height=\"116\" src=\"https:\/\/www.lemoncarboss.com\/wp-content\/uploads\/2023\/07\/lemon_slice-scaled-e1689108795666-300x116.webp\" class=\"attachment-medium size-medium wp-image-2626\" alt=\"\" srcset=\"https:\/\/www.lemoncarboss.com\/wp-content\/uploads\/2023\/07\/lemon_slice-scaled-e1689108795666-300x116.webp 300w, https:\/\/www.lemoncarboss.com\/wp-content\/uploads\/2023\/07\/lemon_slice-scaled-e1689108795666-1024x397.webp 1024w, https:\/\/www.lemoncarboss.com\/wp-content\/uploads\/2023\/07\/lemon_slice-scaled-e1689108795666-768x298.webp 768w, https:\/\/www.lemoncarboss.com\/wp-content\/uploads\/2023\/07\/lemon_slice-scaled-e1689108795666-1536x595.webp 1536w, https:\/\/www.lemoncarboss.com\/wp-content\/uploads\/2023\/07\/lemon_slice-scaled-e1689108795666-2048x794.webp 2048w\" sizes=\"(max-width: 300px) 100vw, 300px\" \/>\t\t\t\t\t\t\t\t\t\t\t\t\t\t\t<\/div>\n\t\t\t\t<\/div>\n\t\t\t\t<div class=\"elementor-element elementor-element-532c8867 elementor-widget elementor-widget-text-editor\" data-id=\"532c8867\" data-element_type=\"widget\" data-e-type=\"widget\" data-widget_type=\"text-editor.default\">\n\t\t\t\t<div class=\"elementor-widget-container\">\n\t\t\t\t\t\t\t\t\t<h3><span style=\"font-weight: 400;\">Proteja sus derechos frente a los veh\u00edculos recreativos y autocaravanas Coachmen defectuosos<\/span><\/h3><p><span style=\"font-weight: 400;\">\u00bfEs usted el propietario de un veh\u00edculo recreativo o autocaravana Coachmen que ha estado plagado de constantes problemas y defectos? No deje que el mal funcionamiento de su veh\u00edculo empa\u00f1e su experiencia de viaje. El chasis de su veh\u00edculo recreativo est\u00e1 sujeto a la Ley del Lim\u00f3n al igual que los coches y camiones. Perm\u00edtanos proporcionarle informaci\u00f3n valiosa sobre sus derechos en virtud de la Ley del Lim\u00f3n de Coachmen, las medidas necesarias que debe tomar y las v\u00edas de resoluci\u00f3n disponibles si se encuentra con un veh\u00edculo recreativo problem\u00e1tico.<\/span><\/p><h3><span style=\"font-weight: 400;\">Comprender la Ley del Lim\u00f3n de Coachmen<\/span><\/h3><p><span style=\"font-weight: 400;\">La Ley del Lim\u00f3n de Coachmen est\u00e1 dise\u00f1ada para proteger a los compradores y arrendatarios de veh\u00edculos recreativos nuevos que constantemente presentan problemas que comprometen su seguridad, valor o funcionalidad. Si tu autocaravana Coachmen cumple los criterios establecidos en la ley, puedes optar a una sustituci\u00f3n, reembolso o reparaci\u00f3n financiada por el fabricante.<\/span><\/p><h3><span style=\"font-weight: 400;\">Problemas comunes de Coachmen RV<\/span><\/h3><ul><li style=\"font-weight: 400;\" aria-level=\"1\"><span style=\"font-weight: 400;\">Problemas de fontaner\u00eda (por ejemplo, fugas)<\/span><\/li><li style=\"font-weight: 400;\" aria-level=\"1\"><span style=\"font-weight: 400;\">Fallos del sistema el\u00e9ctrico<\/span><\/li><li style=\"font-weight: 400;\" aria-level=\"1\"><span style=\"font-weight: 400;\">Mal funcionamiento del aparato<\/span><\/li><li style=\"font-weight: 400;\" aria-level=\"1\"><span style=\"font-weight: 400;\">Defectos estructurales<\/span><\/li><li style=\"font-weight: 400;\" aria-level=\"1\"><span style=\"font-weight: 400;\">Goteras en el tejado<\/span><\/li><li style=\"font-weight: 400;\" aria-level=\"1\"><span style=\"font-weight: 400;\">Problemas de chasis<\/span><\/li><li style=\"font-weight: 400;\" aria-level=\"1\"><span style=\"font-weight: 400;\">Aver\u00edas del sistema HVAC<\/span><\/li><li style=\"font-weight: 400;\" aria-level=\"1\"><span style=\"font-weight: 400;\">Da\u00f1os por agua<\/span><\/li><li style=\"font-weight: 400;\" aria-level=\"1\"><span style=\"font-weight: 400;\">Problemas de deslizamiento<\/span><\/li><li style=\"font-weight: 400;\" aria-level=\"1\"><span style=\"font-weight: 400;\">Reventones de neum\u00e1ticos<\/span><\/li><li style=\"font-weight: 400;\" aria-level=\"1\"><span style=\"font-weight: 400;\">Aver\u00edas del generador<\/span><\/li><li style=\"font-weight: 400;\" aria-level=\"1\"><span style=\"font-weight: 400;\">Problemas de suspensi\u00f3n<\/span><\/li><\/ul><h3><span style=\"font-weight: 400;\">Modelos populares de autocaravanas y veh\u00edculos recreativos Coachmen con boletines de servicio t\u00e9cnico (TSB) y llamadas a revisi\u00f3n.<\/span><\/h3><ul><li style=\"font-weight: 400;\" aria-level=\"1\"><span style=\"font-weight: 400;\">Coachmen Freelander<\/span><\/li><li style=\"font-weight: 400;\" aria-level=\"1\"><span style=\"font-weight: 400;\">Coachmen Leprechaun<\/span><\/li><li style=\"font-weight: 400;\" aria-level=\"1\"><span style=\"font-weight: 400;\">Coachmen Mirada<\/span><\/li><li style=\"font-weight: 400;\" aria-level=\"1\"><span style=\"font-weight: 400;\">Coachmen Pursuit<\/span><\/li><li style=\"font-weight: 400;\" aria-level=\"1\"><span style=\"font-weight: 400;\">Coachmen Sportscoach<\/span><\/li><li style=\"font-weight: 400;\" aria-level=\"1\"><span style=\"font-weight: 400;\">Coachmen Galleria<\/span><\/li><li style=\"font-weight: 400;\" aria-level=\"1\"><span style=\"font-weight: 400;\">M\u00e1s all\u00e1 de<\/span><span style=\"font-weight: 400;\"> Coachmen <\/span><span style=\"font-weight: 400;\">Beyond<\/span><\/li><li style=\"font-weight: 400;\" aria-level=\"1\"><span style=\"font-weight: 400;\">Coachmen Chaparral<\/span><\/li><li style=\"font-weight: 400;\" aria-level=\"1\"><span style=\"font-weight: 400;\">Coachmen Apex<\/span><\/li><li style=\"font-weight: 400;\" aria-level=\"1\"><span style=\"font-weight: 400;\">Coachmen Catalina<\/span><\/li><\/ul><h3><span style=\"font-weight: 400;\">Elegibilidad <\/span><span style=\"font-weight: 400;\">de la Ley de Lim\u00f3n de<\/span><span style=\"font-weight: 400;\"> Coachmen <\/span><span style=\"font-weight: 400;\">Lemon Law<\/span><\/h3><p><span style=\"font-weight: 400;\">Para calificar para una recompra bajo la Ley del Lim\u00f3n <\/span><span style=\"font-weight: 400;\">de<\/span><span style=\"font-weight: 400;\"> Coachmen, generalmente se requieren criterios espec\u00edficos que deben cumplirse:<\/span><\/p><p><b>Problemas persistentes:<\/b><span style=\"font-weight: 400;\">\u00a0El veh\u00edculo recreativo debe tener un defecto o mal funcionamiento significativo que persista incluso despu\u00e9s de m\u00faltiples intentos de reparaci\u00f3n.<\/span><\/p><p><b>Impacto en la seguridad, el valor o la funcionalidad:<\/b><span style=\"font-weight: 400;\">\u00a0El defecto debe afectar significativamente a la seguridad, el valor o la funcionalidad del veh\u00edculo recreativo, incluidos componentes esenciales como el chasis, la fontaner\u00eda o los sistemas el\u00e9ctricos, entre otros.<\/span><\/p><p><b>En garant\u00eda:<\/b><span style=\"font-weight: 400;\">\u00a0Estos defectos deben manifestarse dentro del tiempo cubierto por la garant\u00eda del veh\u00edculo o dentro de un plazo designado, a menudo denominado \u00abperiodo de elegibilidad.\u00bb<\/span><\/p><p><b>Esfuerzos de reparaci\u00f3n:<\/b><span style=\"font-weight: 400;\">\u00a0Seg\u00fan la Ley del Lim\u00f3n de cada estado, el fabricante o el concesionario deber\u00edan haber realizado un n\u00famero razonable de intentos para rectificar el defecto. Si no lo hacen, su veh\u00edculo recreativo Coachmen puede optar a la recompra.<\/span><\/p><p><b>Tiempo de inactividad:<\/b><span style=\"font-weight: 400;\">\u00a0Algunos estados pueden exigir que el veh\u00edculo no est\u00e9 operativo durante un determinado n\u00famero de d\u00edas debido a reparaciones. Superar este l\u00edmite podr\u00eda hacer que su veh\u00edculo recreativo Coachmen fuera elegible para una recompra.<\/span><\/p><p><b>Resoluci\u00f3n de conflictos:<\/b><span style=\"font-weight: 400;\">\u00a0Si el defecto sigue sin resolverse a pesar de los esfuerzos del fabricante o el concesionario, los consumidores pueden tener que someterse a arbitraje o emprender acciones legales para encontrar una soluci\u00f3n.<\/span><\/p><p><b>Las<\/b><span style=\"font-weight: 400;\">\u00a0<\/span><b>leyes estatales var\u00edan:<\/b><span style=\"font-weight: 400;\">\u00a0Es importante tener en cuenta que las Leyes Lim\u00f3n pueden diferir de un estado a otro. Por lo tanto, es crucial conocer las normas y requisitos espec\u00edficos de su estado. Algunos estados pueden tener criterios m\u00e1s estrictos, mientras que otros pueden ser m\u00e1s indulgentes.<\/span><\/p><h3><span style=\"font-weight: 400;\">El proceso para presentar una reclamaci\u00f3n de la Ley del Lim\u00f3n Coachmen<\/span><\/h3><ul><li style=\"font-weight: 400;\" aria-level=\"1\"><span style=\"font-weight: 400;\">Evaluamos su caso<\/span><\/li><li style=\"font-weight: 400;\" aria-level=\"1\"><span style=\"font-weight: 400;\">Reunir la documentaci\u00f3n necesaria<\/span><\/li><li style=\"font-weight: 400;\" aria-level=\"1\"><span style=\"font-weight: 400;\">Abrir una reclamaci\u00f3n con Coachmen<\/span><\/li><li style=\"font-weight: 400;\" aria-level=\"1\"><span style=\"font-weight: 400;\">Resolver la reclamaci\u00f3n con Coachmen<\/span><\/li><li style=\"font-weight: 400;\" aria-level=\"1\"><span style=\"font-weight: 400;\">Reciba una indemnizaci\u00f3n por su Lim\u00f3n Coachmen<\/span><\/li><\/ul><h3><span style=\"font-weight: 400;\">\u00bfPor qu\u00e9 elegirnos para su caso Coachmen Lemon Law?<\/span><\/h3><p><span style=\"font-weight: 400;\">Nuestro experimentado equipo legal se especializa en el manejo de casos relacionados con veh\u00edculos recreativos defectuosos, incluyendo todos los modelos Coachmen. Nos dedicamos a defender a los consumidores y tenemos un historial probado de obtener la indemnizaci\u00f3n que merecen.<\/span><\/p><h3><span style=\"font-weight: 400;\">P\u00f3ngase en contacto con nosotros hoy para una consulta gratuita sobre su Coachmen<\/span><\/h3><p><span style=\"font-weight: 400;\">No deje que una caravana defectuosa arruine su experiencia de viaje. P\u00f3ngase en contacto con nosotros para una consulta gratuita para discutir su situaci\u00f3n y entender sus derechos bajo la Ley del Lim\u00f3n Coachmen. Nuestro comprometido equipo est\u00e1 preparado para sortear las complejidades y defender sus derechos como consumidor.<\/span><\/p><p><span style=\"font-weight: 400;\">Tenga en cuenta que la informaci\u00f3n aqu\u00ed facilitada es de car\u00e1cter general y no debe considerarse asesoramiento jur\u00eddico. Para conocer los detalles espec\u00edficos de sus circunstancias particulares, se recomienda consultar con un abogado colegiado.<\/span><\/p>\t\t\t\t\t\t\t\t<\/div>\n\t\t\t\t<\/div>\n\t\t\t\t<\/div>\n\t\t\t\t\t<\/div>\n\t\t\t\t<\/div>\n\t\t\t\t<\/div>\n\t\t","protected":false},"excerpt":{"rendered":"<p>COCHEROS Ley del Lim\u00f3n de los Cocheros Proteja sus derechos frente a los veh\u00edculos recreativos y autocaravanas Coachmen defectuosos \u00bfEs usted el propietario de un veh\u00edculo recreativo o autocaravana Coachmen que ha estado plagado de constantes problemas y defectos? No deje que el mal funcionamiento de su veh\u00edculo empa\u00f1e su experiencia de viaje. El chasis [&hellip;]<\/p>\n","protected":false},"author":2,"featured_media":0,"parent":2664,"menu_order":0,"comment_status":"closed","ping_status":"closed","template":"","meta":{"footnotes":""},"class_list":["post-2721","page","type-page","status-publish","hentry"],"yoast_head":"<!-- This site is optimized with the Yoast SEO plugin v27.2 - https:\/\/yoast.com\/product\/yoast-seo-wordpress\/ -->\n<title>Ley del Lim\u00f3n de Coachmen - Lemon Car Boss<\/title>\n<meta name=\"description\" content=\"Conozca sus derechos de la Ley del Lim\u00f3n de Coachmen. Nuestro equipo legal maneja casos Coachmen para ayudarle a obtener compensaci\u00f3n.\" \/>\n<meta name=\"robots\" content=\"index, follow, max-snippet:-1, max-image-preview:large, max-video-preview:-1\" \/>\n<link rel=\"canonical\" href=\"https:\/\/www.lemoncarboss.com\/es\/fabricantes\/coachmen\/\" \/>\n<meta property=\"og:locale\" content=\"es_ES\" \/>\n<meta property=\"og:type\" content=\"article\" \/>\n<meta property=\"og:title\" content=\"Ley del Lim\u00f3n de Coachmen - Lemon Car Boss\" \/>\n<meta property=\"og:description\" content=\"Conozca sus derechos de la Ley del Lim\u00f3n de Coachmen. Nuestro equipo legal maneja casos Coachmen para ayudarle a obtener compensaci\u00f3n.\" \/>\n<meta property=\"og:url\" content=\"https:\/\/www.lemoncarboss.com\/es\/fabricantes\/coachmen\/\" \/>\n<meta property=\"og:site_name\" content=\"Lemon Car Boss\" \/>\n<meta property=\"article:publisher\" content=\"https:\/\/www.facebook.com\/Lemoncarboss\" \/>\n<meta property=\"article:modified_time\" content=\"2025-12-17T21:44:07+00:00\" \/>\n<meta property=\"og:image\" content=\"https:\/\/www.lemoncarboss.com\/wp-content\/uploads\/2023\/07\/lemon_slice-scaled-e1689108795666-300x116.webp\" \/>\n<meta name=\"twitter:card\" content=\"summary_large_image\" \/>\n<meta name=\"twitter:label1\" content=\"Tiempo de lectura\" \/>\n\t<meta name=\"twitter:data1\" content=\"4 minutos\" \/>\n<script type=\"application\/ld+json\" class=\"yoast-schema-graph\">{\"@context\":\"https:\/\/schema.org\",\"@graph\":[{\"@type\":\"WebPage\",\"@id\":\"https:\/\/www.lemoncarboss.com\/es\/fabricantes\/coachmen\/\",\"url\":\"https:\/\/www.lemoncarboss.com\/es\/fabricantes\/coachmen\/\",\"name\":\"Ley del Lim\u00f3n de Coachmen - Lemon Car Boss\",\"isPartOf\":{\"@id\":\"https:\/\/www.lemoncarboss.com\/#website\"},\"primaryImageOfPage\":{\"@id\":\"https:\/\/www.lemoncarboss.com\/es\/fabricantes\/coachmen\/#primaryimage\"},\"image\":{\"@id\":\"https:\/\/www.lemoncarboss.com\/es\/fabricantes\/coachmen\/#primaryimage\"},\"thumbnailUrl\":\"https:\/\/www.lemoncarboss.com\/wp-content\/uploads\/2023\/07\/lemon_slice-scaled-e1689108795666-300x116.webp\",\"datePublished\":\"2023-09-15T16:32:47+00:00\",\"dateModified\":\"2025-12-17T21:44:07+00:00\",\"description\":\"Conozca sus derechos de la Ley del Lim\u00f3n de Coachmen. Nuestro equipo legal maneja casos Coachmen para ayudarle a obtener compensaci\u00f3n.\",\"breadcrumb\":{\"@id\":\"https:\/\/www.lemoncarboss.com\/es\/fabricantes\/coachmen\/#breadcrumb\"},\"inLanguage\":\"es\",\"potentialAction\":[{\"@type\":\"ReadAction\",\"target\":[\"https:\/\/www.lemoncarboss.com\/es\/fabricantes\/coachmen\/\"]}]},{\"@type\":\"ImageObject\",\"inLanguage\":\"es\",\"@id\":\"https:\/\/www.lemoncarboss.com\/es\/fabricantes\/coachmen\/#primaryimage\",\"url\":\"https:\/\/www.lemoncarboss.com\/wp-content\/uploads\/2023\/07\/lemon_slice-scaled-e1689108795666-300x116.webp\",\"contentUrl\":\"https:\/\/www.lemoncarboss.com\/wp-content\/uploads\/2023\/07\/lemon_slice-scaled-e1689108795666-300x116.webp\"},{\"@type\":\"BreadcrumbList\",\"@id\":\"https:\/\/www.lemoncarboss.com\/es\/fabricantes\/coachmen\/#breadcrumb\",\"itemListElement\":[{\"@type\":\"ListItem\",\"position\":1,\"name\":\"Home\",\"item\":\"https:\/\/www.lemoncarboss.com\/es\/\"},{\"@type\":\"ListItem\",\"position\":2,\"name\":\"Fabricantes\",\"item\":\"https:\/\/www.lemoncarboss.com\/es\/fabricantes\/\"},{\"@type\":\"ListItem\",\"position\":3,\"name\":\"Coachmen\"}]},{\"@type\":\"WebSite\",\"@id\":\"https:\/\/www.lemoncarboss.com\/#website\",\"url\":\"https:\/\/www.lemoncarboss.com\/\",\"name\":\"Lemon Car Boss\",\"description\":\"\",\"publisher\":{\"@id\":\"https:\/\/www.lemoncarboss.com\/#organization\"},\"alternateName\":\"Lemon Law\",\"potentialAction\":[{\"@type\":\"SearchAction\",\"target\":{\"@type\":\"EntryPoint\",\"urlTemplate\":\"https:\/\/www.lemoncarboss.com\/?s={search_term_string}\"},\"query-input\":{\"@type\":\"PropertyValueSpecification\",\"valueRequired\":true,\"valueName\":\"search_term_string\"}}],\"inLanguage\":\"es\"},{\"@type\":\"Organization\",\"@id\":\"https:\/\/www.lemoncarboss.com\/#organization\",\"name\":\"Lemon Car Boss\",\"alternateName\":\"Lemon Law\",\"url\":\"https:\/\/www.lemoncarboss.com\/\",\"logo\":{\"@type\":\"ImageObject\",\"inLanguage\":\"es\",\"@id\":\"https:\/\/www.lemoncarboss.com\/#\/schema\/logo\/image\/\",\"url\":\"https:\/\/www.lemoncarboss.com\/wp-content\/uploads\/2023\/07\/Logo-HI-RES.png\",\"contentUrl\":\"https:\/\/www.lemoncarboss.com\/wp-content\/uploads\/2023\/07\/Logo-HI-RES.png\",\"width\":1682,\"height\":547,\"caption\":\"Lemon Car Boss\"},\"image\":{\"@id\":\"https:\/\/www.lemoncarboss.com\/#\/schema\/logo\/image\/\"},\"sameAs\":[\"https:\/\/www.facebook.com\/Lemoncarboss\",\"https:\/\/www.instagram.com\/lemon_car_boss\/\",\"https:\/\/www.tiktok.com\/@lemoncarboss\",\"https:\/\/www.youtube.com\/@LEMONCARBOSS\"]}]}<\/script>\n<!-- \/ Yoast SEO plugin. -->","yoast_head_json":{"title":"Ley del Lim\u00f3n de Coachmen - Lemon Car Boss","description":"Conozca sus derechos de la Ley del Lim\u00f3n de Coachmen. Nuestro equipo legal maneja casos Coachmen para ayudarle a obtener compensaci\u00f3n.","robots":{"index":"index","follow":"follow","max-snippet":"max-snippet:-1","max-image-preview":"max-image-preview:large","max-video-preview":"max-video-preview:-1"},"canonical":"https:\/\/www.lemoncarboss.com\/es\/fabricantes\/coachmen\/","og_locale":"es_ES","og_type":"article","og_title":"Ley del Lim\u00f3n de Coachmen - Lemon Car Boss","og_description":"Conozca sus derechos de la Ley del Lim\u00f3n de Coachmen. Nuestro equipo legal maneja casos Coachmen para ayudarle a obtener compensaci\u00f3n.","og_url":"https:\/\/www.lemoncarboss.com\/es\/fabricantes\/coachmen\/","og_site_name":"Lemon Car Boss","article_publisher":"https:\/\/www.facebook.com\/Lemoncarboss","article_modified_time":"2025-12-17T21:44:07+00:00","og_image":[{"url":"https:\/\/www.lemoncarboss.com\/wp-content\/uploads\/2023\/07\/lemon_slice-scaled-e1689108795666-300x116.webp","type":"","width":"","height":""}],"twitter_card":"summary_large_image","twitter_misc":{"Tiempo de lectura":"4 minutos"},"schema":{"@context":"https:\/\/schema.org","@graph":[{"@type":"WebPage","@id":"https:\/\/www.lemoncarboss.com\/es\/fabricantes\/coachmen\/","url":"https:\/\/www.lemoncarboss.com\/es\/fabricantes\/coachmen\/","name":"Ley del Lim\u00f3n de Coachmen - Lemon Car Boss","isPartOf":{"@id":"https:\/\/www.lemoncarboss.com\/#website"},"primaryImageOfPage":{"@id":"https:\/\/www.lemoncarboss.com\/es\/fabricantes\/coachmen\/#primaryimage"},"image":{"@id":"https:\/\/www.lemoncarboss.com\/es\/fabricantes\/coachmen\/#primaryimage"},"thumbnailUrl":"https:\/\/www.lemoncarboss.com\/wp-content\/uploads\/2023\/07\/lemon_slice-scaled-e1689108795666-300x116.webp","datePublished":"2023-09-15T16:32:47+00:00","dateModified":"2025-12-17T21:44:07+00:00","description":"Conozca sus derechos de la Ley del Lim\u00f3n de Coachmen. Nuestro equipo legal maneja casos Coachmen para ayudarle a obtener compensaci\u00f3n.","breadcrumb":{"@id":"https:\/\/www.lemoncarboss.com\/es\/fabricantes\/coachmen\/#breadcrumb"},"inLanguage":"es","potentialAction":[{"@type":"ReadAction","target":["https:\/\/www.lemoncarboss.com\/es\/fabricantes\/coachmen\/"]}]},{"@type":"ImageObject","inLanguage":"es","@id":"https:\/\/www.lemoncarboss.com\/es\/fabricantes\/coachmen\/#primaryimage","url":"https:\/\/www.lemoncarboss.com\/wp-content\/uploads\/2023\/07\/lemon_slice-scaled-e1689108795666-300x116.webp","contentUrl":"https:\/\/www.lemoncarboss.com\/wp-content\/uploads\/2023\/07\/lemon_slice-scaled-e1689108795666-300x116.webp"},{"@type":"BreadcrumbList","@id":"https:\/\/www.lemoncarboss.com\/es\/fabricantes\/coachmen\/#breadcrumb","itemListElement":[{"@type":"ListItem","position":1,"name":"Home","item":"https:\/\/www.lemoncarboss.com\/es\/"},{"@type":"ListItem","position":2,"name":"Fabricantes","item":"https:\/\/www.lemoncarboss.com\/es\/fabricantes\/"},{"@type":"ListItem","position":3,"name":"Coachmen"}]},{"@type":"WebSite","@id":"https:\/\/www.lemoncarboss.com\/#website","url":"https:\/\/www.lemoncarboss.com\/","name":"Lemon Car Boss","description":"","publisher":{"@id":"https:\/\/www.lemoncarboss.com\/#organization"},"alternateName":"Lemon Law","potentialAction":[{"@type":"SearchAction","target":{"@type":"EntryPoint","urlTemplate":"https:\/\/www.lemoncarboss.com\/?s={search_term_string}"},"query-input":{"@type":"PropertyValueSpecification","valueRequired":true,"valueName":"search_term_string"}}],"inLanguage":"es"},{"@type":"Organization","@id":"https:\/\/www.lemoncarboss.com\/#organization","name":"Lemon Car Boss","alternateName":"Lemon Law","url":"https:\/\/www.lemoncarboss.com\/","logo":{"@type":"ImageObject","inLanguage":"es","@id":"https:\/\/www.lemoncarboss.com\/#\/schema\/logo\/image\/","url":"https:\/\/www.lemoncarboss.com\/wp-content\/uploads\/2023\/07\/Logo-HI-RES.png","contentUrl":"https:\/\/www.lemoncarboss.com\/wp-content\/uploads\/2023\/07\/Logo-HI-RES.png","width":1682,"height":547,"caption":"Lemon Car Boss"},"image":{"@id":"https:\/\/www.lemoncarboss.com\/#\/schema\/logo\/image\/"},"sameAs":["https:\/\/www.facebook.com\/Lemoncarboss","https:\/\/www.instagram.com\/lemon_car_boss\/","https:\/\/www.tiktok.com\/@lemoncarboss","https:\/\/www.youtube.com\/@LEMONCARBOSS"]}]}},"_links":{"self":[{"href":"https:\/\/www.lemoncarboss.com\/es\/wp-json\/wp\/v2\/pages\/2721","targetHints":{"allow":["GET"]}}],"collection":[{"href":"https:\/\/www.lemoncarboss.com\/es\/wp-json\/wp\/v2\/pages"}],"about":[{"href":"https:\/\/www.lemoncarboss.com\/es\/wp-json\/wp\/v2\/types\/page"}],"author":[{"embeddable":true,"href":"https:\/\/www.lemoncarboss.com\/es\/wp-json\/wp\/v2\/users\/2"}],"replies":[{"embeddable":true,"href":"https:\/\/www.lemoncarboss.com\/es\/wp-json\/wp\/v2\/comments?post=2721"}],"version-history":[{"count":10,"href":"https:\/\/www.lemoncarboss.com\/es\/wp-json\/wp\/v2\/pages\/2721\/revisions"}],"predecessor-version":[{"id":4896,"href":"https:\/\/www.lemoncarboss.com\/es\/wp-json\/wp\/v2\/pages\/2721\/revisions\/4896"}],"up":[{"embeddable":true,"href":"https:\/\/www.lemoncarboss.com\/es\/wp-json\/wp\/v2\/pages\/2664"}],"wp:attachment":[{"href":"https:\/\/www.lemoncarboss.com\/es\/wp-json\/wp\/v2\/media?parent=2721"}],"curies":[{"name":"wp","href":"https:\/\/api.w.org\/{rel}","templated":true}]}}