{"id":2723,"date":"2023-09-13T14:06:06","date_gmt":"2023-09-13T21:06:06","guid":{"rendered":"https:\/\/www.lemoncarboss.com\/fabricantes\/subaru\/ascenso\/"},"modified":"2025-12-17T13:21:55","modified_gmt":"2025-12-17T21:21:55","slug":"ascenso","status":"publish","type":"page","link":"https:\/\/www.lemoncarboss.com\/es\/fabricantes\/subaru\/ascenso\/","title":{"rendered":"Ascenso"},"content":{"rendered":"\t\t<div data-elementor-type=\"wp-page\" data-elementor-id=\"2723\" class=\"elementor elementor-2723 elementor-2019\" data-elementor-post-type=\"page\">\n\t\t\t\t<div class=\"elementor-element elementor-element-44f73924 e-flex e-con-boxed e-con e-parent\" data-id=\"44f73924\" data-element_type=\"container\" data-e-type=\"container\" data-settings=\"{&quot;background_background&quot;:&quot;classic&quot;}\">\n\t\t\t\t\t<div class=\"e-con-inner\">\n\t\t\t\t<div class=\"elementor-element elementor-element-273427ee elementor-widget__width-initial elementor-widget elementor-widget-text-editor\" data-id=\"273427ee\" data-element_type=\"widget\" data-e-type=\"widget\" data-widget_type=\"text-editor.default\">\n\t\t\t\t<div class=\"elementor-widget-container\">\n\t\t\t\t\t\t\t\t\t<h1>SUBARU ASCENT<\/h1>\t\t\t\t\t\t\t\t<\/div>\n\t\t\t\t<\/div>\n\t\t\t\t\t<\/div>\n\t\t\t\t<\/div>\n\t\t<div class=\"elementor-element elementor-element-b92f206 e-flex e-con-boxed e-con e-parent\" data-id=\"b92f206\" data-element_type=\"container\" data-e-type=\"container\" data-settings=\"{&quot;background_background&quot;:&quot;classic&quot;}\">\n\t\t\t\t\t<div class=\"e-con-inner\">\n\t\t<div class=\"elementor-element elementor-element-6fb514fb e-con-full e-flex e-con e-child\" data-id=\"6fb514fb\" data-element_type=\"container\" data-e-type=\"container\">\n\t\t\t\t<div class=\"elementor-element elementor-element-65478628 elementor-widget elementor-widget-text-editor\" data-id=\"65478628\" data-element_type=\"widget\" data-e-type=\"widget\" data-widget_type=\"text-editor.default\">\n\t\t\t\t<div class=\"elementor-widget-container\">\n\t\t\t\t\t\t\t\t\t<h2>Ley del lim\u00f3n Subaru Ascent<\/h2>\t\t\t\t\t\t\t\t<\/div>\n\t\t\t\t<\/div>\n\t\t\t\t<div class=\"elementor-element elementor-element-a201896 elementor-widget elementor-widget-image\" data-id=\"a201896\" data-element_type=\"widget\" data-e-type=\"widget\" data-widget_type=\"image.default\">\n\t\t\t\t<div class=\"elementor-widget-container\">\n\t\t\t\t\t\t\t\t\t\t\t\t\t\t\t<img decoding=\"async\" width=\"300\" height=\"116\" src=\"https:\/\/www.lemoncarboss.com\/wp-content\/uploads\/2023\/07\/lemon_slice-scaled-e1689108795666-300x116.webp\" class=\"attachment-medium size-medium wp-image-2626\" alt=\"\" srcset=\"https:\/\/www.lemoncarboss.com\/wp-content\/uploads\/2023\/07\/lemon_slice-scaled-e1689108795666-300x116.webp 300w, https:\/\/www.lemoncarboss.com\/wp-content\/uploads\/2023\/07\/lemon_slice-scaled-e1689108795666-1024x397.webp 1024w, https:\/\/www.lemoncarboss.com\/wp-content\/uploads\/2023\/07\/lemon_slice-scaled-e1689108795666-768x298.webp 768w, https:\/\/www.lemoncarboss.com\/wp-content\/uploads\/2023\/07\/lemon_slice-scaled-e1689108795666-1536x595.webp 1536w, https:\/\/www.lemoncarboss.com\/wp-content\/uploads\/2023\/07\/lemon_slice-scaled-e1689108795666-2048x794.webp 2048w\" sizes=\"(max-width: 300px) 100vw, 300px\" \/>\t\t\t\t\t\t\t\t\t\t\t\t\t\t\t<\/div>\n\t\t\t\t<\/div>\n\t\t\t\t<div class=\"elementor-element elementor-element-532c8867 elementor-widget elementor-widget-text-editor\" data-id=\"532c8867\" data-element_type=\"widget\" data-e-type=\"widget\" data-widget_type=\"text-editor.default\">\n\t\t\t\t<div class=\"elementor-widget-container\">\n\t\t\t\t\t\t\t\t\t<h3>\u00bfC\u00f3mo proteger sus derechos frente a ascensos veh\u00edculos defectuosos de Subaru Ascent?<\/h3><p><span style=\"font-weight: 400;\">Si usted es un propietario de un Subaru Ascent que se enfrenta a problemas persistentes, nuestro experimentado equipo legal est\u00e1 aqu\u00ed para ayudarle. Estamos bien versados en casos de la Ley del Lim\u00f3n del Subaru Ascent y estamos preparados para ayudarle a asegurar la compensaci\u00f3n que leg\u00edtimamente merece. P\u00f3ngase en contacto con nosotros hoy mismo para iniciar el proceso de resoluci\u00f3n de sus problemas con Subaru Ascent.<\/span><\/p><h3>Defensa de sus derechos frente a ascensos veh\u00edculos defectuosos de Subaru Ascent<\/h3><p><span style=\"font-weight: 400;\">\u00bfTienes un Subaru Ascent y te encuentras con defectos y problemas recurrentes? No deje que estos problemas empa\u00f1en su experiencia al volante. Estamos dedicados a guiarlo a trav\u00e9s de las complejidades de los derechos de la Ley del Lim\u00f3n <\/span><span style=\"font-weight: 400;\">de<\/span><span style=\"font-weight: 400;\"> Subaru Ascent, los pasos necesarios y las v\u00edas de resoluci\u00f3n si usted est\u00e1 lidiando con un SUV poco fiable.<\/span><\/p><h3>Conozca sus derechos ante la Ley del Lim\u00f3n<\/h3><p><span style=\"font-weight: 400;\">El Subaru Ascent es un SUV vers\u00e1til famoso por sus caracter\u00edsticas robustas y su tecnolog\u00eda de vanguardia. Sin embargo, como cualquier veh\u00edculo avanzado, puede encontrar contratiempos que afecten a su placer de conducci\u00f3n. Afortunadamente, la Ley del Lim\u00f3n del Subaru Ascent existe para salvaguardar a los consumidores de los problemas persistentes del veh\u00edculo y asegurar que sus derechos est\u00e9n protegidos.<\/span><\/p><h3>\u00bfEn qu\u00e9 consiste la Ley del Lim\u00f3n del Subaru Ascent?<\/h3><p><span style=\"font-weight: 400;\">La Ley del Lim\u00f3n del Subaru Ascent es un marco legal dise\u00f1ado para proporcionar remedios a los consumidores que experimentan defectos cr\u00f3nicos o mal funcionamiento en sus SUV. Esta disposici\u00f3n forma parte de unas normas m\u00e1s amplias de protecci\u00f3n del consumidor destinadas a evitar que los consumidores se queden con veh\u00edculos inseguros o poco fiables.<\/span><\/p><h3>Problemas comunes del Subaru Ascent<\/h3><p><span style=\"font-weight: 400;\">Aunque los problemas espec\u00edficos pueden variar dependiendo del a\u00f1o del modelo y el uso, algunas preocupaciones comunes asociados con Subaru Ascents incluyen:<\/span><\/p><ul><li style=\"font-weight: 400;\" aria-level=\"1\"><b>Problemas de transmisi\u00f3n:<\/b><span style=\"font-weight: 400;\">\u00a0Problemas como cambios bruscos, retraso en el engranaje de las marchas, fugas de l\u00edquido de transmisi\u00f3n y riesgos potenciales para la seguridad que requieren reparaciones costosas.<\/span><\/li><li style=\"font-weight: 400;\" aria-level=\"1\"><b>Problemas de motor:<\/b><span style=\"font-weight: 400;\">\u00a0Informes de calado, p\u00e9rdida de potencia y consumo excesivo de aceite, que obligan a rellenar el dep\u00f3sito con frecuencia y pueden desgastar el motor a largo plazo.<\/span><\/li><li style=\"font-weight: 400;\" aria-level=\"1\"><b>Problemas de frenos:<\/b><span style=\"font-weight: 400;\">\u00a0Los conductores pueden experimentar vibraciones en el pedal de freno, ruidos chirriantes, rendimiento de frenado comprometido y desgaste prematuro de las pastillas de freno y el rotor.<\/span><\/li><li style=\"font-weight: 400;\" aria-level=\"1\"><b>Problemas de descarga de la bater\u00eda:<\/b><span style=\"font-weight: 400;\">\u00a0Drenaje inesperado de la bater\u00eda que conduce a bater\u00edas muertas y a inc\u00f3modos arranques o servicios de gr\u00faa.<\/span><\/li><li style=\"font-weight: 400;\" aria-level=\"1\"><b>Problemas de infoentretenimiento:<\/b><span style=\"font-weight: 400;\">\u00a0Problemas con el sistema de infoentretenimiento, como pantallas congeladas, controles que no responden o problemas de conectividad.<\/span><\/li><\/ul><h3>Pasos para iniciar una reclamaci\u00f3n de la Ley del Lim\u00f3n de Subaru Ascent<\/h3><p><span style=\"font-weight: 400;\">Nuestro proceso incluye:<\/span><\/p><ul><li style=\"font-weight: 400;\" aria-level=\"1\"><span style=\"font-weight: 400;\">Una revisi\u00f3n exhaustiva de su situaci\u00f3n<\/span><\/li><li style=\"font-weight: 400;\" aria-level=\"1\"><span style=\"font-weight: 400;\">Recopilaci\u00f3n de documentos y pruebas esenciales<\/span><\/li><li style=\"font-weight: 400;\" aria-level=\"1\"><span style=\"font-weight: 400;\">Iniciar una reclamaci\u00f3n formal a Subaru<\/span><\/li><li style=\"font-weight: 400;\" aria-level=\"1\"><span style=\"font-weight: 400;\">Entablar di\u00e1logos de resoluci\u00f3n con los representantes de Subaru<\/span><\/li><li style=\"font-weight: 400;\" aria-level=\"1\"><span style=\"font-weight: 400;\">Garantizar que reciba la compensaci\u00f3n que se merece por su caso <\/span><span style=\"font-weight: 400;\">de Ley del Lim\u00f3n de<\/span><span style=\"font-weight: 400;\"> Subaru Ascent <\/span><span style=\"font-weight: 400;\">Lemon Law<\/span><span style=\"font-weight: 400;\">.<\/span><\/li><\/ul><h3>Conozca la Ley del Lim\u00f3n<\/h3><p><span style=\"font-weight: 400;\">Ser propietario de un Subaru Ascent deber\u00eda significar fiabilidad y tranquilidad. Cuando los problemas rompen esta armon\u00eda, es crucial equiparse con los conocimientos de la Ley del Lim\u00f3n. Mantenerse informado le permite hacer valer sus derechos y trabajar por una resoluci\u00f3n justa de sus problemas relacionados con el Ascenso.<\/span><\/p><h3>P\u00f3ngase en contacto con nosotros hoy para su reclamo de Ley del Lim\u00f3n de Subaru Ascent Lemon Law Claim<\/h3><p><span style=\"font-weight: 400;\">No soporte problemas continuos con su Subaru Ascent. Consulte hoy mismo a nuestro experto equipo jur\u00eddico para explorar sus derechos en virtud de la Ley del Lim\u00f3n y comenzar el proceso de b\u00fasqueda de la justicia y la indemnizaci\u00f3n que le corresponden.<\/span><\/p>\t\t\t\t\t\t\t\t<\/div>\n\t\t\t\t<\/div>\n\t\t\t\t<\/div>\n\t\t\t\t\t<\/div>\n\t\t\t\t<\/div>\n\t\t\t\t<\/div>\n\t\t","protected":false},"excerpt":{"rendered":"<p>SUBARU ASCENT Ley del lim\u00f3n Subaru Ascent \u00bfC\u00f3mo proteger sus derechos frente a ascensos veh\u00edculos defectuosos de Subaru Ascent? Si usted es un propietario de un Subaru Ascent que se enfrenta a problemas persistentes, nuestro experimentado equipo legal est\u00e1 aqu\u00ed para ayudarle. Estamos bien versados en casos de la Ley del Lim\u00f3n del Subaru Ascent [&hellip;]<\/p>\n","protected":false},"author":2,"featured_media":0,"parent":2716,"menu_order":0,"comment_status":"closed","ping_status":"closed","template":"","meta":{"footnotes":""},"class_list":["post-2723","page","type-page","status-publish","hentry"],"yoast_head":"<!-- This site is optimized with the Yoast SEO plugin v27.2 - https:\/\/yoast.com\/product\/yoast-seo-wordpress\/ -->\n<title>Subaru Ascent Lemon Law - Lemon Car Boss.<\/title>\n<meta name=\"description\" content=\"Casos de Ley del Lim\u00f3n para Subaru Ascent. Proteja sus derechos si hay fallas persistentes. Listos para ayudarle con su reclamo.\" \/>\n<meta name=\"robots\" content=\"index, follow, max-snippet:-1, max-image-preview:large, max-video-preview:-1\" \/>\n<link rel=\"canonical\" href=\"https:\/\/www.lemoncarboss.com\/es\/fabricantes\/subaru\/ascenso\/\" \/>\n<meta property=\"og:locale\" content=\"es_ES\" \/>\n<meta property=\"og:type\" content=\"article\" \/>\n<meta property=\"og:title\" content=\"Subaru Ascent Lemon Law - Lemon Car Boss.\" \/>\n<meta property=\"og:description\" content=\"Casos de Ley del Lim\u00f3n para Subaru Ascent. Proteja sus derechos si hay fallas persistentes. Listos para ayudarle con su reclamo.\" \/>\n<meta property=\"og:url\" content=\"https:\/\/www.lemoncarboss.com\/es\/fabricantes\/subaru\/ascenso\/\" \/>\n<meta property=\"og:site_name\" content=\"Lemon Car Boss\" \/>\n<meta property=\"article:publisher\" content=\"https:\/\/www.facebook.com\/Lemoncarboss\" \/>\n<meta property=\"article:modified_time\" content=\"2025-12-17T21:21:55+00:00\" \/>\n<meta property=\"og:image\" content=\"https:\/\/www.lemoncarboss.com\/wp-content\/uploads\/2023\/07\/lemon_slice-scaled-e1689108795666-300x116.webp\" \/>\n<meta name=\"twitter:card\" content=\"summary_large_image\" \/>\n<meta name=\"twitter:label1\" content=\"Tiempo de lectura\" \/>\n\t<meta name=\"twitter:data1\" content=\"3 minutos\" \/>\n<script type=\"application\/ld+json\" class=\"yoast-schema-graph\">{\"@context\":\"https:\/\/schema.org\",\"@graph\":[{\"@type\":\"WebPage\",\"@id\":\"https:\/\/www.lemoncarboss.com\/es\/fabricantes\/subaru\/ascenso\/\",\"url\":\"https:\/\/www.lemoncarboss.com\/es\/fabricantes\/subaru\/ascenso\/\",\"name\":\"Subaru Ascent Lemon Law - Lemon Car Boss.\",\"isPartOf\":{\"@id\":\"https:\/\/www.lemoncarboss.com\/#website\"},\"primaryImageOfPage\":{\"@id\":\"https:\/\/www.lemoncarboss.com\/es\/fabricantes\/subaru\/ascenso\/#primaryimage\"},\"image\":{\"@id\":\"https:\/\/www.lemoncarboss.com\/es\/fabricantes\/subaru\/ascenso\/#primaryimage\"},\"thumbnailUrl\":\"https:\/\/www.lemoncarboss.com\/wp-content\/uploads\/2023\/07\/lemon_slice-scaled-e1689108795666-300x116.webp\",\"datePublished\":\"2023-09-13T21:06:06+00:00\",\"dateModified\":\"2025-12-17T21:21:55+00:00\",\"description\":\"Casos de Ley del Lim\u00f3n para Subaru Ascent. Proteja sus derechos si hay fallas persistentes. Listos para ayudarle con su reclamo.\",\"breadcrumb\":{\"@id\":\"https:\/\/www.lemoncarboss.com\/es\/fabricantes\/subaru\/ascenso\/#breadcrumb\"},\"inLanguage\":\"es\",\"potentialAction\":[{\"@type\":\"ReadAction\",\"target\":[\"https:\/\/www.lemoncarboss.com\/es\/fabricantes\/subaru\/ascenso\/\"]}]},{\"@type\":\"ImageObject\",\"inLanguage\":\"es\",\"@id\":\"https:\/\/www.lemoncarboss.com\/es\/fabricantes\/subaru\/ascenso\/#primaryimage\",\"url\":\"https:\/\/www.lemoncarboss.com\/wp-content\/uploads\/2023\/07\/lemon_slice-scaled-e1689108795666-300x116.webp\",\"contentUrl\":\"https:\/\/www.lemoncarboss.com\/wp-content\/uploads\/2023\/07\/lemon_slice-scaled-e1689108795666-300x116.webp\"},{\"@type\":\"BreadcrumbList\",\"@id\":\"https:\/\/www.lemoncarboss.com\/es\/fabricantes\/subaru\/ascenso\/#breadcrumb\",\"itemListElement\":[{\"@type\":\"ListItem\",\"position\":1,\"name\":\"Home\",\"item\":\"https:\/\/www.lemoncarboss.com\/es\/\"},{\"@type\":\"ListItem\",\"position\":2,\"name\":\"Fabricantes\",\"item\":\"https:\/\/www.lemoncarboss.com\/es\/fabricantes\/\"},{\"@type\":\"ListItem\",\"position\":3,\"name\":\"Subaru\",\"item\":\"https:\/\/www.lemoncarboss.com\/es\/fabricantes\/subaru\/\"},{\"@type\":\"ListItem\",\"position\":4,\"name\":\"Ascenso\"}]},{\"@type\":\"WebSite\",\"@id\":\"https:\/\/www.lemoncarboss.com\/#website\",\"url\":\"https:\/\/www.lemoncarboss.com\/\",\"name\":\"Lemon Car Boss\",\"description\":\"\",\"publisher\":{\"@id\":\"https:\/\/www.lemoncarboss.com\/#organization\"},\"alternateName\":\"Lemon Law\",\"potentialAction\":[{\"@type\":\"SearchAction\",\"target\":{\"@type\":\"EntryPoint\",\"urlTemplate\":\"https:\/\/www.lemoncarboss.com\/?s={search_term_string}\"},\"query-input\":{\"@type\":\"PropertyValueSpecification\",\"valueRequired\":true,\"valueName\":\"search_term_string\"}}],\"inLanguage\":\"es\"},{\"@type\":\"Organization\",\"@id\":\"https:\/\/www.lemoncarboss.com\/#organization\",\"name\":\"Lemon Car Boss\",\"alternateName\":\"Lemon Law\",\"url\":\"https:\/\/www.lemoncarboss.com\/\",\"logo\":{\"@type\":\"ImageObject\",\"inLanguage\":\"es\",\"@id\":\"https:\/\/www.lemoncarboss.com\/#\/schema\/logo\/image\/\",\"url\":\"https:\/\/www.lemoncarboss.com\/wp-content\/uploads\/2023\/07\/Logo-HI-RES.png\",\"contentUrl\":\"https:\/\/www.lemoncarboss.com\/wp-content\/uploads\/2023\/07\/Logo-HI-RES.png\",\"width\":1682,\"height\":547,\"caption\":\"Lemon Car Boss\"},\"image\":{\"@id\":\"https:\/\/www.lemoncarboss.com\/#\/schema\/logo\/image\/\"},\"sameAs\":[\"https:\/\/www.facebook.com\/Lemoncarboss\",\"https:\/\/www.instagram.com\/lemon_car_boss\/\",\"https:\/\/www.tiktok.com\/@lemoncarboss\",\"https:\/\/www.youtube.com\/@LEMONCARBOSS\"]}]}<\/script>\n<!-- \/ Yoast SEO plugin. -->","yoast_head_json":{"title":"Subaru Ascent Lemon Law - Lemon Car Boss.","description":"Casos de Ley del Lim\u00f3n para Subaru Ascent. Proteja sus derechos si hay fallas persistentes. Listos para ayudarle con su reclamo.","robots":{"index":"index","follow":"follow","max-snippet":"max-snippet:-1","max-image-preview":"max-image-preview:large","max-video-preview":"max-video-preview:-1"},"canonical":"https:\/\/www.lemoncarboss.com\/es\/fabricantes\/subaru\/ascenso\/","og_locale":"es_ES","og_type":"article","og_title":"Subaru Ascent Lemon Law - Lemon Car Boss.","og_description":"Casos de Ley del Lim\u00f3n para Subaru Ascent. Proteja sus derechos si hay fallas persistentes. Listos para ayudarle con su reclamo.","og_url":"https:\/\/www.lemoncarboss.com\/es\/fabricantes\/subaru\/ascenso\/","og_site_name":"Lemon Car Boss","article_publisher":"https:\/\/www.facebook.com\/Lemoncarboss","article_modified_time":"2025-12-17T21:21:55+00:00","og_image":[{"url":"https:\/\/www.lemoncarboss.com\/wp-content\/uploads\/2023\/07\/lemon_slice-scaled-e1689108795666-300x116.webp","type":"","width":"","height":""}],"twitter_card":"summary_large_image","twitter_misc":{"Tiempo de lectura":"3 minutos"},"schema":{"@context":"https:\/\/schema.org","@graph":[{"@type":"WebPage","@id":"https:\/\/www.lemoncarboss.com\/es\/fabricantes\/subaru\/ascenso\/","url":"https:\/\/www.lemoncarboss.com\/es\/fabricantes\/subaru\/ascenso\/","name":"Subaru Ascent Lemon Law - Lemon Car Boss.","isPartOf":{"@id":"https:\/\/www.lemoncarboss.com\/#website"},"primaryImageOfPage":{"@id":"https:\/\/www.lemoncarboss.com\/es\/fabricantes\/subaru\/ascenso\/#primaryimage"},"image":{"@id":"https:\/\/www.lemoncarboss.com\/es\/fabricantes\/subaru\/ascenso\/#primaryimage"},"thumbnailUrl":"https:\/\/www.lemoncarboss.com\/wp-content\/uploads\/2023\/07\/lemon_slice-scaled-e1689108795666-300x116.webp","datePublished":"2023-09-13T21:06:06+00:00","dateModified":"2025-12-17T21:21:55+00:00","description":"Casos de Ley del Lim\u00f3n para Subaru Ascent. Proteja sus derechos si hay fallas persistentes. Listos para ayudarle con su reclamo.","breadcrumb":{"@id":"https:\/\/www.lemoncarboss.com\/es\/fabricantes\/subaru\/ascenso\/#breadcrumb"},"inLanguage":"es","potentialAction":[{"@type":"ReadAction","target":["https:\/\/www.lemoncarboss.com\/es\/fabricantes\/subaru\/ascenso\/"]}]},{"@type":"ImageObject","inLanguage":"es","@id":"https:\/\/www.lemoncarboss.com\/es\/fabricantes\/subaru\/ascenso\/#primaryimage","url":"https:\/\/www.lemoncarboss.com\/wp-content\/uploads\/2023\/07\/lemon_slice-scaled-e1689108795666-300x116.webp","contentUrl":"https:\/\/www.lemoncarboss.com\/wp-content\/uploads\/2023\/07\/lemon_slice-scaled-e1689108795666-300x116.webp"},{"@type":"BreadcrumbList","@id":"https:\/\/www.lemoncarboss.com\/es\/fabricantes\/subaru\/ascenso\/#breadcrumb","itemListElement":[{"@type":"ListItem","position":1,"name":"Home","item":"https:\/\/www.lemoncarboss.com\/es\/"},{"@type":"ListItem","position":2,"name":"Fabricantes","item":"https:\/\/www.lemoncarboss.com\/es\/fabricantes\/"},{"@type":"ListItem","position":3,"name":"Subaru","item":"https:\/\/www.lemoncarboss.com\/es\/fabricantes\/subaru\/"},{"@type":"ListItem","position":4,"name":"Ascenso"}]},{"@type":"WebSite","@id":"https:\/\/www.lemoncarboss.com\/#website","url":"https:\/\/www.lemoncarboss.com\/","name":"Lemon Car Boss","description":"","publisher":{"@id":"https:\/\/www.lemoncarboss.com\/#organization"},"alternateName":"Lemon Law","potentialAction":[{"@type":"SearchAction","target":{"@type":"EntryPoint","urlTemplate":"https:\/\/www.lemoncarboss.com\/?s={search_term_string}"},"query-input":{"@type":"PropertyValueSpecification","valueRequired":true,"valueName":"search_term_string"}}],"inLanguage":"es"},{"@type":"Organization","@id":"https:\/\/www.lemoncarboss.com\/#organization","name":"Lemon Car Boss","alternateName":"Lemon Law","url":"https:\/\/www.lemoncarboss.com\/","logo":{"@type":"ImageObject","inLanguage":"es","@id":"https:\/\/www.lemoncarboss.com\/#\/schema\/logo\/image\/","url":"https:\/\/www.lemoncarboss.com\/wp-content\/uploads\/2023\/07\/Logo-HI-RES.png","contentUrl":"https:\/\/www.lemoncarboss.com\/wp-content\/uploads\/2023\/07\/Logo-HI-RES.png","width":1682,"height":547,"caption":"Lemon Car Boss"},"image":{"@id":"https:\/\/www.lemoncarboss.com\/#\/schema\/logo\/image\/"},"sameAs":["https:\/\/www.facebook.com\/Lemoncarboss","https:\/\/www.instagram.com\/lemon_car_boss\/","https:\/\/www.tiktok.com\/@lemoncarboss","https:\/\/www.youtube.com\/@LEMONCARBOSS"]}]}},"_links":{"self":[{"href":"https:\/\/www.lemoncarboss.com\/es\/wp-json\/wp\/v2\/pages\/2723","targetHints":{"allow":["GET"]}}],"collection":[{"href":"https:\/\/www.lemoncarboss.com\/es\/wp-json\/wp\/v2\/pages"}],"about":[{"href":"https:\/\/www.lemoncarboss.com\/es\/wp-json\/wp\/v2\/types\/page"}],"author":[{"embeddable":true,"href":"https:\/\/www.lemoncarboss.com\/es\/wp-json\/wp\/v2\/users\/2"}],"replies":[{"embeddable":true,"href":"https:\/\/www.lemoncarboss.com\/es\/wp-json\/wp\/v2\/comments?post=2723"}],"version-history":[{"count":7,"href":"https:\/\/www.lemoncarboss.com\/es\/wp-json\/wp\/v2\/pages\/2723\/revisions"}],"predecessor-version":[{"id":4979,"href":"https:\/\/www.lemoncarboss.com\/es\/wp-json\/wp\/v2\/pages\/2723\/revisions\/4979"}],"up":[{"embeddable":true,"href":"https:\/\/www.lemoncarboss.com\/es\/wp-json\/wp\/v2\/pages\/2716"}],"wp:attachment":[{"href":"https:\/\/www.lemoncarboss.com\/es\/wp-json\/wp\/v2\/media?parent=2723"}],"curies":[{"name":"wp","href":"https:\/\/api.w.org\/{rel}","templated":true}]}}