{"id":2724,"date":"2023-09-18T16:43:25","date_gmt":"2023-09-18T23:43:25","guid":{"rendered":"https:\/\/www.lemoncarboss.com\/fabricantes\/fiat\/"},"modified":"2025-12-17T13:29:43","modified_gmt":"2025-12-17T21:29:43","slug":"fiat","status":"publish","type":"page","link":"https:\/\/www.lemoncarboss.com\/es\/fabricantes\/fiat\/","title":{"rendered":"Fiat"},"content":{"rendered":"\t\t<div data-elementor-type=\"wp-page\" data-elementor-id=\"2724\" class=\"elementor elementor-2724 elementor-2306\" data-elementor-post-type=\"page\">\n\t\t\t\t<div class=\"elementor-element elementor-element-44f73924 e-flex e-con-boxed e-con e-parent\" data-id=\"44f73924\" data-element_type=\"container\" data-e-type=\"container\" data-settings=\"{&quot;background_background&quot;:&quot;classic&quot;}\">\n\t\t\t\t\t<div class=\"e-con-inner\">\n\t\t\t\t<div class=\"elementor-element elementor-element-273427ee elementor-widget__width-initial elementor-widget elementor-widget-text-editor\" data-id=\"273427ee\" data-element_type=\"widget\" data-e-type=\"widget\" data-widget_type=\"text-editor.default\">\n\t\t\t\t<div class=\"elementor-widget-container\">\n\t\t\t\t\t\t\t\t\t<h1>FIAT<\/h1>\t\t\t\t\t\t\t\t<\/div>\n\t\t\t\t<\/div>\n\t\t\t\t\t<\/div>\n\t\t\t\t<\/div>\n\t\t<div class=\"elementor-element elementor-element-b92f206 e-flex e-con-boxed e-con e-parent\" data-id=\"b92f206\" data-element_type=\"container\" data-e-type=\"container\" data-settings=\"{&quot;background_background&quot;:&quot;classic&quot;}\">\n\t\t\t\t\t<div class=\"e-con-inner\">\n\t\t<div class=\"elementor-element elementor-element-6fb514fb e-con-full e-flex e-con e-child\" data-id=\"6fb514fb\" data-element_type=\"container\" data-e-type=\"container\">\n\t\t\t\t<div class=\"elementor-element elementor-element-65478628 elementor-widget elementor-widget-text-editor\" data-id=\"65478628\" data-element_type=\"widget\" data-e-type=\"widget\" data-widget_type=\"text-editor.default\">\n\t\t\t\t<div class=\"elementor-widget-container\">\n\t\t\t\t\t\t\t\t\t<h2>Ley del Lim\u00f3n Fiat<\/h2>\t\t\t\t\t\t\t\t<\/div>\n\t\t\t\t<\/div>\n\t\t\t\t<div class=\"elementor-element elementor-element-a201896 elementor-widget elementor-widget-image\" data-id=\"a201896\" data-element_type=\"widget\" data-e-type=\"widget\" data-widget_type=\"image.default\">\n\t\t\t\t<div class=\"elementor-widget-container\">\n\t\t\t\t\t\t\t\t\t\t\t\t\t\t\t<img decoding=\"async\" width=\"300\" height=\"116\" src=\"https:\/\/www.lemoncarboss.com\/wp-content\/uploads\/2023\/07\/lemon_slice-scaled-e1689108795666-300x116.webp\" class=\"attachment-medium size-medium wp-image-2626\" alt=\"\" srcset=\"https:\/\/www.lemoncarboss.com\/wp-content\/uploads\/2023\/07\/lemon_slice-scaled-e1689108795666-300x116.webp 300w, https:\/\/www.lemoncarboss.com\/wp-content\/uploads\/2023\/07\/lemon_slice-scaled-e1689108795666-1024x397.webp 1024w, https:\/\/www.lemoncarboss.com\/wp-content\/uploads\/2023\/07\/lemon_slice-scaled-e1689108795666-768x298.webp 768w, https:\/\/www.lemoncarboss.com\/wp-content\/uploads\/2023\/07\/lemon_slice-scaled-e1689108795666-1536x595.webp 1536w, https:\/\/www.lemoncarboss.com\/wp-content\/uploads\/2023\/07\/lemon_slice-scaled-e1689108795666-2048x794.webp 2048w\" sizes=\"(max-width: 300px) 100vw, 300px\" \/>\t\t\t\t\t\t\t\t\t\t\t\t\t\t\t<\/div>\n\t\t\t\t<\/div>\n\t\t\t\t<div class=\"elementor-element elementor-element-532c8867 elementor-widget elementor-widget-text-editor\" data-id=\"532c8867\" data-element_type=\"widget\" data-e-type=\"widget\" data-widget_type=\"text-editor.default\">\n\t\t\t\t<div class=\"elementor-widget-container\">\n\t\t\t\t\t\t\t\t\t<h3><span style=\"font-weight: 400;\">Proteja sus derechos con la Ley del Lim\u00f3n de Fiat<\/span><\/h3><p><span style=\"font-weight: 400;\">\u00bfSu veh\u00edculo Fiat le est\u00e1 causando continuos problemas y defectos, poniendo un freno a sus experiencias de conducci\u00f3n? No deje que un lim\u00f3n le estropee el viaje. Nuestros expertos legales est\u00e1n aqu\u00ed para ayudarle a comprender sus derechos en virtud de la Ley del Lim\u00f3n de Fiat, ofrecerle orientaci\u00f3n sobre los pasos necesarios y guiarle en la b\u00fasqueda de una soluci\u00f3n si tiene un veh\u00edculo Fiat problem\u00e1tico.<\/span><\/p><h3><span style=\"font-weight: 400;\">Comprender la Ley del Lim\u00f3n de Fiat<\/span><\/h3><p><span style=\"font-weight: 400;\">Dise\u00f1adas para salvaguardar a los consumidores, las Leyes Lim\u00f3n de Fiat son protecciones vitales para aquellos que han adquirido o alquilado veh\u00edculos Fiat nuevos que presentan sistem\u00e1ticamente defectos que afectan a su seguridad, valor o rendimiento. Si tu Fiat cumple ciertos criterios especificados en la ley, podr\u00edas optar a soluciones como la sustituci\u00f3n, el reembolso o las reparaciones necesarias, todo ello bajo la responsabilidad del fabricante.<\/span><\/p><h3><span style=\"font-weight: 400;\">Problemas comunes de Fiat<\/span><\/h3><ul><li style=\"font-weight: 400;\" aria-level=\"1\"><span style=\"font-weight: 400;\">Problemas el\u00e9ctricos<\/span><\/li><li style=\"font-weight: 400;\" aria-level=\"1\"><span style=\"font-weight: 400;\">Parada del motor<\/span><\/li><li style=\"font-weight: 400;\" aria-level=\"1\"><span style=\"font-weight: 400;\">Problemas de transmisi\u00f3n<\/span><\/li><li style=\"font-weight: 400;\" aria-level=\"1\"><span style=\"font-weight: 400;\">Problemas de embrague<\/span><\/li><li style=\"font-weight: 400;\" aria-level=\"1\"><span style=\"font-weight: 400;\">Ruidos de suspensi\u00f3n<\/span><\/li><li style=\"font-weight: 400;\" aria-level=\"1\"><span style=\"font-weight: 400;\">Aver\u00edas del aire acondicionado<\/span><\/li><li style=\"font-weight: 400;\" aria-level=\"1\"><span style=\"font-weight: 400;\">Fallos en el sistema de frenos<\/span><\/li><li style=\"font-weight: 400;\" aria-level=\"1\"><span style=\"font-weight: 400;\">Fugas de aceite<\/span><\/li><li style=\"font-weight: 400;\" aria-level=\"1\"><span style=\"font-weight: 400;\">Sobrecalentamiento<\/span><\/li><li style=\"font-weight: 400;\" aria-level=\"1\"><span style=\"font-weight: 400;\">Problemas de direcci\u00f3n asistida<\/span><\/li><li style=\"font-weight: 400;\" aria-level=\"1\"><span style=\"font-weight: 400;\">Dificultades iniciales<\/span><\/li><li style=\"font-weight: 400;\" aria-level=\"1\"><span style=\"font-weight: 400;\">Iluminaci\u00f3n de la luz del motor<\/span><\/li><li style=\"font-weight: 400;\" aria-level=\"1\"><span style=\"font-weight: 400;\">Sensores defectuosos<\/span><\/li><li style=\"font-weight: 400;\" aria-level=\"1\"><span style=\"font-weight: 400;\">Problemas de calefacci\u00f3n, ventilaci\u00f3n y aire acondicionado (HVAC)<\/span><\/li><li style=\"font-weight: 400;\" aria-level=\"1\"><span style=\"font-weight: 400;\">Fallos del sistema de escape<\/span><\/li><li style=\"font-weight: 400;\" aria-level=\"1\"><span style=\"font-weight: 400;\">Problemas con la bomba de combustible y la inyecci\u00f3n<\/span><\/li><li style=\"font-weight: 400;\" aria-level=\"1\"><span style=\"font-weight: 400;\">Problemas con el salpicadero y el cuadro de instrumentos<\/span><\/li><li style=\"font-weight: 400;\" aria-level=\"1\"><span style=\"font-weight: 400;\">Revestimientos interiores y desgaste de materiales<\/span><\/li><li style=\"font-weight: 400;\" aria-level=\"1\"><span style=\"font-weight: 400;\">Pintura y corrosi\u00f3n exterior<\/span><\/li><\/ul><h3><span style=\"font-weight: 400;\">Modelos Fiat<\/span><\/h3><p><span style=\"font-weight: 400;\">Modelos populares de Fiat con boletines de servicio t\u00e9cnico (TSB) y llamadas a revisi\u00f3n.<\/span><\/p><ul><li style=\"font-weight: 400;\" aria-level=\"1\"><b>Fiat 500<\/b><span style=\"font-weight: 400;\">: Este coche compacto ha sido objeto de varias llamadas a revisi\u00f3n, sobre todo en sus primeros modelos.<\/span><\/li><li style=\"font-weight: 400;\" aria-level=\"1\"><b>Fiat 500X<\/b><span style=\"font-weight: 400;\">: Como parte de la familia Fiat 500, el 500X tambi\u00e9n se ha enfrentado a llamadas a revisi\u00f3n y revisiones t\u00e9cnicas.<\/span><\/li><li style=\"font-weight: 400;\" aria-level=\"1\"><b>Fiat 500L<\/b><span style=\"font-weight: 400;\">: Otro miembro de la serie Fiat 500, el 500L, ha tenido su cuota de retiradas y TSBs.<\/span><\/li><li style=\"font-weight: 400;\" aria-level=\"1\"><b>Fiat 124<\/b><span style=\"font-weight: 400;\">\u00a0Spider: El deportivo de Fiat, el 124 Spider, ha sido objeto de retiradas y revisiones relacionadas con varios componentes.<\/span><\/li><li style=\"font-weight: 400;\" aria-level=\"1\"><b>Fiat 500e<\/b><span style=\"font-weight: 400;\">: La versi\u00f3n el\u00e9ctrica del Fiat 500 ha tenido llamadas a revisi\u00f3n y TSB relacionadas con sistemas y componentes el\u00e9ctricos.<\/span><\/li><li style=\"font-weight: 400;\" aria-level=\"1\"><b>Fiat Ducato<\/b><span style=\"font-weight: 400;\">: Esta furgoneta comercial, tambi\u00e9n conocida como Ram ProMaster en Estados Unidos, se ha enfrentado a llamadas a revisi\u00f3n y TSB, sobre todo relacionadas con sus distintas configuraciones.<\/span><\/li><\/ul><h3><span style=\"font-weight: 400;\">Requisitos de la Ley del Lim\u00f3n de Fiat Buyback<\/span><\/h3><p><span style=\"font-weight: 400;\">Para tener derecho a una recompra en virtud de la Ley del Lim\u00f3n de Fiat, por lo general debe cumplir las siguientes condiciones:<\/span><\/p><p><b>Defectos recurrentes:<\/b><span style=\"font-weight: 400;\"> Su veh\u00edculo Fiat debe presentar un defecto sustancial y recurrente que afecte a su seguridad, valor o rendimiento.<\/span><\/p><p><b>M\u00faltiples intentos<\/b><span style=\"font-weight: 400;\">\u00a0de reparaci\u00f3n: El defecto debe persistir a pesar de varios intentos de reparaci\u00f3n, normalmente tres o m\u00e1s, por parte del fabricante o centro de servicio autorizado.<\/span><\/p><p><b>Dentro del per\u00edodo de garant\u00eda<\/b><span style=\"font-weight: 400;\">: Por lo general, los defectos deben producirse y persistir mientras su veh\u00edculo Fiat se encuentra a\u00fan bajo la garant\u00eda original o ampliada del fabricante.<\/span><\/p><p><b>Notificaci\u00f3n<\/b><span style=\"font-weight: 400;\">: Debes notificar el defecto al fabricante o al distribuidor y ofrecerles una oportunidad razonable de repararlo.<\/span><\/p><p><b>Reparaciones documentadas<\/b><span style=\"font-weight: 400;\">: Mantenga registros exhaustivos de todos los intentos de reparaci\u00f3n, incluidas facturas, \u00f3rdenes de trabajo y recibos.<\/span><\/p><p><b>Deterioro<\/b><span style=\"font-weight: 400;\">\u00a0sustancial: El defecto debe perjudicar sustancialmente el uso, el valor o la seguridad de su veh\u00edculo Fiat, en lugar de ser un problema menor o cosm\u00e9tico.<\/span><\/p><p><b>L\u00edmites de duraci\u00f3n<\/b><span style=\"font-weight: 400;\">: Algunas Leyes del Lim\u00f3n pueden tener l\u00edmites de tiempo o kilometraje dentro de los cuales el defecto debe ocurrir o ser reportado.<\/span><\/p><p><b>Esfuerzos de resoluci\u00f3n<\/b><span style=\"font-weight: 400;\">: Si el defecto persiste, es posible que tengas que recurrir al arbitraje o a otros procedimientos de resoluci\u00f3n de conflictos, tal y como exige la Ley del Lim\u00f3n de tu estado.<\/span><\/p><p><span style=\"font-weight: 400;\">Cumplimiento\u00a0<\/span><b>de las leyes estatales<\/b><span style=\"font-weight: 400;\">: Aseg\u00farate de que cumples los requisitos de la Ley del Lim\u00f3n de tu estado, ya que pueden variar.<\/span><\/p><h3><span style=\"font-weight: 400;\">Procedimiento para iniciar una reclamaci\u00f3n <\/span><span style=\"font-weight: 400;\">de Ley del Lim\u00f3n de<\/span><span style=\"font-weight: 400;\"> Fiat <\/span><span style=\"font-weight: 400;\">Lemon Law<\/span><span style=\"font-weight: 400;\">:<\/span><\/h3><ol><li style=\"font-weight: 400;\" aria-level=\"1\"><span style=\"font-weight: 400;\">Evaluaci\u00f3n de casos<\/span><\/li><li style=\"font-weight: 400;\" aria-level=\"1\"><span style=\"font-weight: 400;\">Recopilaci\u00f3n de documentos necesarios<\/span><\/li><li style=\"font-weight: 400;\" aria-level=\"1\"><span style=\"font-weight: 400;\">Iniciar una reclamaci\u00f3n al fabricante Fiat<\/span><\/li><li style=\"font-weight: 400;\" aria-level=\"1\"><span style=\"font-weight: 400;\">Resoluci\u00f3n con ese Fabricante<\/span><\/li><li style=\"font-weight: 400;\" aria-level=\"1\"><span style=\"font-weight: 400;\">Recibo de indemnizaci\u00f3n<\/span><\/li><\/ol><h3><span style=\"font-weight: 400;\">\u00bfPor qu\u00e9 optar por nosotros en su reclamaci\u00f3n <\/span><span style=\"font-weight: 400;\">de Ley del Lim\u00f3n de<\/span><span style=\"font-weight: 400;\"> Fiat <\/span><span style=\"font-weight: 400;\">Lemon Law<\/span><span style=\"font-weight: 400;\">?<\/span><\/h3><p><span style=\"font-weight: 400;\">Nuestro experimentado equipo legal de <\/span><span style=\"font-weight: 400;\">Ley del Lim\u00f3n de<\/span><span style=\"font-weight: 400;\"> Fiat <\/span><span style=\"font-weight: 400;\">Lemon Law<\/span><span style=\"font-weight: 400;\"> se especializa en abordar casos relacionados con veh\u00edculos Fiat defectuosos. Contamos con un historial acreditado de h\u00e1bil protecci\u00f3n de los derechos de los consumidores y de obtenci\u00f3n de las indemnizaciones que leg\u00edtimamente merecen.<\/span><\/p><h3><span style=\"font-weight: 400;\">P\u00f3ngase en contacto con nosotros hoy para una consulta gratuita sobre su veh\u00edculo Fiat<\/span><\/h3><p><span style=\"font-weight: 400;\">No permita que un veh\u00edculo Fiat averiado interrumpa sus viajes. P\u00f3ngase en contacto con nosotros hoy para una consulta gratuita para evaluar sus circunstancias y entender sus derechos bajo la Ley del Lim\u00f3n Fiat. Nuestro comprometido equipo est\u00e1 aqu\u00ed para guiarle a lo largo del proceso y defender sus derechos como consumidor.<\/span><\/p><p><span style=\"font-weight: 400;\">Recuerde que tiene derechos cuando se trata de un veh\u00edculo Fiat problem\u00e1tico. Perm\u00edtanos ayudarle a navegar por las complejidades de la Ley del Lim\u00f3n de Fiat y asegurar la resoluci\u00f3n a la que tiene derecho.<\/span><\/p><p><span style=\"font-weight: 400;\">Descargo de responsabilidad: Esta p\u00e1gina proporciona informaci\u00f3n general y no debe considerarse asesoramiento jur\u00eddico. Para un asesoramiento personalizado, consulte a un abogado cualificado familiarizado con su situaci\u00f3n espec\u00edfica.<\/span><\/p><h3><span style=\"font-weight: 400;\">\u00bfQu\u00e9 es la Ley del Lim\u00f3n de Fiat?<\/span><\/h3><p><span style=\"font-weight: 400;\">La Ley del Lim\u00f3n de Fiat, similar a otras Leyes del Lim\u00f3n, establece un marco legal para salvaguardar a los consumidores que invierten en la compra o alquiler de veh\u00edculos Fiat que posteriormente presentan defectos sustanciales y persistentes. Adaptada espec\u00edficamente a los autom\u00f3viles Fiat, la Ley del Lim\u00f3n de Fiat garantiza a los consumidores un recurso cuando sus veh\u00edculos no cumplen las normas de calidad, seguridad y rendimiento esperadas.<\/span><\/p><p><span style=\"font-weight: 400;\">En virtud de las disposiciones de la Ley del Lim\u00f3n de Fiat, si un veh\u00edculo Fiat cumple criterios espec\u00edficos y experimenta defectos o fallos de funcionamiento recurrentes en un plazo de tiempo determinado, el propietario o arrendatario puede optar a recursos como obtener un veh\u00edculo de sustituci\u00f3n, recibir un reembolso o que el fabricante vuelva a comprar el Fiat defectuoso. Este marco jur\u00eddico est\u00e1 dise\u00f1ado para proteger a los propietarios de Fiat de los retos y las cargas financieras que plantean los veh\u00edculos problem\u00e1ticos.<\/span><\/p><p><span style=\"font-weight: 400;\">Vale la pena se\u00f1alar que las Leyes del Lim\u00f3n pueden variar significativamente seg\u00fan el estado, y no todos los estados tienen leyes espec\u00edficas para los veh\u00edculos Fiat. Por lo tanto, los propietarios de Fiat deben comprobar las disposiciones de la Ley del Lim\u00f3n de su estado particular o consultar con profesionales jur\u00eddicos conocedores de las leyes de su jurisdicci\u00f3n si creen que su Fiat puede acogerse a la protecci\u00f3n de la Ley del Lim\u00f3n. Adem\u00e1s, las leyes y normativas pueden cambiar con el tiempo, por lo que es aconsejable buscar la informaci\u00f3n m\u00e1s actualizada si tiene dudas sobre si su Fiat puede acogerse a la protecci\u00f3n de la Ley del Lim\u00f3n.<\/span><\/p>\t\t\t\t\t\t\t\t<\/div>\n\t\t\t\t<\/div>\n\t\t\t\t<\/div>\n\t\t\t\t\t<\/div>\n\t\t\t\t<\/div>\n\t\t\t\t<\/div>\n\t\t","protected":false},"excerpt":{"rendered":"<p>FIAT Ley del Lim\u00f3n Fiat Proteja sus derechos con la Ley del Lim\u00f3n de Fiat \u00bfSu veh\u00edculo Fiat le est\u00e1 causando continuos problemas y defectos, poniendo un freno a sus experiencias de conducci\u00f3n? No deje que un lim\u00f3n le estropee el viaje. Nuestros expertos legales est\u00e1n aqu\u00ed para ayudarle a comprender sus derechos en virtud [&hellip;]<\/p>\n","protected":false},"author":2,"featured_media":0,"parent":2664,"menu_order":0,"comment_status":"closed","ping_status":"closed","template":"","meta":{"footnotes":""},"class_list":["post-2724","page","type-page","status-publish","hentry"],"yoast_head":"<!-- This site is optimized with the Yoast SEO plugin v27.2 - https:\/\/yoast.com\/product\/yoast-seo-wordpress\/ -->\n<title>Ley del Lim\u00f3n de Fiat - Lemon Car Boss<\/title>\n<meta name=\"description\" content=\"Gu\u00eda de la Ley del Lim\u00f3n para Fiat: derechos, pasos y recursos para propietarios si su Fiat presenta defectos recurrentes.\" \/>\n<meta name=\"robots\" content=\"index, follow, max-snippet:-1, max-image-preview:large, max-video-preview:-1\" \/>\n<link rel=\"canonical\" href=\"https:\/\/www.lemoncarboss.com\/es\/fabricantes\/fiat\/\" \/>\n<meta property=\"og:locale\" content=\"es_ES\" \/>\n<meta property=\"og:type\" content=\"article\" \/>\n<meta property=\"og:title\" content=\"Ley del Lim\u00f3n de Fiat - Lemon Car Boss\" \/>\n<meta property=\"og:description\" content=\"Gu\u00eda de la Ley del Lim\u00f3n para Fiat: derechos, pasos y recursos para propietarios si su Fiat presenta defectos recurrentes.\" \/>\n<meta property=\"og:url\" content=\"https:\/\/www.lemoncarboss.com\/es\/fabricantes\/fiat\/\" \/>\n<meta property=\"og:site_name\" content=\"Lemon Car Boss\" \/>\n<meta property=\"article:publisher\" content=\"https:\/\/www.facebook.com\/Lemoncarboss\" \/>\n<meta property=\"article:modified_time\" content=\"2025-12-17T21:29:43+00:00\" \/>\n<meta property=\"og:image\" content=\"https:\/\/www.lemoncarboss.com\/wp-content\/uploads\/2023\/07\/lemon_slice-scaled-e1689108795666-300x116.webp\" \/>\n<meta name=\"twitter:card\" content=\"summary_large_image\" \/>\n<meta name=\"twitter:label1\" content=\"Tiempo de lectura\" \/>\n\t<meta name=\"twitter:data1\" content=\"6 minutos\" \/>\n<script type=\"application\/ld+json\" class=\"yoast-schema-graph\">{\"@context\":\"https:\/\/schema.org\",\"@graph\":[{\"@type\":\"WebPage\",\"@id\":\"https:\/\/www.lemoncarboss.com\/es\/fabricantes\/fiat\/\",\"url\":\"https:\/\/www.lemoncarboss.com\/es\/fabricantes\/fiat\/\",\"name\":\"Ley del Lim\u00f3n de Fiat - Lemon Car Boss\",\"isPartOf\":{\"@id\":\"https:\/\/www.lemoncarboss.com\/#website\"},\"primaryImageOfPage\":{\"@id\":\"https:\/\/www.lemoncarboss.com\/es\/fabricantes\/fiat\/#primaryimage\"},\"image\":{\"@id\":\"https:\/\/www.lemoncarboss.com\/es\/fabricantes\/fiat\/#primaryimage\"},\"thumbnailUrl\":\"https:\/\/www.lemoncarboss.com\/wp-content\/uploads\/2023\/07\/lemon_slice-scaled-e1689108795666-300x116.webp\",\"datePublished\":\"2023-09-18T23:43:25+00:00\",\"dateModified\":\"2025-12-17T21:29:43+00:00\",\"description\":\"Gu\u00eda de la Ley del Lim\u00f3n para Fiat: derechos, pasos y recursos para propietarios si su Fiat presenta defectos recurrentes.\",\"breadcrumb\":{\"@id\":\"https:\/\/www.lemoncarboss.com\/es\/fabricantes\/fiat\/#breadcrumb\"},\"inLanguage\":\"es\",\"potentialAction\":[{\"@type\":\"ReadAction\",\"target\":[\"https:\/\/www.lemoncarboss.com\/es\/fabricantes\/fiat\/\"]}]},{\"@type\":\"ImageObject\",\"inLanguage\":\"es\",\"@id\":\"https:\/\/www.lemoncarboss.com\/es\/fabricantes\/fiat\/#primaryimage\",\"url\":\"https:\/\/www.lemoncarboss.com\/wp-content\/uploads\/2023\/07\/lemon_slice-scaled-e1689108795666-300x116.webp\",\"contentUrl\":\"https:\/\/www.lemoncarboss.com\/wp-content\/uploads\/2023\/07\/lemon_slice-scaled-e1689108795666-300x116.webp\"},{\"@type\":\"BreadcrumbList\",\"@id\":\"https:\/\/www.lemoncarboss.com\/es\/fabricantes\/fiat\/#breadcrumb\",\"itemListElement\":[{\"@type\":\"ListItem\",\"position\":1,\"name\":\"Home\",\"item\":\"https:\/\/www.lemoncarboss.com\/es\/\"},{\"@type\":\"ListItem\",\"position\":2,\"name\":\"Fabricantes\",\"item\":\"https:\/\/www.lemoncarboss.com\/es\/fabricantes\/\"},{\"@type\":\"ListItem\",\"position\":3,\"name\":\"Fiat\"}]},{\"@type\":\"WebSite\",\"@id\":\"https:\/\/www.lemoncarboss.com\/#website\",\"url\":\"https:\/\/www.lemoncarboss.com\/\",\"name\":\"Lemon Car Boss\",\"description\":\"\",\"publisher\":{\"@id\":\"https:\/\/www.lemoncarboss.com\/#organization\"},\"alternateName\":\"Lemon Law\",\"potentialAction\":[{\"@type\":\"SearchAction\",\"target\":{\"@type\":\"EntryPoint\",\"urlTemplate\":\"https:\/\/www.lemoncarboss.com\/?s={search_term_string}\"},\"query-input\":{\"@type\":\"PropertyValueSpecification\",\"valueRequired\":true,\"valueName\":\"search_term_string\"}}],\"inLanguage\":\"es\"},{\"@type\":\"Organization\",\"@id\":\"https:\/\/www.lemoncarboss.com\/#organization\",\"name\":\"Lemon Car Boss\",\"alternateName\":\"Lemon Law\",\"url\":\"https:\/\/www.lemoncarboss.com\/\",\"logo\":{\"@type\":\"ImageObject\",\"inLanguage\":\"es\",\"@id\":\"https:\/\/www.lemoncarboss.com\/#\/schema\/logo\/image\/\",\"url\":\"https:\/\/www.lemoncarboss.com\/wp-content\/uploads\/2023\/07\/Logo-HI-RES.png\",\"contentUrl\":\"https:\/\/www.lemoncarboss.com\/wp-content\/uploads\/2023\/07\/Logo-HI-RES.png\",\"width\":1682,\"height\":547,\"caption\":\"Lemon Car Boss\"},\"image\":{\"@id\":\"https:\/\/www.lemoncarboss.com\/#\/schema\/logo\/image\/\"},\"sameAs\":[\"https:\/\/www.facebook.com\/Lemoncarboss\",\"https:\/\/www.instagram.com\/lemon_car_boss\/\",\"https:\/\/www.tiktok.com\/@lemoncarboss\",\"https:\/\/www.youtube.com\/@LEMONCARBOSS\"]}]}<\/script>\n<!-- \/ Yoast SEO plugin. -->","yoast_head_json":{"title":"Ley del Lim\u00f3n de Fiat - Lemon Car Boss","description":"Gu\u00eda de la Ley del Lim\u00f3n para Fiat: derechos, pasos y recursos para propietarios si su Fiat presenta defectos recurrentes.","robots":{"index":"index","follow":"follow","max-snippet":"max-snippet:-1","max-image-preview":"max-image-preview:large","max-video-preview":"max-video-preview:-1"},"canonical":"https:\/\/www.lemoncarboss.com\/es\/fabricantes\/fiat\/","og_locale":"es_ES","og_type":"article","og_title":"Ley del Lim\u00f3n de Fiat - Lemon Car Boss","og_description":"Gu\u00eda de la Ley del Lim\u00f3n para Fiat: derechos, pasos y recursos para propietarios si su Fiat presenta defectos recurrentes.","og_url":"https:\/\/www.lemoncarboss.com\/es\/fabricantes\/fiat\/","og_site_name":"Lemon Car Boss","article_publisher":"https:\/\/www.facebook.com\/Lemoncarboss","article_modified_time":"2025-12-17T21:29:43+00:00","og_image":[{"url":"https:\/\/www.lemoncarboss.com\/wp-content\/uploads\/2023\/07\/lemon_slice-scaled-e1689108795666-300x116.webp","type":"","width":"","height":""}],"twitter_card":"summary_large_image","twitter_misc":{"Tiempo de lectura":"6 minutos"},"schema":{"@context":"https:\/\/schema.org","@graph":[{"@type":"WebPage","@id":"https:\/\/www.lemoncarboss.com\/es\/fabricantes\/fiat\/","url":"https:\/\/www.lemoncarboss.com\/es\/fabricantes\/fiat\/","name":"Ley del Lim\u00f3n de Fiat - Lemon Car Boss","isPartOf":{"@id":"https:\/\/www.lemoncarboss.com\/#website"},"primaryImageOfPage":{"@id":"https:\/\/www.lemoncarboss.com\/es\/fabricantes\/fiat\/#primaryimage"},"image":{"@id":"https:\/\/www.lemoncarboss.com\/es\/fabricantes\/fiat\/#primaryimage"},"thumbnailUrl":"https:\/\/www.lemoncarboss.com\/wp-content\/uploads\/2023\/07\/lemon_slice-scaled-e1689108795666-300x116.webp","datePublished":"2023-09-18T23:43:25+00:00","dateModified":"2025-12-17T21:29:43+00:00","description":"Gu\u00eda de la Ley del Lim\u00f3n para Fiat: derechos, pasos y recursos para propietarios si su Fiat presenta defectos recurrentes.","breadcrumb":{"@id":"https:\/\/www.lemoncarboss.com\/es\/fabricantes\/fiat\/#breadcrumb"},"inLanguage":"es","potentialAction":[{"@type":"ReadAction","target":["https:\/\/www.lemoncarboss.com\/es\/fabricantes\/fiat\/"]}]},{"@type":"ImageObject","inLanguage":"es","@id":"https:\/\/www.lemoncarboss.com\/es\/fabricantes\/fiat\/#primaryimage","url":"https:\/\/www.lemoncarboss.com\/wp-content\/uploads\/2023\/07\/lemon_slice-scaled-e1689108795666-300x116.webp","contentUrl":"https:\/\/www.lemoncarboss.com\/wp-content\/uploads\/2023\/07\/lemon_slice-scaled-e1689108795666-300x116.webp"},{"@type":"BreadcrumbList","@id":"https:\/\/www.lemoncarboss.com\/es\/fabricantes\/fiat\/#breadcrumb","itemListElement":[{"@type":"ListItem","position":1,"name":"Home","item":"https:\/\/www.lemoncarboss.com\/es\/"},{"@type":"ListItem","position":2,"name":"Fabricantes","item":"https:\/\/www.lemoncarboss.com\/es\/fabricantes\/"},{"@type":"ListItem","position":3,"name":"Fiat"}]},{"@type":"WebSite","@id":"https:\/\/www.lemoncarboss.com\/#website","url":"https:\/\/www.lemoncarboss.com\/","name":"Lemon Car Boss","description":"","publisher":{"@id":"https:\/\/www.lemoncarboss.com\/#organization"},"alternateName":"Lemon Law","potentialAction":[{"@type":"SearchAction","target":{"@type":"EntryPoint","urlTemplate":"https:\/\/www.lemoncarboss.com\/?s={search_term_string}"},"query-input":{"@type":"PropertyValueSpecification","valueRequired":true,"valueName":"search_term_string"}}],"inLanguage":"es"},{"@type":"Organization","@id":"https:\/\/www.lemoncarboss.com\/#organization","name":"Lemon Car Boss","alternateName":"Lemon Law","url":"https:\/\/www.lemoncarboss.com\/","logo":{"@type":"ImageObject","inLanguage":"es","@id":"https:\/\/www.lemoncarboss.com\/#\/schema\/logo\/image\/","url":"https:\/\/www.lemoncarboss.com\/wp-content\/uploads\/2023\/07\/Logo-HI-RES.png","contentUrl":"https:\/\/www.lemoncarboss.com\/wp-content\/uploads\/2023\/07\/Logo-HI-RES.png","width":1682,"height":547,"caption":"Lemon Car Boss"},"image":{"@id":"https:\/\/www.lemoncarboss.com\/#\/schema\/logo\/image\/"},"sameAs":["https:\/\/www.facebook.com\/Lemoncarboss","https:\/\/www.instagram.com\/lemon_car_boss\/","https:\/\/www.tiktok.com\/@lemoncarboss","https:\/\/www.youtube.com\/@LEMONCARBOSS"]}]}},"_links":{"self":[{"href":"https:\/\/www.lemoncarboss.com\/es\/wp-json\/wp\/v2\/pages\/2724","targetHints":{"allow":["GET"]}}],"collection":[{"href":"https:\/\/www.lemoncarboss.com\/es\/wp-json\/wp\/v2\/pages"}],"about":[{"href":"https:\/\/www.lemoncarboss.com\/es\/wp-json\/wp\/v2\/types\/page"}],"author":[{"embeddable":true,"href":"https:\/\/www.lemoncarboss.com\/es\/wp-json\/wp\/v2\/users\/2"}],"replies":[{"embeddable":true,"href":"https:\/\/www.lemoncarboss.com\/es\/wp-json\/wp\/v2\/comments?post=2724"}],"version-history":[{"count":7,"href":"https:\/\/www.lemoncarboss.com\/es\/wp-json\/wp\/v2\/pages\/2724\/revisions"}],"predecessor-version":[{"id":4909,"href":"https:\/\/www.lemoncarboss.com\/es\/wp-json\/wp\/v2\/pages\/2724\/revisions\/4909"}],"up":[{"embeddable":true,"href":"https:\/\/www.lemoncarboss.com\/es\/wp-json\/wp\/v2\/pages\/2664"}],"wp:attachment":[{"href":"https:\/\/www.lemoncarboss.com\/es\/wp-json\/wp\/v2\/media?parent=2724"}],"curies":[{"name":"wp","href":"https:\/\/api.w.org\/{rel}","templated":true}]}}