{"id":2756,"date":"2023-09-19T12:52:45","date_gmt":"2023-09-19T19:52:45","guid":{"rendered":"https:\/\/www.lemoncarboss.com\/resenas\/"},"modified":"2025-11-13T15:36:51","modified_gmt":"2025-11-13T23:36:51","slug":"resenas","status":"publish","type":"page","link":"https:\/\/www.lemoncarboss.com\/es\/resenas\/","title":{"rendered":"Rese\u00f1as"},"content":{"rendered":"\t\t<div data-elementor-type=\"wp-page\" data-elementor-id=\"2756\" class=\"elementor elementor-2756 elementor-2441\" data-elementor-post-type=\"page\">\n\t\t\t\t<div class=\"elementor-element elementor-element-27fee787 e-flex e-con-boxed e-con e-parent\" data-id=\"27fee787\" data-element_type=\"container\" data-e-type=\"container\" data-settings=\"{&quot;background_background&quot;:&quot;classic&quot;}\">\n\t\t\t\t\t<div class=\"e-con-inner\">\n\t\t\t\t<div class=\"elementor-element elementor-element-476366e2 elementor-widget__width-initial elementor-widget elementor-widget-text-editor\" data-id=\"476366e2\" data-element_type=\"widget\" data-e-type=\"widget\" data-widget_type=\"text-editor.default\">\n\t\t\t\t<div class=\"elementor-widget-container\">\n\t\t\t\t\t\t\t\t\t<h1>Rese\u00f1as<\/h1>\t\t\t\t\t\t\t\t<\/div>\n\t\t\t\t<\/div>\n\t\t\t\t\t<\/div>\n\t\t\t\t<\/div>\n\t\t<div class=\"elementor-element elementor-element-101288c5 e-con-full e-flex e-con e-parent\" data-id=\"101288c5\" data-element_type=\"container\" data-e-type=\"container\">\n\t\t\t\t<div class=\"elementor-element elementor-element-687b5227 elementor-widget elementor-widget-image\" data-id=\"687b5227\" data-element_type=\"widget\" data-e-type=\"widget\" data-widget_type=\"image.default\">\n\t\t\t\t<div class=\"elementor-widget-container\">\n\t\t\t\t\t\t\t\t\t\t\t\t\t\t\t<img fetchpriority=\"high\" decoding=\"async\" width=\"1600\" height=\"730\" src=\"https:\/\/www.lemoncarboss.com\/wp-content\/uploads\/2023\/09\/reviews-lady-justice-books1.jpg\" class=\"attachment-full size-full wp-image-2650\" alt=\"\" srcset=\"https:\/\/www.lemoncarboss.com\/wp-content\/uploads\/2023\/09\/reviews-lady-justice-books1.jpg 1600w, https:\/\/www.lemoncarboss.com\/wp-content\/uploads\/2023\/09\/reviews-lady-justice-books1-300x137.jpg 300w, https:\/\/www.lemoncarboss.com\/wp-content\/uploads\/2023\/09\/reviews-lady-justice-books1-1024x467.jpg 1024w, https:\/\/www.lemoncarboss.com\/wp-content\/uploads\/2023\/09\/reviews-lady-justice-books1-768x350.jpg 768w, https:\/\/www.lemoncarboss.com\/wp-content\/uploads\/2023\/09\/reviews-lady-justice-books1-1536x701.jpg 1536w\" sizes=\"(max-width: 1600px) 100vw, 1600px\" \/>\t\t\t\t\t\t\t\t\t\t\t\t\t\t\t<\/div>\n\t\t\t\t<\/div>\n\t\t\t\t<\/div>\n\t\t<div class=\"elementor-element elementor-element-1798082f e-con-full e-flex e-con e-parent\" data-id=\"1798082f\" data-element_type=\"container\" data-e-type=\"container\" data-settings=\"{&quot;background_background&quot;:&quot;classic&quot;}\">\n\t\t<div class=\"elementor-element elementor-element-60960721 e-con-full e-flex e-con e-child\" data-id=\"60960721\" data-element_type=\"container\" data-e-type=\"container\">\n\t\t\t\t<div class=\"elementor-element elementor-element-568cffa8 elementor-widget elementor-widget-text-editor\" data-id=\"568cffa8\" data-element_type=\"widget\" data-e-type=\"widget\" data-widget_type=\"text-editor.default\">\n\t\t\t\t<div class=\"elementor-widget-container\">\n\t\t\t\t\t\t\t\t\t<h3><strong>RESE\u00d1AS RECIENTES DE CLIENTES DE LEMON CAR BOSS<\/strong><\/h3>\t\t\t\t\t\t\t\t<\/div>\n\t\t\t\t<\/div>\n\t\t\t\t<div class=\"elementor-element elementor-element-580480c0 elementor-widget elementor-widget-image\" data-id=\"580480c0\" data-element_type=\"widget\" data-e-type=\"widget\" data-widget_type=\"image.default\">\n\t\t\t\t<div class=\"elementor-widget-container\">\n\t\t\t\t\t\t\t\t\t\t\t\t\t\t\t<img decoding=\"async\" width=\"300\" height=\"116\" src=\"https:\/\/www.lemoncarboss.com\/wp-content\/uploads\/2023\/07\/lemon_slice-scaled-e1689108795666-300x116.webp\" class=\"attachment-medium size-medium wp-image-2626\" alt=\"\" srcset=\"https:\/\/www.lemoncarboss.com\/wp-content\/uploads\/2023\/07\/lemon_slice-scaled-e1689108795666-300x116.webp 300w, https:\/\/www.lemoncarboss.com\/wp-content\/uploads\/2023\/07\/lemon_slice-scaled-e1689108795666-1024x397.webp 1024w, https:\/\/www.lemoncarboss.com\/wp-content\/uploads\/2023\/07\/lemon_slice-scaled-e1689108795666-768x298.webp 768w, https:\/\/www.lemoncarboss.com\/wp-content\/uploads\/2023\/07\/lemon_slice-scaled-e1689108795666-1536x595.webp 1536w, https:\/\/www.lemoncarboss.com\/wp-content\/uploads\/2023\/07\/lemon_slice-scaled-e1689108795666-2048x794.webp 2048w\" sizes=\"(max-width: 300px) 100vw, 300px\" \/>\t\t\t\t\t\t\t\t\t\t\t\t\t\t\t<\/div>\n\t\t\t\t<\/div>\n\t\t\t\t<div class=\"elementor-element elementor-element-4ef154e6 elementor-widget elementor-widget-text-editor\" data-id=\"4ef154e6\" data-element_type=\"widget\" data-e-type=\"widget\" data-widget_type=\"text-editor.default\">\n\t\t\t\t<div class=\"elementor-widget-container\">\n\t\t\t\t\t\t\t\t\t<p><span style=\"font-weight: 400;\">Los comentarios recientes de los clientes de Lemon Car Boss pintan un cuadro de experiencia y dedicaci\u00f3n sin igual. Nuestros clientes aplauden continuamente a nuestra empresa por su enfoque meticuloso a los casos de la <\/span><span style=\"font-weight: 400;\">L<\/span><span style=\"font-weight: 400;\">ey del <\/span><span style=\"font-weight: 400;\">L<\/span><span style=\"font-weight: 400;\">im\u00f3n y el compromiso sincero para garantizar sus derechos son defendidos. Estos comentarios y testimonios son un<\/span><span style=\"font-weight: 400;\">a<\/span> <span style=\"font-weight: 400;\">evidencia<\/span> <span style=\"font-weight: 400;\">testimonio<\/span><span style=\"font-weight: 400;\"> de la misi\u00f3n inquebrantable de Lemon Car Boss para lograr justicia para cada cliente, solidificando a\u00fan m\u00e1s su reputaci\u00f3n como l\u00edderes en el campo. Mant\u00e9ngase al d\u00eda con nuestros \u00faltimos triunfos y aprend<\/span><span style=\"font-weight: 400;\">a<\/span><span style=\"font-weight: 400;\">er<\/span><span style=\"font-weight: 400;\"> c\u00f3mo Lemon Car Boss puede guiarle sin problemas a trav\u00e9s de su viaje coche lim\u00f3n.<\/span><\/p>\t\t\t\t\t\t\t\t<\/div>\n\t\t\t\t<\/div>\n\t\t\t\t<div class=\"elementor-element elementor-element-3a44abc elementor-widget elementor-widget-text-editor\" data-id=\"3a44abc\" data-element_type=\"widget\" data-e-type=\"widget\" data-widget_type=\"text-editor.default\">\n\t\t\t\t<div class=\"elementor-widget-container\">\n\t\t\t\t\t\t\t\t\t\u201cEl mejor abogado que he tenido. Amable, honesto y tenaz.\u201d\n\n&#8211; Fred Pourshalimi\t\t\t\t\t\t\t\t<\/div>\n\t\t\t\t<\/div>\n\t\t\t\t<div class=\"elementor-element elementor-element-a83bbf9 elementor-widget elementor-widget-text-editor\" data-id=\"a83bbf9\" data-element_type=\"widget\" data-e-type=\"widget\" data-widget_type=\"text-editor.default\">\n\t\t\t\t<div class=\"elementor-widget-container\">\n\t\t\t\t\t\t\t\t\t\u201cUna experiencia excelente. El Sr. Heidari fue muy atento y profesional en nuestras interacciones. Lo recomendar\u00eda a cualquiera que necesite un abogado especializado en la ley del lim\u00f3n.\u201d\n\n&#8211; Elsa Fitzgerald\t\t\t\t\t\t\t\t<\/div>\n\t\t\t\t<\/div>\n\t\t\t\t<div class=\"elementor-element elementor-element-f6a93a0 elementor-widget elementor-widget-text-editor\" data-id=\"f6a93a0\" data-element_type=\"widget\" data-e-type=\"widget\" data-widget_type=\"text-editor.default\">\n\t\t\t\t<div class=\"elementor-widget-container\">\n\t\t\t\t\t\t\t\t\t<p>\u201cMi experiencia con mi caso de la ley del lim\u00f3n fue fluida, sencilla y r\u00e1pida. Me mantuvieron al tanto de todo el proceso. Agradezco que mi abogada, Sam, me mantuviera informado y me explicara todo con detalle. Sin duda la recomendar\u00eda a toda mi familia y amigos.\u201d<\/p><p>&#8211; Rosalva Estrada<\/p>\t\t\t\t\t\t\t\t<\/div>\n\t\t\t\t<\/div>\n\t\t\t\t<\/div>\n\t\t\t\t<\/div>\n\t\t<div class=\"elementor-element elementor-element-7b9bc90 e-flex e-con-boxed e-con e-parent\" data-id=\"7b9bc90\" data-element_type=\"container\" data-e-type=\"container\">\n\t\t\t\t\t<div class=\"e-con-inner\">\n\t\t\t\t\t<\/div>\n\t\t\t\t<\/div>\n\t\t\t\t<\/div>\n\t\t","protected":false},"excerpt":{"rendered":"<p>Rese\u00f1as RESE\u00d1AS RECIENTES DE CLIENTES DE LEMON CAR BOSS Los comentarios recientes de los clientes de Lemon Car Boss pintan un cuadro de experiencia y dedicaci\u00f3n sin igual. Nuestros clientes aplauden continuamente a nuestra empresa por su enfoque meticuloso a los casos de la Ley del Lim\u00f3n y el compromiso sincero para garantizar sus derechos [&hellip;]<\/p>\n","protected":false},"author":2,"featured_media":0,"parent":0,"menu_order":0,"comment_status":"closed","ping_status":"closed","template":"","meta":{"footnotes":""},"class_list":["post-2756","page","type-page","status-publish","hentry"],"yoast_head":"<!-- This site is optimized with the Yoast SEO plugin v27.2 - https:\/\/yoast.com\/product\/yoast-seo-wordpress\/ -->\n<title>Rese\u00f1as de clientes - Lemon Car Boss%<\/title>\n<meta name=\"description\" content=\"Rese\u00f1as de Lemon Car Boss - Sum\u00e9rjase en las experiencias de primera mano de los clientes que navegaron por el dif\u00edcil mundo de las leyes de lim\u00f3n con la experiencia de Lemon Car Boss. Descubra por qu\u00e9 son el nombre de confianza en materia de derechos de los consumidores de veh\u00edculos.\" \/>\n<meta name=\"robots\" content=\"index, follow, max-snippet:-1, max-image-preview:large, max-video-preview:-1\" \/>\n<link rel=\"canonical\" href=\"https:\/\/www.lemoncarboss.com\/reviews\/\" \/>\n<meta property=\"og:locale\" content=\"es_ES\" \/>\n<meta property=\"og:type\" content=\"article\" \/>\n<meta property=\"og:title\" content=\"Rese\u00f1as de clientes - Lemon Car Boss%\" \/>\n<meta property=\"og:description\" content=\"Rese\u00f1as de Lemon Car Boss - Sum\u00e9rjase en las experiencias de primera mano de los clientes que navegaron por el dif\u00edcil mundo de las leyes de lim\u00f3n con la experiencia de Lemon Car Boss. Descubra por qu\u00e9 son el nombre de confianza en materia de derechos de los consumidores de veh\u00edculos.\" \/>\n<meta property=\"og:url\" content=\"https:\/\/www.lemoncarboss.com\/reviews\/\" \/>\n<meta property=\"og:site_name\" content=\"Lemon Car Boss\" \/>\n<meta property=\"article:publisher\" content=\"https:\/\/www.facebook.com\/Lemoncarboss\" \/>\n<meta property=\"article:modified_time\" content=\"2025-11-13T23:36:51+00:00\" \/>\n<meta property=\"og:image\" content=\"https:\/\/www.lemoncarboss.com\/wp-content\/uploads\/2023\/09\/reviews-lady-justice-books1.jpg\" \/>\n\t<meta property=\"og:image:width\" content=\"1600\" \/>\n\t<meta property=\"og:image:height\" content=\"730\" \/>\n\t<meta property=\"og:image:type\" content=\"image\/jpeg\" \/>\n<meta name=\"twitter:card\" content=\"summary_large_image\" \/>\n<meta name=\"twitter:label1\" content=\"Tiempo de lectura\" \/>\n\t<meta name=\"twitter:data1\" content=\"2 minutos\" \/>\n<script type=\"application\/ld+json\" class=\"yoast-schema-graph\">{\"@context\":\"https:\/\/schema.org\",\"@graph\":[{\"@type\":\"WebPage\",\"@id\":\"https:\/\/www.lemoncarboss.com\/reviews\/\",\"url\":\"https:\/\/www.lemoncarboss.com\/reviews\/\",\"name\":\"Rese\u00f1as de clientes - Lemon Car Boss%\",\"isPartOf\":{\"@id\":\"https:\/\/www.lemoncarboss.com\/#website\"},\"primaryImageOfPage\":{\"@id\":\"https:\/\/www.lemoncarboss.com\/reviews\/#primaryimage\"},\"image\":{\"@id\":\"https:\/\/www.lemoncarboss.com\/reviews\/#primaryimage\"},\"thumbnailUrl\":\"https:\/\/www.lemoncarboss.com\/wp-content\/uploads\/2023\/09\/reviews-lady-justice-books1.jpg\",\"datePublished\":\"2023-09-19T19:52:45+00:00\",\"dateModified\":\"2025-11-13T23:36:51+00:00\",\"description\":\"Rese\u00f1as de Lemon Car Boss - Sum\u00e9rjase en las experiencias de primera mano de los clientes que navegaron por el dif\u00edcil mundo de las leyes de lim\u00f3n con la experiencia de Lemon Car Boss. Descubra por qu\u00e9 son el nombre de confianza en materia de derechos de los consumidores de veh\u00edculos.\",\"breadcrumb\":{\"@id\":\"https:\/\/www.lemoncarboss.com\/reviews\/#breadcrumb\"},\"inLanguage\":\"es\",\"potentialAction\":[{\"@type\":\"ReadAction\",\"target\":[\"https:\/\/www.lemoncarboss.com\/reviews\/\"]}]},{\"@type\":\"ImageObject\",\"inLanguage\":\"es\",\"@id\":\"https:\/\/www.lemoncarboss.com\/reviews\/#primaryimage\",\"url\":\"https:\/\/www.lemoncarboss.com\/wp-content\/uploads\/2023\/09\/reviews-lady-justice-books1.jpg\",\"contentUrl\":\"https:\/\/www.lemoncarboss.com\/wp-content\/uploads\/2023\/09\/reviews-lady-justice-books1.jpg\"},{\"@type\":\"BreadcrumbList\",\"@id\":\"https:\/\/www.lemoncarboss.com\/reviews\/#breadcrumb\",\"itemListElement\":[{\"@type\":\"ListItem\",\"position\":1,\"name\":\"Home\",\"item\":\"https:\/\/www.lemoncarboss.com\/es\/\"},{\"@type\":\"ListItem\",\"position\":2,\"name\":\"Rese\u00f1as\"}]},{\"@type\":\"WebSite\",\"@id\":\"https:\/\/www.lemoncarboss.com\/#website\",\"url\":\"https:\/\/www.lemoncarboss.com\/\",\"name\":\"Lemon Car Boss\",\"description\":\"\",\"publisher\":{\"@id\":\"https:\/\/www.lemoncarboss.com\/#organization\"},\"alternateName\":\"Lemon Law\",\"potentialAction\":[{\"@type\":\"SearchAction\",\"target\":{\"@type\":\"EntryPoint\",\"urlTemplate\":\"https:\/\/www.lemoncarboss.com\/?s={search_term_string}\"},\"query-input\":{\"@type\":\"PropertyValueSpecification\",\"valueRequired\":true,\"valueName\":\"search_term_string\"}}],\"inLanguage\":\"es\"},{\"@type\":\"Organization\",\"@id\":\"https:\/\/www.lemoncarboss.com\/#organization\",\"name\":\"Lemon Car Boss\",\"alternateName\":\"Lemon Law\",\"url\":\"https:\/\/www.lemoncarboss.com\/\",\"logo\":{\"@type\":\"ImageObject\",\"inLanguage\":\"es\",\"@id\":\"https:\/\/www.lemoncarboss.com\/#\/schema\/logo\/image\/\",\"url\":\"https:\/\/www.lemoncarboss.com\/wp-content\/uploads\/2023\/07\/Logo-HI-RES.png\",\"contentUrl\":\"https:\/\/www.lemoncarboss.com\/wp-content\/uploads\/2023\/07\/Logo-HI-RES.png\",\"width\":1682,\"height\":547,\"caption\":\"Lemon Car Boss\"},\"image\":{\"@id\":\"https:\/\/www.lemoncarboss.com\/#\/schema\/logo\/image\/\"},\"sameAs\":[\"https:\/\/www.facebook.com\/Lemoncarboss\",\"https:\/\/www.instagram.com\/lemon_car_boss\/\",\"https:\/\/www.tiktok.com\/@lemoncarboss\",\"https:\/\/www.youtube.com\/@LEMONCARBOSS\"]}]}<\/script>\n<!-- \/ Yoast SEO plugin. -->","yoast_head_json":{"title":"Rese\u00f1as de clientes - Lemon Car Boss%","description":"Rese\u00f1as de Lemon Car Boss - Sum\u00e9rjase en las experiencias de primera mano de los clientes que navegaron por el dif\u00edcil mundo de las leyes de lim\u00f3n con la experiencia de Lemon Car Boss. Descubra por qu\u00e9 son el nombre de confianza en materia de derechos de los consumidores de veh\u00edculos.","robots":{"index":"index","follow":"follow","max-snippet":"max-snippet:-1","max-image-preview":"max-image-preview:large","max-video-preview":"max-video-preview:-1"},"canonical":"https:\/\/www.lemoncarboss.com\/reviews\/","og_locale":"es_ES","og_type":"article","og_title":"Rese\u00f1as de clientes - Lemon Car Boss%","og_description":"Rese\u00f1as de Lemon Car Boss - Sum\u00e9rjase en las experiencias de primera mano de los clientes que navegaron por el dif\u00edcil mundo de las leyes de lim\u00f3n con la experiencia de Lemon Car Boss. Descubra por qu\u00e9 son el nombre de confianza en materia de derechos de los consumidores de veh\u00edculos.","og_url":"https:\/\/www.lemoncarboss.com\/reviews\/","og_site_name":"Lemon Car Boss","article_publisher":"https:\/\/www.facebook.com\/Lemoncarboss","article_modified_time":"2025-11-13T23:36:51+00:00","og_image":[{"width":1600,"height":730,"url":"https:\/\/www.lemoncarboss.com\/wp-content\/uploads\/2023\/09\/reviews-lady-justice-books1.jpg","type":"image\/jpeg"}],"twitter_card":"summary_large_image","twitter_misc":{"Tiempo de lectura":"2 minutos"},"schema":{"@context":"https:\/\/schema.org","@graph":[{"@type":"WebPage","@id":"https:\/\/www.lemoncarboss.com\/reviews\/","url":"https:\/\/www.lemoncarboss.com\/reviews\/","name":"Rese\u00f1as de clientes - Lemon Car Boss%","isPartOf":{"@id":"https:\/\/www.lemoncarboss.com\/#website"},"primaryImageOfPage":{"@id":"https:\/\/www.lemoncarboss.com\/reviews\/#primaryimage"},"image":{"@id":"https:\/\/www.lemoncarboss.com\/reviews\/#primaryimage"},"thumbnailUrl":"https:\/\/www.lemoncarboss.com\/wp-content\/uploads\/2023\/09\/reviews-lady-justice-books1.jpg","datePublished":"2023-09-19T19:52:45+00:00","dateModified":"2025-11-13T23:36:51+00:00","description":"Rese\u00f1as de Lemon Car Boss - Sum\u00e9rjase en las experiencias de primera mano de los clientes que navegaron por el dif\u00edcil mundo de las leyes de lim\u00f3n con la experiencia de Lemon Car Boss. Descubra por qu\u00e9 son el nombre de confianza en materia de derechos de los consumidores de veh\u00edculos.","breadcrumb":{"@id":"https:\/\/www.lemoncarboss.com\/reviews\/#breadcrumb"},"inLanguage":"es","potentialAction":[{"@type":"ReadAction","target":["https:\/\/www.lemoncarboss.com\/reviews\/"]}]},{"@type":"ImageObject","inLanguage":"es","@id":"https:\/\/www.lemoncarboss.com\/reviews\/#primaryimage","url":"https:\/\/www.lemoncarboss.com\/wp-content\/uploads\/2023\/09\/reviews-lady-justice-books1.jpg","contentUrl":"https:\/\/www.lemoncarboss.com\/wp-content\/uploads\/2023\/09\/reviews-lady-justice-books1.jpg"},{"@type":"BreadcrumbList","@id":"https:\/\/www.lemoncarboss.com\/reviews\/#breadcrumb","itemListElement":[{"@type":"ListItem","position":1,"name":"Home","item":"https:\/\/www.lemoncarboss.com\/es\/"},{"@type":"ListItem","position":2,"name":"Rese\u00f1as"}]},{"@type":"WebSite","@id":"https:\/\/www.lemoncarboss.com\/#website","url":"https:\/\/www.lemoncarboss.com\/","name":"Lemon Car Boss","description":"","publisher":{"@id":"https:\/\/www.lemoncarboss.com\/#organization"},"alternateName":"Lemon Law","potentialAction":[{"@type":"SearchAction","target":{"@type":"EntryPoint","urlTemplate":"https:\/\/www.lemoncarboss.com\/?s={search_term_string}"},"query-input":{"@type":"PropertyValueSpecification","valueRequired":true,"valueName":"search_term_string"}}],"inLanguage":"es"},{"@type":"Organization","@id":"https:\/\/www.lemoncarboss.com\/#organization","name":"Lemon Car Boss","alternateName":"Lemon Law","url":"https:\/\/www.lemoncarboss.com\/","logo":{"@type":"ImageObject","inLanguage":"es","@id":"https:\/\/www.lemoncarboss.com\/#\/schema\/logo\/image\/","url":"https:\/\/www.lemoncarboss.com\/wp-content\/uploads\/2023\/07\/Logo-HI-RES.png","contentUrl":"https:\/\/www.lemoncarboss.com\/wp-content\/uploads\/2023\/07\/Logo-HI-RES.png","width":1682,"height":547,"caption":"Lemon Car Boss"},"image":{"@id":"https:\/\/www.lemoncarboss.com\/#\/schema\/logo\/image\/"},"sameAs":["https:\/\/www.facebook.com\/Lemoncarboss","https:\/\/www.instagram.com\/lemon_car_boss\/","https:\/\/www.tiktok.com\/@lemoncarboss","https:\/\/www.youtube.com\/@LEMONCARBOSS"]}]}},"_links":{"self":[{"href":"https:\/\/www.lemoncarboss.com\/es\/wp-json\/wp\/v2\/pages\/2756","targetHints":{"allow":["GET"]}}],"collection":[{"href":"https:\/\/www.lemoncarboss.com\/es\/wp-json\/wp\/v2\/pages"}],"about":[{"href":"https:\/\/www.lemoncarboss.com\/es\/wp-json\/wp\/v2\/types\/page"}],"author":[{"embeddable":true,"href":"https:\/\/www.lemoncarboss.com\/es\/wp-json\/wp\/v2\/users\/2"}],"replies":[{"embeddable":true,"href":"https:\/\/www.lemoncarboss.com\/es\/wp-json\/wp\/v2\/comments?post=2756"}],"version-history":[{"count":16,"href":"https:\/\/www.lemoncarboss.com\/es\/wp-json\/wp\/v2\/pages\/2756\/revisions"}],"predecessor-version":[{"id":5035,"href":"https:\/\/www.lemoncarboss.com\/es\/wp-json\/wp\/v2\/pages\/2756\/revisions\/5035"}],"wp:attachment":[{"href":"https:\/\/www.lemoncarboss.com\/es\/wp-json\/wp\/v2\/media?parent=2756"}],"curies":[{"name":"wp","href":"https:\/\/api.w.org\/{rel}","templated":true}]}}